{"id":100,"date":"2018-09-21T09:54:24","date_gmt":"2018-09-21T07:54:24","guid":{"rendered":"http:\/\/beta.futonics.de\/?page_id=100"},"modified":"2024-08-20T13:55:44","modified_gmt":"2024-08-20T11:55:44","slug":"laser10w-50w","status":"publish","type":"page","link":"https:\/\/www.futonics.de\/de\/products\/thulium-fiber-laser\/laser10w-50w\/","title":{"rendered":"Thulium Faserlaser 10 W bis 50 W"},"content":{"rendered":"\n<figure class=\"wp-block-image\"><img loading=\"lazy\" decoding=\"async\" width=\"1231\" height=\"543\" src=\"https:\/\/www.futonics.de\/wp-content\/uploads\/2018\/11\/IFL-50-Lasermodul-4.385.png\" alt=\"\" class=\"wp-image-1838\" srcset=\"https:\/\/www.futonics.de\/wp-content\/uploads\/2018\/11\/IFL-50-Lasermodul-4.385.png 1231w, https:\/\/www.futonics.de\/wp-content\/uploads\/2018\/11\/IFL-50-Lasermodul-4.385-300x132.png 300w, https:\/\/www.futonics.de\/wp-content\/uploads\/2018\/11\/IFL-50-Lasermodul-4.385-768x339.png 768w, https:\/\/www.futonics.de\/wp-content\/uploads\/2018\/11\/IFL-50-Lasermodul-4.385-1024x452.png 1024w\" sizes=\"auto, (max-width: 1231px) 100vw, 1231px\" \/><\/figure>\n\n\n\n<h5 class=\"wp-block-heading\" id=\"vielseitige-2-m-thuliumfaserlaser--5ffa1b62-78f0-43c1-860b-9e313f2a7b31\">Vielseitige 2 \u00b5m Thuliumfaserlaser <\/h5>\n\n\n\n<ul class=\"wp-block-list\">\n<li>Bis zu 50 W Ausgangsleistung in 2 HE Geh\u00e4use<\/li>\n\n\n\n<li>Benutzerdefinierte Wellenl\u00e4ngen (FBG)<\/li>\n\n\n\n<li>Hohe Strahlqualit\u00e4t<\/li>\n\n\n\n<li>Ger\u00e4uscharm<\/li>\n<\/ul>\n\n\n\n<p> <br>Die neue industrielle Faserlaser-Produktlinie von Futonics basiert auf Thulium-Singlemode-2-\u00b5m-Faserlaseroszillatoren mit Wellenl\u00e4ngenstabilisierung durch Fiber Bragg Gratings (FBG). Aufgrund der hohen Strahlqualit\u00e4t und des kompakten Designs eignen sich diese neuen Produkte hervorragend f\u00fcr ein breites Anwendungsspektrum. <br> <br> <\/p>\n\n\n\n<div class=\"wp-block-advgb-adv-tabs advgb-tabs-wrapper advgb-tab-horz-desktop advgb-tab-vert-tablet advgb-tab-stack-mobile advgb-tabs-8051bdb5-6a33-4a42-a413-4a54231c4de6\" data-tab-active=\"0\"><ul class=\"advgb-tabs-panel\"><li class=\"advgb-tab\" style=\"background-color:#000000;border-style:solid;border-width:1px;border-radius:0px\"><a id=\"\" href=\"#advgb-tabs-tab0\" style=\"color:#fff\"><span>FEATURES<\/span><\/a><\/li><li class=\"advgb-tab\" style=\"background-color:#000000;border-style:solid;border-width:1px;border-radius:0px\"><a id=\"\" href=\"#advgb-tabs-tab1\" style=\"color:#fff\"><span>OPTISCHE SPECS<\/span><\/a><\/li><li class=\"advgb-tab\" style=\"background-color:#000000;border-style:solid;border-width:1px;border-radius:0px\"><a id=\"\" href=\"#advgb-tabs-tab2\" style=\"color:#fff\"><span>ALLGEMEINE SPECS<\/span><\/a><\/li><li class=\"advgb-tab\" style=\"background-color:#000000;border-style:solid;border-width:1px;border-radius:0px\"><a id=\"\" href=\"#advgb-tabs-tab3\" style=\"color:#fff\"><span>OPTIONEN<\/span><\/a><\/li><\/ul><div class=\"advgb-tab-body-wrapper\" style=\"border-style:solid;border-width:1px;border-radius:0px\">\n<div class=\"wp-block-advgb-tab advgb-tab-body-container\"><div class=\"advgb-tab-body-header advgb-tab-class-\">FEATURES<\/div><div class=\"advgb-tab-_9adf00-c3 advgb-tab-body\" aria-labelledby=\"advgb-tabs-tab0\">\n<p>Unterschiedliche Ausgangsleistungspegel und Emissionswellenl\u00e4ngen (1930 nm &#8211; 2050 nm)<br>Hohe Strahlqualit\u00e4t im gesamten Leistungsbereich<br>Eigenst\u00e4ndiges robustes Tischgeh\u00e4use<br>Geeignet f\u00fcr die 19-Zoll-Rack-Montage<br>Ideal geeignet f\u00fcr Labor- und Industrieanwendungen<\/p>\n<\/div><\/div>\n\n\n\n<div class=\"wp-block-advgb-tab advgb-tab-body-container\"><div class=\"advgb-tab-body-header advgb-tab-class-\">OPTISCHE SPECS<\/div><div class=\"advgb-tab-_35a698-9e advgb-tab-body\" aria-labelledby=\"advgb-tabs-tab1\">\n<p><strong><span class=\"tlid-translation translation\" lang=\"de\"><span title=\"\" class=\"\">Ausgangsleistung<\/span><\/span><\/strong>: 10 W (IFL10), 20 W (IFL20), 30 W (IF30), 40 W (IFL40), 50 W (IFL50)<br><strong><span class=\"tlid-translation translation\" lang=\"de\"><span title=\"\" class=\"\">Standardwellenl\u00e4ngen<\/span><\/span><\/strong>: 2000 nm oder2050 nm<br><strong>FWHM<\/strong>: &lt; 1 nm<br><strong><span class=\"tlid-translation translation\" lang=\"de\"><span title=\"\" class=\"\">Strahlqualit\u00e4t<\/span><\/span><\/strong>: M<sup>2&nbsp;<\/sup>&lt; 1.1, Einzelmodus<br><strong>Operationsmodus: <\/strong><span class=\"tlid-translation translation\" lang=\"de\"><span title=\"\" class=\"\">CW, moduliert bis 1 kHz<\/span><\/span><br><strong>Laserklasse<\/strong>: 4<br><strong><span class=\"tlid-translation translation\" lang=\"de\"><span title=\"\" class=\"\">Faserstecker, NA, L\u00e4nge<\/span><\/span><\/strong>: <span class=\"tlid-translation translation\" lang=\"de\"><span title=\"\" class=\"\">FC \/ PC oder SMA, 0,15, 5 Meter<\/span><\/span><br><strong>Kollimator<\/strong>: optional<\/p>\n<\/div><\/div>\n\n\n\n<div class=\"wp-block-advgb-tab advgb-tab-body-container\"><div class=\"advgb-tab-body-header advgb-tab-class-\">ALLGEMEINE SPECS<\/div><div class=\"advgb-tab-_4b2175-ce advgb-tab-body\" aria-labelledby=\"advgb-tabs-tab2\">\n<p><strong>Dimensionen<\/strong>: 483 mm x 88 mm x 505 mm (19&#8243;, 2 RU)<br><strong>Versorgungsspannung: <\/strong>100 \u2013 240 VAC, 50 \u2013 60 Hz<br><strong>Energieverbrauch<\/strong>: \u2264 350 W<br><strong>Standardschnittstelle<\/strong>: D-SUB 25, D-SUB 9<br><strong>Display<\/strong>: <span class=\"tlid-translation translation\" lang=\"de\"><span title=\"\" class=\"\">kapazitiver 3,5 &#8222;Touchscreen &amp; Einstellrad<\/span><\/span><br><strong>K\u00fchlung<\/strong>: Wasser<\/p>\n<\/div><\/div>\n\n\n\n<div class=\"wp-block-advgb-tab advgb-tab-body-container\"><div class=\"advgb-tab-body-header advgb-tab-class-\">OPTIONEN<\/div><div class=\"advgb-tab-_74a057-6b advgb-tab-body\" aria-labelledby=\"advgb-tabs-tab3\">\n<p><strong>Erweiterte Faserl\u00e4nge<\/strong>: 1 Meter Schritte bis zu 20 m Gesamtl\u00e4nge<br><strong>Faserstecker<\/strong>: FC\/PC, SMA, Futonics Stecker<br><strong>Faser applicator I<\/strong>: Standard Kollimator<br><strong>Faser applicator II<\/strong>: Erweiterter Kollimator mit Leistungsdetektion f\u00fcr geschlossene Regelung<br><strong>Leistungsstabilisierung<\/strong>: geschlossene Regelung mit bis zu 10 kHz<br><strong>Stabilisierte Kundenspezifische Wellenl\u00e4nge<\/strong>: Auswahl zwischen 1930 nm und 2050 nm<br><strong>Externe Stromversorgung<\/strong>: Optional<br><strong>Erweitertes Interface<\/strong>: Industrial Ethernet verf\u00fcgbar auf Anfrage<\/p>\n<\/div><\/div>\n<\/div><\/div>\n\n\n\n<p> <br> <\/p>\n\n\n\n<div class=\"wp-block-advgb-button alignnone\"><a class=\"wp-block-advgb-button_link advgbbtn-e3984768-6e21-49b9-962d-c5e4d0d19438\" href=\"mailto:info@futonics.de?subject=Thulium%20Faserlaser%2010%20W%20bis%2050%20W\" target=\"_blank\" rel=\"noopener noreferrer\"><span>Kontaktieren Sie uns zu diesem Produkt<\/span><\/a><\/div>\n\n\n\n<p><br><\/p>\n\n\n\n<p>&nbsp;<\/p>\n\n\n<style type=\"text\/css\" scoped>.rbs_gallery_6a05a1ec52e89Spinner{\r\n\t\t\t\tmargin: 50px auto;\r\n\t\t\t\twidth: 50px;\r\n\t\t\t\theight: 40px;\r\n\t\t\t\ttext-align: center;\r\n\t\t\t\tfont-size: 10px;\r\n\t\t\t}\r\n\t\t\t.rbs_gallery_6a05a1ec52e89Spinner > div{\r\n\t\t\t  background-color: #333;\r\n\t\t\t  height: 100%;\r\n\t\t\t  width: 6px;\r\n\t\t\t  display: inline-block;\r\n\t\t\t  -webkit-animation: rbs_gallery_6a05a1ec52e89-stretchdelay 1.2s infinite ease-in-out;\r\n\t\t\t  animation: rbs_gallery_6a05a1ec52e89-stretchdelay 1.2s infinite ease-in-out;\r\n\t\t\t}\r\n\t\t\t.rbs_gallery_6a05a1ec52e89Spinner .rbs_gallery_6a05a1ec52e89Rect2 {\r\n\t\t\t  -webkit-animation-delay: -1.1s;\r\n\t\t\t  animation-delay: -1.1s;\r\n\t\t\t}\r\n\t\t\t.rbs_gallery_6a05a1ec52e89Spinner .rbs_gallery_6a05a1ec52e89Rect3 {\r\n\t\t\t  -webkit-animation-delay: -1.0s;\r\n\t\t\t  animation-delay: -1.0s;\r\n\t\t\t}\r\n\t\t\t.rbs_gallery_6a05a1ec52e89Spinner .rbs_gallery_6a05a1ec52e89Rect4 {\r\n\t\t\t  -webkit-animation-delay: -0.9s;\r\n\t\t\t  animation-delay: -0.9s;\r\n\t\t\t}\r\n\t\t\t.rbs_gallery_6a05a1ec52e89Spinner .rbs_gallery_6a05a1ec52e89Rect5 {\r\n\t\t\t  -webkit-animation-delay: -0.8s;\r\n\t\t\t  animation-delay: -0.8s;\r\n\t\t\t}\r\n\t\t\t@-webkit-keyframes rbs_gallery_6a05a1ec52e89-stretchdelay {\r\n\t\t\t  0%, 40%, 100% { -webkit-transform: scaleY(0.4) }  \r\n\t\t\t  20% { -webkit-transform: scaleY(1.0) }\r\n\t\t\t}\r\n\t\t\t@keyframes rbs_gallery_6a05a1ec52e89-stretchdelay {\r\n\t\t\t  0%, 40%, 100% { \r\n\t\t\t    transform: scaleY(0.4);\r\n\t\t\t    -webkit-transform: scaleY(0.4);\r\n\t\t\t  }  20% { \r\n\t\t\t    transform: scaleY(1.0);\r\n\t\t\t    -webkit-transform: scaleY(1.0);\r\n\t\t\t  }\r\n\t\t\t}\r\n\t\t<\/style><div class=\"robo-gallery-wrap robo-gallery-wrap-id2183 robo-gallery-\" ><div id=\"rbs_gallery_6a05a1ec52e89-block-loader\" class=\"rbs_gallery_6a05a1ec52e89Spinner\"><div class=\"rbs_gallery_6a05a1ec52e89Rect1\"><\/div> <div class=\"rbs_gallery_6a05a1ec52e89Rect2\"><\/div> <div class=\"rbs_gallery_6a05a1ec52e89Rect3\"><\/div> <div class=\"rbs_gallery_6a05a1ec52e89Rect4\"><\/div> <div class=\"rbs_gallery_6a05a1ec52e89Rect5\"><\/div><\/div><div class=\"rbs_gallery_button  rbs_gallery_align_left\" id=\"rbs_gallery_6a05a1ec52e89filter\" style=\" display: none;\" ><\/div><div id=\"robo_gallery_main_block_rbs_gallery_6a05a1ec52e89\" class=\"robogallery-gallery-2183\" style=\"width:100%;  display: none;\"><div id=\"rbs_gallery_6a05a1ec52e89\" data-options=\"rbs_gallery_6a05a1ec52e89\" style=\"width:100%;\" class=\"robo_gallery  \"><div class=\"rbs-img  category2183 \" ><div class=\"rbs-img-image   rbs-lightbox \" ><div class=\"rbs-img-thumbs\"  data-thumbnail=\"https:\/\/www.futonics.de\/wp-content\/uploads\/2018\/11\/IFL-50-Front_Bildgr\u00f6\u00dfe-\u00e4ndern.png\"  title=\"IFL-50-Front_Bildgr\u00f6\u00dfe \u00e4ndern\"  data-width=\"1920\"  data-height=\"845\" ><\/div><div class=\"rbs-img-data-popup\"  data-popup=\"https:\/\/www.futonics.de\/wp-content\/uploads\/2018\/11\/IFL-50-Front_Bildgr\u00f6\u00dfe-\u00e4ndern.png\"  title=\"IFL-50-Front_Bildgr\u00f6\u00dfe \u00e4ndern\" ><\/div><div class=\"thumbnail-overlay\"><\/div><\/div><\/div><div class=\"rbs-img  category2183 \" ><div class=\"rbs-img-image   rbs-lightbox \" ><div class=\"rbs-img-thumbs\"  data-thumbnail=\"https:\/\/www.futonics.de\/wp-content\/uploads\/2018\/11\/IFL50-Back_Bildgr\u00f6\u00dfe-\u00e4ndern.png\"  title=\"IFL50-Back_Bildgr\u00f6\u00dfe \u00e4ndern\"  data-width=\"1920\"  data-height=\"845\" ><\/div><div class=\"rbs-img-data-popup\"  data-popup=\"https:\/\/www.futonics.de\/wp-content\/uploads\/2018\/11\/IFL50-Back_Bildgr\u00f6\u00dfe-\u00e4ndern.png\"  title=\"IFL50-Back_Bildgr\u00f6\u00dfe \u00e4ndern\" ><\/div><div class=\"thumbnail-overlay\"><\/div><\/div><\/div><div class=\"rbs-img  category2183 \" ><div class=\"rbs-img-image   rbs-lightbox \" ><div class=\"rbs-img-thumbs\"  data-thumbnail=\"https:\/\/www.futonics.de\/wp-content\/uploads\/2018\/11\/IFL50-Back-P_Bildgr\u00f6\u00dfe-\u00e4ndern.png\"  title=\"IFL50-Back-P_Bildgr\u00f6\u00dfe \u00e4ndern\"  data-width=\"1920\"  data-height=\"845\" ><\/div><div class=\"rbs-img-data-popup\"  data-popup=\"https:\/\/www.futonics.de\/wp-content\/uploads\/2018\/11\/IFL50-Back-P_Bildgr\u00f6\u00dfe-\u00e4ndern.png\"  title=\"IFL50-Back-P_Bildgr\u00f6\u00dfe \u00e4ndern\" ><\/div><div class=\"thumbnail-overlay\"><\/div><\/div><\/div><div class=\"rbs-img  category2183 \" ><div class=\"rbs-img-image   rbs-lightbox \" ><div class=\"rbs-img-thumbs\"  data-thumbnail=\"https:\/\/www.futonics.de\/wp-content\/uploads\/2018\/11\/IFL50-Front-P_Bildgr\u00f6\u00dfe-\u00e4ndern.png\"  title=\"IFL50-Front-P_Bildgr\u00f6\u00dfe-\u00e4ndern\"  data-width=\"1920\"  data-height=\"845\" ><\/div><div class=\"rbs-img-data-popup\"  data-popup=\"https:\/\/www.futonics.de\/wp-content\/uploads\/2018\/11\/IFL50-Front-P_Bildgr\u00f6\u00dfe-\u00e4ndern.png\"  title=\"IFL50-Front-P_Bildgr\u00f6\u00dfe-\u00e4ndern\" ><\/div><div class=\"thumbnail-overlay\"><\/div><\/div><\/div><\/div><\/div><\/div><script>var rbs_gallery_6a05a1ec52e89 = {\"version\":\"5.1.4\",\"id\":2183,\"class\":\"id2183\",\"roboGalleryDelay\":1000,\"mainContainer\":\"#robo_gallery_main_block_rbs_gallery_6a05a1ec52e89\",\"loadingContainer\":\"#rbs_gallery_6a05a1ec52e89-block-loader\",\"loadingContainerObj\":\"rbs_gallery_6a05a1ec52e89-block-loader\",\"columnWidth\":\"auto\",\"columns\":3,\"resolutions\":[{\"columnWidth\":\"auto\",\"columns\":3,\"maxWidth\":960},{\"columnWidth\":\"auto\",\"columns\":2,\"maxWidth\":650},{\"columnWidth\":\"auto\",\"columns\":1,\"maxWidth\":450}],\"hideTitle\":true,\"lightboxOptions\":{\"gallery\":{\"enabled\":true,\"tCounter\":\"%curr% of %total%\"}},\"overlayEffect\":\"fade\",\"boxesToLoadStart\":12,\"boxesToLoad\":8,\"waitUntilThumbLoads\":1,\"LoadingWord\":\"Loading...\",\"loadMoreWord\":\"Load More\",\"noMoreEntriesWord\":\"No More Entries\",\"horizontalSpaceBetweenBoxes\":15,\"verticalSpaceBetweenBoxes\":15,\"lazyLoad\":1,\"wrapContainer\":\"#robo-gallery-wrap-rbs_gallery_6a05a1ec52e89\",\"filterContainer\":\"#rbs_gallery_6a05a1ec52e89filter\",\"loadMoreClass\":\"button-flat-primary button-large \"};<\/script>\n\n\n\n<div class=\"wp-block-file\"><a id=\"wp-block-file--media-9fa1f873-9ece-4478-863d-810195c797aa\" href=\"https:\/\/www.futonics.de\/wp-content\/uploads\/2019\/02\/Futonics50W.pdf\" target=\"_blank\" rel=\"noreferrer noopener\">Product Brochure IFL10-IFL50<\/a><\/div>\n\n\n\n<p>&nbsp;<\/p>\n\n\n\n<p>&nbsp;<\/p>\n\n\n\n<p><\/p>\n<style class=\"advgb-styles-renderer\">.advgb-tabs-8051bdb5-6a33-4a42-a413-4a54231c4de6 ul.advgb-tabs-panel li.advgb-tab.advgb-tab-active {background-color:#b21717 !important;color:#ffffff !important;}#advgb-tabs-8051bdb5-6a33-4a42-a413-4a54231c4de6 .advgb-tab-body-header.header-active, .advgb-tabs-8051bdb5-6a33-4a42-a413-4a54231c4de6 .advgb-tab-body-header.header-active{background-color:#b21717 !important;color:#ffffff !important;}.advgbbtn-e3984768-6e21-49b9-962d-c5e4d0d19438{font-size:15px;color:#ffffff !important;background-color:#b21717 !important;margin:0px 0px 0px 0px !important;padding:10px 30px 10px 30px;border-width:1px !important;border-style:none;border-radius:6px !important;}.advgbbtn-e3984768-6e21-49b9-962d-c5e4d0d19438:hover{color:#ffffff !important;background-color:#b21717 !important;box-shadow:1px 1px 12px 0px #E5E5E5;opacity:0.6;transition:all 0.2s ease;}.advgbbtn-e3984768-6e21-49b9-962d-c5e4d0d19438 > i {display: none !important;}<\/style>","protected":false},"excerpt":{"rendered":"<p>Vielseitige 2 \u00b5m Thuliumfaserlaser Die neue industrielle Faserlaser-Produktlinie von Futonics basiert auf Thulium-Singlemode-2-\u00b5m-Faserlaseroszillatoren mit Wellenl\u00e4ngenstabilisierung durch Fiber Bragg Gratings (FBG). Aufgrund der hohen Strahlqualit\u00e4t und des kompakten Designs eignen sich diese neuen Produkte hervorragend f\u00fcr ein breites Anwendungsspektrum. &nbsp; &nbsp; &nbsp;<\/p>\n","protected":false},"author":1,"featured_media":0,"parent":2137,"menu_order":0,"comment_status":"closed","ping_status":"closed","template":"","meta":{"_editorskit_title_hidden":false,"_editorskit_reading_time":1,"_editorskit_is_block_options_detached":false,"_editorskit_block_options_position":"{}","advgb_blocks_editor_width":"","advgb_blocks_columns_visual_guide":"","footnotes":""},"class_list":["post-100","page","type-page","status-publish","hentry"],"translation":{"provider":"WPGlobus","version":"3.0.2","language":"de","enabled_languages":["en","de","zh"],"languages":{"en":{"title":true,"content":true,"excerpt":false},"de":{"title":true,"content":true,"excerpt":false},"zh":{"title":true,"content":true,"excerpt":false}}},"yoast_head":"<!-- This site is optimized with the Yoast SEO plugin v27.6 - https:\/\/yoast.com\/product\/yoast-seo-wordpress\/ -->\n<title>Thulium Faserlaser 10 W bis 50 W - 2-\u00b5m Einmoden Thulium Faserlaser<\/title>\n<meta name=\"robots\" content=\"index, follow, max-snippet:-1, max-image-preview:large, max-video-preview:-1\" \/>\n<link rel=\"canonical\" href=\"https:\/\/www.futonics.de\/products\/thulium-fiber-laser\/laser10w-50w\/\" \/>\n<meta property=\"og:locale\" content=\"de_DE\" \/>\n<meta property=\"og:type\" content=\"article\" \/>\n<meta property=\"og:title\" content=\"Thulium Faserlaser 10 W bis 50 W - 2-\u00b5m Einmoden Thulium Faserlaser\" \/>\n<meta property=\"og:url\" content=\"https:\/\/www.futonics.de\/products\/thulium-fiber-laser\/laser10w-50w\/\" \/>\n<meta property=\"og:site_name\" content=\"2-\u00b5m Einmoden Thulium Faserlaser\" \/>\n<meta property=\"article:modified_time\" content=\"2024-08-20T11:55:44+00:00\" \/>\n<meta property=\"og:image\" content=\"https:\/\/www.futonics.de\/wp-content\/uploads\/2018\/11\/IFL-50-Lasermodul-4.385.png\" \/>\n<meta name=\"twitter:card\" content=\"summary_large_image\" \/>\n<meta name=\"twitter:label1\" content=\"Gesch\u00e4tzte Lesezeit\" \/>\n\t<meta name=\"twitter:data1\" content=\"2\u00a0Minuten\" \/>\n<script type=\"application\/ld+json\" class=\"yoast-schema-graph\">{\"@context\":\"https:\\\/\\\/schema.org\",\"@graph\":[{\"@type\":\"WebPage\",\"@id\":\"https:\\\/\\\/www.futonics.de\\\/products\\\/thulium-fiber-laser\\\/laser10w-50w\\\/\",\"url\":\"https:\\\/\\\/www.futonics.de\\\/products\\\/thulium-fiber-laser\\\/laser10w-50w\\\/\",\"name\":\"Thulium Faserlaser 10 W bis 50 W - 2-\u00b5m Einmoden Thulium Faserlaser\",\"isPartOf\":{\"@id\":\"https:\\\/\\\/www.futonics.de\\\/#website\"},\"primaryImageOfPage\":{\"@id\":\"https:\\\/\\\/www.futonics.de\\\/products\\\/thulium-fiber-laser\\\/laser10w-50w\\\/#primaryimage\"},\"image\":{\"@id\":\"https:\\\/\\\/www.futonics.de\\\/products\\\/thulium-fiber-laser\\\/laser10w-50w\\\/#primaryimage\"},\"thumbnailUrl\":\"https:\\\/\\\/www.futonics.de\\\/wp-content\\\/uploads\\\/2018\\\/11\\\/IFL-50-Lasermodul-4.385.png\",\"datePublished\":\"2018-09-21T07:54:24+00:00\",\"dateModified\":\"2024-08-20T11:55:44+00:00\",\"breadcrumb\":{\"@id\":\"https:\\\/\\\/www.futonics.de\\\/products\\\/thulium-fiber-laser\\\/laser10w-50w\\\/#breadcrumb\"},\"inLanguage\":\"de\",\"potentialAction\":[{\"@type\":\"ReadAction\",\"target\":[\"https:\\\/\\\/www.futonics.de\\\/products\\\/thulium-fiber-laser\\\/laser10w-50w\\\/\"]}]},{\"@type\":\"ImageObject\",\"inLanguage\":\"de\",\"@id\":\"https:\\\/\\\/www.futonics.de\\\/products\\\/thulium-fiber-laser\\\/laser10w-50w\\\/#primaryimage\",\"url\":\"https:\\\/\\\/www.futonics.de\\\/wp-content\\\/uploads\\\/2018\\\/11\\\/IFL-50-Lasermodul-4.385.png\",\"contentUrl\":\"https:\\\/\\\/www.futonics.de\\\/wp-content\\\/uploads\\\/2018\\\/11\\\/IFL-50-Lasermodul-4.385.png\"},{\"@type\":\"BreadcrumbList\",\"@id\":\"https:\\\/\\\/www.futonics.de\\\/products\\\/thulium-fiber-laser\\\/laser10w-50w\\\/#breadcrumb\",\"itemListElement\":[{\"@type\":\"ListItem\",\"position\":1,\"name\":\"Startseite\",\"item\":\"https:\\\/\\\/www.futonics.de\\\/\"},{\"@type\":\"ListItem\",\"position\":2,\"name\":\"PRODUKTE\",\"item\":\"https:\\\/\\\/www.futonics.de\\\/products\\\/\"},{\"@type\":\"ListItem\",\"position\":3,\"name\":\"THULIUM FASERLASER\",\"item\":\"https:\\\/\\\/www.futonics.de\\\/products\\\/thulium-fiber-laser\\\/\"},{\"@type\":\"ListItem\",\"position\":4,\"name\":\"Thulium Faserlaser 10 W bis 50 W\"}]},{\"@type\":\"WebSite\",\"@id\":\"https:\\\/\\\/www.futonics.de\\\/#website\",\"url\":\"https:\\\/\\\/www.futonics.de\\\/\",\"name\":\"2-\u00b5m Einmoden Thulium Faserlaser\",\"description\":\"Derzeit bieten wir verschiedene Thulium-Faserlaser mit unterschiedlichen Ausgangsleistungen bis zu 400 W an\",\"publisher\":{\"@id\":\"https:\\\/\\\/www.futonics.de\\\/#organization\"},\"potentialAction\":[{\"@type\":\"SearchAction\",\"target\":{\"@type\":\"EntryPoint\",\"urlTemplate\":\"https:\\\/\\\/www.futonics.de\\\/?s={search_term_string}\"},\"query-input\":{\"@type\":\"PropertyValueSpecification\",\"valueRequired\":true,\"valueName\":\"search_term_string\"}}],\"inLanguage\":\"de\"},{\"@type\":\"Organization\",\"@id\":\"https:\\\/\\\/www.futonics.de\\\/#organization\",\"name\":\"2-\u00b5m Einmoden Thulium Faserlaser\",\"url\":\"https:\\\/\\\/www.futonics.de\\\/\",\"logo\":{\"@type\":\"ImageObject\",\"inLanguage\":\"de\",\"@id\":\"https:\\\/\\\/www.futonics.de\\\/#\\\/schema\\\/logo\\\/image\\\/\",\"url\":\"https:\\\/\\\/www.futonics.de\\\/wp-content\\\/uploads\\\/2018\\\/11\\\/cropped-Futonics-Laser-Logo-weiss.png\",\"contentUrl\":\"https:\\\/\\\/www.futonics.de\\\/wp-content\\\/uploads\\\/2018\\\/11\\\/cropped-Futonics-Laser-Logo-weiss.png\",\"width\":855,\"height\":220,\"caption\":\"2-\u00b5m Einmoden Thulium Faserlaser\"},\"image\":{\"@id\":\"https:\\\/\\\/www.futonics.de\\\/#\\\/schema\\\/logo\\\/image\\\/\"}}]}<\/script>\n<!-- \/ Yoast SEO plugin. -->","yoast_head_json":{"title":"Thulium Faserlaser 10 W bis 50 W - 2-\u00b5m Einmoden Thulium Faserlaser","robots":{"index":"index","follow":"follow","max-snippet":"max-snippet:-1","max-image-preview":"max-image-preview:large","max-video-preview":"max-video-preview:-1"},"canonical":"https:\/\/www.futonics.de\/products\/thulium-fiber-laser\/laser10w-50w\/","og_locale":"de_DE","og_type":"article","og_title":"Thulium Faserlaser 10 W bis 50 W - 2-\u00b5m Einmoden Thulium Faserlaser","og_url":"https:\/\/www.futonics.de\/products\/thulium-fiber-laser\/laser10w-50w\/","og_site_name":"2-\u00b5m Einmoden Thulium Faserlaser","article_modified_time":"2024-08-20T11:55:44+00:00","og_image":[{"url":"https:\/\/www.futonics.de\/wp-content\/uploads\/2018\/11\/IFL-50-Lasermodul-4.385.png","type":"","width":"","height":""}],"twitter_card":"summary_large_image","twitter_misc":{"Gesch\u00e4tzte Lesezeit":"2\u00a0Minuten"},"schema":{"@context":"https:\/\/schema.org","@graph":[{"@type":"WebPage","@id":"https:\/\/www.futonics.de\/products\/thulium-fiber-laser\/laser10w-50w\/","url":"https:\/\/www.futonics.de\/products\/thulium-fiber-laser\/laser10w-50w\/","name":"Thulium Faserlaser 10 W bis 50 W - 2-\u00b5m Einmoden Thulium Faserlaser","isPartOf":{"@id":"https:\/\/www.futonics.de\/#website"},"primaryImageOfPage":{"@id":"https:\/\/www.futonics.de\/products\/thulium-fiber-laser\/laser10w-50w\/#primaryimage"},"image":{"@id":"https:\/\/www.futonics.de\/products\/thulium-fiber-laser\/laser10w-50w\/#primaryimage"},"thumbnailUrl":"https:\/\/www.futonics.de\/wp-content\/uploads\/2018\/11\/IFL-50-Lasermodul-4.385.png","datePublished":"2018-09-21T07:54:24+00:00","dateModified":"2024-08-20T11:55:44+00:00","breadcrumb":{"@id":"https:\/\/www.futonics.de\/products\/thulium-fiber-laser\/laser10w-50w\/#breadcrumb"},"inLanguage":"de","potentialAction":[{"@type":"ReadAction","target":["https:\/\/www.futonics.de\/products\/thulium-fiber-laser\/laser10w-50w\/"]}]},{"@type":"ImageObject","inLanguage":"de","@id":"https:\/\/www.futonics.de\/products\/thulium-fiber-laser\/laser10w-50w\/#primaryimage","url":"https:\/\/www.futonics.de\/wp-content\/uploads\/2018\/11\/IFL-50-Lasermodul-4.385.png","contentUrl":"https:\/\/www.futonics.de\/wp-content\/uploads\/2018\/11\/IFL-50-Lasermodul-4.385.png"},{"@type":"BreadcrumbList","@id":"https:\/\/www.futonics.de\/products\/thulium-fiber-laser\/laser10w-50w\/#breadcrumb","itemListElement":[{"@type":"ListItem","position":1,"name":"Startseite","item":"https:\/\/www.futonics.de\/"},{"@type":"ListItem","position":2,"name":"PRODUKTE","item":"https:\/\/www.futonics.de\/products\/"},{"@type":"ListItem","position":3,"name":"THULIUM FASERLASER","item":"https:\/\/www.futonics.de\/products\/thulium-fiber-laser\/"},{"@type":"ListItem","position":4,"name":"Thulium Faserlaser 10 W bis 50 W"}]},{"@type":"WebSite","@id":"https:\/\/www.futonics.de\/#website","url":"https:\/\/www.futonics.de\/","name":"2-\u00b5m Einmoden Thulium Faserlaser","description":"Derzeit bieten wir verschiedene Thulium-Faserlaser mit unterschiedlichen Ausgangsleistungen bis zu 400 W an","publisher":{"@id":"https:\/\/www.futonics.de\/#organization"},"potentialAction":[{"@type":"SearchAction","target":{"@type":"EntryPoint","urlTemplate":"https:\/\/www.futonics.de\/?s={search_term_string}"},"query-input":{"@type":"PropertyValueSpecification","valueRequired":true,"valueName":"search_term_string"}}],"inLanguage":"de"},{"@type":"Organization","@id":"https:\/\/www.futonics.de\/#organization","name":"2-\u00b5m Einmoden Thulium Faserlaser","url":"https:\/\/www.futonics.de\/","logo":{"@type":"ImageObject","inLanguage":"de","@id":"https:\/\/www.futonics.de\/#\/schema\/logo\/image\/","url":"https:\/\/www.futonics.de\/wp-content\/uploads\/2018\/11\/cropped-Futonics-Laser-Logo-weiss.png","contentUrl":"https:\/\/www.futonics.de\/wp-content\/uploads\/2018\/11\/cropped-Futonics-Laser-Logo-weiss.png","width":855,"height":220,"caption":"2-\u00b5m Einmoden Thulium Faserlaser"},"image":{"@id":"https:\/\/www.futonics.de\/#\/schema\/logo\/image\/"}}]}},"coauthors":[],"author_meta":{"author_link":"https:\/\/www.futonics.de\/de\/author\/mkaule\/","display_name":"MKaule"},"relative_dates":{"created":"Ver\u00f6ffentlicht 8\u00a0Jahren vor","modified":"Aktualisiert 2\u00a0Jahren vor"},"absolute_dates":{"created":"Ver\u00f6ffentlicht am 21. September 2018","modified":"Aktualisiert am 20. August 2024"},"absolute_dates_time":{"created":"Ver\u00f6ffentlicht am 21. September 2018 9:54","modified":"Aktualisiert am 20. August 2024 13:55"},"featured_img_caption":"","featured_img":false,"series_order":"","_links":{"self":[{"href":"https:\/\/www.futonics.de\/de\/wp-json\/wp\/v2\/pages\/100","targetHints":{"allow":["GET"]}}],"collection":[{"href":"https:\/\/www.futonics.de\/de\/wp-json\/wp\/v2\/pages"}],"about":[{"href":"https:\/\/www.futonics.de\/de\/wp-json\/wp\/v2\/types\/page"}],"author":[{"embeddable":true,"href":"https:\/\/www.futonics.de\/de\/wp-json\/wp\/v2\/users\/1"}],"replies":[{"embeddable":true,"href":"https:\/\/www.futonics.de\/de\/wp-json\/wp\/v2\/comments?post=100"}],"version-history":[{"count":178,"href":"https:\/\/www.futonics.de\/de\/wp-json\/wp\/v2\/pages\/100\/revisions"}],"predecessor-version":[{"id":5374,"href":"https:\/\/www.futonics.de\/de\/wp-json\/wp\/v2\/pages\/100\/revisions\/5374"}],"up":[{"embeddable":true,"href":"https:\/\/www.futonics.de\/de\/wp-json\/wp\/v2\/pages\/2137"}],"wp:attachment":[{"href":"https:\/\/www.futonics.de\/de\/wp-json\/wp\/v2\/media?parent=100"}],"curies":[{"name":"wp","href":"https:\/\/api.w.org\/{rel}","templated":true}]}}