{"id":1031,"date":"2018-11-06T12:10:18","date_gmt":"2018-11-06T11:10:18","guid":{"rendered":"http:\/\/beta.futonics.de\/?page_id=1031"},"modified":"2020-01-13T08:11:39","modified_gmt":"2020-01-13T07:11:39","slug":"marking","status":"publish","type":"page","link":"https:\/\/www.futonics.de\/de\/applications\/industrial\/plastics\/marking\/","title":{"rendered":"MARKIEREN &#038; GRAVIEREN VON KUNSTSTOFFE"},"content":{"rendered":"\n<p>Futonics Faserlaser bieten die Flexibilit\u00e4t, verschiedene kommerziell verwendete transparente und nicht transparente Kunststoffe mit verschiedenen Pigmenten und Additiven zu gravieren. Markierungen und Gravuren werden ohne Druckfarben oder Oberfl\u00e4chenkontakt durchgef\u00fchrt. Futonics Laser eignen sich gut zum Markieren und Gravieren von Kunststoffen f\u00fcr ein dauerhaftes, qualitativ hochwertiges Ergebnis mit einem hohen Ma\u00df an Details und Kontrast.<br><br><\/p>\n\n\n\n<div class=\"wp-block-advgb-button alignleft is-style-outline\"><a class=\"wp-block-advgb-button_link advgbbtn-3d9b6585-5178-40d0-bf2a-51f1c823f3b4\" href=\"mailto:info@futonics.de?subject=Markierung%20von%20Kunststoffen\" target=\"_self\" rel=\"noopener noreferrer\">Kontaktieren Sie uns bez\u00fcglich Markierung von Kunststoffen<\/a><\/div>\n\n\n\n<p>&nbsp; <br><br><br><\/p>\n\n\n\n<div class=\"wp-block-image\"><figure class=\"aligncenter\"><img loading=\"lazy\" decoding=\"async\" width=\"345\" height=\"393\" src=\"https:\/\/www.futonics.de\/wp-content\/uploads\/2018\/11\/marking-PET.jpg\" alt=\"\" class=\"wp-image-994\" srcset=\"https:\/\/www.futonics.de\/wp-content\/uploads\/2018\/11\/marking-PET.jpg 345w, https:\/\/www.futonics.de\/wp-content\/uploads\/2018\/11\/marking-PET-263x300.jpg 263w\" sizes=\"auto, (max-width: 345px) 100vw, 345px\" \/><figcaption>Markierung von Polyethylenterephthalat (PET)<\/figcaption><\/figure><\/div>\n\n\n\n<h6 class=\"wp-block-heading\"><strong>BEISPIELE F\u00dcR VERWENDUNGEN<\/strong><\/h6>\n\n\n\n<ul class=\"wp-block-list\"><li>Losnummern und Seriennummern auf kleinen Kunststoffprodukten<\/li><li>Elektrische Bauteile<\/li><li>Autoteile<\/li><li>Werkzeuge und Werkzeuggriffe<\/li><li>Tasten, Schalter, Tastaturen<\/li><li>Verpackungsmaterialien<\/li><\/ul>\n\n\n\n<h6 class=\"wp-block-heading\"><strong>VORTEILE<\/strong><\/h6>\n\n\n\n<ul class=\"wp-block-list\"><li>Kein Kontakt zwischen dem Gravierwerkzeug und dem Kunststoffprodukt<\/li><li>Bei komplexen Bildern, Logos, Codes und Texten werden sehr feine Details erzielt.<\/li><li>Auch an kleinen Kunststoffteilen ist das Lasern von Details an schwer zug\u00e4nglichen Stellen m\u00f6glich.<\/li><\/ul>\n\n\n\n<h6 class=\"wp-block-heading\">&nbsp;<strong>KUNSTSTOFFSGRAVUR MIT EINEM SCANNER-SYSTEM<\/strong><\/h6>\n\n\n\n<ul class=\"wp-block-gallery columns-3 is-cropped wp-block-gallery-1\"><li class=\"blocks-gallery-item\"><figure><img loading=\"lazy\" decoding=\"async\" width=\"733\" height=\"588\" src=\"https:\/\/www.futonics.de\/wp-content\/uploads\/2018\/11\/plastic-engraving-5.png\" alt=\"\" data-id=\"981\" data-link=\"https:\/\/www.futonics.de\/applications\/plastic_processing__trashed-2\/plastic-engraving-5\/\" class=\"wp-image-981\" srcset=\"https:\/\/www.futonics.de\/wp-content\/uploads\/2018\/11\/plastic-engraving-5.png 733w, https:\/\/www.futonics.de\/wp-content\/uploads\/2018\/11\/plastic-engraving-5-300x241.png 300w\" sizes=\"auto, (max-width: 733px) 100vw, 733px\" \/><\/figure><\/li><li class=\"blocks-gallery-item\"><figure><img loading=\"lazy\" decoding=\"async\" width=\"360\" height=\"315\" src=\"https:\/\/www.futonics.de\/wp-content\/uploads\/2018\/11\/mona.png\" alt=\"\" data-id=\"978\" data-link=\"https:\/\/www.futonics.de\/applications\/plastic_processing__trashed-2\/mona\/\" class=\"wp-image-978\" srcset=\"https:\/\/www.futonics.de\/wp-content\/uploads\/2018\/11\/mona.png 360w, https:\/\/www.futonics.de\/wp-content\/uploads\/2018\/11\/mona-300x263.png 300w\" sizes=\"auto, (max-width: 360px) 100vw, 360px\" \/><figcaption>transparent PMMA sheet 80 x 54 x 2 mm\u00b3<\/figcaption><\/figure><\/li><li class=\"blocks-gallery-item\"><figure><img loading=\"lazy\" decoding=\"async\" width=\"312\" height=\"234\" src=\"https:\/\/www.futonics.de\/wp-content\/uploads\/2018\/11\/mona2.png\" alt=\"\" data-id=\"980\" data-link=\"https:\/\/www.futonics.de\/applications\/plastic_processing__trashed-2\/mona2\/\" class=\"wp-image-980\" srcset=\"https:\/\/www.futonics.de\/wp-content\/uploads\/2018\/11\/mona2.png 312w, https:\/\/www.futonics.de\/wp-content\/uploads\/2018\/11\/mona2-300x225.png 300w\" sizes=\"auto, (max-width: 312px) 100vw, 312px\" \/><figcaption>dot sizes vary by exposure time<\/figcaption><\/figure><\/li><li class=\"blocks-gallery-item\"><figure><img loading=\"lazy\" decoding=\"async\" width=\"311\" height=\"227\" src=\"https:\/\/www.futonics.de\/wp-content\/uploads\/2018\/11\/magn.png\" alt=\"\" data-id=\"984\" data-link=\"https:\/\/www.futonics.de\/applications\/plastic_processing__trashed-2\/magn\/\" class=\"wp-image-984\" srcset=\"https:\/\/www.futonics.de\/wp-content\/uploads\/2018\/11\/magn.png 311w, https:\/\/www.futonics.de\/wp-content\/uploads\/2018\/11\/magn-300x219.png 300w\" sizes=\"auto, (max-width: 311px) 100vw, 311px\" \/><\/figure><\/li><li class=\"blocks-gallery-item\"><figure><img loading=\"lazy\" decoding=\"async\" width=\"308\" height=\"231\" src=\"https:\/\/www.futonics.de\/wp-content\/uploads\/2018\/11\/engr1.png\" alt=\"\" data-id=\"983\" data-link=\"https:\/\/www.futonics.de\/applications\/plastic_processing__trashed-2\/engr1\/\" class=\"wp-image-983\" srcset=\"https:\/\/www.futonics.de\/wp-content\/uploads\/2018\/11\/engr1.png 308w, https:\/\/www.futonics.de\/wp-content\/uploads\/2018\/11\/engr1-300x225.png 300w\" sizes=\"auto, (max-width: 308px) 100vw, 308px\" \/><\/figure><\/li><li class=\"blocks-gallery-item\"><figure><img loading=\"lazy\" decoding=\"async\" width=\"307\" height=\"231\" src=\"https:\/\/www.futonics.de\/wp-content\/uploads\/2018\/11\/engr.png\" alt=\"\" data-id=\"982\" data-link=\"https:\/\/www.futonics.de\/applications\/plastic_processing__trashed-2\/engr\/\" class=\"wp-image-982\" srcset=\"https:\/\/www.futonics.de\/wp-content\/uploads\/2018\/11\/engr.png 307w, https:\/\/www.futonics.de\/wp-content\/uploads\/2018\/11\/engr-300x226.png 300w\" sizes=\"auto, (max-width: 307px) 100vw, 307px\" \/><\/figure><\/li><li class=\"blocks-gallery-item\"><figure><img loading=\"lazy\" decoding=\"async\" width=\"590\" height=\"443\" src=\"https:\/\/www.futonics.de\/wp-content\/uploads\/2018\/12\/PMMA_2mum.jpg\" alt=\"\" data-id=\"2549\" data-link=\"https:\/\/www.futonics.de\/applications\/industrial\/plastics\/marking\/pmma_2mum\/\" class=\"wp-image-2549 is-layout-flex wp-block-gallery-is-layout-flex\" srcset=\"https:\/\/www.futonics.de\/wp-content\/uploads\/2018\/12\/PMMA_2mum.jpg 590w, https:\/\/www.futonics.de\/wp-content\/uploads\/2018\/12\/PMMA_2mum-300x225.jpg 300w\" sizes=\"auto, (max-width: 590px) 100vw, 590px\" \/><figcaption>Gravieren von PMMA<\/figcaption><\/figure><\/li><\/ul>\n\n\n\n<figure class=\"wp-block-video\"><video height=\"480\" style=\"aspect-ratio: 854 \/ 480;\" width=\"854\" controls src=\"https:\/\/www.futonics.de\/wp-content\/uploads\/2019\/10\/PMMA-Graving-Cooling.mp4\"><\/video><figcaption>Gravieren von schwarzem PMMA<\/figcaption><\/figure>\n\n\n\n<p>&nbsp;<\/p>\n<style class=\"advgb-styles-renderer\">.advgbbtn-3d9b6585-5178-40d0-bf2a-51f1c823f3b4{font-size:15px;color:#000000 !important;background-color:#E5E5E5 !important;margin:0px 0px 0px 0px !important;padding:10px 30px 10px 30px;border-width:0px !important;border-color:#000000 !important;border-style:none;border-radius:6px !important;}.advgbbtn-3d9b6585-5178-40d0-bf2a-51f1c823f3b4:hover{background-color:#d13636 !important;box-shadow:0px 0px 0px 0px #ffffff;opacity:1;transition:all 0s ease;}.advgbbtn-3d9b6585-5178-40d0-bf2a-51f1c823f3b4 > i {display: none !important;}<\/style>","protected":false},"excerpt":{"rendered":"<p>Futonics Faserlaser bieten die Flexibilit\u00e4t, verschiedene kommerziell verwendete transparente und nicht transparente Kunststoffe mit verschiedenen Pigmenten und Additiven zu gravieren. Markierungen und Gravuren werden ohne Druckfarben oder Oberfl\u00e4chenkontakt durchgef\u00fchrt. Futonics Laser eignen sich gut zum Markieren und Gravieren von Kunststoffen f\u00fcr ein dauerhaftes, qualitativ hochwertiges Ergebnis mit einem hohen Ma\u00df [&hellip;]<\/p>\n","protected":false},"author":1,"featured_media":0,"parent":1592,"menu_order":0,"comment_status":"closed","ping_status":"closed","template":"","meta":{"_editorskit_title_hidden":false,"_editorskit_reading_time":0,"_editorskit_is_block_options_detached":false,"_editorskit_block_options_position":"{}","advgb_blocks_editor_width":"","advgb_blocks_columns_visual_guide":"","footnotes":""},"class_list":["post-1031","page","type-page","status-publish","hentry"],"translation":{"provider":"WPGlobus","version":"3.0.2","language":"de","enabled_languages":["en","de","zh"],"languages":{"en":{"title":true,"content":true,"excerpt":false},"de":{"title":true,"content":true,"excerpt":false},"zh":{"title":true,"content":true,"excerpt":false}}},"yoast_head":"<!-- This site is optimized with the Yoast SEO plugin v27.4 - https:\/\/yoast.com\/product\/yoast-seo-wordpress\/ -->\n<title>MARKIEREN &amp; GRAVIEREN VON KUNSTSTOFFE - 2-\u00b5m-Einmoden-Faserlasersysteme<\/title>\n<meta name=\"robots\" content=\"index, follow, max-snippet:-1, max-image-preview:large, max-video-preview:-1\" \/>\n<link rel=\"canonical\" href=\"https:\/\/www.futonics.de\/applications\/industrial\/plastics\/marking\/\" \/>\n<meta property=\"og:locale\" content=\"de_DE\" \/>\n<meta property=\"og:type\" content=\"article\" \/>\n<meta property=\"og:title\" content=\"MARKIEREN &amp; GRAVIEREN VON KUNSTSTOFFE - 2-\u00b5m-Einmoden-Faserlasersysteme\" \/>\n<meta property=\"og:url\" content=\"https:\/\/www.futonics.de\/applications\/industrial\/plastics\/marking\/\" \/>\n<meta property=\"og:site_name\" content=\"2-\u00b5m-Einmoden-Faserlasersysteme\" \/>\n<meta property=\"article:modified_time\" content=\"2020-01-13T07:11:39+00:00\" \/>\n<meta property=\"og:image\" content=\"https:\/\/www.futonics.de\/wp-content\/uploads\/2018\/11\/marking-PET.jpg\" \/>\n<meta name=\"twitter:card\" content=\"summary_large_image\" \/>\n<meta name=\"twitter:label1\" content=\"Gesch\u00e4tzte Lesezeit\" \/>\n\t<meta name=\"twitter:data1\" content=\"2\u00a0Minuten\" \/>\n<script type=\"application\/ld+json\" class=\"yoast-schema-graph\">{\"@context\":\"https:\\\/\\\/schema.org\",\"@graph\":[{\"@type\":\"WebPage\",\"@id\":\"https:\\\/\\\/www.futonics.de\\\/applications\\\/industrial\\\/plastics\\\/marking\\\/\",\"url\":\"https:\\\/\\\/www.futonics.de\\\/applications\\\/industrial\\\/plastics\\\/marking\\\/\",\"name\":\"MARKIEREN & GRAVIEREN VON KUNSTSTOFFE - 2-\u00b5m-Einmoden-Faserlasersysteme\",\"isPartOf\":{\"@id\":\"https:\\\/\\\/www.futonics.de\\\/#website\"},\"primaryImageOfPage\":{\"@id\":\"https:\\\/\\\/www.futonics.de\\\/applications\\\/industrial\\\/plastics\\\/marking\\\/#primaryimage\"},\"image\":{\"@id\":\"https:\\\/\\\/www.futonics.de\\\/applications\\\/industrial\\\/plastics\\\/marking\\\/#primaryimage\"},\"thumbnailUrl\":\"https:\\\/\\\/www.futonics.de\\\/wp-content\\\/uploads\\\/2018\\\/11\\\/marking-PET.jpg\",\"datePublished\":\"2018-11-06T11:10:18+00:00\",\"dateModified\":\"2020-01-13T07:11:39+00:00\",\"breadcrumb\":{\"@id\":\"https:\\\/\\\/www.futonics.de\\\/applications\\\/industrial\\\/plastics\\\/marking\\\/#breadcrumb\"},\"inLanguage\":\"de\",\"potentialAction\":[{\"@type\":\"ReadAction\",\"target\":[\"https:\\\/\\\/www.futonics.de\\\/applications\\\/industrial\\\/plastics\\\/marking\\\/\"]}]},{\"@type\":\"ImageObject\",\"inLanguage\":\"de\",\"@id\":\"https:\\\/\\\/www.futonics.de\\\/applications\\\/industrial\\\/plastics\\\/marking\\\/#primaryimage\",\"url\":\"https:\\\/\\\/www.futonics.de\\\/wp-content\\\/uploads\\\/2018\\\/11\\\/marking-PET.jpg\",\"contentUrl\":\"https:\\\/\\\/www.futonics.de\\\/wp-content\\\/uploads\\\/2018\\\/11\\\/marking-PET.jpg\"},{\"@type\":\"BreadcrumbList\",\"@id\":\"https:\\\/\\\/www.futonics.de\\\/applications\\\/industrial\\\/plastics\\\/marking\\\/#breadcrumb\",\"itemListElement\":[{\"@type\":\"ListItem\",\"position\":1,\"name\":\"Startseite\",\"item\":\"https:\\\/\\\/www.futonics.de\\\/\"},{\"@type\":\"ListItem\",\"position\":2,\"name\":\"ANWENDUNGEN\",\"item\":\"https:\\\/\\\/www.futonics.de\\\/applications\\\/\"},{\"@type\":\"ListItem\",\"position\":3,\"name\":\"ANWENDUNGEN\",\"item\":\"https:\\\/\\\/www.futonics.de\\\/applications\\\/industrial\\\/\"},{\"@type\":\"ListItem\",\"position\":4,\"name\":\"KUNSTSTOFFE\",\"item\":\"https:\\\/\\\/www.futonics.de\\\/applications\\\/industrial\\\/plastics\\\/\"},{\"@type\":\"ListItem\",\"position\":5,\"name\":\"MARKIEREN &#038; GRAVIEREN VON KUNSTSTOFFE\"}]},{\"@type\":\"WebSite\",\"@id\":\"https:\\\/\\\/www.futonics.de\\\/#website\",\"url\":\"https:\\\/\\\/www.futonics.de\\\/\",\"name\":\"2-\u00b5m-Einmoden-Faserlasersysteme\",\"description\":\"Derzeit bieten wir verschiedene Thulium-Faser- und Kristalllasermodelle mit unterschiedlichen Ausgangsleistungen bis zu 250 W an\",\"publisher\":{\"@id\":\"https:\\\/\\\/www.futonics.de\\\/#organization\"},\"potentialAction\":[{\"@type\":\"SearchAction\",\"target\":{\"@type\":\"EntryPoint\",\"urlTemplate\":\"https:\\\/\\\/www.futonics.de\\\/?s={search_term_string}\"},\"query-input\":{\"@type\":\"PropertyValueSpecification\",\"valueRequired\":true,\"valueName\":\"search_term_string\"}}],\"inLanguage\":\"de\"},{\"@type\":\"Organization\",\"@id\":\"https:\\\/\\\/www.futonics.de\\\/#organization\",\"name\":\"2-\u00b5m-Einmoden-Faserlasersysteme\",\"url\":\"https:\\\/\\\/www.futonics.de\\\/\",\"logo\":{\"@type\":\"ImageObject\",\"inLanguage\":\"de\",\"@id\":\"https:\\\/\\\/www.futonics.de\\\/#\\\/schema\\\/logo\\\/image\\\/\",\"url\":\"https:\\\/\\\/www.futonics.de\\\/wp-content\\\/uploads\\\/2018\\\/11\\\/cropped-Futonics-Laser-Logo-weiss.png\",\"contentUrl\":\"https:\\\/\\\/www.futonics.de\\\/wp-content\\\/uploads\\\/2018\\\/11\\\/cropped-Futonics-Laser-Logo-weiss.png\",\"width\":855,\"height\":220,\"caption\":\"2-\u00b5m-Einmoden-Faserlasersysteme \"},\"image\":{\"@id\":\"https:\\\/\\\/www.futonics.de\\\/#\\\/schema\\\/logo\\\/image\\\/\"}}]}<\/script>\n<!-- \/ Yoast SEO plugin. -->","yoast_head_json":{"title":"MARKIEREN & GRAVIEREN VON KUNSTSTOFFE - 2-\u00b5m-Einmoden-Faserlasersysteme","robots":{"index":"index","follow":"follow","max-snippet":"max-snippet:-1","max-image-preview":"max-image-preview:large","max-video-preview":"max-video-preview:-1"},"canonical":"https:\/\/www.futonics.de\/applications\/industrial\/plastics\/marking\/","og_locale":"de_DE","og_type":"article","og_title":"MARKIEREN & GRAVIEREN VON KUNSTSTOFFE - 2-\u00b5m-Einmoden-Faserlasersysteme","og_url":"https:\/\/www.futonics.de\/applications\/industrial\/plastics\/marking\/","og_site_name":"2-\u00b5m-Einmoden-Faserlasersysteme","article_modified_time":"2020-01-13T07:11:39+00:00","og_image":[{"url":"https:\/\/www.futonics.de\/wp-content\/uploads\/2018\/11\/marking-PET.jpg","type":"","width":"","height":""}],"twitter_card":"summary_large_image","twitter_misc":{"Gesch\u00e4tzte Lesezeit":"2\u00a0Minuten"},"schema":{"@context":"https:\/\/schema.org","@graph":[{"@type":"WebPage","@id":"https:\/\/www.futonics.de\/applications\/industrial\/plastics\/marking\/","url":"https:\/\/www.futonics.de\/applications\/industrial\/plastics\/marking\/","name":"MARKIEREN & GRAVIEREN VON KUNSTSTOFFE - 2-\u00b5m-Einmoden-Faserlasersysteme","isPartOf":{"@id":"https:\/\/www.futonics.de\/#website"},"primaryImageOfPage":{"@id":"https:\/\/www.futonics.de\/applications\/industrial\/plastics\/marking\/#primaryimage"},"image":{"@id":"https:\/\/www.futonics.de\/applications\/industrial\/plastics\/marking\/#primaryimage"},"thumbnailUrl":"https:\/\/www.futonics.de\/wp-content\/uploads\/2018\/11\/marking-PET.jpg","datePublished":"2018-11-06T11:10:18+00:00","dateModified":"2020-01-13T07:11:39+00:00","breadcrumb":{"@id":"https:\/\/www.futonics.de\/applications\/industrial\/plastics\/marking\/#breadcrumb"},"inLanguage":"de","potentialAction":[{"@type":"ReadAction","target":["https:\/\/www.futonics.de\/applications\/industrial\/plastics\/marking\/"]}]},{"@type":"ImageObject","inLanguage":"de","@id":"https:\/\/www.futonics.de\/applications\/industrial\/plastics\/marking\/#primaryimage","url":"https:\/\/www.futonics.de\/wp-content\/uploads\/2018\/11\/marking-PET.jpg","contentUrl":"https:\/\/www.futonics.de\/wp-content\/uploads\/2018\/11\/marking-PET.jpg"},{"@type":"BreadcrumbList","@id":"https:\/\/www.futonics.de\/applications\/industrial\/plastics\/marking\/#breadcrumb","itemListElement":[{"@type":"ListItem","position":1,"name":"Startseite","item":"https:\/\/www.futonics.de\/"},{"@type":"ListItem","position":2,"name":"ANWENDUNGEN","item":"https:\/\/www.futonics.de\/applications\/"},{"@type":"ListItem","position":3,"name":"ANWENDUNGEN","item":"https:\/\/www.futonics.de\/applications\/industrial\/"},{"@type":"ListItem","position":4,"name":"KUNSTSTOFFE","item":"https:\/\/www.futonics.de\/applications\/industrial\/plastics\/"},{"@type":"ListItem","position":5,"name":"MARKIEREN &#038; GRAVIEREN VON KUNSTSTOFFE"}]},{"@type":"WebSite","@id":"https:\/\/www.futonics.de\/#website","url":"https:\/\/www.futonics.de\/","name":"2-\u00b5m-Einmoden-Faserlasersysteme","description":"Derzeit bieten wir verschiedene Thulium-Faser- und Kristalllasermodelle mit unterschiedlichen Ausgangsleistungen bis zu 250 W an","publisher":{"@id":"https:\/\/www.futonics.de\/#organization"},"potentialAction":[{"@type":"SearchAction","target":{"@type":"EntryPoint","urlTemplate":"https:\/\/www.futonics.de\/?s={search_term_string}"},"query-input":{"@type":"PropertyValueSpecification","valueRequired":true,"valueName":"search_term_string"}}],"inLanguage":"de"},{"@type":"Organization","@id":"https:\/\/www.futonics.de\/#organization","name":"2-\u00b5m-Einmoden-Faserlasersysteme","url":"https:\/\/www.futonics.de\/","logo":{"@type":"ImageObject","inLanguage":"de","@id":"https:\/\/www.futonics.de\/#\/schema\/logo\/image\/","url":"https:\/\/www.futonics.de\/wp-content\/uploads\/2018\/11\/cropped-Futonics-Laser-Logo-weiss.png","contentUrl":"https:\/\/www.futonics.de\/wp-content\/uploads\/2018\/11\/cropped-Futonics-Laser-Logo-weiss.png","width":855,"height":220,"caption":"2-\u00b5m-Einmoden-Faserlasersysteme "},"image":{"@id":"https:\/\/www.futonics.de\/#\/schema\/logo\/image\/"}}]}},"coauthors":[],"author_meta":{"author_link":"https:\/\/www.futonics.de\/de\/author\/mkaule\/","display_name":"MKaule"},"relative_dates":{"created":"Ver\u00f6ffentlicht 7\u00a0Jahren vor","modified":"Aktualisiert 6\u00a0Jahren vor"},"absolute_dates":{"created":"Ver\u00f6ffentlicht am 6. November 2018","modified":"Aktualisiert am 13. Januar 2020"},"absolute_dates_time":{"created":"Ver\u00f6ffentlicht am 6. November 2018 12:10","modified":"Aktualisiert am 13. Januar 2020 8:11"},"featured_img_caption":"","featured_img":false,"series_order":"","_links":{"self":[{"href":"https:\/\/www.futonics.de\/de\/wp-json\/wp\/v2\/pages\/1031","targetHints":{"allow":["GET"]}}],"collection":[{"href":"https:\/\/www.futonics.de\/de\/wp-json\/wp\/v2\/pages"}],"about":[{"href":"https:\/\/www.futonics.de\/de\/wp-json\/wp\/v2\/types\/page"}],"author":[{"embeddable":true,"href":"https:\/\/www.futonics.de\/de\/wp-json\/wp\/v2\/users\/1"}],"replies":[{"embeddable":true,"href":"https:\/\/www.futonics.de\/de\/wp-json\/wp\/v2\/comments?post=1031"}],"version-history":[{"count":39,"href":"https:\/\/www.futonics.de\/de\/wp-json\/wp\/v2\/pages\/1031\/revisions"}],"predecessor-version":[{"id":3932,"href":"https:\/\/www.futonics.de\/de\/wp-json\/wp\/v2\/pages\/1031\/revisions\/3932"}],"up":[{"embeddable":true,"href":"https:\/\/www.futonics.de\/de\/wp-json\/wp\/v2\/pages\/1592"}],"wp:attachment":[{"href":"https:\/\/www.futonics.de\/de\/wp-json\/wp\/v2\/media?parent=1031"}],"curies":[{"name":"wp","href":"https:\/\/api.w.org\/{rel}","templated":true}]}}