{"id":107,"date":"2018-09-21T10:00:10","date_gmt":"2018-09-21T08:00:10","guid":{"rendered":"http:\/\/beta.futonics.de\/?page_id=107"},"modified":"2024-08-20T14:12:26","modified_gmt":"2024-08-20T12:12:26","slug":"laser200w-250w","status":"publish","type":"page","link":"https:\/\/www.futonics.de\/de\/products\/thulium\/laser200w-250w\/","title":{"rendered":"Thulium Faserlaser 200 W bis 250 W"},"content":{"rendered":"\n<figure class=\"wp-block-image size-large\"><img loading=\"lazy\" decoding=\"async\" width=\"1024\" height=\"1024\" src=\"https:\/\/www.futonics.de\/wp-content\/uploads\/2024\/08\/IFL-200-Lasermodul-freigestellt.1362-1024x1024.png\" alt=\"\" class=\"wp-image-5153\" srcset=\"https:\/\/www.futonics.de\/wp-content\/uploads\/2024\/08\/IFL-200-Lasermodul-freigestellt.1362-1024x1024.png 1024w, https:\/\/www.futonics.de\/wp-content\/uploads\/2024\/08\/IFL-200-Lasermodul-freigestellt.1362-300x300.png 300w, https:\/\/www.futonics.de\/wp-content\/uploads\/2024\/08\/IFL-200-Lasermodul-freigestellt.1362-150x150.png 150w, https:\/\/www.futonics.de\/wp-content\/uploads\/2024\/08\/IFL-200-Lasermodul-freigestellt.1362-768x768.png 768w, https:\/\/www.futonics.de\/wp-content\/uploads\/2024\/08\/IFL-200-Lasermodul-freigestellt.1362-1536x1536.png 1536w, https:\/\/www.futonics.de\/wp-content\/uploads\/2024\/08\/IFL-200-Lasermodul-freigestellt.1362-2048x2048.png 2048w\" sizes=\"auto, (max-width: 1024px) 100vw, 1024px\" \/><\/figure>\n\n\n\n<p><\/p>\n\n\n\n<h5 class=\"wp-block-heading\">Vielseitige 2 \u00b5m Thuliumfaserlaser<br><br><ul style=\"list-style-type:square\"><br>  <li>Bis zu 250 W Ausgangsleistung in 4 HE Geh\u00e4use<\/li><br>  <li>Benutzerdefinierte Wellenl\u00e4ngen (FBG)<\/li><br>  <li>Hohe Strahlqualit\u00e4t<\/li><br>  <li>Ger\u00e4uscharm<\/li><br><\/ul><\/h5>\n\n\n\n<p>Die neue industrielle Faserlaser-Produktlinie von Futonics basiert auf Thulium-Singlemode-2-\u00b5m-Faserlaseroszillatoren mit Wellenl\u00e4ngenstabilisierung durch Fiber Bragg Gratings (FBG). Aufgrund der hohen Leistung, der hohen Strahlqualit\u00e4t und der kompakten Bauweise eignen sich diese neuen Produkte hervorragend f\u00fcr ein breites Anwendungsspektrum. <\/p>\n\n\n\n<p>&nbsp;<\/p>\n\n\n\n<div class=\"wp-block-advgb-adv-tabs advgb-tabs-wrapper advgb-tab-horz-desktop advgb-tab-vert-tablet advgb-tab-stack-mobile advgb-tabs-b2e4d8b8-131a-465f-9a5e-857e664e19b9\" data-tab-active=\"0\"><ul class=\"advgb-tabs-panel\"><li class=\"advgb-tab\" style=\"background-color:#000000;border-style:solid;border-width:1px;border-radius:0px\"><a id=\"\" href=\"#advgb-tabs-tab0\" style=\"color:#fff\"><span>FEATURES<\/span><\/a><\/li><li class=\"advgb-tab\" style=\"background-color:#000000;border-style:solid;border-width:1px;border-radius:0px\"><a id=\"\" href=\"#advgb-tabs-tab1\" style=\"color:#fff\"><span>OPTISCHE DATEN<\/span><\/a><\/li><li class=\"advgb-tab\" style=\"background-color:#000000;border-style:solid;border-width:1px;border-radius:0px\"><a id=\"\" href=\"#advgb-tabs-tab2\" style=\"color:#fff\"><span>ALLGEMEINE ANGABEN<\/span><\/a><\/li><li class=\"advgb-tab\" style=\"background-color:#000000;border-style:solid;border-width:1px;border-radius:0px\"><a id=\"\" href=\"#advgb-tabs-tab3\" style=\"color:#fff\"><span>OPTIONEN<\/span><\/a><\/li><\/ul><div class=\"advgb-tab-body-wrapper\" style=\"border-style:solid;border-width:1px;border-radius:0px\">\n<div class=\"wp-block-advgb-tab advgb-tab-body-container\"><div class=\"advgb-tab-body-header advgb-tab-class-\">FEATURES<\/div><div class=\"advgb-tab-_9adf00-c3 advgb-tab-body\" aria-labelledby=\"advgb-tabs-tab0\">\n<p><span class=\"tlid-translation translation\" lang=\"de\"><span title=\"\" class=\"\">Singlemode-Ausgangsleistung bis zu 250 W, optionale Leistungsstabilisierung<br>Hohe Strahlqualit\u00e4t im gesamten Leistungsbereich<br>Feste Emissionswellenl\u00e4nge zwischen 1930 nm und 2050 nm<br>Entwickelt f\u00fcr die 19-Zoll-Rackmontage mit einer Anwendungsfaserl\u00e4nge von bis zu 10 Metern<\/span><\/span><\/p>\n<\/div><\/div>\n\n\n\n<div class=\"wp-block-advgb-tab advgb-tab-body-container\"><div class=\"advgb-tab-body-header advgb-tab-class-\">OPTISCHE DATEN<\/div><div class=\"advgb-tab-_35a698-9e advgb-tab-body\" aria-labelledby=\"advgb-tabs-tab1\">\n<p><strong>Ausgangsleistung<\/strong>: 200 W (IFL200), 250 W (<span>IFL250)<\/span><br><strong>Standardwellenl\u00e4ngen<\/strong>: 2000 nm oder 2050 nm<br><strong>FWHM<\/strong>: &lt; 1 nm<br><strong>Strahlqualit\u00e4t<\/strong>: M<sup>2&nbsp;<\/sup>&lt; 1.2, Einzelmodus<br><strong>Operationsmodus<\/strong>: CW, moduliert bis zu 1 kHz<br><strong>Laserklasse<\/strong>: 4<br><strong>Faserstecker, NA, L\u00e4nge<\/strong>: QBH-Stecker, 0,10, 3 Meter (bis zu 10 Meter verf\u00fcgbar)<br><strong>Kollimator<\/strong>: Optional<\/p>\n<\/div><\/div>\n\n\n\n<div class=\"wp-block-advgb-tab advgb-tab-body-container\"><div class=\"advgb-tab-body-header advgb-tab-class-\">ALLGEMEINE ANGABEN<\/div><div class=\"advgb-tab-_4b2175-ce advgb-tab-body\" aria-labelledby=\"advgb-tabs-tab2\">\n<p><span class=\"tlid-translation translation\" lang=\"de\"><span title=\"\" class=\"\"><strong>Abmessungen:<\/strong> 483 mm x 177 mm x 705 mm (19 &#8222;, 4 HE ohne Netzteil)<\/span><\/span><br><span class=\"tlid-translation translation\" lang=\"de\"><span title=\"\" class=\"\"><strong>Logikversorgung:<\/strong> 24 V DC, 3 A (72 W)<\/span><\/span><br><span class=\"tlid-translation translation\" lang=\"de\"><span title=\"\" class=\"\"><strong>Futonics-Hauptstromversorgung:<\/strong> Wechselstrom, 1- oder 3-phasig, 180 &#8211; 528 VAC, 48 &#8211; 62 Hz<\/span><\/span><br><span class=\"tlid-translation translation\" lang=\"de\"><span title=\"\" class=\"\"><strong>Abmessungen des Futonics-Netzteils:<\/strong> 483 mm x 88,1 mm x 455 mm (19&#8243;, 2 HE)<\/span><\/span><br><span class=\"tlid-translation translation\" lang=\"de\"><span title=\"\" class=\"\"><strong>Leistungsaufnahme:<\/strong> \u2264 1,5 kW<\/span><\/span><br><span class=\"tlid-translation translation\" lang=\"de\"><span title=\"\" class=\"\"><strong>Standardschnittstelle:<\/strong> D-SUB 25, D-SUB 9<\/span><\/span>, USB<br><span class=\"tlid-translation translation\" lang=\"de\"><span title=\"\" class=\"\"><strong>Display:<\/strong> kapazitiver 3,5&#8243; Touchscreen &amp; Einstellrad<\/span><\/span><br><strong>K\u00fchlung<\/strong>: Wasser<\/p>\n<\/div><\/div>\n\n\n\n<div class=\"wp-block-advgb-tab advgb-tab-body-container\"><div class=\"advgb-tab-body-header advgb-tab-class-\">OPTIONEN<\/div><div class=\"advgb-tab-_74a057-6b advgb-tab-body\" aria-labelledby=\"advgb-tabs-tab3\">\n<p><span class=\"tlid-translation translation\" lang=\"de\"><span title=\"\" class=\"\"><strong>Zus\u00e4tzliche Faserl\u00e4nge:<\/strong> 1-Meter-Stufen bis zu insgesamt 10 Metern<\/span><\/span><br><span class=\"tlid-translation translation\" lang=\"de\"><span title=\"\" class=\"\"><strong>Optionale Fasern:<\/strong> Multi-Mode<\/span><\/span><br><strong><span class=\"tlid-translation translation\" lang=\"de\"><span title=\"\" class=\"\">Glasfaseranschluss: <\/span><\/span><\/strong><span class=\"tlid-translation translation\" lang=\"de\"><span class=\"tlid-translation translation\" lang=\"de\">Futonics-Standard<\/span><\/span><strong><br><\/strong><span class=\"tlid-translation translation\" lang=\"de\"><span title=\"\" class=\"\"><strong>Faserapplikator II:<\/strong> Erweiterter Kollimator mit Leistungserkennung zur Regelung<\/span><\/span><br><span class=\"tlid-translation translation\" lang=\"de\"><span title=\"\" class=\"\"><strong>Leistungsstabilisierung:<\/strong> Regelung bis 10 kHz<\/span><\/span><br><span class=\"tlid-translation translation\" lang=\"de\"><span title=\"\" class=\"\"><strong>Feste benutzerdefinierte Wellenl\u00e4nge:<\/strong> Auswahl zwischen 1930 nm und 2050 nm<\/span><\/span><\/p>\n<\/div><\/div>\n<\/div><\/div>\n\n\n\n<p> <br> <\/p>\n\n\n\n<div class=\"wp-block-advgb-button alignnone\"><a class=\"wp-block-advgb-button_link advgbbtn-2e0f487f-235b-45c4-9422-668a8d31abd6\" href=\"mailto:info@futonics.de?subject=Thulium%20Faserlaser%20200%20W%20bis%20250%20W\" target=\"_blank\" rel=\"noopener noreferrer\"><span>Contact us about this product<\/span><\/a><\/div>\n\n\n\n<p>&nbsp;<\/p>\n\n\n\n<p> <br><br><\/p>\n\n\n\n<p>&nbsp;<\/p>\n\n\n<style type=\"text\/css\" scoped>.rbs_gallery_69e779b1533edSpinner{\r\n\t\t\t\tmargin: 50px auto;\r\n\t\t\t\twidth: 50px;\r\n\t\t\t\theight: 40px;\r\n\t\t\t\ttext-align: center;\r\n\t\t\t\tfont-size: 10px;\r\n\t\t\t}\r\n\t\t\t.rbs_gallery_69e779b1533edSpinner > div{\r\n\t\t\t  background-color: #333;\r\n\t\t\t  height: 100%;\r\n\t\t\t  width: 6px;\r\n\t\t\t  display: inline-block;\r\n\t\t\t  -webkit-animation: rbs_gallery_69e779b1533ed-stretchdelay 1.2s infinite ease-in-out;\r\n\t\t\t  animation: rbs_gallery_69e779b1533ed-stretchdelay 1.2s infinite ease-in-out;\r\n\t\t\t}\r\n\t\t\t.rbs_gallery_69e779b1533edSpinner .rbs_gallery_69e779b1533edRect2 {\r\n\t\t\t  -webkit-animation-delay: -1.1s;\r\n\t\t\t  animation-delay: -1.1s;\r\n\t\t\t}\r\n\t\t\t.rbs_gallery_69e779b1533edSpinner .rbs_gallery_69e779b1533edRect3 {\r\n\t\t\t  -webkit-animation-delay: -1.0s;\r\n\t\t\t  animation-delay: -1.0s;\r\n\t\t\t}\r\n\t\t\t.rbs_gallery_69e779b1533edSpinner .rbs_gallery_69e779b1533edRect4 {\r\n\t\t\t  -webkit-animation-delay: -0.9s;\r\n\t\t\t  animation-delay: -0.9s;\r\n\t\t\t}\r\n\t\t\t.rbs_gallery_69e779b1533edSpinner .rbs_gallery_69e779b1533edRect5 {\r\n\t\t\t  -webkit-animation-delay: -0.8s;\r\n\t\t\t  animation-delay: -0.8s;\r\n\t\t\t}\r\n\t\t\t@-webkit-keyframes rbs_gallery_69e779b1533ed-stretchdelay {\r\n\t\t\t  0%, 40%, 100% { -webkit-transform: scaleY(0.4) }  \r\n\t\t\t  20% { -webkit-transform: scaleY(1.0) }\r\n\t\t\t}\r\n\t\t\t@keyframes rbs_gallery_69e779b1533ed-stretchdelay {\r\n\t\t\t  0%, 40%, 100% { \r\n\t\t\t    transform: scaleY(0.4);\r\n\t\t\t    -webkit-transform: scaleY(0.4);\r\n\t\t\t  }  20% { \r\n\t\t\t    transform: scaleY(1.0);\r\n\t\t\t    -webkit-transform: scaleY(1.0);\r\n\t\t\t  }\r\n\t\t\t}\r\n\t\t<\/style><div class=\"robo-gallery-wrap robo-gallery-wrap-id2212 robo-gallery-\" ><div id=\"rbs_gallery_69e779b1533ed-block-loader\" class=\"rbs_gallery_69e779b1533edSpinner\"><div class=\"rbs_gallery_69e779b1533edRect1\"><\/div> <div class=\"rbs_gallery_69e779b1533edRect2\"><\/div> <div class=\"rbs_gallery_69e779b1533edRect3\"><\/div> <div class=\"rbs_gallery_69e779b1533edRect4\"><\/div> <div class=\"rbs_gallery_69e779b1533edRect5\"><\/div><\/div><div class=\"rbs_gallery_button  rbs_gallery_align_left\" id=\"rbs_gallery_69e779b1533edfilter\" style=\" display: none;\" ><\/div><div id=\"robo_gallery_main_block_rbs_gallery_69e779b1533ed\" class=\"robogallery-gallery-2212\" style=\"width:100%;  display: none;\"><div id=\"rbs_gallery_69e779b1533ed\" data-options=\"rbs_gallery_69e779b1533ed\" style=\"width:100%;\" class=\"robo_gallery  \"><div class=\"rbs-img  category2212 \" ><div class=\"rbs-img-image   rbs-lightbox \" ><div class=\"rbs-img-thumbs\"  data-thumbnail=\"https:\/\/www.futonics.de\/wp-content\/uploads\/2018\/11\/IFL-200-Front_Bildgr\u00f6\u00dfe-\u00e4ndern.png\"  title=\"IFL-200-Front_Bildgr\u00f6\u00dfe \u00e4ndern\"  data-width=\"1920\"  data-height=\"1152\" ><\/div><div class=\"rbs-img-data-popup\"  data-popup=\"https:\/\/www.futonics.de\/wp-content\/uploads\/2018\/11\/IFL-200-Front_Bildgr\u00f6\u00dfe-\u00e4ndern.png\"  title=\"IFL-200-Front_Bildgr\u00f6\u00dfe \u00e4ndern\" ><\/div><div class=\"thumbnail-overlay\"><\/div><\/div><\/div><div class=\"rbs-img  category2212 \" ><div class=\"rbs-img-image   rbs-lightbox \" ><div class=\"rbs-img-thumbs\"  data-thumbnail=\"https:\/\/www.futonics.de\/wp-content\/uploads\/2018\/11\/IFL-200-Front-u_Bildgr\u00f6\u00dfe-\u00e4ndern.png\"  title=\"IFL-200-Front-u_Bildgr\u00f6\u00dfe \u00e4ndern\"  data-width=\"1920\"  data-height=\"1152\" ><\/div><div class=\"rbs-img-data-popup\"  data-popup=\"https:\/\/www.futonics.de\/wp-content\/uploads\/2018\/11\/IFL-200-Front-u_Bildgr\u00f6\u00dfe-\u00e4ndern.png\"  title=\"IFL-200-Front-u_Bildgr\u00f6\u00dfe \u00e4ndern\" ><\/div><div class=\"thumbnail-overlay\"><\/div><\/div><\/div><div class=\"rbs-img  category2212 \" ><div class=\"rbs-img-image   rbs-lightbox \" ><div class=\"rbs-img-thumbs\"  data-thumbnail=\"https:\/\/www.futonics.de\/wp-content\/uploads\/2018\/11\/IFL-200-Front-P-Laserhead_Bildgr\u00f6\u00dfe-\u00e4ndern.png\"  title=\"IFL-200-Front-P-Laserhead_Bildgr\u00f6\u00dfe \u00e4ndern\"  data-width=\"1920\"  data-height=\"1152\" ><\/div><div class=\"rbs-img-data-popup\"  data-popup=\"https:\/\/www.futonics.de\/wp-content\/uploads\/2018\/11\/IFL-200-Front-P-Laserhead_Bildgr\u00f6\u00dfe-\u00e4ndern.png\"  title=\"IFL-200-Front-P-Laserhead_Bildgr\u00f6\u00dfe \u00e4ndern\" ><\/div><div class=\"thumbnail-overlay\"><\/div><\/div><\/div><\/div><\/div><\/div><script>var rbs_gallery_69e779b1533ed = {\"version\":\"5.1.4\",\"id\":2212,\"class\":\"id2212\",\"roboGalleryDelay\":1000,\"mainContainer\":\"#robo_gallery_main_block_rbs_gallery_69e779b1533ed\",\"loadingContainer\":\"#rbs_gallery_69e779b1533ed-block-loader\",\"loadingContainerObj\":\"rbs_gallery_69e779b1533ed-block-loader\",\"columnWidth\":\"auto\",\"columns\":3,\"resolutions\":[{\"columnWidth\":\"auto\",\"columns\":3,\"maxWidth\":960},{\"columnWidth\":\"auto\",\"columns\":2,\"maxWidth\":650},{\"columnWidth\":\"auto\",\"columns\":1,\"maxWidth\":450}],\"hideTitle\":true,\"lightboxOptions\":{\"gallery\":{\"enabled\":true,\"tCounter\":\"%curr% of %total%\"}},\"overlayEffect\":\"fade\",\"boxesToLoadStart\":12,\"boxesToLoad\":8,\"waitUntilThumbLoads\":1,\"LoadingWord\":\"Loading...\",\"loadMoreWord\":\"Load More\",\"noMoreEntriesWord\":\"No More Entries\",\"horizontalSpaceBetweenBoxes\":15,\"verticalSpaceBetweenBoxes\":15,\"lazyLoad\":1,\"wrapContainer\":\"#robo-gallery-wrap-rbs_gallery_69e779b1533ed\",\"filterContainer\":\"#rbs_gallery_69e779b1533edfilter\",\"loadMoreClass\":\"button-flat-primary button-large \"};<\/script>\n\n\n\n<div class=\"wp-block-file\"><a id=\"wp-block-file--media-76bb92aa-2166-4958-aa71-c9c683a15b74\" href=\"https:\/\/www.futonics.de\/wp-content\/uploads\/2019\/02\/Futonics250W.pdf\" target=\"_blank\" rel=\"noreferrer noopener\"> Produkt Brosch\u00fcre IFL200-IFL250<\/a><\/div>\n\n\n\n<p>&nbsp;<\/p>\n\n\n\n<p>&nbsp;<\/p>\n<style class=\"advgb-styles-renderer\">.advgb-tabs-b2e4d8b8-131a-465f-9a5e-857e664e19b9 ul.advgb-tabs-panel li.advgb-tab.advgb-tab-active {background-color:#b21717 !important;color:#ffffff !important;}#advgb-tabs-b2e4d8b8-131a-465f-9a5e-857e664e19b9 .advgb-tab-body-header.header-active, .advgb-tabs-b2e4d8b8-131a-465f-9a5e-857e664e19b9 .advgb-tab-body-header.header-active{background-color:#b21717 !important;color:#ffffff !important;}.advgbbtn-2e0f487f-235b-45c4-9422-668a8d31abd6{font-size:15px;color:#ffffff !important;background-color:#b21717 !important;margin:0px 0px 0px 0px !important;padding:10px 30px 10px 30px;border-width:1px !important;border-style:none;border-radius:6px !important;}.advgbbtn-2e0f487f-235b-45c4-9422-668a8d31abd6:hover{color:#ffffff !important;background-color:#b21717 !important;box-shadow:1px 1px 12px 0px #E5E5E5;opacity:0.6;transition:all 0.2s ease;}.advgbbtn-2e0f487f-235b-45c4-9422-668a8d31abd6 > i {display: none !important;}<\/style>","protected":false},"excerpt":{"rendered":"<p>Vielseitige 2 \u00b5m Thuliumfaserlaser Bis zu 250 W Ausgangsleistung in 4 HE Geh\u00e4use Benutzerdefinierte Wellenl\u00e4ngen (FBG) Hohe Strahlqualit\u00e4t Ger\u00e4uscharm Die neue industrielle Faserlaser-Produktlinie von Futonics basiert auf Thulium-Singlemode-2-\u00b5m-Faserlaseroszillatoren mit Wellenl\u00e4ngenstabilisierung durch Fiber Bragg Gratings (FBG). Aufgrund der hohen Leistung, der hohen Strahlqualit\u00e4t und der kompakten Bauweise eignen sich diese neuen [&hellip;]<\/p>\n","protected":false},"author":1,"featured_media":0,"parent":2137,"menu_order":0,"comment_status":"closed","ping_status":"closed","template":"","meta":{"_editorskit_title_hidden":false,"_editorskit_reading_time":0,"_editorskit_is_block_options_detached":false,"_editorskit_block_options_position":"{}","advgb_blocks_editor_width":"","advgb_blocks_columns_visual_guide":"","footnotes":""},"class_list":["post-107","page","type-page","status-publish","hentry"],"translation":{"provider":"WPGlobus","version":"3.0.2","language":"de","enabled_languages":["en","de","zh"],"languages":{"en":{"title":true,"content":true,"excerpt":false},"de":{"title":true,"content":true,"excerpt":false},"zh":{"title":true,"content":true,"excerpt":false}}},"yoast_head":"<!-- This site is optimized with the Yoast SEO plugin v27.4 - https:\/\/yoast.com\/product\/yoast-seo-wordpress\/ -->\n<title>Thulium Faserlaser 200 W bis 250 W - 2-\u00b5m-Einmoden-Faserlasersysteme<\/title>\n<meta name=\"robots\" content=\"index, follow, max-snippet:-1, max-image-preview:large, max-video-preview:-1\" \/>\n<link rel=\"canonical\" href=\"https:\/\/www.futonics.de\/products\/thulium\/laser200w-250w\/\" \/>\n<meta property=\"og:locale\" content=\"de_DE\" \/>\n<meta property=\"og:type\" content=\"article\" \/>\n<meta property=\"og:title\" content=\"Thulium Faserlaser 200 W bis 250 W - 2-\u00b5m-Einmoden-Faserlasersysteme\" \/>\n<meta property=\"og:url\" content=\"https:\/\/www.futonics.de\/products\/thulium\/laser200w-250w\/\" \/>\n<meta property=\"og:site_name\" content=\"2-\u00b5m-Einmoden-Faserlasersysteme\" \/>\n<meta property=\"article:modified_time\" content=\"2024-08-20T12:12:26+00:00\" \/>\n<meta property=\"og:image\" content=\"https:\/\/www.futonics.de\/wp-content\/uploads\/2024\/08\/IFL-200-Lasermodul-freigestellt.1362-1-1024x1024.png\" \/>\n<meta name=\"twitter:card\" content=\"summary_large_image\" \/>\n<meta name=\"twitter:label1\" content=\"Gesch\u00e4tzte Lesezeit\" \/>\n\t<meta name=\"twitter:data1\" content=\"2\u00a0Minuten\" \/>\n<script type=\"application\/ld+json\" class=\"yoast-schema-graph\">{\"@context\":\"https:\\\/\\\/schema.org\",\"@graph\":[{\"@type\":\"WebPage\",\"@id\":\"https:\\\/\\\/www.futonics.de\\\/products\\\/thulium\\\/laser200w-250w\\\/\",\"url\":\"https:\\\/\\\/www.futonics.de\\\/products\\\/thulium\\\/laser200w-250w\\\/\",\"name\":\"Thulium Faserlaser 200 W bis 250 W - 2-\u00b5m-Einmoden-Faserlasersysteme\",\"isPartOf\":{\"@id\":\"https:\\\/\\\/www.futonics.de\\\/#website\"},\"primaryImageOfPage\":{\"@id\":\"https:\\\/\\\/www.futonics.de\\\/products\\\/thulium\\\/laser200w-250w\\\/#primaryimage\"},\"image\":{\"@id\":\"https:\\\/\\\/www.futonics.de\\\/products\\\/thulium\\\/laser200w-250w\\\/#primaryimage\"},\"thumbnailUrl\":\"https:\\\/\\\/www.futonics.de\\\/wp-content\\\/uploads\\\/2024\\\/08\\\/IFL-200-Lasermodul-freigestellt.1362-1-1024x1024.png\",\"datePublished\":\"2018-09-21T08:00:10+00:00\",\"dateModified\":\"2024-08-20T12:12:26+00:00\",\"breadcrumb\":{\"@id\":\"https:\\\/\\\/www.futonics.de\\\/products\\\/thulium\\\/laser200w-250w\\\/#breadcrumb\"},\"inLanguage\":\"de\",\"potentialAction\":[{\"@type\":\"ReadAction\",\"target\":[\"https:\\\/\\\/www.futonics.de\\\/products\\\/thulium\\\/laser200w-250w\\\/\"]}]},{\"@type\":\"ImageObject\",\"inLanguage\":\"de\",\"@id\":\"https:\\\/\\\/www.futonics.de\\\/products\\\/thulium\\\/laser200w-250w\\\/#primaryimage\",\"url\":\"https:\\\/\\\/www.futonics.de\\\/wp-content\\\/uploads\\\/2024\\\/08\\\/IFL-200-Lasermodul-freigestellt.1362-1-1024x1024.png\",\"contentUrl\":\"https:\\\/\\\/www.futonics.de\\\/wp-content\\\/uploads\\\/2024\\\/08\\\/IFL-200-Lasermodul-freigestellt.1362-1-1024x1024.png\"},{\"@type\":\"BreadcrumbList\",\"@id\":\"https:\\\/\\\/www.futonics.de\\\/products\\\/thulium\\\/laser200w-250w\\\/#breadcrumb\",\"itemListElement\":[{\"@type\":\"ListItem\",\"position\":1,\"name\":\"Startseite\",\"item\":\"https:\\\/\\\/www.futonics.de\\\/\"},{\"@type\":\"ListItem\",\"position\":2,\"name\":\"PRODUCTS\",\"item\":\"https:\\\/\\\/www.futonics.de\\\/products\\\/\"},{\"@type\":\"ListItem\",\"position\":3,\"name\":\"THULIUM FASERLASER\",\"item\":\"https:\\\/\\\/www.futonics.de\\\/products\\\/thulium\\\/\"},{\"@type\":\"ListItem\",\"position\":4,\"name\":\"Thulium Faserlaser 200 W bis 250 W\"}]},{\"@type\":\"WebSite\",\"@id\":\"https:\\\/\\\/www.futonics.de\\\/#website\",\"url\":\"https:\\\/\\\/www.futonics.de\\\/\",\"name\":\"2-\u00b5m-Einmoden-Faserlasersysteme\",\"description\":\"Derzeit bieten wir verschiedene Thulium-Faser- und Kristalllasermodelle mit unterschiedlichen Ausgangsleistungen bis zu 250 W an\",\"publisher\":{\"@id\":\"https:\\\/\\\/www.futonics.de\\\/#organization\"},\"potentialAction\":[{\"@type\":\"SearchAction\",\"target\":{\"@type\":\"EntryPoint\",\"urlTemplate\":\"https:\\\/\\\/www.futonics.de\\\/?s={search_term_string}\"},\"query-input\":{\"@type\":\"PropertyValueSpecification\",\"valueRequired\":true,\"valueName\":\"search_term_string\"}}],\"inLanguage\":\"de\"},{\"@type\":\"Organization\",\"@id\":\"https:\\\/\\\/www.futonics.de\\\/#organization\",\"name\":\"2-\u00b5m-Einmoden-Faserlasersysteme\",\"url\":\"https:\\\/\\\/www.futonics.de\\\/\",\"logo\":{\"@type\":\"ImageObject\",\"inLanguage\":\"de\",\"@id\":\"https:\\\/\\\/www.futonics.de\\\/#\\\/schema\\\/logo\\\/image\\\/\",\"url\":\"https:\\\/\\\/www.futonics.de\\\/wp-content\\\/uploads\\\/2018\\\/11\\\/cropped-Futonics-Laser-Logo-weiss.png\",\"contentUrl\":\"https:\\\/\\\/www.futonics.de\\\/wp-content\\\/uploads\\\/2018\\\/11\\\/cropped-Futonics-Laser-Logo-weiss.png\",\"width\":855,\"height\":220,\"caption\":\"2-\u00b5m-Einmoden-Faserlasersysteme \"},\"image\":{\"@id\":\"https:\\\/\\\/www.futonics.de\\\/#\\\/schema\\\/logo\\\/image\\\/\"}}]}<\/script>\n<!-- \/ Yoast SEO plugin. -->","yoast_head_json":{"title":"Thulium Faserlaser 200 W bis 250 W - 2-\u00b5m-Einmoden-Faserlasersysteme","robots":{"index":"index","follow":"follow","max-snippet":"max-snippet:-1","max-image-preview":"max-image-preview:large","max-video-preview":"max-video-preview:-1"},"canonical":"https:\/\/www.futonics.de\/products\/thulium\/laser200w-250w\/","og_locale":"de_DE","og_type":"article","og_title":"Thulium Faserlaser 200 W bis 250 W - 2-\u00b5m-Einmoden-Faserlasersysteme","og_url":"https:\/\/www.futonics.de\/products\/thulium\/laser200w-250w\/","og_site_name":"2-\u00b5m-Einmoden-Faserlasersysteme","article_modified_time":"2024-08-20T12:12:26+00:00","og_image":[{"url":"https:\/\/www.futonics.de\/wp-content\/uploads\/2024\/08\/IFL-200-Lasermodul-freigestellt.1362-1-1024x1024.png","type":"","width":"","height":""}],"twitter_card":"summary_large_image","twitter_misc":{"Gesch\u00e4tzte Lesezeit":"2\u00a0Minuten"},"schema":{"@context":"https:\/\/schema.org","@graph":[{"@type":"WebPage","@id":"https:\/\/www.futonics.de\/products\/thulium\/laser200w-250w\/","url":"https:\/\/www.futonics.de\/products\/thulium\/laser200w-250w\/","name":"Thulium Faserlaser 200 W bis 250 W - 2-\u00b5m-Einmoden-Faserlasersysteme","isPartOf":{"@id":"https:\/\/www.futonics.de\/#website"},"primaryImageOfPage":{"@id":"https:\/\/www.futonics.de\/products\/thulium\/laser200w-250w\/#primaryimage"},"image":{"@id":"https:\/\/www.futonics.de\/products\/thulium\/laser200w-250w\/#primaryimage"},"thumbnailUrl":"https:\/\/www.futonics.de\/wp-content\/uploads\/2024\/08\/IFL-200-Lasermodul-freigestellt.1362-1-1024x1024.png","datePublished":"2018-09-21T08:00:10+00:00","dateModified":"2024-08-20T12:12:26+00:00","breadcrumb":{"@id":"https:\/\/www.futonics.de\/products\/thulium\/laser200w-250w\/#breadcrumb"},"inLanguage":"de","potentialAction":[{"@type":"ReadAction","target":["https:\/\/www.futonics.de\/products\/thulium\/laser200w-250w\/"]}]},{"@type":"ImageObject","inLanguage":"de","@id":"https:\/\/www.futonics.de\/products\/thulium\/laser200w-250w\/#primaryimage","url":"https:\/\/www.futonics.de\/wp-content\/uploads\/2024\/08\/IFL-200-Lasermodul-freigestellt.1362-1-1024x1024.png","contentUrl":"https:\/\/www.futonics.de\/wp-content\/uploads\/2024\/08\/IFL-200-Lasermodul-freigestellt.1362-1-1024x1024.png"},{"@type":"BreadcrumbList","@id":"https:\/\/www.futonics.de\/products\/thulium\/laser200w-250w\/#breadcrumb","itemListElement":[{"@type":"ListItem","position":1,"name":"Startseite","item":"https:\/\/www.futonics.de\/"},{"@type":"ListItem","position":2,"name":"PRODUCTS","item":"https:\/\/www.futonics.de\/products\/"},{"@type":"ListItem","position":3,"name":"THULIUM FASERLASER","item":"https:\/\/www.futonics.de\/products\/thulium\/"},{"@type":"ListItem","position":4,"name":"Thulium Faserlaser 200 W bis 250 W"}]},{"@type":"WebSite","@id":"https:\/\/www.futonics.de\/#website","url":"https:\/\/www.futonics.de\/","name":"2-\u00b5m-Einmoden-Faserlasersysteme","description":"Derzeit bieten wir verschiedene Thulium-Faser- und Kristalllasermodelle mit unterschiedlichen Ausgangsleistungen bis zu 250 W an","publisher":{"@id":"https:\/\/www.futonics.de\/#organization"},"potentialAction":[{"@type":"SearchAction","target":{"@type":"EntryPoint","urlTemplate":"https:\/\/www.futonics.de\/?s={search_term_string}"},"query-input":{"@type":"PropertyValueSpecification","valueRequired":true,"valueName":"search_term_string"}}],"inLanguage":"de"},{"@type":"Organization","@id":"https:\/\/www.futonics.de\/#organization","name":"2-\u00b5m-Einmoden-Faserlasersysteme","url":"https:\/\/www.futonics.de\/","logo":{"@type":"ImageObject","inLanguage":"de","@id":"https:\/\/www.futonics.de\/#\/schema\/logo\/image\/","url":"https:\/\/www.futonics.de\/wp-content\/uploads\/2018\/11\/cropped-Futonics-Laser-Logo-weiss.png","contentUrl":"https:\/\/www.futonics.de\/wp-content\/uploads\/2018\/11\/cropped-Futonics-Laser-Logo-weiss.png","width":855,"height":220,"caption":"2-\u00b5m-Einmoden-Faserlasersysteme "},"image":{"@id":"https:\/\/www.futonics.de\/#\/schema\/logo\/image\/"}}]}},"coauthors":[],"author_meta":{"author_link":"https:\/\/www.futonics.de\/de\/author\/mkaule\/","display_name":"MKaule"},"relative_dates":{"created":"Ver\u00f6ffentlicht 8\u00a0Jahren vor","modified":"Aktualisiert 2\u00a0Jahren vor"},"absolute_dates":{"created":"Ver\u00f6ffentlicht am 21. September 2018","modified":"Aktualisiert am 20. August 2024"},"absolute_dates_time":{"created":"Ver\u00f6ffentlicht am 21. September 2018 10:00","modified":"Aktualisiert am 20. August 2024 14:12"},"featured_img_caption":"","featured_img":false,"series_order":"","_links":{"self":[{"href":"https:\/\/www.futonics.de\/de\/wp-json\/wp\/v2\/pages\/107","targetHints":{"allow":["GET"]}}],"collection":[{"href":"https:\/\/www.futonics.de\/de\/wp-json\/wp\/v2\/pages"}],"about":[{"href":"https:\/\/www.futonics.de\/de\/wp-json\/wp\/v2\/types\/page"}],"author":[{"embeddable":true,"href":"https:\/\/www.futonics.de\/de\/wp-json\/wp\/v2\/users\/1"}],"replies":[{"embeddable":true,"href":"https:\/\/www.futonics.de\/de\/wp-json\/wp\/v2\/comments?post=107"}],"version-history":[{"count":129,"href":"https:\/\/www.futonics.de\/de\/wp-json\/wp\/v2\/pages\/107\/revisions"}],"predecessor-version":[{"id":5207,"href":"https:\/\/www.futonics.de\/de\/wp-json\/wp\/v2\/pages\/107\/revisions\/5207"}],"up":[{"embeddable":true,"href":"https:\/\/www.futonics.de\/de\/wp-json\/wp\/v2\/pages\/2137"}],"wp:attachment":[{"href":"https:\/\/www.futonics.de\/de\/wp-json\/wp\/v2\/media?parent=107"}],"curies":[{"name":"wp","href":"https:\/\/api.w.org\/{rel}","templated":true}]}}