{"id":169,"date":"2018-09-21T10:53:26","date_gmt":"2018-09-21T08:53:26","guid":{"rendered":"http:\/\/beta.futonics.de\/?page_id=169"},"modified":"2020-06-02T08:20:00","modified_gmt":"2020-06-02T06:20:00","slug":"accessories","status":"publish","type":"page","link":"https:\/\/www.futonics.de\/de\/products\/other\/accessories\/","title":{"rendered":"TEILE &#038; ZUBEH\u00d6R"},"content":{"rendered":"\n<p>Zus\u00e4tzlich zu den industriellen Faserlasersystemen bietet Futonics verschiedene Komponenten und Zubeh\u00f6r f\u00fcr 2 \u00b5m Laser an, die separat gekauft werden k\u00f6nnen.<br><\/p>\n\n\n\n<ul class=\"wp-block-list\"><li>MIR- und NIR Optiken beschichtet, mit hoher Zerst\u00f6rschwelle<\/li><li>Bearbeitungsk\u00f6pfe<\/li><li>Fasern<\/li><li>Fasersteckverbinder<\/li><li> Faserkopplungseinheiten <\/li><li>Scannersysteme<\/li><li>Verschiebetische<\/li><li>Externe Stromversorgungen<\/li><li>Wasserk\u00fchler<\/li><\/ul>\n\n\n\n<p> <\/p>\n\n\n\n<div class=\"wp-block-advgb-button alignleft is-style-outline\"><a class=\"wp-block-advgb-button_link advgbbtn-3d9b6585-5178-40d0-bf2a-51f1c823f3b4\" href=\"mailto:info@futonics.de?subject=Zubeh\u00f6r\" target=\"_self\" rel=\"noopener noreferrer\">Bitte kontaktieren Sie uns bei Fragen \u00fcber Zubeh\u00f6r<\/a><\/div>\n\n\n\n<p>&nbsp;<\/p>\n\n\n\n<p>&nbsp; <br><br><\/p>\n\n\n\n<figure class=\"wp-block-gallery columns-2 is-cropped wp-block-gallery-1\"><ul class=\"blocks-gallery-grid\"><li class=\"blocks-gallery-item\"><figure><img loading=\"lazy\" decoding=\"async\" width=\"819\" height=\"545\" src=\"https:\/\/www.futonics.de\/wp-content\/uploads\/2018\/11\/001.png\" alt=\"\" data-id=\"2340\" data-link=\"https:\/\/www.futonics.de\/products\/other\/accessories\/attachment\/001\/\" class=\"wp-image-2340\" srcset=\"https:\/\/www.futonics.de\/wp-content\/uploads\/2018\/11\/001.png 819w, https:\/\/www.futonics.de\/wp-content\/uploads\/2018\/11\/001-300x200.png 300w, https:\/\/www.futonics.de\/wp-content\/uploads\/2018\/11\/001-768x511.png 768w, https:\/\/www.futonics.de\/wp-content\/uploads\/2018\/11\/001-360x240.png 360w\" sizes=\"auto, (max-width: 819px) 100vw, 819px\" \/><\/figure><\/li><li class=\"blocks-gallery-item\"><figure><img loading=\"lazy\" decoding=\"async\" width=\"790\" height=\"526\" src=\"https:\/\/www.futonics.de\/wp-content\/uploads\/2018\/11\/002.png\" alt=\"\" data-id=\"2341\" data-link=\"https:\/\/www.futonics.de\/products\/other\/accessories\/attachment\/002\/\" class=\"wp-image-2341 is-layout-flex wp-block-gallery-is-layout-flex\" srcset=\"https:\/\/www.futonics.de\/wp-content\/uploads\/2018\/11\/002.png 790w, https:\/\/www.futonics.de\/wp-content\/uploads\/2018\/11\/002-300x200.png 300w, https:\/\/www.futonics.de\/wp-content\/uploads\/2018\/11\/002-768x511.png 768w, https:\/\/www.futonics.de\/wp-content\/uploads\/2018\/11\/002-360x240.png 360w\" sizes=\"auto, (max-width: 790px) 100vw, 790px\" \/><\/figure><\/li><\/ul><\/figure>\n\n\n\n<p><\/p>\n\n\n\n<figure class=\"wp-block-gallery columns-1 is-cropped aligncenter wp-block-gallery-2\"><ul class=\"blocks-gallery-grid\"><li class=\"blocks-gallery-item\"><figure><img loading=\"lazy\" decoding=\"async\" width=\"1024\" height=\"451\" src=\"https:\/\/www.futonics.de\/wp-content\/uploads\/2018\/11\/IFL-50-Laserkopf5.387-Kopie-1024x451.jpg\" alt=\"Bohrkopf f\u00fcr einen Laser\" data-id=\"1831\" class=\"wp-image-1831 is-layout-flex wp-block-gallery-is-layout-flex\" srcset=\"https:\/\/www.futonics.de\/wp-content\/uploads\/2018\/11\/IFL-50-Laserkopf5.387-Kopie-1024x451.jpg 1024w, https:\/\/www.futonics.de\/wp-content\/uploads\/2018\/11\/IFL-50-Laserkopf5.387-Kopie-300x132.jpg 300w, https:\/\/www.futonics.de\/wp-content\/uploads\/2018\/11\/IFL-50-Laserkopf5.387-Kopie-768x338.jpg 768w, https:\/\/www.futonics.de\/wp-content\/uploads\/2018\/11\/IFL-50-Laserkopf5.387-Kopie.jpg 1537w\" sizes=\"auto, (max-width: 1024px) 100vw, 1024px\" \/><\/figure><\/li><\/ul><\/figure>\n<style class=\"advgb-styles-renderer\">.advgbbtn-3d9b6585-5178-40d0-bf2a-51f1c823f3b4{font-size:15px;color:#000000 !important;background-color:#E5E5E5 !important;margin:0px 0px 0px 0px !important;padding:10px 30px 10px 30px;border-width:0px !important;border-color:#000000 !important;border-style:none;border-radius:6px !important;}.advgbbtn-3d9b6585-5178-40d0-bf2a-51f1c823f3b4:hover{color:#ffffff !important;background-color:#d13636 !important;box-shadow:0px 0px 0px 0px #ffffff;opacity:1;transition:all 0s ease;}.advgbbtn-3d9b6585-5178-40d0-bf2a-51f1c823f3b4 > i {display: none !important;}<\/style>","protected":false},"excerpt":{"rendered":"<p>Zus\u00e4tzlich zu den industriellen Faserlasersystemen bietet Futonics verschiedene Komponenten und Zubeh\u00f6r f\u00fcr 2 \u00b5m Laser an, die separat gekauft werden k\u00f6nnen. MIR- und NIR Optiken beschichtet, mit hoher Zerst\u00f6rschwelle Bearbeitungsk\u00f6pfe Fasern Fasersteckverbinder Faserkopplungseinheiten Scannersysteme Verschiebetische Externe Stromversorgungen Wasserk\u00fchler &nbsp; &nbsp;<\/p>\n","protected":false},"author":1,"featured_media":0,"parent":2140,"menu_order":0,"comment_status":"closed","ping_status":"closed","template":"","meta":{"_editorskit_title_hidden":false,"_editorskit_reading_time":0,"_editorskit_is_block_options_detached":false,"_editorskit_block_options_position":"{}","advgb_blocks_editor_width":"","advgb_blocks_columns_visual_guide":"","footnotes":""},"class_list":["post-169","page","type-page","status-publish","hentry"],"translation":{"provider":"WPGlobus","version":"3.0.2","language":"de","enabled_languages":["en","de","zh"],"languages":{"en":{"title":true,"content":true,"excerpt":false},"de":{"title":true,"content":true,"excerpt":false},"zh":{"title":true,"content":true,"excerpt":false}}},"yoast_head":"<!-- This site is optimized with the Yoast SEO plugin v27.4 - https:\/\/yoast.com\/product\/yoast-seo-wordpress\/ -->\n<title>TEILE &amp; ZUBEH\u00d6R - 2-\u00b5m-Einmoden-Faserlasersysteme<\/title>\n<meta name=\"robots\" content=\"index, follow, max-snippet:-1, max-image-preview:large, max-video-preview:-1\" \/>\n<link rel=\"canonical\" href=\"https:\/\/www.futonics.de\/products\/other\/accessories\/\" \/>\n<meta property=\"og:locale\" content=\"de_DE\" \/>\n<meta property=\"og:type\" content=\"article\" \/>\n<meta property=\"og:title\" content=\"TEILE &amp; ZUBEH\u00d6R - 2-\u00b5m-Einmoden-Faserlasersysteme\" \/>\n<meta property=\"og:url\" content=\"https:\/\/www.futonics.de\/products\/other\/accessories\/\" \/>\n<meta property=\"og:site_name\" content=\"2-\u00b5m-Einmoden-Faserlasersysteme\" \/>\n<meta property=\"article:modified_time\" content=\"2020-06-02T06:20:00+00:00\" \/>\n<meta property=\"og:image\" content=\"https:\/\/www.futonics.de\/wp-content\/uploads\/2018\/11\/001.png\" \/>\n<meta name=\"twitter:card\" content=\"summary_large_image\" \/>\n<meta name=\"twitter:label1\" content=\"Gesch\u00e4tzte Lesezeit\" \/>\n\t<meta name=\"twitter:data1\" content=\"1\u00a0Minute\" \/>\n<script type=\"application\/ld+json\" class=\"yoast-schema-graph\">{\"@context\":\"https:\\\/\\\/schema.org\",\"@graph\":[{\"@type\":\"WebPage\",\"@id\":\"https:\\\/\\\/www.futonics.de\\\/products\\\/other\\\/accessories\\\/\",\"url\":\"https:\\\/\\\/www.futonics.de\\\/products\\\/other\\\/accessories\\\/\",\"name\":\"TEILE & ZUBEH\u00d6R - 2-\u00b5m-Einmoden-Faserlasersysteme\",\"isPartOf\":{\"@id\":\"https:\\\/\\\/www.futonics.de\\\/#website\"},\"primaryImageOfPage\":{\"@id\":\"https:\\\/\\\/www.futonics.de\\\/products\\\/other\\\/accessories\\\/#primaryimage\"},\"image\":{\"@id\":\"https:\\\/\\\/www.futonics.de\\\/products\\\/other\\\/accessories\\\/#primaryimage\"},\"thumbnailUrl\":\"https:\\\/\\\/www.futonics.de\\\/wp-content\\\/uploads\\\/2018\\\/11\\\/001.png\",\"datePublished\":\"2018-09-21T08:53:26+00:00\",\"dateModified\":\"2020-06-02T06:20:00+00:00\",\"breadcrumb\":{\"@id\":\"https:\\\/\\\/www.futonics.de\\\/products\\\/other\\\/accessories\\\/#breadcrumb\"},\"inLanguage\":\"de\",\"potentialAction\":[{\"@type\":\"ReadAction\",\"target\":[\"https:\\\/\\\/www.futonics.de\\\/products\\\/other\\\/accessories\\\/\"]}]},{\"@type\":\"ImageObject\",\"inLanguage\":\"de\",\"@id\":\"https:\\\/\\\/www.futonics.de\\\/products\\\/other\\\/accessories\\\/#primaryimage\",\"url\":\"https:\\\/\\\/www.futonics.de\\\/wp-content\\\/uploads\\\/2018\\\/11\\\/001.png\",\"contentUrl\":\"https:\\\/\\\/www.futonics.de\\\/wp-content\\\/uploads\\\/2018\\\/11\\\/001.png\"},{\"@type\":\"BreadcrumbList\",\"@id\":\"https:\\\/\\\/www.futonics.de\\\/products\\\/other\\\/accessories\\\/#breadcrumb\",\"itemListElement\":[{\"@type\":\"ListItem\",\"position\":1,\"name\":\"Startseite\",\"item\":\"https:\\\/\\\/www.futonics.de\\\/\"},{\"@type\":\"ListItem\",\"position\":2,\"name\":\"PRODUCTS\",\"item\":\"https:\\\/\\\/www.futonics.de\\\/products\\\/\"},{\"@type\":\"ListItem\",\"position\":3,\"name\":\"ANDERE PRODUKTE\",\"item\":\"https:\\\/\\\/www.futonics.de\\\/products\\\/other\\\/\"},{\"@type\":\"ListItem\",\"position\":4,\"name\":\"TEILE &#038; ZUBEH\u00d6R\"}]},{\"@type\":\"WebSite\",\"@id\":\"https:\\\/\\\/www.futonics.de\\\/#website\",\"url\":\"https:\\\/\\\/www.futonics.de\\\/\",\"name\":\"2-\u00b5m-Einmoden-Faserlasersysteme\",\"description\":\"Derzeit bieten wir verschiedene Thulium-Faser- und Kristalllasermodelle mit unterschiedlichen Ausgangsleistungen bis zu 250 W an\",\"publisher\":{\"@id\":\"https:\\\/\\\/www.futonics.de\\\/#organization\"},\"potentialAction\":[{\"@type\":\"SearchAction\",\"target\":{\"@type\":\"EntryPoint\",\"urlTemplate\":\"https:\\\/\\\/www.futonics.de\\\/?s={search_term_string}\"},\"query-input\":{\"@type\":\"PropertyValueSpecification\",\"valueRequired\":true,\"valueName\":\"search_term_string\"}}],\"inLanguage\":\"de\"},{\"@type\":\"Organization\",\"@id\":\"https:\\\/\\\/www.futonics.de\\\/#organization\",\"name\":\"2-\u00b5m-Einmoden-Faserlasersysteme\",\"url\":\"https:\\\/\\\/www.futonics.de\\\/\",\"logo\":{\"@type\":\"ImageObject\",\"inLanguage\":\"de\",\"@id\":\"https:\\\/\\\/www.futonics.de\\\/#\\\/schema\\\/logo\\\/image\\\/\",\"url\":\"https:\\\/\\\/www.futonics.de\\\/wp-content\\\/uploads\\\/2018\\\/11\\\/cropped-Futonics-Laser-Logo-weiss.png\",\"contentUrl\":\"https:\\\/\\\/www.futonics.de\\\/wp-content\\\/uploads\\\/2018\\\/11\\\/cropped-Futonics-Laser-Logo-weiss.png\",\"width\":855,\"height\":220,\"caption\":\"2-\u00b5m-Einmoden-Faserlasersysteme \"},\"image\":{\"@id\":\"https:\\\/\\\/www.futonics.de\\\/#\\\/schema\\\/logo\\\/image\\\/\"}}]}<\/script>\n<!-- \/ Yoast SEO plugin. -->","yoast_head_json":{"title":"TEILE & ZUBEH\u00d6R - 2-\u00b5m-Einmoden-Faserlasersysteme","robots":{"index":"index","follow":"follow","max-snippet":"max-snippet:-1","max-image-preview":"max-image-preview:large","max-video-preview":"max-video-preview:-1"},"canonical":"https:\/\/www.futonics.de\/products\/other\/accessories\/","og_locale":"de_DE","og_type":"article","og_title":"TEILE & ZUBEH\u00d6R - 2-\u00b5m-Einmoden-Faserlasersysteme","og_url":"https:\/\/www.futonics.de\/products\/other\/accessories\/","og_site_name":"2-\u00b5m-Einmoden-Faserlasersysteme","article_modified_time":"2020-06-02T06:20:00+00:00","og_image":[{"url":"https:\/\/www.futonics.de\/wp-content\/uploads\/2018\/11\/001.png","type":"","width":"","height":""}],"twitter_card":"summary_large_image","twitter_misc":{"Gesch\u00e4tzte Lesezeit":"1\u00a0Minute"},"schema":{"@context":"https:\/\/schema.org","@graph":[{"@type":"WebPage","@id":"https:\/\/www.futonics.de\/products\/other\/accessories\/","url":"https:\/\/www.futonics.de\/products\/other\/accessories\/","name":"TEILE & ZUBEH\u00d6R - 2-\u00b5m-Einmoden-Faserlasersysteme","isPartOf":{"@id":"https:\/\/www.futonics.de\/#website"},"primaryImageOfPage":{"@id":"https:\/\/www.futonics.de\/products\/other\/accessories\/#primaryimage"},"image":{"@id":"https:\/\/www.futonics.de\/products\/other\/accessories\/#primaryimage"},"thumbnailUrl":"https:\/\/www.futonics.de\/wp-content\/uploads\/2018\/11\/001.png","datePublished":"2018-09-21T08:53:26+00:00","dateModified":"2020-06-02T06:20:00+00:00","breadcrumb":{"@id":"https:\/\/www.futonics.de\/products\/other\/accessories\/#breadcrumb"},"inLanguage":"de","potentialAction":[{"@type":"ReadAction","target":["https:\/\/www.futonics.de\/products\/other\/accessories\/"]}]},{"@type":"ImageObject","inLanguage":"de","@id":"https:\/\/www.futonics.de\/products\/other\/accessories\/#primaryimage","url":"https:\/\/www.futonics.de\/wp-content\/uploads\/2018\/11\/001.png","contentUrl":"https:\/\/www.futonics.de\/wp-content\/uploads\/2018\/11\/001.png"},{"@type":"BreadcrumbList","@id":"https:\/\/www.futonics.de\/products\/other\/accessories\/#breadcrumb","itemListElement":[{"@type":"ListItem","position":1,"name":"Startseite","item":"https:\/\/www.futonics.de\/"},{"@type":"ListItem","position":2,"name":"PRODUCTS","item":"https:\/\/www.futonics.de\/products\/"},{"@type":"ListItem","position":3,"name":"ANDERE PRODUKTE","item":"https:\/\/www.futonics.de\/products\/other\/"},{"@type":"ListItem","position":4,"name":"TEILE &#038; ZUBEH\u00d6R"}]},{"@type":"WebSite","@id":"https:\/\/www.futonics.de\/#website","url":"https:\/\/www.futonics.de\/","name":"2-\u00b5m-Einmoden-Faserlasersysteme","description":"Derzeit bieten wir verschiedene Thulium-Faser- und Kristalllasermodelle mit unterschiedlichen Ausgangsleistungen bis zu 250 W an","publisher":{"@id":"https:\/\/www.futonics.de\/#organization"},"potentialAction":[{"@type":"SearchAction","target":{"@type":"EntryPoint","urlTemplate":"https:\/\/www.futonics.de\/?s={search_term_string}"},"query-input":{"@type":"PropertyValueSpecification","valueRequired":true,"valueName":"search_term_string"}}],"inLanguage":"de"},{"@type":"Organization","@id":"https:\/\/www.futonics.de\/#organization","name":"2-\u00b5m-Einmoden-Faserlasersysteme","url":"https:\/\/www.futonics.de\/","logo":{"@type":"ImageObject","inLanguage":"de","@id":"https:\/\/www.futonics.de\/#\/schema\/logo\/image\/","url":"https:\/\/www.futonics.de\/wp-content\/uploads\/2018\/11\/cropped-Futonics-Laser-Logo-weiss.png","contentUrl":"https:\/\/www.futonics.de\/wp-content\/uploads\/2018\/11\/cropped-Futonics-Laser-Logo-weiss.png","width":855,"height":220,"caption":"2-\u00b5m-Einmoden-Faserlasersysteme "},"image":{"@id":"https:\/\/www.futonics.de\/#\/schema\/logo\/image\/"}}]}},"coauthors":[],"author_meta":{"author_link":"https:\/\/www.futonics.de\/de\/author\/mkaule\/","display_name":"MKaule"},"relative_dates":{"created":"Ver\u00f6ffentlicht 8\u00a0Jahren vor","modified":"Aktualisiert 6\u00a0Jahren vor"},"absolute_dates":{"created":"Ver\u00f6ffentlicht am 21. September 2018","modified":"Aktualisiert am 2. Juni 2020"},"absolute_dates_time":{"created":"Ver\u00f6ffentlicht am 21. September 2018 10:53","modified":"Aktualisiert am 2. Juni 2020 8:20"},"featured_img_caption":"","featured_img":false,"series_order":"","_links":{"self":[{"href":"https:\/\/www.futonics.de\/de\/wp-json\/wp\/v2\/pages\/169","targetHints":{"allow":["GET"]}}],"collection":[{"href":"https:\/\/www.futonics.de\/de\/wp-json\/wp\/v2\/pages"}],"about":[{"href":"https:\/\/www.futonics.de\/de\/wp-json\/wp\/v2\/types\/page"}],"author":[{"embeddable":true,"href":"https:\/\/www.futonics.de\/de\/wp-json\/wp\/v2\/users\/1"}],"replies":[{"embeddable":true,"href":"https:\/\/www.futonics.de\/de\/wp-json\/wp\/v2\/comments?post=169"}],"version-history":[{"count":93,"href":"https:\/\/www.futonics.de\/de\/wp-json\/wp\/v2\/pages\/169\/revisions"}],"predecessor-version":[{"id":4172,"href":"https:\/\/www.futonics.de\/de\/wp-json\/wp\/v2\/pages\/169\/revisions\/4172"}],"up":[{"embeddable":true,"href":"https:\/\/www.futonics.de\/de\/wp-json\/wp\/v2\/pages\/2140"}],"wp:attachment":[{"href":"https:\/\/www.futonics.de\/de\/wp-json\/wp\/v2\/media?parent=169"}],"curies":[{"name":"wp","href":"https:\/\/api.w.org\/{rel}","templated":true}]}}