{"id":2,"date":"2018-09-17T12:28:14","date_gmt":"2018-09-17T10:28:14","guid":{"rendered":"http:\/\/futonics.de\/?page_id=2"},"modified":"2022-01-26T15:14:20","modified_gmt":"2022-01-26T14:14:20","slug":"about","status":"publish","type":"page","link":"https:\/\/www.futonics.de\/de\/about\/","title":{"rendered":"Futonics Laser GmbH"},"content":{"rendered":"\n<p><strong>F\u00fchrende 2 \u00b5m Faserlasertechnologie<\/strong><\/p>\n\n\n\n<p class=\"has-text-align-justify\"><br>Willkommen bei Futonics. Wir sind spezialisiert auf die Herstellung von Faserlasern f\u00fcr eine Vielzahl von Branchen. Unsere Hauptt\u00e4tigkeiten sind kundenspezifische 2-\u00b5m-Einmoden-Faserlasersysteme f\u00fcr wissenschaftliche und technische Anwendungen wie die Verarbeitung transparenter Kunststoffe.<\/p>\n\n\n\n<p class=\"has-text-align-justify\">Derzeit bieten wir verschiedene Thulium-Faser- und Kristalllasermodelle mit unterschiedlichen Ausgangsleistungen von bis zu 250 W, einer Optik mit hoher Schadensschwelle und Bearbeitungsk\u00f6pfen an. <\/p>\n\n\n\n<p class=\"has-text-align-justify\">Der Gesch\u00e4ftsf\u00fchrer der Futonics Laser GmbH stellt seit 1989 Laser und Lasersysteme in Deutschland her. Futonics bietet L\u00f6sungen f\u00fcr eine Vielzahl industrieller Anwendungen. Unser Gr\u00fcnder, Dr. Peter Fuhrberg, war 1989 Mitbegr\u00fcnder der LISA laser products OHG. Das Unternehmen verf\u00fcgt \u00fcber umfangreiche Erfahrungen im medizinischen Bereich mit 2-\u00b5m-Festk\u00f6rperlasern und ist derzeit der weltweit f\u00fchrende Anbieter von medizinischen Lasern. Die LISA laser products OHG wurden 2018 von der medizinischen Gruppe OminiGuide Holdings, Inc. \u00fcbernommen. Gleichzeitig leitete Dr. Peter Fuhrberg sein Forschungs- und Entwicklungsteam als Futonics Laser GmbH weiter, um 2-\u00b5m-Faserlaser f\u00fcr industrielle Anwendungen zu entwickeln und herzustellen. Unser Team besteht derzeit aus Physikern, Maschinenbauingenieuren, Elektroingenieuren, Softwareingenieuren und technischen Experten mit jahrzehntelanger Erfahrung in der Laserindustrie. <\/p>\n\n\n\n<p>Auf unserer Website finden Sie weitere Informationen zu unseren <a href=\"https:\/\/www.futonics.de\/de\/products\/\">Produkten<\/a>, <a href=\"https:\/\/www.futonics.de\/de\/services\/\">Dienstleistungen<\/a>, <a href=\"https:\/\/www.futonics.de\/de\/applications\/\">Anwendungen<\/a>, Ver\u00f6ffentlichungen und M\u00f6glichkeiten zur Zusammenarbeit. <\/p>\n\n\n\n<p>Unsere Produkte werden weltweit verkauft und gewartet. Unser Fokus liegt auf Qualit\u00e4t, Zuverl\u00e4ssigkeit und exzellentem Service.<\/p>\n\n\n\n<p>Bei Fragen stehen wir Ihnen gerne zur Verf\u00fcgung.<br><\/p>\n\n\n\n<div class=\"wp-block-advgb-button alignnone\"><a class=\"wp-block-advgb-button_link advgbbtn-5c267e70-5d37-4355-a8c8-9bd95a71ec7e\" href=\"mailto:info@futonics.de\" target=\"_blank\" rel=\"noopener noreferrer\">Kontaktieren Sie uns<\/a><\/div>\n\n\n\n<p><br><\/p>\n\n\n\n<p>&nbsp; <br><br><\/p>\n\n\n\n<p> <br> <br> <\/p>\n<style class=\"advgb-styles-renderer\">.advgbbtn-5c267e70-5d37-4355-a8c8-9bd95a71ec7e{font-size:15px;color:#000000 !important;background-color:#E5E5E5 !important;margin:0px 0px 0px 0px !important;padding:10px 30px 10px 30px;border-width:0px !important;border-style:none;border-radius:6px !important;}.advgbbtn-5c267e70-5d37-4355-a8c8-9bd95a71ec7e:hover{color:#ffffff !important;background-color:#d13636 !important;box-shadow:1px 1px 12px 0px #ccc;opacity:1;transition:all 0s ease;}.advgbbtn-5c267e70-5d37-4355-a8c8-9bd95a71ec7e > i {display: none !important;}<\/style>","protected":false},"excerpt":{"rendered":"<p>F\u00fchrende 2 \u00b5m Faserlasertechnologie Willkommen bei Futonics. Wir sind spezialisiert auf die Herstellung von Faserlasern f\u00fcr eine Vielzahl von Branchen. Unsere Hauptt\u00e4tigkeiten sind kundenspezifische 2-\u00b5m-Einmoden-Faserlasersysteme f\u00fcr wissenschaftliche und technische Anwendungen wie die Verarbeitung transparenter Kunststoffe. Derzeit bieten wir verschiedene Thulium-Faser- und Kristalllasermodelle mit unterschiedlichen Ausgangsleistungen von bis zu 250 W, [&hellip;]<\/p>\n","protected":false},"author":1,"featured_media":0,"parent":0,"menu_order":0,"comment_status":"closed","ping_status":"open","template":"","meta":{"_editorskit_title_hidden":false,"_editorskit_reading_time":1,"_editorskit_is_block_options_detached":false,"_editorskit_block_options_position":"{}","advgb_blocks_editor_width":"","advgb_blocks_columns_visual_guide":"","footnotes":""},"class_list":["post-2","page","type-page","status-publish","hentry"],"translation":{"provider":"WPGlobus","version":"3.0.2","language":"de","enabled_languages":["en","de","zh"],"languages":{"en":{"title":true,"content":true,"excerpt":false},"de":{"title":true,"content":true,"excerpt":false},"zh":{"title":true,"content":true,"excerpt":false}}},"yoast_head":"<!-- This site is optimized with the Yoast SEO plugin v27.4 - https:\/\/yoast.com\/product\/yoast-seo-wordpress\/ -->\n<title>Futonics Laser GmbH - 2-\u00b5m-Einmoden-Faserlasersysteme<\/title>\n<meta name=\"description\" content=\"Willkommen bei Futonics. Wir sind spezialisiert auf die Herstellung von 2-\u00b5m-Einmoden-Faserlasersysteme f\u00fcr eine Vielzahl von Branchen.\" \/>\n<meta name=\"robots\" content=\"index, follow, max-snippet:-1, max-image-preview:large, max-video-preview:-1\" \/>\n<link rel=\"canonical\" href=\"https:\/\/www.futonics.de\/about\/\" \/>\n<meta property=\"og:locale\" content=\"de_DE\" \/>\n<meta property=\"og:type\" content=\"article\" \/>\n<meta property=\"og:title\" content=\"Futonics Laser GmbH - 2-\u00b5m-Einmoden-Faserlasersysteme\" \/>\n<meta property=\"og:description\" content=\"Willkommen bei Futonics. Wir sind spezialisiert auf die Herstellung von 2-\u00b5m-Einmoden-Faserlasersysteme f\u00fcr eine Vielzahl von Branchen.\" \/>\n<meta property=\"og:url\" content=\"https:\/\/www.futonics.de\/about\/\" \/>\n<meta property=\"og:site_name\" content=\"2-\u00b5m-Einmoden-Faserlasersysteme\" \/>\n<meta property=\"article:modified_time\" content=\"2022-01-26T14:14:20+00:00\" \/>\n<meta name=\"twitter:card\" content=\"summary_large_image\" \/>\n<meta name=\"twitter:label1\" content=\"Gesch\u00e4tzte Lesezeit\" \/>\n\t<meta name=\"twitter:data1\" content=\"1\u00a0Minute\" \/>\n<script type=\"application\/ld+json\" class=\"yoast-schema-graph\">{\"@context\":\"https:\\\/\\\/schema.org\",\"@graph\":[{\"@type\":\"WebPage\",\"@id\":\"https:\\\/\\\/www.futonics.de\\\/about\\\/\",\"url\":\"https:\\\/\\\/www.futonics.de\\\/about\\\/\",\"name\":\"Futonics Laser GmbH - 2-\u00b5m-Einmoden-Faserlasersysteme\",\"isPartOf\":{\"@id\":\"https:\\\/\\\/www.futonics.de\\\/#website\"},\"datePublished\":\"2018-09-17T10:28:14+00:00\",\"dateModified\":\"2022-01-26T14:14:20+00:00\",\"breadcrumb\":{\"@id\":\"https:\\\/\\\/www.futonics.de\\\/about\\\/#breadcrumb\"},\"inLanguage\":\"de\",\"potentialAction\":[{\"@type\":\"ReadAction\",\"target\":[\"https:\\\/\\\/www.futonics.de\\\/about\\\/\"]}]},{\"@type\":\"BreadcrumbList\",\"@id\":\"https:\\\/\\\/www.futonics.de\\\/about\\\/#breadcrumb\",\"itemListElement\":[{\"@type\":\"ListItem\",\"position\":1,\"name\":\"Startseite\",\"item\":\"https:\\\/\\\/www.futonics.de\\\/\"},{\"@type\":\"ListItem\",\"position\":2,\"name\":\"Futonics Laser GmbH\"}]},{\"@type\":\"WebSite\",\"@id\":\"https:\\\/\\\/www.futonics.de\\\/#website\",\"url\":\"https:\\\/\\\/www.futonics.de\\\/\",\"name\":\"2-\u00b5m-Einmoden-Faserlasersysteme\",\"description\":\"Derzeit bieten wir verschiedene Thulium-Faser- und Kristalllasermodelle mit unterschiedlichen Ausgangsleistungen bis zu 250 W an\",\"publisher\":{\"@id\":\"https:\\\/\\\/www.futonics.de\\\/#organization\"},\"potentialAction\":[{\"@type\":\"SearchAction\",\"target\":{\"@type\":\"EntryPoint\",\"urlTemplate\":\"https:\\\/\\\/www.futonics.de\\\/?s={search_term_string}\"},\"query-input\":{\"@type\":\"PropertyValueSpecification\",\"valueRequired\":true,\"valueName\":\"search_term_string\"}}],\"inLanguage\":\"de\"},{\"@type\":\"Organization\",\"@id\":\"https:\\\/\\\/www.futonics.de\\\/#organization\",\"name\":\"2-\u00b5m-Einmoden-Faserlasersysteme\",\"url\":\"https:\\\/\\\/www.futonics.de\\\/\",\"logo\":{\"@type\":\"ImageObject\",\"inLanguage\":\"de\",\"@id\":\"https:\\\/\\\/www.futonics.de\\\/#\\\/schema\\\/logo\\\/image\\\/\",\"url\":\"https:\\\/\\\/www.futonics.de\\\/wp-content\\\/uploads\\\/2018\\\/11\\\/cropped-Futonics-Laser-Logo-weiss.png\",\"contentUrl\":\"https:\\\/\\\/www.futonics.de\\\/wp-content\\\/uploads\\\/2018\\\/11\\\/cropped-Futonics-Laser-Logo-weiss.png\",\"width\":855,\"height\":220,\"caption\":\"2-\u00b5m-Einmoden-Faserlasersysteme \"},\"image\":{\"@id\":\"https:\\\/\\\/www.futonics.de\\\/#\\\/schema\\\/logo\\\/image\\\/\"}}]}<\/script>\n<!-- \/ Yoast SEO plugin. -->","yoast_head_json":{"title":"Futonics Laser GmbH - 2-\u00b5m-Einmoden-Faserlasersysteme","description":"Willkommen bei Futonics. Wir sind spezialisiert auf die Herstellung von 2-\u00b5m-Einmoden-Faserlasersysteme f\u00fcr eine Vielzahl von Branchen.","robots":{"index":"index","follow":"follow","max-snippet":"max-snippet:-1","max-image-preview":"max-image-preview:large","max-video-preview":"max-video-preview:-1"},"canonical":"https:\/\/www.futonics.de\/about\/","og_locale":"de_DE","og_type":"article","og_title":"Futonics Laser GmbH - 2-\u00b5m-Einmoden-Faserlasersysteme","og_description":"Willkommen bei Futonics. Wir sind spezialisiert auf die Herstellung von 2-\u00b5m-Einmoden-Faserlasersysteme f\u00fcr eine Vielzahl von Branchen.","og_url":"https:\/\/www.futonics.de\/about\/","og_site_name":"2-\u00b5m-Einmoden-Faserlasersysteme","article_modified_time":"2022-01-26T14:14:20+00:00","twitter_card":"summary_large_image","twitter_misc":{"Gesch\u00e4tzte Lesezeit":"1\u00a0Minute"},"schema":{"@context":"https:\/\/schema.org","@graph":[{"@type":"WebPage","@id":"https:\/\/www.futonics.de\/about\/","url":"https:\/\/www.futonics.de\/about\/","name":"Futonics Laser GmbH - 2-\u00b5m-Einmoden-Faserlasersysteme","isPartOf":{"@id":"https:\/\/www.futonics.de\/#website"},"datePublished":"2018-09-17T10:28:14+00:00","dateModified":"2022-01-26T14:14:20+00:00","breadcrumb":{"@id":"https:\/\/www.futonics.de\/about\/#breadcrumb"},"inLanguage":"de","potentialAction":[{"@type":"ReadAction","target":["https:\/\/www.futonics.de\/about\/"]}]},{"@type":"BreadcrumbList","@id":"https:\/\/www.futonics.de\/about\/#breadcrumb","itemListElement":[{"@type":"ListItem","position":1,"name":"Startseite","item":"https:\/\/www.futonics.de\/"},{"@type":"ListItem","position":2,"name":"Futonics Laser GmbH"}]},{"@type":"WebSite","@id":"https:\/\/www.futonics.de\/#website","url":"https:\/\/www.futonics.de\/","name":"2-\u00b5m-Einmoden-Faserlasersysteme","description":"Derzeit bieten wir verschiedene Thulium-Faser- und Kristalllasermodelle mit unterschiedlichen Ausgangsleistungen bis zu 250 W an","publisher":{"@id":"https:\/\/www.futonics.de\/#organization"},"potentialAction":[{"@type":"SearchAction","target":{"@type":"EntryPoint","urlTemplate":"https:\/\/www.futonics.de\/?s={search_term_string}"},"query-input":{"@type":"PropertyValueSpecification","valueRequired":true,"valueName":"search_term_string"}}],"inLanguage":"de"},{"@type":"Organization","@id":"https:\/\/www.futonics.de\/#organization","name":"2-\u00b5m-Einmoden-Faserlasersysteme","url":"https:\/\/www.futonics.de\/","logo":{"@type":"ImageObject","inLanguage":"de","@id":"https:\/\/www.futonics.de\/#\/schema\/logo\/image\/","url":"https:\/\/www.futonics.de\/wp-content\/uploads\/2018\/11\/cropped-Futonics-Laser-Logo-weiss.png","contentUrl":"https:\/\/www.futonics.de\/wp-content\/uploads\/2018\/11\/cropped-Futonics-Laser-Logo-weiss.png","width":855,"height":220,"caption":"2-\u00b5m-Einmoden-Faserlasersysteme "},"image":{"@id":"https:\/\/www.futonics.de\/#\/schema\/logo\/image\/"}}]}},"coauthors":[],"author_meta":{"author_link":"https:\/\/www.futonics.de\/de\/author\/mkaule\/","display_name":"MKaule"},"relative_dates":{"created":"Ver\u00f6ffentlicht 8\u00a0Jahren vor","modified":"Aktualisiert 4\u00a0Jahren vor"},"absolute_dates":{"created":"Ver\u00f6ffentlicht am 17. September 2018","modified":"Aktualisiert am 26. Januar 2022"},"absolute_dates_time":{"created":"Ver\u00f6ffentlicht am 17. September 2018 12:28","modified":"Aktualisiert am 26. Januar 2022 15:14"},"featured_img_caption":"","featured_img":false,"series_order":"","_links":{"self":[{"href":"https:\/\/www.futonics.de\/de\/wp-json\/wp\/v2\/pages\/2","targetHints":{"allow":["GET"]}}],"collection":[{"href":"https:\/\/www.futonics.de\/de\/wp-json\/wp\/v2\/pages"}],"about":[{"href":"https:\/\/www.futonics.de\/de\/wp-json\/wp\/v2\/types\/page"}],"author":[{"embeddable":true,"href":"https:\/\/www.futonics.de\/de\/wp-json\/wp\/v2\/users\/1"}],"replies":[{"embeddable":true,"href":"https:\/\/www.futonics.de\/de\/wp-json\/wp\/v2\/comments?post=2"}],"version-history":[{"count":79,"href":"https:\/\/www.futonics.de\/de\/wp-json\/wp\/v2\/pages\/2\/revisions"}],"predecessor-version":[{"id":4905,"href":"https:\/\/www.futonics.de\/de\/wp-json\/wp\/v2\/pages\/2\/revisions\/4905"}],"wp:attachment":[{"href":"https:\/\/www.futonics.de\/de\/wp-json\/wp\/v2\/media?parent=2"}],"curies":[{"name":"wp","href":"https:\/\/api.w.org\/{rel}","templated":true}]}}