{"id":33,"date":"2018-09-19T15:47:32","date_gmt":"2018-09-19T13:47:32","guid":{"rendered":"http:\/\/beta.futonics.de\/?page_id=33"},"modified":"2021-01-07T11:47:44","modified_gmt":"2021-01-07T10:47:44","slug":"products","status":"publish","type":"page","link":"https:\/\/www.futonics.de\/de\/products\/","title":{"rendered":"PRODUKTE"},"content":{"rendered":"\n<p>Futonics ist auf kundenspezifische 2 \u00b5m single-mode Faserlasersysteme spezialisiert. Futonics bietet eine Auswahl an single-mode Thulium Faser- und Kristalllasermodellen mit verschiedenen Ausgangsleistungen von bis zu 250 W, Optiken mit hohen Zerst\u00f6rschwellen sowie Bearbeitungsk\u00f6pfe.<br><\/p>\n\n\n\n<p>&nbsp;<\/p>\n\n\n\n<p>&nbsp;<\/p>\n\n\n\n<div class=\"wp-block-columns has-2-columns is-layout-flex wp-container-core-columns-is-layout-28f84493 wp-block-columns-is-layout-flex\">\n<div class=\"wp-block-column is-layout-flow wp-block-column-is-layout-flow\">\n<h6 class=\"has-text-align-center wp-block-heading\"><strong>LASER<\/strong><\/h6>\n\n\n\n<div class=\"wp-block-image\"><figure class=\"aligncenter\"><a href=\"https:\/\/www.futonics.de\/de\/products\/thulium\"><img loading=\"lazy\" decoding=\"async\" width=\"300\" height=\"132\" src=\"https:\/\/www.futonics.de\/wp-content\/uploads\/2018\/11\/IFL-50-Lasermodul-4.385-300x132.png\" alt=\"\" class=\"wp-image-1838\" srcset=\"https:\/\/www.futonics.de\/wp-content\/uploads\/2018\/11\/IFL-50-Lasermodul-4.385-300x132.png 300w, https:\/\/www.futonics.de\/wp-content\/uploads\/2018\/11\/IFL-50-Lasermodul-4.385-768x339.png 768w, https:\/\/www.futonics.de\/wp-content\/uploads\/2018\/11\/IFL-50-Lasermodul-4.385-1024x452.png 1024w, https:\/\/www.futonics.de\/wp-content\/uploads\/2018\/11\/IFL-50-Lasermodul-4.385.png 1231w\" sizes=\"auto, (max-width: 300px) 100vw, 300px\" \/><\/a><\/figure><\/div>\n<\/div>\n\n\n\n<div class=\"wp-block-column is-layout-flow wp-block-column-is-layout-flow\">\n<h6 class=\"has-text-align-center wp-block-heading\"><strong>ANDERE PRODUKTE<\/strong><\/h6>\n\n\n\n<div class=\"wp-block-image\"><figure class=\"aligncenter\"><a href=\"https:\/\/www.futonics.de\/de\/products\/other\"><img loading=\"lazy\" decoding=\"async\" width=\"300\" height=\"132\" src=\"https:\/\/www.futonics.de\/wp-content\/uploads\/2018\/11\/IFL-50-Laserkopf5.387-Kopie-300x132.jpg\" alt=\"\" class=\"wp-image-1831\" srcset=\"https:\/\/www.futonics.de\/wp-content\/uploads\/2018\/11\/IFL-50-Laserkopf5.387-Kopie-300x132.jpg 300w, https:\/\/www.futonics.de\/wp-content\/uploads\/2018\/11\/IFL-50-Laserkopf5.387-Kopie-768x338.jpg 768w, https:\/\/www.futonics.de\/wp-content\/uploads\/2018\/11\/IFL-50-Laserkopf5.387-Kopie-1024x451.jpg 1024w, https:\/\/www.futonics.de\/wp-content\/uploads\/2018\/11\/IFL-50-Laserkopf5.387-Kopie.jpg 1537w\" sizes=\"auto, (max-width: 300px) 100vw, 300px\" \/><\/a><\/figure><\/div>\n<\/div>\n<\/div>\n\n\n\n<p>&nbsp;<\/p>\n\n\n\n<div class=\"wp-block-advgb-button alignfull is-style-outline\"><a class=\"wp-block-advgb-button_link advgbbutton-08a40b11-056d-4db3-b7a4-899c095c81b6\" href=\"mailto:info@futonics.de?subject=Produktanfrage\" target=\"_self\" rel=\"noopener noreferrer\">Kontaktieren Sie uns bez\u00fcglich unserer Produkte<\/a><\/div>\n\n\n\n<h3 class=\"wp-block-heading\">Katalog<\/h3>\n\n\n\n<p>Informieren Sie sich auch in unserem Katalog \u00fcber die von uns angebotenen Produkte und Dienstleistungen.<\/p>\n\n\n\n<div class=\"wp-block-file\"><a href=\"https:\/\/www.futonics.de\/wp-content\/uploads\/2021\/01\/Futonics-Katalog-2020-final-deutsch-interaktiv.pdf\">Produktkatalog 2020<\/a><a href=\"https:\/\/www.futonics.de\/wp-content\/uploads\/2021\/01\/Futonics-Katalog-2020-final-deutsch-interaktiv.pdf\" class=\"wp-block-file__button\" download>Herunterladen<\/a><\/div>\n\n\n\n<div class=\"wp-block-group\"><div class=\"wp-block-group__inner-container is-layout-flow wp-block-group-is-layout-flow\"><\/div><\/div>\n\n\n\n<p><\/p>\n<style class=\"advgb-styles-renderer\">.advgbbutton-08a40b11-056d-4db3-b7a4-899c095c81b6{font-size:15px;color:#000000 !important;background-color:#E5E5E5 !important;margin:0px 0px 0px 0px !important;padding:10px 30px 10px 30px;border-width:0px !important;border-color:#000000 !important;border-style:none;border-radius:6px !important;}.advgbbutton-08a40b11-056d-4db3-b7a4-899c095c81b6:hover{background-color:#d13636 !important;box-shadow:0px 0px 0px 0px #ffffff;opacity:1;transition:all 0s ease;}.advgbbutton-08a40b11-056d-4db3-b7a4-899c095c81b6 > i {display: none !important;}<\/style>","protected":false},"excerpt":{"rendered":"<p>Futonics ist auf kundenspezifische 2 \u00b5m single-mode Faserlasersysteme spezialisiert. Futonics bietet eine Auswahl an single-mode Thulium Faser- und Kristalllasermodellen mit verschiedenen Ausgangsleistungen von bis zu 250 W, Optiken mit hohen Zerst\u00f6rschwellen sowie Bearbeitungsk\u00f6pfe. &nbsp; &nbsp; LASER ANDERE PRODUKTE &nbsp; Katalog Informieren Sie sich auch in unserem Katalog \u00fcber die von [&hellip;]<\/p>\n","protected":false},"author":1,"featured_media":0,"parent":0,"menu_order":0,"comment_status":"closed","ping_status":"closed","template":"","meta":{"_editorskit_title_hidden":false,"_editorskit_reading_time":0,"_editorskit_is_block_options_detached":false,"_editorskit_block_options_position":"{}","advgb_blocks_editor_width":"","advgb_blocks_columns_visual_guide":"","footnotes":""},"class_list":["post-33","page","type-page","status-publish","hentry"],"translation":{"provider":"WPGlobus","version":"3.0.2","language":"de","enabled_languages":["en","de","zh"],"languages":{"en":{"title":true,"content":true,"excerpt":false},"de":{"title":true,"content":true,"excerpt":false},"zh":{"title":true,"content":true,"excerpt":false}}},"yoast_head":"<!-- This site is optimized with the Yoast SEO plugin v27.5 - https:\/\/yoast.com\/product\/yoast-seo-wordpress\/ -->\n<title>PRODUKTE - 2-\u00b5m-Einmoden-Faserlasersysteme<\/title>\n<meta name=\"robots\" content=\"index, follow, max-snippet:-1, max-image-preview:large, max-video-preview:-1\" \/>\n<link rel=\"canonical\" href=\"https:\/\/www.futonics.de\/products\/\" \/>\n<meta property=\"og:locale\" content=\"de_DE\" \/>\n<meta property=\"og:type\" content=\"article\" \/>\n<meta property=\"og:title\" content=\"PRODUKTE - 2-\u00b5m-Einmoden-Faserlasersysteme\" \/>\n<meta property=\"og:url\" content=\"https:\/\/www.futonics.de\/products\/\" \/>\n<meta property=\"og:site_name\" content=\"2-\u00b5m-Einmoden-Faserlasersysteme\" \/>\n<meta property=\"article:modified_time\" content=\"2021-01-07T10:47:44+00:00\" \/>\n<meta property=\"og:image\" content=\"https:\/\/www.futonics.de\/wp-content\/uploads\/2018\/11\/IFL-50-Lasermodul-4.385-300x132.png\" \/>\n<meta name=\"twitter:card\" content=\"summary_large_image\" \/>\n<meta name=\"twitter:label1\" content=\"Gesch\u00e4tzte Lesezeit\" \/>\n\t<meta name=\"twitter:data1\" content=\"1\u00a0Minute\" \/>\n<script type=\"application\/ld+json\" class=\"yoast-schema-graph\">{\"@context\":\"https:\\\/\\\/schema.org\",\"@graph\":[{\"@type\":\"WebPage\",\"@id\":\"https:\\\/\\\/www.futonics.de\\\/products\\\/\",\"url\":\"https:\\\/\\\/www.futonics.de\\\/products\\\/\",\"name\":\"PRODUKTE - 2-\u00b5m-Einmoden-Faserlasersysteme\",\"isPartOf\":{\"@id\":\"https:\\\/\\\/www.futonics.de\\\/#website\"},\"primaryImageOfPage\":{\"@id\":\"https:\\\/\\\/www.futonics.de\\\/products\\\/#primaryimage\"},\"image\":{\"@id\":\"https:\\\/\\\/www.futonics.de\\\/products\\\/#primaryimage\"},\"thumbnailUrl\":\"https:\\\/\\\/www.futonics.de\\\/wp-content\\\/uploads\\\/2018\\\/11\\\/IFL-50-Lasermodul-4.385-300x132.png\",\"datePublished\":\"2018-09-19T13:47:32+00:00\",\"dateModified\":\"2021-01-07T10:47:44+00:00\",\"breadcrumb\":{\"@id\":\"https:\\\/\\\/www.futonics.de\\\/products\\\/#breadcrumb\"},\"inLanguage\":\"de\",\"potentialAction\":[{\"@type\":\"ReadAction\",\"target\":[\"https:\\\/\\\/www.futonics.de\\\/products\\\/\"]}]},{\"@type\":\"ImageObject\",\"inLanguage\":\"de\",\"@id\":\"https:\\\/\\\/www.futonics.de\\\/products\\\/#primaryimage\",\"url\":\"https:\\\/\\\/www.futonics.de\\\/wp-content\\\/uploads\\\/2018\\\/11\\\/IFL-50-Lasermodul-4.385-300x132.png\",\"contentUrl\":\"https:\\\/\\\/www.futonics.de\\\/wp-content\\\/uploads\\\/2018\\\/11\\\/IFL-50-Lasermodul-4.385-300x132.png\"},{\"@type\":\"BreadcrumbList\",\"@id\":\"https:\\\/\\\/www.futonics.de\\\/products\\\/#breadcrumb\",\"itemListElement\":[{\"@type\":\"ListItem\",\"position\":1,\"name\":\"Startseite\",\"item\":\"https:\\\/\\\/www.futonics.de\\\/\"},{\"@type\":\"ListItem\",\"position\":2,\"name\":\"PRODUCTS\"}]},{\"@type\":\"WebSite\",\"@id\":\"https:\\\/\\\/www.futonics.de\\\/#website\",\"url\":\"https:\\\/\\\/www.futonics.de\\\/\",\"name\":\"2-\u00b5m-Einmoden-Faserlasersysteme\",\"description\":\"Derzeit bieten wir verschiedene Thulium-Faser- und Kristalllasermodelle mit unterschiedlichen Ausgangsleistungen bis zu 250 W an\",\"publisher\":{\"@id\":\"https:\\\/\\\/www.futonics.de\\\/#organization\"},\"potentialAction\":[{\"@type\":\"SearchAction\",\"target\":{\"@type\":\"EntryPoint\",\"urlTemplate\":\"https:\\\/\\\/www.futonics.de\\\/?s={search_term_string}\"},\"query-input\":{\"@type\":\"PropertyValueSpecification\",\"valueRequired\":true,\"valueName\":\"search_term_string\"}}],\"inLanguage\":\"de\"},{\"@type\":\"Organization\",\"@id\":\"https:\\\/\\\/www.futonics.de\\\/#organization\",\"name\":\"2-\u00b5m-Einmoden-Faserlasersysteme\",\"url\":\"https:\\\/\\\/www.futonics.de\\\/\",\"logo\":{\"@type\":\"ImageObject\",\"inLanguage\":\"de\",\"@id\":\"https:\\\/\\\/www.futonics.de\\\/#\\\/schema\\\/logo\\\/image\\\/\",\"url\":\"https:\\\/\\\/www.futonics.de\\\/wp-content\\\/uploads\\\/2018\\\/11\\\/cropped-Futonics-Laser-Logo-weiss.png\",\"contentUrl\":\"https:\\\/\\\/www.futonics.de\\\/wp-content\\\/uploads\\\/2018\\\/11\\\/cropped-Futonics-Laser-Logo-weiss.png\",\"width\":855,\"height\":220,\"caption\":\"2-\u00b5m-Einmoden-Faserlasersysteme \"},\"image\":{\"@id\":\"https:\\\/\\\/www.futonics.de\\\/#\\\/schema\\\/logo\\\/image\\\/\"}}]}<\/script>\n<!-- \/ Yoast SEO plugin. -->","yoast_head_json":{"title":"PRODUKTE - 2-\u00b5m-Einmoden-Faserlasersysteme","robots":{"index":"index","follow":"follow","max-snippet":"max-snippet:-1","max-image-preview":"max-image-preview:large","max-video-preview":"max-video-preview:-1"},"canonical":"https:\/\/www.futonics.de\/products\/","og_locale":"de_DE","og_type":"article","og_title":"PRODUKTE - 2-\u00b5m-Einmoden-Faserlasersysteme","og_url":"https:\/\/www.futonics.de\/products\/","og_site_name":"2-\u00b5m-Einmoden-Faserlasersysteme","article_modified_time":"2021-01-07T10:47:44+00:00","og_image":[{"url":"https:\/\/www.futonics.de\/wp-content\/uploads\/2018\/11\/IFL-50-Lasermodul-4.385-300x132.png","type":"","width":"","height":""}],"twitter_card":"summary_large_image","twitter_misc":{"Gesch\u00e4tzte Lesezeit":"1\u00a0Minute"},"schema":{"@context":"https:\/\/schema.org","@graph":[{"@type":"WebPage","@id":"https:\/\/www.futonics.de\/products\/","url":"https:\/\/www.futonics.de\/products\/","name":"PRODUKTE - 2-\u00b5m-Einmoden-Faserlasersysteme","isPartOf":{"@id":"https:\/\/www.futonics.de\/#website"},"primaryImageOfPage":{"@id":"https:\/\/www.futonics.de\/products\/#primaryimage"},"image":{"@id":"https:\/\/www.futonics.de\/products\/#primaryimage"},"thumbnailUrl":"https:\/\/www.futonics.de\/wp-content\/uploads\/2018\/11\/IFL-50-Lasermodul-4.385-300x132.png","datePublished":"2018-09-19T13:47:32+00:00","dateModified":"2021-01-07T10:47:44+00:00","breadcrumb":{"@id":"https:\/\/www.futonics.de\/products\/#breadcrumb"},"inLanguage":"de","potentialAction":[{"@type":"ReadAction","target":["https:\/\/www.futonics.de\/products\/"]}]},{"@type":"ImageObject","inLanguage":"de","@id":"https:\/\/www.futonics.de\/products\/#primaryimage","url":"https:\/\/www.futonics.de\/wp-content\/uploads\/2018\/11\/IFL-50-Lasermodul-4.385-300x132.png","contentUrl":"https:\/\/www.futonics.de\/wp-content\/uploads\/2018\/11\/IFL-50-Lasermodul-4.385-300x132.png"},{"@type":"BreadcrumbList","@id":"https:\/\/www.futonics.de\/products\/#breadcrumb","itemListElement":[{"@type":"ListItem","position":1,"name":"Startseite","item":"https:\/\/www.futonics.de\/"},{"@type":"ListItem","position":2,"name":"PRODUCTS"}]},{"@type":"WebSite","@id":"https:\/\/www.futonics.de\/#website","url":"https:\/\/www.futonics.de\/","name":"2-\u00b5m-Einmoden-Faserlasersysteme","description":"Derzeit bieten wir verschiedene Thulium-Faser- und Kristalllasermodelle mit unterschiedlichen Ausgangsleistungen bis zu 250 W an","publisher":{"@id":"https:\/\/www.futonics.de\/#organization"},"potentialAction":[{"@type":"SearchAction","target":{"@type":"EntryPoint","urlTemplate":"https:\/\/www.futonics.de\/?s={search_term_string}"},"query-input":{"@type":"PropertyValueSpecification","valueRequired":true,"valueName":"search_term_string"}}],"inLanguage":"de"},{"@type":"Organization","@id":"https:\/\/www.futonics.de\/#organization","name":"2-\u00b5m-Einmoden-Faserlasersysteme","url":"https:\/\/www.futonics.de\/","logo":{"@type":"ImageObject","inLanguage":"de","@id":"https:\/\/www.futonics.de\/#\/schema\/logo\/image\/","url":"https:\/\/www.futonics.de\/wp-content\/uploads\/2018\/11\/cropped-Futonics-Laser-Logo-weiss.png","contentUrl":"https:\/\/www.futonics.de\/wp-content\/uploads\/2018\/11\/cropped-Futonics-Laser-Logo-weiss.png","width":855,"height":220,"caption":"2-\u00b5m-Einmoden-Faserlasersysteme "},"image":{"@id":"https:\/\/www.futonics.de\/#\/schema\/logo\/image\/"}}]}},"coauthors":[],"author_meta":{"author_link":"https:\/\/www.futonics.de\/de\/author\/mkaule\/","display_name":"MKaule"},"relative_dates":{"created":"Ver\u00f6ffentlicht 8\u00a0Jahren vor","modified":"Aktualisiert 5\u00a0Jahren vor"},"absolute_dates":{"created":"Ver\u00f6ffentlicht am 19. September 2018","modified":"Aktualisiert am 7. Januar 2021"},"absolute_dates_time":{"created":"Ver\u00f6ffentlicht am 19. September 2018 15:47","modified":"Aktualisiert am 7. Januar 2021 11:47"},"featured_img_caption":"","featured_img":false,"series_order":"","_links":{"self":[{"href":"https:\/\/www.futonics.de\/de\/wp-json\/wp\/v2\/pages\/33","targetHints":{"allow":["GET"]}}],"collection":[{"href":"https:\/\/www.futonics.de\/de\/wp-json\/wp\/v2\/pages"}],"about":[{"href":"https:\/\/www.futonics.de\/de\/wp-json\/wp\/v2\/types\/page"}],"author":[{"embeddable":true,"href":"https:\/\/www.futonics.de\/de\/wp-json\/wp\/v2\/users\/1"}],"replies":[{"embeddable":true,"href":"https:\/\/www.futonics.de\/de\/wp-json\/wp\/v2\/comments?post=33"}],"version-history":[{"count":143,"href":"https:\/\/www.futonics.de\/de\/wp-json\/wp\/v2\/pages\/33\/revisions"}],"predecessor-version":[{"id":4630,"href":"https:\/\/www.futonics.de\/de\/wp-json\/wp\/v2\/pages\/33\/revisions\/4630"}],"wp:attachment":[{"href":"https:\/\/www.futonics.de\/de\/wp-json\/wp\/v2\/media?parent=33"}],"curies":[{"name":"wp","href":"https:\/\/api.w.org\/{rel}","templated":true}]}}