{"id":34,"date":"2018-09-19T16:03:05","date_gmt":"2018-09-19T14:03:05","guid":{"rendered":"http:\/\/beta.futonics.de\/?page_id=34"},"modified":"2021-09-24T11:52:45","modified_gmt":"2021-09-24T09:52:45","slug":"applications","status":"publish","type":"page","link":"https:\/\/www.futonics.de\/de\/applications\/","title":{"rendered":"ANWENDUNGEN"},"content":{"rendered":"\n<p>Futonics bietet anpassbare 2 \u00b5m Single-Mode Faserlasersysteme in h\u00f6chster Qualit\u00e4t f\u00fcr wissenschaftliche und industrielle Anwendungen.<br><\/p>\n\n\n\n<p>&nbsp;<\/p>\n\n\n\n<div class=\"wp-block-columns has-2-columns is-layout-flex wp-container-core-columns-is-layout-28f84493 wp-block-columns-is-layout-flex\">\n<div class=\"wp-block-column is-layout-flow wp-block-column-is-layout-flow\">\n<h6 class=\"has-text-align-center wp-block-heading\"><strong>INDUSTRIELL<\/strong><\/h6>\n\n\n\n<div class=\"wp-block-image\"><figure class=\"aligncenter\"><a href=\"https:\/\/www.futonics.de\/de\/applications\/industrial\"><img loading=\"lazy\" decoding=\"async\" width=\"300\" height=\"229\" src=\"https:\/\/www.futonics.de\/wp-content\/uploads\/2018\/11\/welding-thumb-300x229.jpg\" alt=\"\" class=\"wp-image-1560\" srcset=\"https:\/\/www.futonics.de\/wp-content\/uploads\/2018\/11\/welding-thumb-300x229.jpg 300w, https:\/\/www.futonics.de\/wp-content\/uploads\/2018\/11\/welding-thumb.jpg 556w\" sizes=\"auto, (max-width: 300px) 100vw, 300px\" \/><\/a><\/figure><\/div>\n\n\n\n<p><\/p>\n<\/div>\n\n\n\n<div class=\"wp-block-column is-layout-flow wp-block-column-is-layout-flow\">\n<h6 class=\"has-text-align-center wp-block-heading\"><strong>WISSENSCHAFTLICH<\/strong><\/h6>\n\n\n\n<div class=\"wp-block-image\"><figure class=\"aligncenter\"><a href=\"https:\/\/www.futonics.de\/de\/applications\/scientific\"><img loading=\"lazy\" decoding=\"async\" width=\"300\" height=\"230\" src=\"https:\/\/www.futonics.de\/wp-content\/uploads\/2018\/11\/pumping-thumb-300x230.png\" alt=\"\" class=\"wp-image-1561\" srcset=\"https:\/\/www.futonics.de\/wp-content\/uploads\/2018\/11\/pumping-thumb-300x230.png 300w, https:\/\/www.futonics.de\/wp-content\/uploads\/2018\/11\/pumping-thumb.png 555w\" sizes=\"auto, (max-width: 300px) 100vw, 300px\" \/><\/a><\/figure><\/div>\n<\/div>\n<\/div>\n\n\n\n<p>&nbsp;<br> <\/p>\n\n\n\n<div class=\"wp-block-advgb-button alignleft is-style-outline\"><a class=\"wp-block-advgb-button_link advgbbtn-3d9b6585-5178-40d0-bf2a-51f1c823f3b4\" href=\"mailto:info@futonics.de?subject=Anwendungen\" target=\"_self\" rel=\"noopener noreferrer\">Kontaktieren Sie uns \u00fcber Anwendungen<\/a><\/div>\n\n\n\n<p>&nbsp; <br><br><\/p>\n<style class=\"advgb-styles-renderer\">.advgbbtn-3d9b6585-5178-40d0-bf2a-51f1c823f3b4{font-size:16px;color:#000000 !important;background-color:#E5E5E5 !important;margin:0px 0px 0px 0px !important;padding:10px 30px 10px 30px;border-width:0px !important;border-color:#d13636 !important;border-style:none;border-radius:6px !important;}.advgbbtn-3d9b6585-5178-40d0-bf2a-51f1c823f3b4:hover{background-color:#d13636 !important;box-shadow:0px 0px 0px 0px #ffffff;opacity:1;transition:all 0s ease;}.advgbbtn-3d9b6585-5178-40d0-bf2a-51f1c823f3b4 > i {display: none !important;}<\/style>","protected":false},"excerpt":{"rendered":"<p>Futonics bietet anpassbare 2 \u00b5m Single-Mode Faserlasersysteme in h\u00f6chster Qualit\u00e4t f\u00fcr wissenschaftliche und industrielle Anwendungen. &nbsp; INDUSTRIELL WISSENSCHAFTLICH &nbsp; &nbsp;<\/p>\n","protected":false},"author":1,"featured_media":0,"parent":0,"menu_order":0,"comment_status":"closed","ping_status":"closed","template":"","meta":{"_editorskit_title_hidden":false,"_editorskit_reading_time":0,"_editorskit_is_block_options_detached":false,"_editorskit_block_options_position":"{}","advgb_blocks_editor_width":"","advgb_blocks_columns_visual_guide":"","footnotes":""},"class_list":["post-34","page","type-page","status-publish","hentry"],"translation":{"provider":"WPGlobus","version":"3.0.2","language":"de","enabled_languages":["en","de","zh"],"languages":{"en":{"title":true,"content":true,"excerpt":false},"de":{"title":true,"content":true,"excerpt":false},"zh":{"title":true,"content":true,"excerpt":false}}},"yoast_head":"<!-- This site is optimized with the Yoast SEO plugin v27.5 - https:\/\/yoast.com\/product\/yoast-seo-wordpress\/ -->\n<title>ANWENDUNGEN - 2-\u00b5m-Einmoden-Faserlasersysteme<\/title>\n<meta name=\"robots\" content=\"index, follow, max-snippet:-1, max-image-preview:large, max-video-preview:-1\" \/>\n<link rel=\"canonical\" href=\"https:\/\/www.futonics.de\/applications\/\" \/>\n<meta property=\"og:locale\" content=\"de_DE\" \/>\n<meta property=\"og:type\" content=\"article\" \/>\n<meta property=\"og:title\" content=\"ANWENDUNGEN - 2-\u00b5m-Einmoden-Faserlasersysteme\" \/>\n<meta property=\"og:url\" content=\"https:\/\/www.futonics.de\/applications\/\" \/>\n<meta property=\"og:site_name\" content=\"2-\u00b5m-Einmoden-Faserlasersysteme\" \/>\n<meta property=\"article:modified_time\" content=\"2021-09-24T09:52:45+00:00\" \/>\n<meta property=\"og:image\" content=\"https:\/\/www.futonics.de\/wp-content\/uploads\/2018\/11\/welding-thumb-300x229.jpg\" \/>\n<meta name=\"twitter:card\" content=\"summary_large_image\" \/>\n<meta name=\"twitter:label1\" content=\"Gesch\u00e4tzte Lesezeit\" \/>\n\t<meta name=\"twitter:data1\" content=\"1\u00a0Minute\" \/>\n<script type=\"application\/ld+json\" class=\"yoast-schema-graph\">{\"@context\":\"https:\\\/\\\/schema.org\",\"@graph\":[{\"@type\":\"WebPage\",\"@id\":\"https:\\\/\\\/www.futonics.de\\\/applications\\\/\",\"url\":\"https:\\\/\\\/www.futonics.de\\\/applications\\\/\",\"name\":\"ANWENDUNGEN - 2-\u00b5m-Einmoden-Faserlasersysteme\",\"isPartOf\":{\"@id\":\"https:\\\/\\\/www.futonics.de\\\/#website\"},\"primaryImageOfPage\":{\"@id\":\"https:\\\/\\\/www.futonics.de\\\/applications\\\/#primaryimage\"},\"image\":{\"@id\":\"https:\\\/\\\/www.futonics.de\\\/applications\\\/#primaryimage\"},\"thumbnailUrl\":\"https:\\\/\\\/www.futonics.de\\\/wp-content\\\/uploads\\\/2018\\\/11\\\/welding-thumb-300x229.jpg\",\"datePublished\":\"2018-09-19T14:03:05+00:00\",\"dateModified\":\"2021-09-24T09:52:45+00:00\",\"breadcrumb\":{\"@id\":\"https:\\\/\\\/www.futonics.de\\\/applications\\\/#breadcrumb\"},\"inLanguage\":\"de\",\"potentialAction\":[{\"@type\":\"ReadAction\",\"target\":[\"https:\\\/\\\/www.futonics.de\\\/applications\\\/\"]}]},{\"@type\":\"ImageObject\",\"inLanguage\":\"de\",\"@id\":\"https:\\\/\\\/www.futonics.de\\\/applications\\\/#primaryimage\",\"url\":\"https:\\\/\\\/www.futonics.de\\\/wp-content\\\/uploads\\\/2018\\\/11\\\/welding-thumb-300x229.jpg\",\"contentUrl\":\"https:\\\/\\\/www.futonics.de\\\/wp-content\\\/uploads\\\/2018\\\/11\\\/welding-thumb-300x229.jpg\"},{\"@type\":\"BreadcrumbList\",\"@id\":\"https:\\\/\\\/www.futonics.de\\\/applications\\\/#breadcrumb\",\"itemListElement\":[{\"@type\":\"ListItem\",\"position\":1,\"name\":\"Startseite\",\"item\":\"https:\\\/\\\/www.futonics.de\\\/\"},{\"@type\":\"ListItem\",\"position\":2,\"name\":\"ANWENDUNGEN\"}]},{\"@type\":\"WebSite\",\"@id\":\"https:\\\/\\\/www.futonics.de\\\/#website\",\"url\":\"https:\\\/\\\/www.futonics.de\\\/\",\"name\":\"2-\u00b5m-Einmoden-Faserlasersysteme\",\"description\":\"Derzeit bieten wir verschiedene Thulium-Faser- und Kristalllasermodelle mit unterschiedlichen Ausgangsleistungen bis zu 250 W an\",\"publisher\":{\"@id\":\"https:\\\/\\\/www.futonics.de\\\/#organization\"},\"potentialAction\":[{\"@type\":\"SearchAction\",\"target\":{\"@type\":\"EntryPoint\",\"urlTemplate\":\"https:\\\/\\\/www.futonics.de\\\/?s={search_term_string}\"},\"query-input\":{\"@type\":\"PropertyValueSpecification\",\"valueRequired\":true,\"valueName\":\"search_term_string\"}}],\"inLanguage\":\"de\"},{\"@type\":\"Organization\",\"@id\":\"https:\\\/\\\/www.futonics.de\\\/#organization\",\"name\":\"2-\u00b5m-Einmoden-Faserlasersysteme\",\"url\":\"https:\\\/\\\/www.futonics.de\\\/\",\"logo\":{\"@type\":\"ImageObject\",\"inLanguage\":\"de\",\"@id\":\"https:\\\/\\\/www.futonics.de\\\/#\\\/schema\\\/logo\\\/image\\\/\",\"url\":\"https:\\\/\\\/www.futonics.de\\\/wp-content\\\/uploads\\\/2018\\\/11\\\/cropped-Futonics-Laser-Logo-weiss.png\",\"contentUrl\":\"https:\\\/\\\/www.futonics.de\\\/wp-content\\\/uploads\\\/2018\\\/11\\\/cropped-Futonics-Laser-Logo-weiss.png\",\"width\":855,\"height\":220,\"caption\":\"2-\u00b5m-Einmoden-Faserlasersysteme \"},\"image\":{\"@id\":\"https:\\\/\\\/www.futonics.de\\\/#\\\/schema\\\/logo\\\/image\\\/\"}}]}<\/script>\n<!-- \/ Yoast SEO plugin. -->","yoast_head_json":{"title":"ANWENDUNGEN - 2-\u00b5m-Einmoden-Faserlasersysteme","robots":{"index":"index","follow":"follow","max-snippet":"max-snippet:-1","max-image-preview":"max-image-preview:large","max-video-preview":"max-video-preview:-1"},"canonical":"https:\/\/www.futonics.de\/applications\/","og_locale":"de_DE","og_type":"article","og_title":"ANWENDUNGEN - 2-\u00b5m-Einmoden-Faserlasersysteme","og_url":"https:\/\/www.futonics.de\/applications\/","og_site_name":"2-\u00b5m-Einmoden-Faserlasersysteme","article_modified_time":"2021-09-24T09:52:45+00:00","og_image":[{"url":"https:\/\/www.futonics.de\/wp-content\/uploads\/2018\/11\/welding-thumb-300x229.jpg","type":"","width":"","height":""}],"twitter_card":"summary_large_image","twitter_misc":{"Gesch\u00e4tzte Lesezeit":"1\u00a0Minute"},"schema":{"@context":"https:\/\/schema.org","@graph":[{"@type":"WebPage","@id":"https:\/\/www.futonics.de\/applications\/","url":"https:\/\/www.futonics.de\/applications\/","name":"ANWENDUNGEN - 2-\u00b5m-Einmoden-Faserlasersysteme","isPartOf":{"@id":"https:\/\/www.futonics.de\/#website"},"primaryImageOfPage":{"@id":"https:\/\/www.futonics.de\/applications\/#primaryimage"},"image":{"@id":"https:\/\/www.futonics.de\/applications\/#primaryimage"},"thumbnailUrl":"https:\/\/www.futonics.de\/wp-content\/uploads\/2018\/11\/welding-thumb-300x229.jpg","datePublished":"2018-09-19T14:03:05+00:00","dateModified":"2021-09-24T09:52:45+00:00","breadcrumb":{"@id":"https:\/\/www.futonics.de\/applications\/#breadcrumb"},"inLanguage":"de","potentialAction":[{"@type":"ReadAction","target":["https:\/\/www.futonics.de\/applications\/"]}]},{"@type":"ImageObject","inLanguage":"de","@id":"https:\/\/www.futonics.de\/applications\/#primaryimage","url":"https:\/\/www.futonics.de\/wp-content\/uploads\/2018\/11\/welding-thumb-300x229.jpg","contentUrl":"https:\/\/www.futonics.de\/wp-content\/uploads\/2018\/11\/welding-thumb-300x229.jpg"},{"@type":"BreadcrumbList","@id":"https:\/\/www.futonics.de\/applications\/#breadcrumb","itemListElement":[{"@type":"ListItem","position":1,"name":"Startseite","item":"https:\/\/www.futonics.de\/"},{"@type":"ListItem","position":2,"name":"ANWENDUNGEN"}]},{"@type":"WebSite","@id":"https:\/\/www.futonics.de\/#website","url":"https:\/\/www.futonics.de\/","name":"2-\u00b5m-Einmoden-Faserlasersysteme","description":"Derzeit bieten wir verschiedene Thulium-Faser- und Kristalllasermodelle mit unterschiedlichen Ausgangsleistungen bis zu 250 W an","publisher":{"@id":"https:\/\/www.futonics.de\/#organization"},"potentialAction":[{"@type":"SearchAction","target":{"@type":"EntryPoint","urlTemplate":"https:\/\/www.futonics.de\/?s={search_term_string}"},"query-input":{"@type":"PropertyValueSpecification","valueRequired":true,"valueName":"search_term_string"}}],"inLanguage":"de"},{"@type":"Organization","@id":"https:\/\/www.futonics.de\/#organization","name":"2-\u00b5m-Einmoden-Faserlasersysteme","url":"https:\/\/www.futonics.de\/","logo":{"@type":"ImageObject","inLanguage":"de","@id":"https:\/\/www.futonics.de\/#\/schema\/logo\/image\/","url":"https:\/\/www.futonics.de\/wp-content\/uploads\/2018\/11\/cropped-Futonics-Laser-Logo-weiss.png","contentUrl":"https:\/\/www.futonics.de\/wp-content\/uploads\/2018\/11\/cropped-Futonics-Laser-Logo-weiss.png","width":855,"height":220,"caption":"2-\u00b5m-Einmoden-Faserlasersysteme "},"image":{"@id":"https:\/\/www.futonics.de\/#\/schema\/logo\/image\/"}}]}},"coauthors":[],"author_meta":{"author_link":"https:\/\/www.futonics.de\/de\/author\/mkaule\/","display_name":"MKaule"},"relative_dates":{"created":"Ver\u00f6ffentlicht 8\u00a0Jahren vor","modified":"Aktualisiert 5\u00a0Jahren vor"},"absolute_dates":{"created":"Ver\u00f6ffentlicht am 19. September 2018","modified":"Aktualisiert am 24. September 2021"},"absolute_dates_time":{"created":"Ver\u00f6ffentlicht am 19. September 2018 16:03","modified":"Aktualisiert am 24. September 2021 11:52"},"featured_img_caption":"","featured_img":false,"series_order":"","_links":{"self":[{"href":"https:\/\/www.futonics.de\/de\/wp-json\/wp\/v2\/pages\/34","targetHints":{"allow":["GET"]}}],"collection":[{"href":"https:\/\/www.futonics.de\/de\/wp-json\/wp\/v2\/pages"}],"about":[{"href":"https:\/\/www.futonics.de\/de\/wp-json\/wp\/v2\/types\/page"}],"author":[{"embeddable":true,"href":"https:\/\/www.futonics.de\/de\/wp-json\/wp\/v2\/users\/1"}],"replies":[{"embeddable":true,"href":"https:\/\/www.futonics.de\/de\/wp-json\/wp\/v2\/comments?post=34"}],"version-history":[{"count":144,"href":"https:\/\/www.futonics.de\/de\/wp-json\/wp\/v2\/pages\/34\/revisions"}],"predecessor-version":[{"id":4982,"href":"https:\/\/www.futonics.de\/de\/wp-json\/wp\/v2\/pages\/34\/revisions\/4982"}],"wp:attachment":[{"href":"https:\/\/www.futonics.de\/de\/wp-json\/wp\/v2\/media?parent=34"}],"curies":[{"name":"wp","href":"https:\/\/api.w.org\/{rel}","templated":true}]}}