{"id":3581,"date":"2020-03-17T09:36:55","date_gmt":"2020-03-17T08:36:55","guid":{"rendered":"https:\/\/www.futonics.de\/?page_id=3581"},"modified":"2020-04-01T07:17:06","modified_gmt":"2020-04-01T05:17:06","slug":"f-theta-lenses","status":"publish","type":"page","link":"https:\/\/www.futonics.de\/de\/products\/other\/f-theta-lenses\/","title":{"rendered":"FUTONICS F-THETA OBJEKTIVE"},"content":{"rendered":"\n<p>Zus\u00e4tzlich zu den industriellen Faserlasersystemen bietet Futonics  verschiedene F-Theta Objektive f\u00fcr 2 \u00b5m Laser an, die separat  gekauft werden k\u00f6nnen. <\/p>\n\n\n\n<p>Die neue Futonics-Produktlinie von<a href=\"https:\/\/www.futonics.de\/wp-content\/uploads\/2020\/03\/13032020_-Flyer_F-Theta-Objektive_1.pdf\"> F-Theta-Linsen<\/a> basiert auf Kristalllinsen aus Zinkselenid und Calciumfluorid. Zur Verf\u00fcgung stehen Brennweiten von 170 mm und 345 mm.<br>Hochleistungsanwendungen bei einer Wellenl\u00e4nge von 2 \u00b5m ben\u00f6tigen absorptionsfreie Linsenmaterialien. Die meisten Quarzmaterialien absorbieren aufgrund von intrinsischen OH-Molek\u00fclen bei einer Wellenl\u00e4nge von 2 \u00b5m. Bei mehreren hundert Watt Laserleistung erw\u00e4rmt diese Restabsorption die Linse und verursacht zumindest eine Verzerrung der vorderen W\u00e4rmewellen. In extremen F\u00e4llen rei\u00dft das Material sogar. Anders die bei den F-Theta Objektiven von Futonics.<\/p>\n\n\n\n<p> <\/p>\n\n\n\n<p><\/p>\n\n\n\n<figure class=\"wp-block-gallery columns-1 is-cropped wp-block-gallery-1\"><ul class=\"blocks-gallery-grid\"><li class=\"blocks-gallery-item\"><figure><img loading=\"lazy\" decoding=\"async\" width=\"701\" height=\"511\" src=\"https:\/\/www.futonics.de\/wp-content\/uploads\/2020\/03\/Ausschnitt_PDF_Bilder.png\" alt=\"\" data-id=\"3679\" data-link=\"https:\/\/www.futonics.de\/?attachment_id=3679\" class=\"wp-image-3679 is-layout-flex wp-block-gallery-is-layout-flex\" srcset=\"https:\/\/www.futonics.de\/wp-content\/uploads\/2020\/03\/Ausschnitt_PDF_Bilder.png 701w, https:\/\/www.futonics.de\/wp-content\/uploads\/2020\/03\/Ausschnitt_PDF_Bilder-300x219.png 300w\" sizes=\"auto, (max-width: 701px) 100vw, 701px\" \/><\/figure><\/li><\/ul><\/figure>\n\n\n\n<figure class=\"wp-block-table is-style-stripes\"><table class=\"\"><tbody><tr><td class=\"has-text-align-left\" data-align=\"left\"><strong>Spezifikationen<\/strong><\/td><td><strong>F-TO 170\/2000<\/strong><\/td><td><strong>F-TO 345\/2000<\/strong><\/td><\/tr><tr><td class=\"has-text-align-left\" data-align=\"left\">Design-Wellenl\u00e4nge<\/td><td>1940-2050 nm<\/td><td> 1940-2050 nm<\/td><\/tr><tr><td class=\"has-text-align-left\" data-align=\"left\">Effektive Brennweite<\/td><td>170,2 mm<\/td><td>344,8 mm<\/td><\/tr><tr><td class=\"has-text-align-left\" data-align=\"left\">Max. Eintrittsdurchmesser<\/td><td>10 mm  <\/td><td>20 mm<\/td><\/tr><tr><td class=\"has-text-align-left\" data-align=\"left\">Optischer Scanwinkel <\/td><td>\u00b122\u00b0<\/td><td>\u00b124\u00b0 <\/td><\/tr><tr><td class=\"has-text-align-left\" data-align=\"left\">Arbeitsentfernung <\/td><td>198,7 mm<\/td><td>316,7 mm<\/td><\/tr><tr><td class=\"has-text-align-left\" data-align=\"left\">Scanbereich*<\/td><td>90 mm x 90 mm<\/td><td>205 mm x 205 mm<\/td><\/tr><tr><td class=\"has-text-align-left\" data-align=\"left\">Linsenmaterial<\/td><td>ZnSe, CaF2<\/td><td>ZnSe, CaF2 <\/td><\/tr><tr><td class=\"has-text-align-left\" data-align=\"left\">Spotdurchmesser Fokus <\/td><td>47,6 \u00b5m<\/td><td>88,6 \u00b5m <\/td><\/tr><\/tbody><\/table><\/figure>\n\n\n\n<p>*F\u00fcr ein System mit zwei Spiegeln mit Spiegelabst\u00e4nden vom Objektivgeh\u00e4use: 19,7 mm \/ 35,7 mm <\/p>\n\n\n\n<div class=\"wp-block-columns is-layout-flex wp-container-core-columns-is-layout-28f84493 wp-block-columns-is-layout-flex\">\n<div class=\"wp-block-column is-layout-flow wp-block-column-is-layout-flow\">\n<p class=\"has-text-align-center\"><strong>F-TO 170\/2000<\/strong><\/p>\n\n\n\n<div class=\"wp-block-image\"><figure class=\"aligncenter size-medium\"><img loading=\"lazy\" decoding=\"async\" width=\"207\" height=\"300\" src=\"https:\/\/www.futonics.de\/wp-content\/uploads\/2020\/03\/FTheta-klein-Skizze_rot-1-207x300.png\" alt=\"Futonics F-Theta Objektiv F-TO 170\/2000\" class=\"wp-image-3783\" srcset=\"https:\/\/www.futonics.de\/wp-content\/uploads\/2020\/03\/FTheta-klein-Skizze_rot-1-207x300.png 207w, https:\/\/www.futonics.de\/wp-content\/uploads\/2020\/03\/FTheta-klein-Skizze_rot-1.png 298w\" sizes=\"auto, (max-width: 207px) 100vw, 207px\" \/><\/figure><\/div>\n<\/div>\n\n\n\n<div class=\"wp-block-column is-layout-flow wp-block-column-is-layout-flow\">\n<p class=\"has-text-align-center\"> <strong>F-TO 345\/2000<\/strong> <\/p>\n\n\n\n<div class=\"wp-block-image\"><figure class=\"aligncenter size-medium\"><img loading=\"lazy\" decoding=\"async\" width=\"300\" height=\"294\" src=\"https:\/\/www.futonics.de\/wp-content\/uploads\/2020\/03\/FTheta-gross-Skizze_rot-1-300x294.png\" alt=\"Futonics F-Theta Objektiv F-TO 345\/2000\" class=\"wp-image-3772\" srcset=\"https:\/\/www.futonics.de\/wp-content\/uploads\/2020\/03\/FTheta-gross-Skizze_rot-1-300x294.png 300w, https:\/\/www.futonics.de\/wp-content\/uploads\/2020\/03\/FTheta-gross-Skizze_rot-1-1024x1003.png 1024w, https:\/\/www.futonics.de\/wp-content\/uploads\/2020\/03\/FTheta-gross-Skizze_rot-1-768x752.png 768w, https:\/\/www.futonics.de\/wp-content\/uploads\/2020\/03\/FTheta-gross-Skizze_rot-1.png 1244w\" sizes=\"auto, (max-width: 300px) 100vw, 300px\" \/><\/figure><\/div>\n<\/div>\n<\/div>\n\n\n\n<p><br><br><\/p>\n\n\n\n<div class=\"wp-block-button aligncenter is-style-fill\"><a class=\"wp-block-button__link has-text-color has-white-color has-background has-accent-background-color no-border-radius\" href=\"https:\/\/www.futonics.de\/wp-content\/uploads\/2020\/03\/13032020_-Flyer_F-Theta-Objektive_1.pdf\" target=\"_blank\" rel=\"https:\/\/www.futonics.de\/wp-content\/uploads\/2020\/03\/13032020_-Flyer_F-Theta-Objektive_1.pdf noopener noreferrer\">Datenblatt<\/a><\/div>\n\n\n\n<div class=\"wp-block-advgb-button alignnone is-style-outline\"><a class=\"wp-block-advgb-button_link advgbbtn-aa05c9c0-a8cf-4681-8de1-8c5af01319b1\" href=\"mailto:info@futonics.de?subject=F-Theta Objektive\" target=\"_self\" rel=\"noopener noreferrer\">Fragen zu F-Theta Objektiven<\/a><\/div>\n\n\n\n<p><br><br><\/p>\n<style class=\"advgb-styles-renderer\">.advgbbtn-aa05c9c0-a8cf-4681-8de1-8c5af01319b1{font-size:15px;color:#000000 !important;background-color:#E5E5E5 !important;margin:0px 0px 0px 0px !important;padding:10px 30px 10px 30px;border-width:0px !important;border-color:#000000 !important;border-style:none;border-radius:6px !important;}.advgbbtn-aa05c9c0-a8cf-4681-8de1-8c5af01319b1:hover{color:#ffffff !important;background-color:#d13636 !important;box-shadow:1px 1px 12px 0px #ffffff;opacity:1;transition:all 0.2s ease;}.advgbbtn-aa05c9c0-a8cf-4681-8de1-8c5af01319b1 > i {display: none !important;}<\/style>","protected":false},"excerpt":{"rendered":"<p>Zus\u00e4tzlich zu den industriellen Faserlasersystemen bietet Futonics verschiedene F-Theta Objektive f\u00fcr 2 \u00b5m Laser an, die separat gekauft werden k\u00f6nnen. Die neue Futonics-Produktlinie von F-Theta-Linsen basiert auf Kristalllinsen aus Zinkselenid und Calciumfluorid. Zur Verf\u00fcgung stehen Brennweiten von 170 mm und 345 mm.Hochleistungsanwendungen bei einer Wellenl\u00e4nge von 2 \u00b5m ben\u00f6tigen absorptionsfreie [&hellip;]<\/p>\n","protected":false},"author":1,"featured_media":0,"parent":2140,"menu_order":0,"comment_status":"closed","ping_status":"closed","template":"","meta":{"_editorskit_title_hidden":false,"_editorskit_reading_time":0,"_editorskit_is_block_options_detached":false,"_editorskit_block_options_position":"{}","advgb_blocks_editor_width":"","advgb_blocks_columns_visual_guide":"","footnotes":""},"class_list":["post-3581","page","type-page","status-publish","hentry"],"translation":{"provider":"WPGlobus","version":"3.0.2","language":"de","enabled_languages":["en","de","zh"],"languages":{"en":{"title":true,"content":true,"excerpt":false},"de":{"title":true,"content":true,"excerpt":false},"zh":{"title":true,"content":true,"excerpt":false}}},"yoast_head":"<!-- This site is optimized with the Yoast SEO plugin v27.4 - https:\/\/yoast.com\/product\/yoast-seo-wordpress\/ -->\n<title>FUTONICS F-THETA OBJEKTIVE - 2-\u00b5m-Einmoden-Faserlasersysteme<\/title>\n<meta name=\"description\" content=\"Hochleistungsanwendungen bei einer Wellenl\u00e4nge von 2 \u00b5m ben\u00f6tigen absorptionsfreie Linsenmaterialien, machbar mit den neuen F-Theta Objektiven von Futonics.\" \/>\n<meta name=\"robots\" content=\"index, follow, max-snippet:-1, max-image-preview:large, max-video-preview:-1\" \/>\n<link rel=\"canonical\" href=\"https:\/\/www.futonics.de\/products\/other\/f-theta-lenses\/\" \/>\n<meta property=\"og:locale\" content=\"de_DE\" \/>\n<meta property=\"og:type\" content=\"article\" \/>\n<meta property=\"og:title\" content=\"FUTONICS F-THETA OBJEKTIVE - 2-\u00b5m-Einmoden-Faserlasersysteme\" \/>\n<meta property=\"og:description\" content=\"Hochleistungsanwendungen bei einer Wellenl\u00e4nge von 2 \u00b5m ben\u00f6tigen absorptionsfreie Linsenmaterialien, machbar mit den neuen F-Theta Objektiven von Futonics.\" \/>\n<meta property=\"og:url\" content=\"https:\/\/www.futonics.de\/products\/other\/f-theta-lenses\/\" \/>\n<meta property=\"og:site_name\" content=\"2-\u00b5m-Einmoden-Faserlasersysteme\" \/>\n<meta property=\"article:modified_time\" content=\"2020-04-01T05:17:06+00:00\" \/>\n<meta property=\"og:image\" content=\"https:\/\/www.futonics.de\/wp-content\/uploads\/2020\/03\/Ausschnitt_PDF_Bilder.png\" \/>\n<meta name=\"twitter:card\" content=\"summary_large_image\" \/>\n<meta name=\"twitter:label1\" content=\"Gesch\u00e4tzte Lesezeit\" \/>\n\t<meta name=\"twitter:data1\" content=\"2\u00a0Minuten\" \/>\n<script type=\"application\/ld+json\" class=\"yoast-schema-graph\">{\"@context\":\"https:\\\/\\\/schema.org\",\"@graph\":[{\"@type\":\"WebPage\",\"@id\":\"https:\\\/\\\/www.futonics.de\\\/products\\\/other\\\/f-theta-lenses\\\/\",\"url\":\"https:\\\/\\\/www.futonics.de\\\/products\\\/other\\\/f-theta-lenses\\\/\",\"name\":\"FUTONICS F-THETA OBJEKTIVE - 2-\u00b5m-Einmoden-Faserlasersysteme\",\"isPartOf\":{\"@id\":\"https:\\\/\\\/www.futonics.de\\\/#website\"},\"primaryImageOfPage\":{\"@id\":\"https:\\\/\\\/www.futonics.de\\\/products\\\/other\\\/f-theta-lenses\\\/#primaryimage\"},\"image\":{\"@id\":\"https:\\\/\\\/www.futonics.de\\\/products\\\/other\\\/f-theta-lenses\\\/#primaryimage\"},\"thumbnailUrl\":\"https:\\\/\\\/www.futonics.de\\\/wp-content\\\/uploads\\\/2020\\\/03\\\/Ausschnitt_PDF_Bilder.png\",\"datePublished\":\"2020-03-17T08:36:55+00:00\",\"dateModified\":\"2020-04-01T05:17:06+00:00\",\"description\":\"High-performance applications at a wavelength of 2 \u00b5m require absorption-free lens materials, feasible with the new F-Theta lenses from Futonics.\",\"breadcrumb\":{\"@id\":\"https:\\\/\\\/www.futonics.de\\\/products\\\/other\\\/f-theta-lenses\\\/#breadcrumb\"},\"inLanguage\":\"de\",\"potentialAction\":[{\"@type\":\"ReadAction\",\"target\":[\"https:\\\/\\\/www.futonics.de\\\/products\\\/other\\\/f-theta-lenses\\\/\"]}]},{\"@type\":\"ImageObject\",\"inLanguage\":\"de\",\"@id\":\"https:\\\/\\\/www.futonics.de\\\/products\\\/other\\\/f-theta-lenses\\\/#primaryimage\",\"url\":\"https:\\\/\\\/www.futonics.de\\\/wp-content\\\/uploads\\\/2020\\\/03\\\/Ausschnitt_PDF_Bilder.png\",\"contentUrl\":\"https:\\\/\\\/www.futonics.de\\\/wp-content\\\/uploads\\\/2020\\\/03\\\/Ausschnitt_PDF_Bilder.png\"},{\"@type\":\"BreadcrumbList\",\"@id\":\"https:\\\/\\\/www.futonics.de\\\/products\\\/other\\\/f-theta-lenses\\\/#breadcrumb\",\"itemListElement\":[{\"@type\":\"ListItem\",\"position\":1,\"name\":\"Startseite\",\"item\":\"https:\\\/\\\/www.futonics.de\\\/\"},{\"@type\":\"ListItem\",\"position\":2,\"name\":\"PRODUCTS\",\"item\":\"https:\\\/\\\/www.futonics.de\\\/products\\\/\"},{\"@type\":\"ListItem\",\"position\":3,\"name\":\"ANDERE PRODUKTE\",\"item\":\"https:\\\/\\\/www.futonics.de\\\/products\\\/other\\\/\"},{\"@type\":\"ListItem\",\"position\":4,\"name\":\"FUTONICS F-THETA OBJEKTIVE\"}]},{\"@type\":\"WebSite\",\"@id\":\"https:\\\/\\\/www.futonics.de\\\/#website\",\"url\":\"https:\\\/\\\/www.futonics.de\\\/\",\"name\":\"2-\u00b5m-Einmoden-Faserlasersysteme\",\"description\":\"Derzeit bieten wir verschiedene Thulium-Faser- und Kristalllasermodelle mit unterschiedlichen Ausgangsleistungen bis zu 250 W an\",\"publisher\":{\"@id\":\"https:\\\/\\\/www.futonics.de\\\/#organization\"},\"potentialAction\":[{\"@type\":\"SearchAction\",\"target\":{\"@type\":\"EntryPoint\",\"urlTemplate\":\"https:\\\/\\\/www.futonics.de\\\/?s={search_term_string}\"},\"query-input\":{\"@type\":\"PropertyValueSpecification\",\"valueRequired\":true,\"valueName\":\"search_term_string\"}}],\"inLanguage\":\"de\"},{\"@type\":\"Organization\",\"@id\":\"https:\\\/\\\/www.futonics.de\\\/#organization\",\"name\":\"2-\u00b5m-Einmoden-Faserlasersysteme\",\"url\":\"https:\\\/\\\/www.futonics.de\\\/\",\"logo\":{\"@type\":\"ImageObject\",\"inLanguage\":\"de\",\"@id\":\"https:\\\/\\\/www.futonics.de\\\/#\\\/schema\\\/logo\\\/image\\\/\",\"url\":\"https:\\\/\\\/www.futonics.de\\\/wp-content\\\/uploads\\\/2018\\\/11\\\/cropped-Futonics-Laser-Logo-weiss.png\",\"contentUrl\":\"https:\\\/\\\/www.futonics.de\\\/wp-content\\\/uploads\\\/2018\\\/11\\\/cropped-Futonics-Laser-Logo-weiss.png\",\"width\":855,\"height\":220,\"caption\":\"2-\u00b5m-Einmoden-Faserlasersysteme \"},\"image\":{\"@id\":\"https:\\\/\\\/www.futonics.de\\\/#\\\/schema\\\/logo\\\/image\\\/\"}}]}<\/script>\n<!-- \/ Yoast SEO plugin. -->","yoast_head_json":{"title":"FUTONICS F-THETA OBJEKTIVE - 2-\u00b5m-Einmoden-Faserlasersysteme","description":"Hochleistungsanwendungen bei einer Wellenl\u00e4nge von 2 \u00b5m ben\u00f6tigen absorptionsfreie Linsenmaterialien, machbar mit den neuen F-Theta Objektiven von Futonics.","robots":{"index":"index","follow":"follow","max-snippet":"max-snippet:-1","max-image-preview":"max-image-preview:large","max-video-preview":"max-video-preview:-1"},"canonical":"https:\/\/www.futonics.de\/products\/other\/f-theta-lenses\/","og_locale":"de_DE","og_type":"article","og_title":"FUTONICS F-THETA OBJEKTIVE - 2-\u00b5m-Einmoden-Faserlasersysteme","og_description":"Hochleistungsanwendungen bei einer Wellenl\u00e4nge von 2 \u00b5m ben\u00f6tigen absorptionsfreie Linsenmaterialien, machbar mit den neuen F-Theta Objektiven von Futonics.","og_url":"https:\/\/www.futonics.de\/products\/other\/f-theta-lenses\/","og_site_name":"2-\u00b5m-Einmoden-Faserlasersysteme","article_modified_time":"2020-04-01T05:17:06+00:00","og_image":[{"url":"https:\/\/www.futonics.de\/wp-content\/uploads\/2020\/03\/Ausschnitt_PDF_Bilder.png","type":"","width":"","height":""}],"twitter_card":"summary_large_image","twitter_misc":{"Gesch\u00e4tzte Lesezeit":"2\u00a0Minuten"},"schema":{"@context":"https:\/\/schema.org","@graph":[{"@type":"WebPage","@id":"https:\/\/www.futonics.de\/products\/other\/f-theta-lenses\/","url":"https:\/\/www.futonics.de\/products\/other\/f-theta-lenses\/","name":"FUTONICS F-THETA OBJEKTIVE - 2-\u00b5m-Einmoden-Faserlasersysteme","isPartOf":{"@id":"https:\/\/www.futonics.de\/#website"},"primaryImageOfPage":{"@id":"https:\/\/www.futonics.de\/products\/other\/f-theta-lenses\/#primaryimage"},"image":{"@id":"https:\/\/www.futonics.de\/products\/other\/f-theta-lenses\/#primaryimage"},"thumbnailUrl":"https:\/\/www.futonics.de\/wp-content\/uploads\/2020\/03\/Ausschnitt_PDF_Bilder.png","datePublished":"2020-03-17T08:36:55+00:00","dateModified":"2020-04-01T05:17:06+00:00","description":"High-performance applications at a wavelength of 2 \u00b5m require absorption-free lens materials, feasible with the new F-Theta lenses from Futonics.","breadcrumb":{"@id":"https:\/\/www.futonics.de\/products\/other\/f-theta-lenses\/#breadcrumb"},"inLanguage":"de","potentialAction":[{"@type":"ReadAction","target":["https:\/\/www.futonics.de\/products\/other\/f-theta-lenses\/"]}]},{"@type":"ImageObject","inLanguage":"de","@id":"https:\/\/www.futonics.de\/products\/other\/f-theta-lenses\/#primaryimage","url":"https:\/\/www.futonics.de\/wp-content\/uploads\/2020\/03\/Ausschnitt_PDF_Bilder.png","contentUrl":"https:\/\/www.futonics.de\/wp-content\/uploads\/2020\/03\/Ausschnitt_PDF_Bilder.png"},{"@type":"BreadcrumbList","@id":"https:\/\/www.futonics.de\/products\/other\/f-theta-lenses\/#breadcrumb","itemListElement":[{"@type":"ListItem","position":1,"name":"Startseite","item":"https:\/\/www.futonics.de\/"},{"@type":"ListItem","position":2,"name":"PRODUCTS","item":"https:\/\/www.futonics.de\/products\/"},{"@type":"ListItem","position":3,"name":"ANDERE PRODUKTE","item":"https:\/\/www.futonics.de\/products\/other\/"},{"@type":"ListItem","position":4,"name":"FUTONICS F-THETA OBJEKTIVE"}]},{"@type":"WebSite","@id":"https:\/\/www.futonics.de\/#website","url":"https:\/\/www.futonics.de\/","name":"2-\u00b5m-Einmoden-Faserlasersysteme","description":"Derzeit bieten wir verschiedene Thulium-Faser- und Kristalllasermodelle mit unterschiedlichen Ausgangsleistungen bis zu 250 W an","publisher":{"@id":"https:\/\/www.futonics.de\/#organization"},"potentialAction":[{"@type":"SearchAction","target":{"@type":"EntryPoint","urlTemplate":"https:\/\/www.futonics.de\/?s={search_term_string}"},"query-input":{"@type":"PropertyValueSpecification","valueRequired":true,"valueName":"search_term_string"}}],"inLanguage":"de"},{"@type":"Organization","@id":"https:\/\/www.futonics.de\/#organization","name":"2-\u00b5m-Einmoden-Faserlasersysteme","url":"https:\/\/www.futonics.de\/","logo":{"@type":"ImageObject","inLanguage":"de","@id":"https:\/\/www.futonics.de\/#\/schema\/logo\/image\/","url":"https:\/\/www.futonics.de\/wp-content\/uploads\/2018\/11\/cropped-Futonics-Laser-Logo-weiss.png","contentUrl":"https:\/\/www.futonics.de\/wp-content\/uploads\/2018\/11\/cropped-Futonics-Laser-Logo-weiss.png","width":855,"height":220,"caption":"2-\u00b5m-Einmoden-Faserlasersysteme "},"image":{"@id":"https:\/\/www.futonics.de\/#\/schema\/logo\/image\/"}}]}},"coauthors":[],"author_meta":{"author_link":"https:\/\/www.futonics.de\/de\/author\/mkaule\/","display_name":"MKaule"},"relative_dates":{"created":"Ver\u00f6ffentlicht 6\u00a0Jahren vor","modified":"Aktualisiert 6\u00a0Jahren vor"},"absolute_dates":{"created":"Ver\u00f6ffentlicht am 17. M\u00e4rz 2020","modified":"Aktualisiert am 1. April 2020"},"absolute_dates_time":{"created":"Ver\u00f6ffentlicht am 17. M\u00e4rz 2020 9:36","modified":"Aktualisiert am 1. April 2020 7:17"},"featured_img_caption":"","featured_img":false,"series_order":"","_links":{"self":[{"href":"https:\/\/www.futonics.de\/de\/wp-json\/wp\/v2\/pages\/3581","targetHints":{"allow":["GET"]}}],"collection":[{"href":"https:\/\/www.futonics.de\/de\/wp-json\/wp\/v2\/pages"}],"about":[{"href":"https:\/\/www.futonics.de\/de\/wp-json\/wp\/v2\/types\/page"}],"author":[{"embeddable":true,"href":"https:\/\/www.futonics.de\/de\/wp-json\/wp\/v2\/users\/1"}],"replies":[{"embeddable":true,"href":"https:\/\/www.futonics.de\/de\/wp-json\/wp\/v2\/comments?post=3581"}],"version-history":[{"count":137,"href":"https:\/\/www.futonics.de\/de\/wp-json\/wp\/v2\/pages\/3581\/revisions"}],"predecessor-version":[{"id":4168,"href":"https:\/\/www.futonics.de\/de\/wp-json\/wp\/v2\/pages\/3581\/revisions\/4168"}],"up":[{"embeddable":true,"href":"https:\/\/www.futonics.de\/de\/wp-json\/wp\/v2\/pages\/2140"}],"wp:attachment":[{"href":"https:\/\/www.futonics.de\/de\/wp-json\/wp\/v2\/media?parent=3581"}],"curies":[{"name":"wp","href":"https:\/\/api.w.org\/{rel}","templated":true}]}}