{"id":4185,"date":"2020-08-27T09:02:29","date_gmt":"2020-08-27T07:02:29","guid":{"rendered":"https:\/\/www.futonics.de\/?page_id=4185"},"modified":"2020-09-02T07:35:52","modified_gmt":"2020-09-02T05:35:52","slug":"processing-heads","status":"publish","type":"page","link":"https:\/\/www.futonics.de\/de\/products\/other\/processing-heads\/","title":{"rendered":"BEARBEITUNGSK\u00d6PFE"},"content":{"rendered":"\n<p>Futonics Laserbearbeitungsk\u00f6pfe k\u00f6nnen mit einem 5-Achsen-System oder einem Roboterarm arbeiten, um unregelm\u00e4\u00dfigen Geometrien zu folgen. Unsere Faserlaser bieten hochwertige Strahlen, um Ihre unterschiedlichen Anforderungen f\u00fcr verschiedene Verarbeitungsszenarien zu erf\u00fcllen. Der Futonics-Laserkopf mit optischem Pr\u00e4zisionsdesign verbessert die Produktqualit\u00e4t, erh\u00f6ht die Leistung und erleichtert die Herstellung von Pr\u00e4zisionsprodukten.<\/p>\n\n\n\n<p> <\/p>\n\n\n\n<p><\/p>\n\n\n\n<figure class=\"wp-block-gallery columns-1 is-cropped wp-block-gallery-1\"><ul class=\"blocks-gallery-grid\"><li class=\"blocks-gallery-item\"><figure><img loading=\"lazy\" decoding=\"async\" width=\"1024\" height=\"1024\" src=\"https:\/\/www.futonics.de\/wp-content\/uploads\/2020\/08\/Bearbeitungskoepfe__alle_update1-1024x1024.png\" alt=\"\" data-id=\"4448\" data-full-url=\"https:\/\/www.futonics.de\/wp-content\/uploads\/2020\/08\/Bearbeitungskoepfe__alle_update1.png\" data-link=\"https:\/\/www.futonics.de\/?attachment_id=4448\" class=\"wp-image-4448 is-layout-flex wp-block-gallery-is-layout-flex\" srcset=\"https:\/\/www.futonics.de\/wp-content\/uploads\/2020\/08\/Bearbeitungskoepfe__alle_update1-1024x1024.png 1024w, https:\/\/www.futonics.de\/wp-content\/uploads\/2020\/08\/Bearbeitungskoepfe__alle_update1-300x300.png 300w, https:\/\/www.futonics.de\/wp-content\/uploads\/2020\/08\/Bearbeitungskoepfe__alle_update1-150x150.png 150w, https:\/\/www.futonics.de\/wp-content\/uploads\/2020\/08\/Bearbeitungskoepfe__alle_update1-768x768.png 768w, https:\/\/www.futonics.de\/wp-content\/uploads\/2020\/08\/Bearbeitungskoepfe__alle_update1-1536x1536.png 1536w, https:\/\/www.futonics.de\/wp-content\/uploads\/2020\/08\/Bearbeitungskoepfe__alle_update1-2048x2048.png 2048w\" sizes=\"auto, (max-width: 1024px) 100vw, 1024px\" \/><\/figure><\/li><\/ul><\/figure>\n\n\n\n<figure class=\"wp-block-table is-style-stripes\"><table class=\"\"><tbody><tr><td class=\"has-text-align-left\" data-align=\"left\"><strong>Spezifikationen<\/strong><\/td><td><strong>FMH1000\/1000<\/strong><\/td><td><strong>FMH160\/40<\/strong><\/td><td><strong>FMH100\/9<\/strong>   <\/td><\/tr><tr><td class=\"has-text-align-left\" data-align=\"left\">Wellenl\u00e4nge [nm]      <\/td><td>1940 &#8211; 2050<\/td><td> 1940 &#8211; 2050 <\/td><td> 1940 &#8211; 2050 <\/td><\/tr><tr><td class=\"has-text-align-left\" data-align=\"left\">Distanz Geh\u00e4use &#8211; Fokus [mm]<\/td><td>10<\/td><td>46<\/td><td>9<\/td><\/tr><tr><td class=\"has-text-align-left\" data-align=\"left\">Distanz Objektiv &#8211; Fokus [mm] <\/td><td>1000<\/td><td>160<\/td><td>100<\/td><\/tr><tr><td class=\"has-text-align-left\" data-align=\"left\">Strahldurchmesser Fokus (1\/e\u00b2) [\u00b5m]<\/td><td>1000<\/td><td>40<\/td><td>9<\/td><\/tr><tr><td class=\"has-text-align-left\" data-align=\"left\">Strahld. Fokus (Beugungsscheibchen) [\u00b5m]<\/td><td>2000<\/td><td>80<\/td><td>18<\/td><\/tr><tr><td class=\"has-text-align-left\" data-align=\"left\">NA Input<\/td><td>0,14<\/td><td>0,15<\/td><td>0,22<\/td><\/tr><tr><td class=\"has-text-align-left\" data-align=\"left\">NA Objekt<\/td><td>0,0006<\/td><td>0,03<\/td><td>0,138<\/td><\/tr><tr><td class=\"has-text-align-left\" data-align=\"left\">Faserstecker<\/td><td>SMA<\/td><td>QBH<\/td><td>SMA\/QBH<\/td><\/tr><tr><td class=\"has-text-align-left\" data-align=\"left\">Geh\u00e4usegr\u00f6\u00dfe [mm]<\/td><td>48,5 x 39,6<\/td><td>250 x 43,1<\/td><td>448 x 99,96<\/td><\/tr><tr><td class=\"has-text-align-left\" data-align=\"left\">Gewicht<\/td><td>110<\/td><td>560<\/td><td>1600<\/td><\/tr><tr><td class=\"has-text-align-left\" data-align=\"left\">Geeignet f\u00fcr Laserleistung [W]<\/td><td>50<\/td><td>200<\/td><td>50\/200<\/td><\/tr><tr><td class=\"has-text-align-left\" data-align=\"left\">Applikation<\/td><td>Schwei\u00dfen<\/td><td>Schneiden<\/td><td>Schneiden<\/td><\/tr><\/tbody><\/table><\/figure>\n\n\n\n<p><br><br><\/p>\n\n\n\n<figure class=\"wp-block-gallery columns-3 is-cropped wp-block-gallery-2\"><ul class=\"blocks-gallery-grid\"><li class=\"blocks-gallery-item\"><figure><img loading=\"lazy\" decoding=\"async\" width=\"1024\" height=\"1024\" src=\"https:\/\/www.futonics.de\/wp-content\/uploads\/2020\/09\/Bearbeitungskopf100_01_render-1024x1024.png\" alt=\"\" data-id=\"4545\" data-full-url=\"https:\/\/www.futonics.de\/wp-content\/uploads\/2020\/09\/Bearbeitungskopf100_01_render.png\" data-link=\"https:\/\/www.futonics.de\/products\/other\/processing-heads\/bearbeitungskopf100_01_render\/\" class=\"wp-image-4545\" srcset=\"https:\/\/www.futonics.de\/wp-content\/uploads\/2020\/09\/Bearbeitungskopf100_01_render-1024x1024.png 1024w, https:\/\/www.futonics.de\/wp-content\/uploads\/2020\/09\/Bearbeitungskopf100_01_render-300x300.png 300w, https:\/\/www.futonics.de\/wp-content\/uploads\/2020\/09\/Bearbeitungskopf100_01_render-150x150.png 150w, https:\/\/www.futonics.de\/wp-content\/uploads\/2020\/09\/Bearbeitungskopf100_01_render-768x768.png 768w, https:\/\/www.futonics.de\/wp-content\/uploads\/2020\/09\/Bearbeitungskopf100_01_render-1536x1536.png 1536w, https:\/\/www.futonics.de\/wp-content\/uploads\/2020\/09\/Bearbeitungskopf100_01_render-2048x2048.png 2048w\" sizes=\"auto, (max-width: 1024px) 100vw, 1024px\" \/><figcaption class=\"blocks-gallery-item__caption is-layout-flex wp-block-gallery-is-layout-flex\">FMH100\/9<\/figcaption><\/figure><\/li><li class=\"blocks-gallery-item\"><figure><img loading=\"lazy\" decoding=\"async\" width=\"1024\" height=\"1024\" src=\"https:\/\/www.futonics.de\/wp-content\/uploads\/2020\/09\/Bearbeitungskopf160-1024x1024.png\" alt=\"\" data-id=\"4546\" data-full-url=\"https:\/\/www.futonics.de\/wp-content\/uploads\/2020\/09\/Bearbeitungskopf160.png\" data-link=\"https:\/\/www.futonics.de\/products\/other\/processing-heads\/bearbeitungskopf160\/\" class=\"wp-image-4546\" srcset=\"https:\/\/www.futonics.de\/wp-content\/uploads\/2020\/09\/Bearbeitungskopf160-1024x1024.png 1024w, https:\/\/www.futonics.de\/wp-content\/uploads\/2020\/09\/Bearbeitungskopf160-300x300.png 300w, https:\/\/www.futonics.de\/wp-content\/uploads\/2020\/09\/Bearbeitungskopf160-150x150.png 150w, https:\/\/www.futonics.de\/wp-content\/uploads\/2020\/09\/Bearbeitungskopf160-768x768.png 768w, https:\/\/www.futonics.de\/wp-content\/uploads\/2020\/09\/Bearbeitungskopf160-1536x1536.png 1536w, https:\/\/www.futonics.de\/wp-content\/uploads\/2020\/09\/Bearbeitungskopf160-2048x2048.png 2048w\" sizes=\"auto, (max-width: 1024px) 100vw, 1024px\" \/><figcaption class=\"blocks-gallery-item__caption\">FMH160\/40<\/figcaption><\/figure><\/li><li class=\"blocks-gallery-item\"><figure><img loading=\"lazy\" decoding=\"async\" width=\"1024\" height=\"1024\" src=\"https:\/\/www.futonics.de\/wp-content\/uploads\/2020\/09\/Bearbeitungskopf1000_2-1024x1024.png\" alt=\"\" data-id=\"4547\" data-full-url=\"https:\/\/www.futonics.de\/wp-content\/uploads\/2020\/09\/Bearbeitungskopf1000_2.png\" data-link=\"https:\/\/www.futonics.de\/products\/other\/processing-heads\/bearbeitungskopf1000_2\/\" class=\"wp-image-4547\" srcset=\"https:\/\/www.futonics.de\/wp-content\/uploads\/2020\/09\/Bearbeitungskopf1000_2-1024x1024.png 1024w, https:\/\/www.futonics.de\/wp-content\/uploads\/2020\/09\/Bearbeitungskopf1000_2-300x300.png 300w, https:\/\/www.futonics.de\/wp-content\/uploads\/2020\/09\/Bearbeitungskopf1000_2-150x150.png 150w, https:\/\/www.futonics.de\/wp-content\/uploads\/2020\/09\/Bearbeitungskopf1000_2-768x768.png 768w, https:\/\/www.futonics.de\/wp-content\/uploads\/2020\/09\/Bearbeitungskopf1000_2-1536x1536.png 1536w, https:\/\/www.futonics.de\/wp-content\/uploads\/2020\/09\/Bearbeitungskopf1000_2-2048x2048.png 2048w\" sizes=\"auto, (max-width: 1024px) 100vw, 1024px\" \/><figcaption class=\"blocks-gallery-item__caption\">FMH1000\/1000<\/figcaption><\/figure><\/li><\/ul><\/figure>\n\n\n\n<p><br><br><\/p>\n\n\n\n<div class=\"wp-block-advgb-button alignnone is-style-outline\"><a class=\"wp-block-advgb-button_link advgbbtn-aa05c9c0-a8cf-4681-8de1-8c5af01319b1\" href=\"mailto:info@futonics.de?subject=Frage zu Bearbeitungsk\u00f6pfen\" target=\"_self\" rel=\"noopener noreferrer\">Fragen zu Bearbeitungsk\u00f6pfen<\/a><\/div>\n\n\n\n<p><br><br><\/p>\n<style class=\"advgb-styles-renderer\">.advgbbtn-aa05c9c0-a8cf-4681-8de1-8c5af01319b1{font-size:15px;color:#d13636 !important;background-color:#E5E5E5 !important;margin:0px 0px 0px 0px !important;padding:10px 30px 10px 30px;border-width:0px !important;border-color:#000000 !important;border-style:none;border-radius:6px !important;}.advgbbtn-aa05c9c0-a8cf-4681-8de1-8c5af01319b1:hover{color:#ffffff !important;background-color:#d13636 !important;box-shadow:1px 1px 12px 0px #ffffff;opacity:1;transition:all 0.2s ease;}.advgbbtn-aa05c9c0-a8cf-4681-8de1-8c5af01319b1 > i {display: none !important;}<\/style>","protected":false},"excerpt":{"rendered":"<p>Futonics Laserbearbeitungsk\u00f6pfe k\u00f6nnen mit einem 5-Achsen-System oder einem Roboterarm arbeiten, um unregelm\u00e4\u00dfigen Geometrien zu folgen. Unsere Faserlaser bieten hochwertige Strahlen, um Ihre unterschiedlichen Anforderungen f\u00fcr verschiedene Verarbeitungsszenarien zu erf\u00fcllen. Der Futonics-Laserkopf mit optischem Pr\u00e4zisionsdesign verbessert die Produktqualit\u00e4t, erh\u00f6ht die Leistung und erleichtert die Herstellung von Pr\u00e4zisionsprodukten. Spezifikationen FMH1000\/1000 FMH160\/40 FMH100\/9 [&hellip;]<\/p>\n","protected":false},"author":1,"featured_media":0,"parent":2140,"menu_order":0,"comment_status":"closed","ping_status":"closed","template":"","meta":{"_editorskit_title_hidden":false,"_editorskit_reading_time":0,"_editorskit_is_block_options_detached":false,"_editorskit_block_options_position":"{}","advgb_blocks_editor_width":"","advgb_blocks_columns_visual_guide":"","footnotes":""},"class_list":["post-4185","page","type-page","status-publish","hentry"],"translation":{"provider":"WPGlobus","version":"3.0.2","language":"de","enabled_languages":["en","de","zh"],"languages":{"en":{"title":true,"content":true,"excerpt":false},"de":{"title":true,"content":true,"excerpt":false},"zh":{"title":true,"content":true,"excerpt":false}}},"yoast_head":"<!-- This site is optimized with the Yoast SEO plugin v27.4 - https:\/\/yoast.com\/product\/yoast-seo-wordpress\/ -->\n<title>BEARBEITUNGSK\u00d6PFE - 2-\u00b5m-Einmoden-Faserlasersysteme<\/title>\n<meta name=\"robots\" content=\"index, follow, max-snippet:-1, max-image-preview:large, max-video-preview:-1\" \/>\n<link rel=\"canonical\" href=\"https:\/\/www.futonics.de\/products\/other\/processing-heads\/\" \/>\n<meta property=\"og:locale\" content=\"de_DE\" \/>\n<meta property=\"og:type\" content=\"article\" \/>\n<meta property=\"og:title\" content=\"BEARBEITUNGSK\u00d6PFE - 2-\u00b5m-Einmoden-Faserlasersysteme\" \/>\n<meta property=\"og:url\" content=\"https:\/\/www.futonics.de\/products\/other\/processing-heads\/\" \/>\n<meta property=\"og:site_name\" content=\"2-\u00b5m-Einmoden-Faserlasersysteme\" \/>\n<meta property=\"article:modified_time\" content=\"2020-09-02T05:35:52+00:00\" \/>\n<meta property=\"og:image\" content=\"https:\/\/www.futonics.de\/wp-content\/uploads\/2020\/08\/Bearbeitungskoepfe__alle_update1-1024x1024.png\" \/>\n<meta name=\"twitter:card\" content=\"summary_large_image\" \/>\n<meta name=\"twitter:label1\" content=\"Gesch\u00e4tzte Lesezeit\" \/>\n\t<meta name=\"twitter:data1\" content=\"1\u00a0Minute\" \/>\n<script type=\"application\/ld+json\" class=\"yoast-schema-graph\">{\"@context\":\"https:\\\/\\\/schema.org\",\"@graph\":[{\"@type\":\"WebPage\",\"@id\":\"https:\\\/\\\/www.futonics.de\\\/products\\\/other\\\/processing-heads\\\/\",\"url\":\"https:\\\/\\\/www.futonics.de\\\/products\\\/other\\\/processing-heads\\\/\",\"name\":\"BEARBEITUNGSK\u00d6PFE - 2-\u00b5m-Einmoden-Faserlasersysteme\",\"isPartOf\":{\"@id\":\"https:\\\/\\\/www.futonics.de\\\/#website\"},\"primaryImageOfPage\":{\"@id\":\"https:\\\/\\\/www.futonics.de\\\/products\\\/other\\\/processing-heads\\\/#primaryimage\"},\"image\":{\"@id\":\"https:\\\/\\\/www.futonics.de\\\/products\\\/other\\\/processing-heads\\\/#primaryimage\"},\"thumbnailUrl\":\"https:\\\/\\\/www.futonics.de\\\/wp-content\\\/uploads\\\/2020\\\/08\\\/Bearbeitungskoepfe__alle_update1-1024x1024.png\",\"datePublished\":\"2020-08-27T07:02:29+00:00\",\"dateModified\":\"2020-09-02T05:35:52+00:00\",\"breadcrumb\":{\"@id\":\"https:\\\/\\\/www.futonics.de\\\/products\\\/other\\\/processing-heads\\\/#breadcrumb\"},\"inLanguage\":\"de\",\"potentialAction\":[{\"@type\":\"ReadAction\",\"target\":[\"https:\\\/\\\/www.futonics.de\\\/products\\\/other\\\/processing-heads\\\/\"]}]},{\"@type\":\"ImageObject\",\"inLanguage\":\"de\",\"@id\":\"https:\\\/\\\/www.futonics.de\\\/products\\\/other\\\/processing-heads\\\/#primaryimage\",\"url\":\"https:\\\/\\\/www.futonics.de\\\/wp-content\\\/uploads\\\/2020\\\/08\\\/Bearbeitungskoepfe__alle_update1-1024x1024.png\",\"contentUrl\":\"https:\\\/\\\/www.futonics.de\\\/wp-content\\\/uploads\\\/2020\\\/08\\\/Bearbeitungskoepfe__alle_update1-1024x1024.png\"},{\"@type\":\"BreadcrumbList\",\"@id\":\"https:\\\/\\\/www.futonics.de\\\/products\\\/other\\\/processing-heads\\\/#breadcrumb\",\"itemListElement\":[{\"@type\":\"ListItem\",\"position\":1,\"name\":\"Startseite\",\"item\":\"https:\\\/\\\/www.futonics.de\\\/\"},{\"@type\":\"ListItem\",\"position\":2,\"name\":\"PRODUCTS\",\"item\":\"https:\\\/\\\/www.futonics.de\\\/products\\\/\"},{\"@type\":\"ListItem\",\"position\":3,\"name\":\"ANDERE PRODUKTE\",\"item\":\"https:\\\/\\\/www.futonics.de\\\/products\\\/other\\\/\"},{\"@type\":\"ListItem\",\"position\":4,\"name\":\"BEARBEITUNGSK\u00d6PFE\"}]},{\"@type\":\"WebSite\",\"@id\":\"https:\\\/\\\/www.futonics.de\\\/#website\",\"url\":\"https:\\\/\\\/www.futonics.de\\\/\",\"name\":\"2-\u00b5m-Einmoden-Faserlasersysteme\",\"description\":\"Derzeit bieten wir verschiedene Thulium-Faser- und Kristalllasermodelle mit unterschiedlichen Ausgangsleistungen bis zu 250 W an\",\"publisher\":{\"@id\":\"https:\\\/\\\/www.futonics.de\\\/#organization\"},\"potentialAction\":[{\"@type\":\"SearchAction\",\"target\":{\"@type\":\"EntryPoint\",\"urlTemplate\":\"https:\\\/\\\/www.futonics.de\\\/?s={search_term_string}\"},\"query-input\":{\"@type\":\"PropertyValueSpecification\",\"valueRequired\":true,\"valueName\":\"search_term_string\"}}],\"inLanguage\":\"de\"},{\"@type\":\"Organization\",\"@id\":\"https:\\\/\\\/www.futonics.de\\\/#organization\",\"name\":\"2-\u00b5m-Einmoden-Faserlasersysteme\",\"url\":\"https:\\\/\\\/www.futonics.de\\\/\",\"logo\":{\"@type\":\"ImageObject\",\"inLanguage\":\"de\",\"@id\":\"https:\\\/\\\/www.futonics.de\\\/#\\\/schema\\\/logo\\\/image\\\/\",\"url\":\"https:\\\/\\\/www.futonics.de\\\/wp-content\\\/uploads\\\/2018\\\/11\\\/cropped-Futonics-Laser-Logo-weiss.png\",\"contentUrl\":\"https:\\\/\\\/www.futonics.de\\\/wp-content\\\/uploads\\\/2018\\\/11\\\/cropped-Futonics-Laser-Logo-weiss.png\",\"width\":855,\"height\":220,\"caption\":\"2-\u00b5m-Einmoden-Faserlasersysteme \"},\"image\":{\"@id\":\"https:\\\/\\\/www.futonics.de\\\/#\\\/schema\\\/logo\\\/image\\\/\"}}]}<\/script>\n<!-- \/ Yoast SEO plugin. -->","yoast_head_json":{"title":"BEARBEITUNGSK\u00d6PFE - 2-\u00b5m-Einmoden-Faserlasersysteme","robots":{"index":"index","follow":"follow","max-snippet":"max-snippet:-1","max-image-preview":"max-image-preview:large","max-video-preview":"max-video-preview:-1"},"canonical":"https:\/\/www.futonics.de\/products\/other\/processing-heads\/","og_locale":"de_DE","og_type":"article","og_title":"BEARBEITUNGSK\u00d6PFE - 2-\u00b5m-Einmoden-Faserlasersysteme","og_url":"https:\/\/www.futonics.de\/products\/other\/processing-heads\/","og_site_name":"2-\u00b5m-Einmoden-Faserlasersysteme","article_modified_time":"2020-09-02T05:35:52+00:00","og_image":[{"url":"https:\/\/www.futonics.de\/wp-content\/uploads\/2020\/08\/Bearbeitungskoepfe__alle_update1-1024x1024.png","type":"","width":"","height":""}],"twitter_card":"summary_large_image","twitter_misc":{"Gesch\u00e4tzte Lesezeit":"1\u00a0Minute"},"schema":{"@context":"https:\/\/schema.org","@graph":[{"@type":"WebPage","@id":"https:\/\/www.futonics.de\/products\/other\/processing-heads\/","url":"https:\/\/www.futonics.de\/products\/other\/processing-heads\/","name":"BEARBEITUNGSK\u00d6PFE - 2-\u00b5m-Einmoden-Faserlasersysteme","isPartOf":{"@id":"https:\/\/www.futonics.de\/#website"},"primaryImageOfPage":{"@id":"https:\/\/www.futonics.de\/products\/other\/processing-heads\/#primaryimage"},"image":{"@id":"https:\/\/www.futonics.de\/products\/other\/processing-heads\/#primaryimage"},"thumbnailUrl":"https:\/\/www.futonics.de\/wp-content\/uploads\/2020\/08\/Bearbeitungskoepfe__alle_update1-1024x1024.png","datePublished":"2020-08-27T07:02:29+00:00","dateModified":"2020-09-02T05:35:52+00:00","breadcrumb":{"@id":"https:\/\/www.futonics.de\/products\/other\/processing-heads\/#breadcrumb"},"inLanguage":"de","potentialAction":[{"@type":"ReadAction","target":["https:\/\/www.futonics.de\/products\/other\/processing-heads\/"]}]},{"@type":"ImageObject","inLanguage":"de","@id":"https:\/\/www.futonics.de\/products\/other\/processing-heads\/#primaryimage","url":"https:\/\/www.futonics.de\/wp-content\/uploads\/2020\/08\/Bearbeitungskoepfe__alle_update1-1024x1024.png","contentUrl":"https:\/\/www.futonics.de\/wp-content\/uploads\/2020\/08\/Bearbeitungskoepfe__alle_update1-1024x1024.png"},{"@type":"BreadcrumbList","@id":"https:\/\/www.futonics.de\/products\/other\/processing-heads\/#breadcrumb","itemListElement":[{"@type":"ListItem","position":1,"name":"Startseite","item":"https:\/\/www.futonics.de\/"},{"@type":"ListItem","position":2,"name":"PRODUCTS","item":"https:\/\/www.futonics.de\/products\/"},{"@type":"ListItem","position":3,"name":"ANDERE PRODUKTE","item":"https:\/\/www.futonics.de\/products\/other\/"},{"@type":"ListItem","position":4,"name":"BEARBEITUNGSK\u00d6PFE"}]},{"@type":"WebSite","@id":"https:\/\/www.futonics.de\/#website","url":"https:\/\/www.futonics.de\/","name":"2-\u00b5m-Einmoden-Faserlasersysteme","description":"Derzeit bieten wir verschiedene Thulium-Faser- und Kristalllasermodelle mit unterschiedlichen Ausgangsleistungen bis zu 250 W an","publisher":{"@id":"https:\/\/www.futonics.de\/#organization"},"potentialAction":[{"@type":"SearchAction","target":{"@type":"EntryPoint","urlTemplate":"https:\/\/www.futonics.de\/?s={search_term_string}"},"query-input":{"@type":"PropertyValueSpecification","valueRequired":true,"valueName":"search_term_string"}}],"inLanguage":"de"},{"@type":"Organization","@id":"https:\/\/www.futonics.de\/#organization","name":"2-\u00b5m-Einmoden-Faserlasersysteme","url":"https:\/\/www.futonics.de\/","logo":{"@type":"ImageObject","inLanguage":"de","@id":"https:\/\/www.futonics.de\/#\/schema\/logo\/image\/","url":"https:\/\/www.futonics.de\/wp-content\/uploads\/2018\/11\/cropped-Futonics-Laser-Logo-weiss.png","contentUrl":"https:\/\/www.futonics.de\/wp-content\/uploads\/2018\/11\/cropped-Futonics-Laser-Logo-weiss.png","width":855,"height":220,"caption":"2-\u00b5m-Einmoden-Faserlasersysteme "},"image":{"@id":"https:\/\/www.futonics.de\/#\/schema\/logo\/image\/"}}]}},"coauthors":[],"author_meta":{"author_link":"https:\/\/www.futonics.de\/de\/author\/mkaule\/","display_name":"MKaule"},"relative_dates":{"created":"Ver\u00f6ffentlicht 6\u00a0Jahren vor","modified":"Aktualisiert 6\u00a0Jahren vor"},"absolute_dates":{"created":"Ver\u00f6ffentlicht am 27. August 2020","modified":"Aktualisiert am 2. September 2020"},"absolute_dates_time":{"created":"Ver\u00f6ffentlicht am 27. August 2020 9:02","modified":"Aktualisiert am 2. September 2020 7:35"},"featured_img_caption":"","featured_img":false,"series_order":"","_links":{"self":[{"href":"https:\/\/www.futonics.de\/de\/wp-json\/wp\/v2\/pages\/4185","targetHints":{"allow":["GET"]}}],"collection":[{"href":"https:\/\/www.futonics.de\/de\/wp-json\/wp\/v2\/pages"}],"about":[{"href":"https:\/\/www.futonics.de\/de\/wp-json\/wp\/v2\/types\/page"}],"author":[{"embeddable":true,"href":"https:\/\/www.futonics.de\/de\/wp-json\/wp\/v2\/users\/1"}],"replies":[{"embeddable":true,"href":"https:\/\/www.futonics.de\/de\/wp-json\/wp\/v2\/comments?post=4185"}],"version-history":[{"count":63,"href":"https:\/\/www.futonics.de\/de\/wp-json\/wp\/v2\/pages\/4185\/revisions"}],"predecessor-version":[{"id":4552,"href":"https:\/\/www.futonics.de\/de\/wp-json\/wp\/v2\/pages\/4185\/revisions\/4552"}],"up":[{"embeddable":true,"href":"https:\/\/www.futonics.de\/de\/wp-json\/wp\/v2\/pages\/2140"}],"wp:attachment":[{"href":"https:\/\/www.futonics.de\/de\/wp-json\/wp\/v2\/media?parent=4185"}],"curies":[{"name":"wp","href":"https:\/\/api.w.org\/{rel}","templated":true}]}}