{"id":4256,"date":"2020-06-05T11:40:41","date_gmt":"2020-06-05T09:40:41","guid":{"rendered":"https:\/\/www.futonics.de\/?page_id=4256"},"modified":"2020-06-15T08:50:26","modified_gmt":"2020-06-15T06:50:26","slug":"welding-of-microfluid-structures","status":"publish","type":"page","link":"https:\/\/www.futonics.de\/de\/applications\/industrial\/welding-of-microfluid-structures\/","title":{"rendered":"SCHWEISSEN VON MIKROFLUIDSTRUKTUREN"},"content":{"rendered":"<p>Futonics Laser kommen aufgrund der hohen Strahlqualit\u00e4t von M<sup>2<\/sup> < 1,1 bei der Mikrofluid Technik zum Einsatz. In Kombination mit einem Scannersystem werden Schwei\u00dfn\u00e4hte mit einer minimalen Breite von 50 \u00b5m erreicht.<\/p>\n\n\n<p>Bei der von Futonics verwendeten Wellenl\u00e4nge von 2,0 \u00b5m weisen viele transparente Materialien (z. B. PMMA oder PC) eine ausreichende intrinsische Absorption der Laserstrahlung auf, was Verschwei\u00dfungen ohne Zugabe von absorbierenden Beschichtungen m\u00f6glich macht. Vor allem beim Durchstrahlschwei\u00dfen von transparenten auf nicht-transparente Materialien erreichen die Futonics Laser sehr gute Ergebnisse.<\/p>\n\n\n\n<p><br><br><\/p>\n\n\n\n<div class=\"wp-block-advgb-button alignleft is-style-outline\"><a class=\"wp-block-advgb-button_link advgbbtn-3d9b6585-5178-40d0-bf2a-51f1c823f3b4\" href=\"mailto:info@futonics.de?subject=WeldingMicrofluid\" target=\"_self\" rel=\"noopener noreferrer\"> Kontaktieren Sie uns zum Schwei\u00dfen von Mikrofluidstrukturen<\/a><\/div>\n\n\n\n<p>&nbsp; <br><br><br><\/p>\n\n\n\n<figure class=\"wp-block-image size-large\"><img loading=\"lazy\" decoding=\"async\" width=\"1024\" height=\"589\" src=\"https:\/\/www.futonics.de\/wp-content\/uploads\/2020\/06\/application_micro-fluid-1024x589.jpg\" alt=\"\" class=\"wp-image-4374\" srcset=\"https:\/\/www.futonics.de\/wp-content\/uploads\/2020\/06\/application_micro-fluid-1024x589.jpg 1024w, https:\/\/www.futonics.de\/wp-content\/uploads\/2020\/06\/application_micro-fluid-300x173.jpg 300w, https:\/\/www.futonics.de\/wp-content\/uploads\/2020\/06\/application_micro-fluid-768x442.jpg 768w, https:\/\/www.futonics.de\/wp-content\/uploads\/2020\/06\/application_micro-fluid.jpg 1280w\" sizes=\"auto, (max-width: 1024px) 100vw, 1024px\" \/><\/figure>\n\n\n\n<p> <br> <br><\/p>\n<style class=\"advgb-styles-renderer\">.advgbbtn-3d9b6585-5178-40d0-bf2a-51f1c823f3b4{font-size:15px;color:#000000 !important;background-color:#E5E5E5 !important;margin:0px 0px 0px 0px !important;padding:10px 30px 10px 30px;border-width:0px !important;border-color:#000000 !important;border-style:none;border-radius:6px !important;}.advgbbtn-3d9b6585-5178-40d0-bf2a-51f1c823f3b4:hover{background-color:#d13636 !important;box-shadow:0px 0px 0px 0px #ffffff;opacity:1;transition:all 0s ease;}.advgbbtn-3d9b6585-5178-40d0-bf2a-51f1c823f3b4 > i {display: none !important;}<\/style>","protected":false},"excerpt":{"rendered":"<p>Futonics Laser kommen aufgrund der hohen Strahlqualit\u00e4t von M2 < 1,1 bei der Mikrofluid Technik zum Einsatz. In Kombination mit einem Scannersystem werden Schwei\u00dfn\u00e4hte mit einer minimalen Breite von 50 \u00b5m erreicht. Bei der von Futonics verwendeten Wellenl\u00e4nge von 2,0 \u00b5m weisen viele transparente Materialien (z. B. PMMA oder PC) [&hellip;]\n<\/p>\n","protected":false},"author":1,"featured_media":0,"parent":1551,"menu_order":0,"comment_status":"closed","ping_status":"closed","template":"","meta":{"_editorskit_title_hidden":false,"_editorskit_reading_time":0,"_editorskit_is_block_options_detached":false,"_editorskit_block_options_position":"{}","advgb_blocks_editor_width":"","advgb_blocks_columns_visual_guide":"","footnotes":""},"class_list":["post-4256","page","type-page","status-publish","hentry"],"translation":{"provider":"WPGlobus","version":"3.0.2","language":"de","enabled_languages":["en","de","zh"],"languages":{"en":{"title":true,"content":true,"excerpt":false},"de":{"title":true,"content":true,"excerpt":false},"zh":{"title":true,"content":true,"excerpt":false}}},"yoast_head":"<!-- This site is optimized with the Yoast SEO plugin v27.4 - https:\/\/yoast.com\/product\/yoast-seo-wordpress\/ -->\n<title>SCHWEISSEN VON MIKROFLUIDSTRUKTUREN - 2-\u00b5m-Einmoden-Faserlasersysteme<\/title>\n<meta name=\"robots\" content=\"index, follow, max-snippet:-1, max-image-preview:large, max-video-preview:-1\" \/>\n<link rel=\"canonical\" href=\"https:\/\/www.futonics.de\/applications\/industrial\/welding-of-microfluid-structures\/\" \/>\n<meta property=\"og:locale\" content=\"de_DE\" \/>\n<meta property=\"og:type\" content=\"article\" \/>\n<meta property=\"og:title\" content=\"SCHWEISSEN VON MIKROFLUIDSTRUKTUREN - 2-\u00b5m-Einmoden-Faserlasersysteme\" \/>\n<meta property=\"og:url\" content=\"https:\/\/www.futonics.de\/applications\/industrial\/welding-of-microfluid-structures\/\" \/>\n<meta property=\"og:site_name\" content=\"2-\u00b5m-Einmoden-Faserlasersysteme\" \/>\n<meta property=\"article:modified_time\" content=\"2020-06-15T06:50:26+00:00\" \/>\n<meta property=\"og:image\" content=\"https:\/\/www.futonics.de\/wp-content\/uploads\/2020\/06\/application_micro-fluid-1024x589.jpg\" \/>\n<meta name=\"twitter:card\" content=\"summary_large_image\" \/>\n<script type=\"application\/ld+json\" class=\"yoast-schema-graph\">{\"@context\":\"https:\\\/\\\/schema.org\",\"@graph\":[{\"@type\":\"WebPage\",\"@id\":\"https:\\\/\\\/www.futonics.de\\\/applications\\\/industrial\\\/welding-of-microfluid-structures\\\/\",\"url\":\"https:\\\/\\\/www.futonics.de\\\/applications\\\/industrial\\\/welding-of-microfluid-structures\\\/\",\"name\":\"SCHWEISSEN VON MIKROFLUIDSTRUKTUREN - 2-\u00b5m-Einmoden-Faserlasersysteme\",\"isPartOf\":{\"@id\":\"https:\\\/\\\/www.futonics.de\\\/#website\"},\"primaryImageOfPage\":{\"@id\":\"https:\\\/\\\/www.futonics.de\\\/applications\\\/industrial\\\/welding-of-microfluid-structures\\\/#primaryimage\"},\"image\":{\"@id\":\"https:\\\/\\\/www.futonics.de\\\/applications\\\/industrial\\\/welding-of-microfluid-structures\\\/#primaryimage\"},\"thumbnailUrl\":\"https:\\\/\\\/www.futonics.de\\\/wp-content\\\/uploads\\\/2020\\\/06\\\/application_micro-fluid-1024x589.jpg\",\"datePublished\":\"2020-06-05T09:40:41+00:00\",\"dateModified\":\"2020-06-15T06:50:26+00:00\",\"breadcrumb\":{\"@id\":\"https:\\\/\\\/www.futonics.de\\\/applications\\\/industrial\\\/welding-of-microfluid-structures\\\/#breadcrumb\"},\"inLanguage\":\"de\",\"potentialAction\":[{\"@type\":\"ReadAction\",\"target\":[\"https:\\\/\\\/www.futonics.de\\\/applications\\\/industrial\\\/welding-of-microfluid-structures\\\/\"]}]},{\"@type\":\"ImageObject\",\"inLanguage\":\"de\",\"@id\":\"https:\\\/\\\/www.futonics.de\\\/applications\\\/industrial\\\/welding-of-microfluid-structures\\\/#primaryimage\",\"url\":\"https:\\\/\\\/www.futonics.de\\\/wp-content\\\/uploads\\\/2020\\\/06\\\/application_micro-fluid-1024x589.jpg\",\"contentUrl\":\"https:\\\/\\\/www.futonics.de\\\/wp-content\\\/uploads\\\/2020\\\/06\\\/application_micro-fluid-1024x589.jpg\"},{\"@type\":\"BreadcrumbList\",\"@id\":\"https:\\\/\\\/www.futonics.de\\\/applications\\\/industrial\\\/welding-of-microfluid-structures\\\/#breadcrumb\",\"itemListElement\":[{\"@type\":\"ListItem\",\"position\":1,\"name\":\"Startseite\",\"item\":\"https:\\\/\\\/www.futonics.de\\\/\"},{\"@type\":\"ListItem\",\"position\":2,\"name\":\"ANWENDUNGEN\",\"item\":\"https:\\\/\\\/www.futonics.de\\\/applications\\\/\"},{\"@type\":\"ListItem\",\"position\":3,\"name\":\"ANWENDUNGEN\",\"item\":\"https:\\\/\\\/www.futonics.de\\\/applications\\\/industrial\\\/\"},{\"@type\":\"ListItem\",\"position\":4,\"name\":\"SCHWEISSEN VON MIKROFLUIDSTRUKTUREN\"}]},{\"@type\":\"WebSite\",\"@id\":\"https:\\\/\\\/www.futonics.de\\\/#website\",\"url\":\"https:\\\/\\\/www.futonics.de\\\/\",\"name\":\"2-\u00b5m-Einmoden-Faserlasersysteme\",\"description\":\"Derzeit bieten wir verschiedene Thulium-Faser- und Kristalllasermodelle mit unterschiedlichen Ausgangsleistungen bis zu 250 W an\",\"publisher\":{\"@id\":\"https:\\\/\\\/www.futonics.de\\\/#organization\"},\"potentialAction\":[{\"@type\":\"SearchAction\",\"target\":{\"@type\":\"EntryPoint\",\"urlTemplate\":\"https:\\\/\\\/www.futonics.de\\\/?s={search_term_string}\"},\"query-input\":{\"@type\":\"PropertyValueSpecification\",\"valueRequired\":true,\"valueName\":\"search_term_string\"}}],\"inLanguage\":\"de\"},{\"@type\":\"Organization\",\"@id\":\"https:\\\/\\\/www.futonics.de\\\/#organization\",\"name\":\"2-\u00b5m-Einmoden-Faserlasersysteme\",\"url\":\"https:\\\/\\\/www.futonics.de\\\/\",\"logo\":{\"@type\":\"ImageObject\",\"inLanguage\":\"de\",\"@id\":\"https:\\\/\\\/www.futonics.de\\\/#\\\/schema\\\/logo\\\/image\\\/\",\"url\":\"https:\\\/\\\/www.futonics.de\\\/wp-content\\\/uploads\\\/2018\\\/11\\\/cropped-Futonics-Laser-Logo-weiss.png\",\"contentUrl\":\"https:\\\/\\\/www.futonics.de\\\/wp-content\\\/uploads\\\/2018\\\/11\\\/cropped-Futonics-Laser-Logo-weiss.png\",\"width\":855,\"height\":220,\"caption\":\"2-\u00b5m-Einmoden-Faserlasersysteme \"},\"image\":{\"@id\":\"https:\\\/\\\/www.futonics.de\\\/#\\\/schema\\\/logo\\\/image\\\/\"}}]}<\/script>\n<!-- \/ Yoast SEO plugin. -->","yoast_head_json":{"title":"SCHWEISSEN VON MIKROFLUIDSTRUKTUREN - 2-\u00b5m-Einmoden-Faserlasersysteme","robots":{"index":"index","follow":"follow","max-snippet":"max-snippet:-1","max-image-preview":"max-image-preview:large","max-video-preview":"max-video-preview:-1"},"canonical":"https:\/\/www.futonics.de\/applications\/industrial\/welding-of-microfluid-structures\/","og_locale":"de_DE","og_type":"article","og_title":"SCHWEISSEN VON MIKROFLUIDSTRUKTUREN - 2-\u00b5m-Einmoden-Faserlasersysteme","og_url":"https:\/\/www.futonics.de\/applications\/industrial\/welding-of-microfluid-structures\/","og_site_name":"2-\u00b5m-Einmoden-Faserlasersysteme","article_modified_time":"2020-06-15T06:50:26+00:00","og_image":[{"url":"https:\/\/www.futonics.de\/wp-content\/uploads\/2020\/06\/application_micro-fluid-1024x589.jpg","type":"","width":"","height":""}],"twitter_card":"summary_large_image","schema":{"@context":"https:\/\/schema.org","@graph":[{"@type":"WebPage","@id":"https:\/\/www.futonics.de\/applications\/industrial\/welding-of-microfluid-structures\/","url":"https:\/\/www.futonics.de\/applications\/industrial\/welding-of-microfluid-structures\/","name":"SCHWEISSEN VON MIKROFLUIDSTRUKTUREN - 2-\u00b5m-Einmoden-Faserlasersysteme","isPartOf":{"@id":"https:\/\/www.futonics.de\/#website"},"primaryImageOfPage":{"@id":"https:\/\/www.futonics.de\/applications\/industrial\/welding-of-microfluid-structures\/#primaryimage"},"image":{"@id":"https:\/\/www.futonics.de\/applications\/industrial\/welding-of-microfluid-structures\/#primaryimage"},"thumbnailUrl":"https:\/\/www.futonics.de\/wp-content\/uploads\/2020\/06\/application_micro-fluid-1024x589.jpg","datePublished":"2020-06-05T09:40:41+00:00","dateModified":"2020-06-15T06:50:26+00:00","breadcrumb":{"@id":"https:\/\/www.futonics.de\/applications\/industrial\/welding-of-microfluid-structures\/#breadcrumb"},"inLanguage":"de","potentialAction":[{"@type":"ReadAction","target":["https:\/\/www.futonics.de\/applications\/industrial\/welding-of-microfluid-structures\/"]}]},{"@type":"ImageObject","inLanguage":"de","@id":"https:\/\/www.futonics.de\/applications\/industrial\/welding-of-microfluid-structures\/#primaryimage","url":"https:\/\/www.futonics.de\/wp-content\/uploads\/2020\/06\/application_micro-fluid-1024x589.jpg","contentUrl":"https:\/\/www.futonics.de\/wp-content\/uploads\/2020\/06\/application_micro-fluid-1024x589.jpg"},{"@type":"BreadcrumbList","@id":"https:\/\/www.futonics.de\/applications\/industrial\/welding-of-microfluid-structures\/#breadcrumb","itemListElement":[{"@type":"ListItem","position":1,"name":"Startseite","item":"https:\/\/www.futonics.de\/"},{"@type":"ListItem","position":2,"name":"ANWENDUNGEN","item":"https:\/\/www.futonics.de\/applications\/"},{"@type":"ListItem","position":3,"name":"ANWENDUNGEN","item":"https:\/\/www.futonics.de\/applications\/industrial\/"},{"@type":"ListItem","position":4,"name":"SCHWEISSEN VON MIKROFLUIDSTRUKTUREN"}]},{"@type":"WebSite","@id":"https:\/\/www.futonics.de\/#website","url":"https:\/\/www.futonics.de\/","name":"2-\u00b5m-Einmoden-Faserlasersysteme","description":"Derzeit bieten wir verschiedene Thulium-Faser- und Kristalllasermodelle mit unterschiedlichen Ausgangsleistungen bis zu 250 W an","publisher":{"@id":"https:\/\/www.futonics.de\/#organization"},"potentialAction":[{"@type":"SearchAction","target":{"@type":"EntryPoint","urlTemplate":"https:\/\/www.futonics.de\/?s={search_term_string}"},"query-input":{"@type":"PropertyValueSpecification","valueRequired":true,"valueName":"search_term_string"}}],"inLanguage":"de"},{"@type":"Organization","@id":"https:\/\/www.futonics.de\/#organization","name":"2-\u00b5m-Einmoden-Faserlasersysteme","url":"https:\/\/www.futonics.de\/","logo":{"@type":"ImageObject","inLanguage":"de","@id":"https:\/\/www.futonics.de\/#\/schema\/logo\/image\/","url":"https:\/\/www.futonics.de\/wp-content\/uploads\/2018\/11\/cropped-Futonics-Laser-Logo-weiss.png","contentUrl":"https:\/\/www.futonics.de\/wp-content\/uploads\/2018\/11\/cropped-Futonics-Laser-Logo-weiss.png","width":855,"height":220,"caption":"2-\u00b5m-Einmoden-Faserlasersysteme "},"image":{"@id":"https:\/\/www.futonics.de\/#\/schema\/logo\/image\/"}}]}},"coauthors":[],"author_meta":{"author_link":"https:\/\/www.futonics.de\/de\/author\/mkaule\/","display_name":"MKaule"},"relative_dates":{"created":"Ver\u00f6ffentlicht 6\u00a0Jahren vor","modified":"Aktualisiert 6\u00a0Jahren vor"},"absolute_dates":{"created":"Ver\u00f6ffentlicht am 5. Juni 2020","modified":"Aktualisiert am 15. Juni 2020"},"absolute_dates_time":{"created":"Ver\u00f6ffentlicht am 5. Juni 2020 11:40","modified":"Aktualisiert am 15. Juni 2020 8:50"},"featured_img_caption":"","featured_img":false,"series_order":"","_links":{"self":[{"href":"https:\/\/www.futonics.de\/de\/wp-json\/wp\/v2\/pages\/4256","targetHints":{"allow":["GET"]}}],"collection":[{"href":"https:\/\/www.futonics.de\/de\/wp-json\/wp\/v2\/pages"}],"about":[{"href":"https:\/\/www.futonics.de\/de\/wp-json\/wp\/v2\/types\/page"}],"author":[{"embeddable":true,"href":"https:\/\/www.futonics.de\/de\/wp-json\/wp\/v2\/users\/1"}],"replies":[{"embeddable":true,"href":"https:\/\/www.futonics.de\/de\/wp-json\/wp\/v2\/comments?post=4256"}],"version-history":[{"count":18,"href":"https:\/\/www.futonics.de\/de\/wp-json\/wp\/v2\/pages\/4256\/revisions"}],"predecessor-version":[{"id":4384,"href":"https:\/\/www.futonics.de\/de\/wp-json\/wp\/v2\/pages\/4256\/revisions\/4384"}],"up":[{"embeddable":true,"href":"https:\/\/www.futonics.de\/de\/wp-json\/wp\/v2\/pages\/1551"}],"wp:attachment":[{"href":"https:\/\/www.futonics.de\/de\/wp-json\/wp\/v2\/media?parent=4256"}],"curies":[{"name":"wp","href":"https:\/\/api.w.org\/{rel}","templated":true}]}}