{"id":4952,"date":"2024-08-05T11:03:55","date_gmt":"2024-08-05T09:03:55","guid":{"rendered":"https:\/\/www.futonics.de\/?page_id=4952"},"modified":"2024-08-20T14:10:53","modified_gmt":"2024-08-20T12:10:53","slug":"thulium-fiber-laser-650-w-qcw-150-w-cw","status":"publish","type":"page","link":"https:\/\/www.futonics.de\/de\/products\/thulium\/thulium-fiber-laser-650-w-qcw-150-w-cw\/","title":{"rendered":"Thulium Faser Laser 650 W QCW \/ 100 W CW Luftgek\u00fchlt"},"content":{"rendered":"\n<figure class=\"wp-block-image size-full\"><img loading=\"lazy\" decoding=\"async\" width=\"791\" height=\"455\" src=\"https:\/\/www.futonics.de\/wp-content\/uploads\/2024\/08\/image-5.png\" alt=\"\" class=\"wp-image-5060\" srcset=\"https:\/\/www.futonics.de\/wp-content\/uploads\/2024\/08\/image-5.png 791w, https:\/\/www.futonics.de\/wp-content\/uploads\/2024\/08\/image-5-300x173.png 300w, https:\/\/www.futonics.de\/wp-content\/uploads\/2024\/08\/image-5-768x442.png 768w\" sizes=\"auto, (max-width: 791px) 100vw, 791px\" \/><\/figure>\n\n\n\n<h5 class=\"wp-block-heading\">Hochleistungs 2 \u00b5m Thulium Faser Laser<\/h5>\n\n\n\n<ul class=\"wp-block-list\">\n<li>650 W Spitzenleistung<\/li>\n\n\n\n<li>Emissionswellenl\u00e4nge bei lokalem Absorptionsmaximum von Wasser<\/li>\n\n\n\n<li>Kompakte Bauform<\/li>\n\n\n\n<li>Luftgek\u00fchlt <\/li>\n<\/ul>\n\n\n\n<p>Das neue Faser-Laser-Modul von Futonics basiert auf einem Thulium-Faser-Laser-Oszillator mit Wellenl\u00e4ngenstabilisierung durch Faser Bragg Gitter (FBG). Aufgrund der hohen Spitzenleistung, der hohen Strahlqualit\u00e4t und der kompakten Bauweise sind diese neuen Produkte f\u00fcr viele medizinische und technische Anwendungen bestens geeignet.<\/p>\n\n\n\n<p>&nbsp;<\/p>\n\n\n\n<div class=\"wp-block-advgb-adv-tabs advgb-tabs-wrapper advgb-tab-horz-desktop advgb-tab-vert-tablet advgb-tab-stack-mobile advgb-tabs-edf38f5a-bc18-4d6d-aa77-c30799073017\" data-tab-active=\"0\"><ul class=\"advgb-tabs-panel\"><li class=\"advgb-tab\" style=\"background-color:#000000;border-style:solid;border-width:1px;border-radius:0px\"><a id=\"\" href=\"#advgb-tabs-tab0\" style=\"color:#fff\"><span>BESONDERHEIT<\/span><\/a><\/li><li class=\"advgb-tab\" style=\"background-color:#000000;border-style:solid;border-width:1px;border-radius:0px\"><a id=\"\" href=\"#advgb-tabs-tab1\" style=\"color:#fff\"><span>OPTISCHE DATEN<\/span><\/a><\/li><li class=\"advgb-tab\" style=\"background-color:#000000;border-style:solid;border-width:1px;border-radius:0px\"><a id=\"\" href=\"#advgb-tabs-tab2\" style=\"color:#fff\"><span>ALLGEMEINE ANGABEN<\/span><\/a><\/li><li class=\"advgb-tab\" style=\"background-color:#000000;border-style:solid;border-width:1px;border-radius:0px\"><a id=\"\" href=\"#advgb-tabs-tab3\" style=\"color:#fff\"><span>OPTIONEN<\/span><\/a><\/li><\/ul><div class=\"advgb-tab-body-wrapper\" style=\"border-style:solid;border-width:1px;border-radius:0px\">\n<div class=\"wp-block-advgb-tab advgb-tab-body-container\"><div class=\"advgb-tab-body-header advgb-tab-class-\">BESONDERHEIT<\/div><div class=\"advgb-tab-_9adf00-c3 advgb-tab-body\" aria-labelledby=\"advgb-tabs-tab0\">\n<p><span class=\"tlid-translation translation\" lang=\"de\"><span title=\"\" class=\"\">Ausgangsleistung bis zu 650 W im QCW-Modus, 100 W im CW-Modus<br>Hohe Strahlqualit\u00e4t im gesamten Leistungsbereich<br>Emissionswellenl\u00e4nge bei lokalem Maximum der Wasserabsorption<br>Entwickelt f\u00fcr die Integration in ein medizinisches oder industrielles Laser-System<\/span><\/span><\/p>\n<\/div><\/div>\n\n\n\n<div class=\"wp-block-advgb-tab advgb-tab-body-container\"><div class=\"advgb-tab-body-header advgb-tab-class-\">OPTISCHE DATEN<\/div><div class=\"advgb-tab-_35a698-9e advgb-tab-body\" aria-labelledby=\"advgb-tabs-tab1\">\n<p><strong>Ausgangsleistung<\/strong>: 650 W QCW, 100 W CW<br><strong>Wellenl\u00e4nge<\/strong>: 1940 nm, +\/- 20 nm<br><strong>FWHM<\/strong>: &lt; 1 nm<br><strong>Strahlqualit\u00e4t<\/strong>: M<sup>2&nbsp;<\/sup>&lt; 1.2<br><strong>Betriebsmodi<\/strong>: CW, QCW bis 3 kHz Wiederholrate mit 20% Duty-Cycle<br><strong>Laserklasse<\/strong>: 4<br><strong>Faserstecker<\/strong>: Futonics-Standard-Stecker<br><strong>Kollimator<\/strong>: Optional<\/p>\n<\/div><\/div>\n\n\n\n<div class=\"wp-block-advgb-tab advgb-tab-body-container\"><div class=\"advgb-tab-body-header advgb-tab-class-\">ALLGEMEINE ANGABEN<\/div><div class=\"advgb-tab-_4b2175-ce advgb-tab-body\" aria-labelledby=\"advgb-tabs-tab2\">\n<p><span class=\"tlid-translation translation\" lang=\"de\"><span title=\"\" class=\"\"><strong>Abmessungen:<\/strong> 424 x 221 x 520 mm <\/span><\/span><br><span class=\"tlid-translation translation\" lang=\"de\"><span title=\"\" class=\"\"><strong>Logikversorgung:<\/strong> 24 V DC, 4 A (96 W)<\/span><\/span><br><span class=\"tlid-translation translation\" lang=\"de\"><span title=\"\" class=\"\"><strong>Hauptstromversorgung:<\/strong> 48 VDC, 66 A<\/span><\/span><br><span class=\"tlid-translation translation\" lang=\"de\"><span title=\"\" class=\"\"><strong>Abmessungen des externen Futonics-Netzteils:<\/strong> 295 x 127 x 41 mm<\/span><\/span><br><span class=\"tlid-translation translation\" lang=\"de\"><span title=\"\" class=\"\"><strong>Leistungsaufnahme:<\/strong> \u2264 1,5 kW<\/span><\/span><br><span class=\"tlid-translation translation\" lang=\"de\"><span title=\"\" class=\"\"><strong>Schnittstellen:<\/strong> D-SUB 25, D-SUB 9, USB<\/span><\/span><br><span class=\"tlid-translation translation\" lang=\"de\"><span title=\"\" class=\"\"><strong>Display:<\/strong> keines<\/span><\/span><br><strong>K\u00fchlung<\/strong>: Luftk\u00fchlung<\/p>\n<\/div><\/div>\n\n\n\n<div class=\"wp-block-advgb-tab advgb-tab-body-container\"><div class=\"advgb-tab-body-header advgb-tab-class-\">OPTIONEN<\/div><div class=\"advgb-tab-_74a057-6b advgb-tab-body\" aria-labelledby=\"advgb-tabs-tab3\">\n<p><span class=\"tlid-translation translation\" lang=\"de\"><span title=\"\" class=\"\"><strong>Zus\u00e4tzliche Faserl\u00e4nge:<\/strong> 1-Meter-Stufen, bis 10 m Gesamtl\u00e4nge<\/span><\/span><br><span class=\"tlid-translation translation\" lang=\"de\"><span title=\"\" class=\"\"><strong>Kollimator:<\/strong> Einstellbar<\/span><\/span><br><strong><span class=\"tlid-translation translation\" lang=\"de\"><span title=\"\" class=\"\">Faser-Ankopplung: <\/span><\/span><\/strong><span class=\"tlid-translation translation\" lang=\"de\"><span class=\"tlid-translation translation\" lang=\"de\">F\u00fcr Applikations-Fasern mit SMA-Stecker<\/span><\/span><strong><br><\/strong><span class=\"tlid-translation translation\" lang=\"de\"><span title=\"\" class=\"\"><strong>Applikations-Fasern:<\/strong> 200 \u00b5m, 550 \u00b5m, 1000 \u00b5m Durchmesser<\/span><\/span><br><span class=\"tlid-translation translation\" lang=\"de\"><span title=\"\" class=\"\"><strong>Elektronische Steuerung:<\/strong> Externe Box mit allen Schnittstellen<\/span><\/span><br><span class=\"tlid-translation translation\" lang=\"de\"><span title=\"\" class=\"\"><strong>Andere Wellenl\u00e4ngen:<\/strong> Zwischen 1940 nm und 2050 nm<\/span><\/span><\/p>\n<\/div><\/div>\n<\/div><\/div>\n\n\n\n<p><\/p>\n\n\n\n<div class=\"wp-block-advgb-button alignnone\"><a class=\"wp-block-advgb-button_link advgbbtn-1bedfe75-e048-475f-84af-bfb28a304a5d\" href=\"mailto:info@futonics.de?subject=IFL%20QCW%20Air%20Cooled\" target=\"_blank\" rel=\"noopener noreferrer\"><span>Kontaktieren Sie uns zu diesem Produkt<\/span><\/a><\/div>\n\n\n\n<p>&nbsp;<\/p>\n\n\n\n<p>&nbsp;<\/p>\n<style class=\"advgb-styles-renderer\">.advgb-tabs-edf38f5a-bc18-4d6d-aa77-c30799073017 ul.advgb-tabs-panel li.advgb-tab.advgb-tab-active {background-color:#b21717 !important;color:#ffffff !important;}#advgb-tabs-edf38f5a-bc18-4d6d-aa77-c30799073017 .advgb-tab-body-header.header-active, .advgb-tabs-edf38f5a-bc18-4d6d-aa77-c30799073017 .advgb-tab-body-header.header-active{background-color:#b21717 !important;color:#ffffff !important;}.advgbbtn-1bedfe75-e048-475f-84af-bfb28a304a5d{font-size:15px;color:#ffffff !important;background-color:#b21717 !important;margin:0px 0px 0px 0px !important;padding:10px 30px 10px 30px;border-width:1px !important;border-style:none;border-radius:6px !important;}.advgbbtn-1bedfe75-e048-475f-84af-bfb28a304a5d:hover{color:#ffffff !important;background-color:#b21717 !important;box-shadow:1px 1px 12px 0px #E5E5E5;opacity:0.6;transition:all 0.2s ease;}.advgbbtn-1bedfe75-e048-475f-84af-bfb28a304a5d > i {display: none !important;}<\/style>","protected":false},"excerpt":{"rendered":"<p>Hochleistungs 2 \u00b5m Thulium Faser Laser Das neue Faser-Laser-Modul von Futonics basiert auf einem Thulium-Faser-Laser-Oszillator mit Wellenl\u00e4ngenstabilisierung durch Faser Bragg Gitter (FBG). Aufgrund der hohen Spitzenleistung, der hohen Strahlqualit\u00e4t und der kompakten Bauweise sind diese neuen Produkte f\u00fcr viele medizinische und technische Anwendungen bestens geeignet. &nbsp; &nbsp; &nbsp;<\/p>\n","protected":false},"author":1,"featured_media":0,"parent":2137,"menu_order":0,"comment_status":"closed","ping_status":"closed","template":"","meta":{"_editorskit_title_hidden":false,"_editorskit_reading_time":1,"_editorskit_is_block_options_detached":false,"_editorskit_block_options_position":"{}","advgb_blocks_editor_width":"","advgb_blocks_columns_visual_guide":"","footnotes":""},"class_list":["post-4952","page","type-page","status-publish","hentry"],"translation":{"provider":"WPGlobus","version":"3.0.2","language":"de","enabled_languages":["en","de","zh"],"languages":{"en":{"title":true,"content":true,"excerpt":false},"de":{"title":true,"content":true,"excerpt":false},"zh":{"title":true,"content":true,"excerpt":false}}},"yoast_head":"<!-- This site is optimized with the Yoast SEO plugin v27.4 - https:\/\/yoast.com\/product\/yoast-seo-wordpress\/ -->\n<title>Thulium Faser Laser 650 W QCW \/ 100 W CW Luftgek\u00fchlt - 2-\u00b5m-Einmoden-Faserlasersysteme<\/title>\n<meta name=\"robots\" content=\"index, follow, max-snippet:-1, max-image-preview:large, max-video-preview:-1\" \/>\n<link rel=\"canonical\" href=\"https:\/\/www.futonics.de\/products\/thulium\/thulium-fiber-laser-650-w-qcw-150-w-cw\/\" \/>\n<meta property=\"og:locale\" content=\"de_DE\" \/>\n<meta property=\"og:type\" content=\"article\" \/>\n<meta property=\"og:title\" content=\"Thulium Faser Laser 650 W QCW \/ 100 W CW Luftgek\u00fchlt - 2-\u00b5m-Einmoden-Faserlasersysteme\" \/>\n<meta property=\"og:url\" content=\"https:\/\/www.futonics.de\/products\/thulium\/thulium-fiber-laser-650-w-qcw-150-w-cw\/\" \/>\n<meta property=\"og:site_name\" content=\"2-\u00b5m-Einmoden-Faserlasersysteme\" \/>\n<meta property=\"article:modified_time\" content=\"2024-08-20T12:10:53+00:00\" \/>\n<meta property=\"og:image\" content=\"https:\/\/www.futonics.de\/wp-content\/uploads\/2024\/08\/image-4.png\" \/>\n<meta name=\"twitter:card\" content=\"summary_large_image\" \/>\n<meta name=\"twitter:label1\" content=\"Gesch\u00e4tzte Lesezeit\" \/>\n\t<meta name=\"twitter:data1\" content=\"2\u00a0Minuten\" \/>\n<script type=\"application\/ld+json\" class=\"yoast-schema-graph\">{\"@context\":\"https:\\\/\\\/schema.org\",\"@graph\":[{\"@type\":\"WebPage\",\"@id\":\"https:\\\/\\\/www.futonics.de\\\/products\\\/thulium\\\/thulium-fiber-laser-650-w-qcw-150-w-cw\\\/\",\"url\":\"https:\\\/\\\/www.futonics.de\\\/products\\\/thulium\\\/thulium-fiber-laser-650-w-qcw-150-w-cw\\\/\",\"name\":\"Thulium Faser Laser 650 W QCW \\\/ 100 W CW Luftgek\u00fchlt - 2-\u00b5m-Einmoden-Faserlasersysteme\",\"isPartOf\":{\"@id\":\"https:\\\/\\\/www.futonics.de\\\/#website\"},\"primaryImageOfPage\":{\"@id\":\"https:\\\/\\\/www.futonics.de\\\/products\\\/thulium\\\/thulium-fiber-laser-650-w-qcw-150-w-cw\\\/#primaryimage\"},\"image\":{\"@id\":\"https:\\\/\\\/www.futonics.de\\\/products\\\/thulium\\\/thulium-fiber-laser-650-w-qcw-150-w-cw\\\/#primaryimage\"},\"thumbnailUrl\":\"https:\\\/\\\/www.futonics.de\\\/wp-content\\\/uploads\\\/2024\\\/08\\\/image-4.png\",\"datePublished\":\"2024-08-05T09:03:55+00:00\",\"dateModified\":\"2024-08-20T12:10:53+00:00\",\"breadcrumb\":{\"@id\":\"https:\\\/\\\/www.futonics.de\\\/products\\\/thulium\\\/thulium-fiber-laser-650-w-qcw-150-w-cw\\\/#breadcrumb\"},\"inLanguage\":\"de\",\"potentialAction\":[{\"@type\":\"ReadAction\",\"target\":[\"https:\\\/\\\/www.futonics.de\\\/products\\\/thulium\\\/thulium-fiber-laser-650-w-qcw-150-w-cw\\\/\"]}]},{\"@type\":\"ImageObject\",\"inLanguage\":\"de\",\"@id\":\"https:\\\/\\\/www.futonics.de\\\/products\\\/thulium\\\/thulium-fiber-laser-650-w-qcw-150-w-cw\\\/#primaryimage\",\"url\":\"https:\\\/\\\/www.futonics.de\\\/wp-content\\\/uploads\\\/2024\\\/08\\\/image-4.png\",\"contentUrl\":\"https:\\\/\\\/www.futonics.de\\\/wp-content\\\/uploads\\\/2024\\\/08\\\/image-4.png\"},{\"@type\":\"BreadcrumbList\",\"@id\":\"https:\\\/\\\/www.futonics.de\\\/products\\\/thulium\\\/thulium-fiber-laser-650-w-qcw-150-w-cw\\\/#breadcrumb\",\"itemListElement\":[{\"@type\":\"ListItem\",\"position\":1,\"name\":\"Startseite\",\"item\":\"https:\\\/\\\/www.futonics.de\\\/\"},{\"@type\":\"ListItem\",\"position\":2,\"name\":\"PRODUCTS\",\"item\":\"https:\\\/\\\/www.futonics.de\\\/products\\\/\"},{\"@type\":\"ListItem\",\"position\":3,\"name\":\"THULIUM FASERLASER\",\"item\":\"https:\\\/\\\/www.futonics.de\\\/products\\\/thulium\\\/\"},{\"@type\":\"ListItem\",\"position\":4,\"name\":\"Thulium Faser Laser 650 W QCW \\\/ 100 W CW Luftgek\u00fchlt\"}]},{\"@type\":\"WebSite\",\"@id\":\"https:\\\/\\\/www.futonics.de\\\/#website\",\"url\":\"https:\\\/\\\/www.futonics.de\\\/\",\"name\":\"2-\u00b5m-Einmoden-Faserlasersysteme\",\"description\":\"Derzeit bieten wir verschiedene Thulium-Faser- und Kristalllasermodelle mit unterschiedlichen Ausgangsleistungen bis zu 250 W an\",\"publisher\":{\"@id\":\"https:\\\/\\\/www.futonics.de\\\/#organization\"},\"potentialAction\":[{\"@type\":\"SearchAction\",\"target\":{\"@type\":\"EntryPoint\",\"urlTemplate\":\"https:\\\/\\\/www.futonics.de\\\/?s={search_term_string}\"},\"query-input\":{\"@type\":\"PropertyValueSpecification\",\"valueRequired\":true,\"valueName\":\"search_term_string\"}}],\"inLanguage\":\"de\"},{\"@type\":\"Organization\",\"@id\":\"https:\\\/\\\/www.futonics.de\\\/#organization\",\"name\":\"2-\u00b5m-Einmoden-Faserlasersysteme\",\"url\":\"https:\\\/\\\/www.futonics.de\\\/\",\"logo\":{\"@type\":\"ImageObject\",\"inLanguage\":\"de\",\"@id\":\"https:\\\/\\\/www.futonics.de\\\/#\\\/schema\\\/logo\\\/image\\\/\",\"url\":\"https:\\\/\\\/www.futonics.de\\\/wp-content\\\/uploads\\\/2018\\\/11\\\/cropped-Futonics-Laser-Logo-weiss.png\",\"contentUrl\":\"https:\\\/\\\/www.futonics.de\\\/wp-content\\\/uploads\\\/2018\\\/11\\\/cropped-Futonics-Laser-Logo-weiss.png\",\"width\":855,\"height\":220,\"caption\":\"2-\u00b5m-Einmoden-Faserlasersysteme \"},\"image\":{\"@id\":\"https:\\\/\\\/www.futonics.de\\\/#\\\/schema\\\/logo\\\/image\\\/\"}}]}<\/script>\n<!-- \/ Yoast SEO plugin. -->","yoast_head_json":{"title":"Thulium Faser Laser 650 W QCW \/ 100 W CW Luftgek\u00fchlt - 2-\u00b5m-Einmoden-Faserlasersysteme","robots":{"index":"index","follow":"follow","max-snippet":"max-snippet:-1","max-image-preview":"max-image-preview:large","max-video-preview":"max-video-preview:-1"},"canonical":"https:\/\/www.futonics.de\/products\/thulium\/thulium-fiber-laser-650-w-qcw-150-w-cw\/","og_locale":"de_DE","og_type":"article","og_title":"Thulium Faser Laser 650 W QCW \/ 100 W CW Luftgek\u00fchlt - 2-\u00b5m-Einmoden-Faserlasersysteme","og_url":"https:\/\/www.futonics.de\/products\/thulium\/thulium-fiber-laser-650-w-qcw-150-w-cw\/","og_site_name":"2-\u00b5m-Einmoden-Faserlasersysteme","article_modified_time":"2024-08-20T12:10:53+00:00","og_image":[{"url":"https:\/\/www.futonics.de\/wp-content\/uploads\/2024\/08\/image-4.png","type":"","width":"","height":""}],"twitter_card":"summary_large_image","twitter_misc":{"Gesch\u00e4tzte Lesezeit":"2\u00a0Minuten"},"schema":{"@context":"https:\/\/schema.org","@graph":[{"@type":"WebPage","@id":"https:\/\/www.futonics.de\/products\/thulium\/thulium-fiber-laser-650-w-qcw-150-w-cw\/","url":"https:\/\/www.futonics.de\/products\/thulium\/thulium-fiber-laser-650-w-qcw-150-w-cw\/","name":"Thulium Faser Laser 650 W QCW \/ 100 W CW Luftgek\u00fchlt - 2-\u00b5m-Einmoden-Faserlasersysteme","isPartOf":{"@id":"https:\/\/www.futonics.de\/#website"},"primaryImageOfPage":{"@id":"https:\/\/www.futonics.de\/products\/thulium\/thulium-fiber-laser-650-w-qcw-150-w-cw\/#primaryimage"},"image":{"@id":"https:\/\/www.futonics.de\/products\/thulium\/thulium-fiber-laser-650-w-qcw-150-w-cw\/#primaryimage"},"thumbnailUrl":"https:\/\/www.futonics.de\/wp-content\/uploads\/2024\/08\/image-4.png","datePublished":"2024-08-05T09:03:55+00:00","dateModified":"2024-08-20T12:10:53+00:00","breadcrumb":{"@id":"https:\/\/www.futonics.de\/products\/thulium\/thulium-fiber-laser-650-w-qcw-150-w-cw\/#breadcrumb"},"inLanguage":"de","potentialAction":[{"@type":"ReadAction","target":["https:\/\/www.futonics.de\/products\/thulium\/thulium-fiber-laser-650-w-qcw-150-w-cw\/"]}]},{"@type":"ImageObject","inLanguage":"de","@id":"https:\/\/www.futonics.de\/products\/thulium\/thulium-fiber-laser-650-w-qcw-150-w-cw\/#primaryimage","url":"https:\/\/www.futonics.de\/wp-content\/uploads\/2024\/08\/image-4.png","contentUrl":"https:\/\/www.futonics.de\/wp-content\/uploads\/2024\/08\/image-4.png"},{"@type":"BreadcrumbList","@id":"https:\/\/www.futonics.de\/products\/thulium\/thulium-fiber-laser-650-w-qcw-150-w-cw\/#breadcrumb","itemListElement":[{"@type":"ListItem","position":1,"name":"Startseite","item":"https:\/\/www.futonics.de\/"},{"@type":"ListItem","position":2,"name":"PRODUCTS","item":"https:\/\/www.futonics.de\/products\/"},{"@type":"ListItem","position":3,"name":"THULIUM FASERLASER","item":"https:\/\/www.futonics.de\/products\/thulium\/"},{"@type":"ListItem","position":4,"name":"Thulium Faser Laser 650 W QCW \/ 100 W CW Luftgek\u00fchlt"}]},{"@type":"WebSite","@id":"https:\/\/www.futonics.de\/#website","url":"https:\/\/www.futonics.de\/","name":"2-\u00b5m-Einmoden-Faserlasersysteme","description":"Derzeit bieten wir verschiedene Thulium-Faser- und Kristalllasermodelle mit unterschiedlichen Ausgangsleistungen bis zu 250 W an","publisher":{"@id":"https:\/\/www.futonics.de\/#organization"},"potentialAction":[{"@type":"SearchAction","target":{"@type":"EntryPoint","urlTemplate":"https:\/\/www.futonics.de\/?s={search_term_string}"},"query-input":{"@type":"PropertyValueSpecification","valueRequired":true,"valueName":"search_term_string"}}],"inLanguage":"de"},{"@type":"Organization","@id":"https:\/\/www.futonics.de\/#organization","name":"2-\u00b5m-Einmoden-Faserlasersysteme","url":"https:\/\/www.futonics.de\/","logo":{"@type":"ImageObject","inLanguage":"de","@id":"https:\/\/www.futonics.de\/#\/schema\/logo\/image\/","url":"https:\/\/www.futonics.de\/wp-content\/uploads\/2018\/11\/cropped-Futonics-Laser-Logo-weiss.png","contentUrl":"https:\/\/www.futonics.de\/wp-content\/uploads\/2018\/11\/cropped-Futonics-Laser-Logo-weiss.png","width":855,"height":220,"caption":"2-\u00b5m-Einmoden-Faserlasersysteme "},"image":{"@id":"https:\/\/www.futonics.de\/#\/schema\/logo\/image\/"}}]}},"coauthors":[],"author_meta":{"author_link":"https:\/\/www.futonics.de\/de\/author\/mkaule\/","display_name":"MKaule"},"relative_dates":{"created":"Ver\u00f6ffentlicht 2\u00a0Jahren vor","modified":"Aktualisiert 2\u00a0Jahren vor"},"absolute_dates":{"created":"Ver\u00f6ffentlicht am 5. August 2024","modified":"Aktualisiert am 20. August 2024"},"absolute_dates_time":{"created":"Ver\u00f6ffentlicht am 5. August 2024 11:03","modified":"Aktualisiert am 20. August 2024 14:10"},"featured_img_caption":"","featured_img":false,"series_order":"","_links":{"self":[{"href":"https:\/\/www.futonics.de\/de\/wp-json\/wp\/v2\/pages\/4952","targetHints":{"allow":["GET"]}}],"collection":[{"href":"https:\/\/www.futonics.de\/de\/wp-json\/wp\/v2\/pages"}],"about":[{"href":"https:\/\/www.futonics.de\/de\/wp-json\/wp\/v2\/types\/page"}],"author":[{"embeddable":true,"href":"https:\/\/www.futonics.de\/de\/wp-json\/wp\/v2\/users\/1"}],"replies":[{"embeddable":true,"href":"https:\/\/www.futonics.de\/de\/wp-json\/wp\/v2\/comments?post=4952"}],"version-history":[{"count":24,"href":"https:\/\/www.futonics.de\/de\/wp-json\/wp\/v2\/pages\/4952\/revisions"}],"predecessor-version":[{"id":5204,"href":"https:\/\/www.futonics.de\/de\/wp-json\/wp\/v2\/pages\/4952\/revisions\/5204"}],"up":[{"embeddable":true,"href":"https:\/\/www.futonics.de\/de\/wp-json\/wp\/v2\/pages\/2137"}],"wp:attachment":[{"href":"https:\/\/www.futonics.de\/de\/wp-json\/wp\/v2\/media?parent=4952"}],"curies":[{"name":"wp","href":"https:\/\/api.w.org\/{rel}","templated":true}]}}