{"id":5077,"date":"2024-08-15T10:53:27","date_gmt":"2024-08-15T08:53:27","guid":{"rendered":"https:\/\/www.futonics.de\/?page_id=5077"},"modified":"2024-09-05T11:36:50","modified_gmt":"2024-09-05T09:36:50","slug":"lithotripsie","status":"publish","type":"page","link":"https:\/\/www.futonics.de\/de\/lithotripsie\/","title":{"rendered":"Lithotripsie"},"content":{"rendered":"\n<p>Futonics bietet eine beeindruckende Palette von Thulium-Faserlasern mit variablen Leistungs- und Ausgangsoptionen, die auf h\u00f6chste Pr\u00e4zision und Effizienz ausgelegt sind. Durch unsere fortschrittliche FBG-Herstellungstechnologie und patentierten Kopplungstechniken erm\u00f6glicht die Premium-Laser-Engine von Futonics eine m\u00fchelose und schnelle Integration in chirurgische Instrumente f\u00fcr unsere Kunden.<\/p>\n\n\n\n<p>Die herausragenden Vorteile des Thulium-Faserlasers von Futonics liegen in seiner einzigartigen F\u00e4higkeit, Steine wie von selbst um die eingesetzte Lichtfaser tanzen zu lassen, sie anzuziehen und gleichzeitig behutsam abzutragen.<\/p>\n\n\n\n<p>Futonics ist das einzige Unternehmen weltweit, das den st\u00e4rksten Laser seiner Klasse anbietet, mit einer Single-Mode-Operation und einer Spitzenleistung von 900W sowie einer Durchschnittsleistung von 200W. Dar\u00fcber hinaus bieten wir eine luftgek\u00fchlte Laseroption mit einer Spitzenleistung von 650W und einer Durchschnittsleistung von 100W an. Diese unvergleichlichen F\u00e4higkeiten heben Futonics deutlich hervor und bieten \u00fcberlegene Leistung f\u00fcr eine Vielzahl von Anwendungen.<\/p>\n\n\n\n<p>Mit einem Frequenzbereich von bis zu 3000 Hz bietet dieser Laser eine erheblich beschleunigte Behandlung, sobald die optimale Kombination aus Pulsenergie und -dauer gefunden ist. Futonics stellt somit eine flexible L\u00f6sung bereit, die sich perfekt in chirurgische Instrumente einf\u00fcgt und Chirurgen eine erweiterte Auswahl sowie pr\u00e4zisere Behandlungsm\u00f6glichkeiten bietet.<\/p>\n\n\n\n<figure class=\"wp-block-video\"><video height=\"1080\" style=\"aspect-ratio: 1920 \/ 1080;\" width=\"1920\" controls src=\"https:\/\/www.futonics.de\/wp-content\/uploads\/2024\/08\/IMG_7453-4.mov\"><\/video><\/figure>\n\n\n\n<figure class=\"wp-block-image size-full\"><img loading=\"lazy\" decoding=\"async\" width=\"734\" height=\"462\" src=\"https:\/\/www.futonics.de\/wp-content\/uploads\/2024\/08\/image-14.png\" alt=\"\" class=\"wp-image-5104\" srcset=\"https:\/\/www.futonics.de\/wp-content\/uploads\/2024\/08\/image-14.png 734w, https:\/\/www.futonics.de\/wp-content\/uploads\/2024\/08\/image-14-300x189.png 300w\" sizes=\"auto, (max-width: 734px) 100vw, 734px\" \/><\/figure>\n\n\n\n<figure class=\"wp-block-image size-full\"><img loading=\"lazy\" decoding=\"async\" width=\"806\" height=\"458\" src=\"https:\/\/www.futonics.de\/wp-content\/uploads\/2024\/08\/image-15.png\" alt=\"\" class=\"wp-image-5105\" srcset=\"https:\/\/www.futonics.de\/wp-content\/uploads\/2024\/08\/image-15.png 806w, https:\/\/www.futonics.de\/wp-content\/uploads\/2024\/08\/image-15-300x170.png 300w, https:\/\/www.futonics.de\/wp-content\/uploads\/2024\/08\/image-15-768x436.png 768w\" sizes=\"auto, (max-width: 806px) 100vw, 806px\" \/><\/figure>\n","protected":false},"excerpt":{"rendered":"<p>Futonics bietet eine beeindruckende Palette von Thulium-Faserlasern mit variablen Leistungs- und Ausgangsoptionen, die auf h\u00f6chste Pr\u00e4zision und Effizienz ausgelegt sind. Durch unsere fortschrittliche FBG-Herstellungstechnologie und patentierten Kopplungstechniken erm\u00f6glicht die Premium-Laser-Engine von Futonics eine m\u00fchelose und schnelle Integration in chirurgische Instrumente f\u00fcr unsere Kunden. Die herausragenden Vorteile des Thulium-Faserlasers von Futonics [&hellip;]<\/p>\n","protected":false},"author":6,"featured_media":0,"parent":0,"menu_order":0,"comment_status":"closed","ping_status":"closed","template":"","meta":{"_editorskit_title_hidden":false,"_editorskit_reading_time":0,"_editorskit_is_block_options_detached":false,"_editorskit_block_options_position":"{}","advgb_blocks_editor_width":"","advgb_blocks_columns_visual_guide":"","footnotes":""},"class_list":["post-5077","page","type-page","status-publish","hentry"],"translation":{"provider":"WPGlobus","version":"3.0.2","language":"de","enabled_languages":["en","de","zh"],"languages":{"en":{"title":true,"content":true,"excerpt":false},"de":{"title":true,"content":true,"excerpt":false},"zh":{"title":true,"content":true,"excerpt":false}}},"yoast_head":"<!-- This site is optimized with the Yoast SEO plugin v27.4 - https:\/\/yoast.com\/product\/yoast-seo-wordpress\/ -->\n<title>Lithotripsie - 2-\u00b5m-Einmoden-Faserlasersysteme<\/title>\n<meta name=\"robots\" content=\"index, follow, max-snippet:-1, max-image-preview:large, max-video-preview:-1\" \/>\n<link rel=\"canonical\" href=\"https:\/\/www.futonics.de\/lithotripsie\/\" \/>\n<meta property=\"og:locale\" content=\"de_DE\" \/>\n<meta property=\"og:type\" content=\"article\" \/>\n<meta property=\"og:title\" content=\"Lithotripsie - 2-\u00b5m-Einmoden-Faserlasersysteme\" \/>\n<meta property=\"og:url\" content=\"https:\/\/www.futonics.de\/lithotripsie\/\" \/>\n<meta property=\"og:site_name\" content=\"2-\u00b5m-Einmoden-Faserlasersysteme\" \/>\n<meta property=\"article:modified_time\" content=\"2024-09-05T09:36:50+00:00\" \/>\n<meta property=\"og:image\" content=\"https:\/\/www.futonics.de\/wp-content\/uploads\/2024\/08\/image-12.png\" \/>\n<meta name=\"twitter:card\" content=\"summary_large_image\" \/>\n<meta name=\"twitter:label1\" content=\"Gesch\u00e4tzte Lesezeit\" \/>\n\t<meta name=\"twitter:data1\" content=\"2\u00a0Minuten\" \/>\n<script type=\"application\/ld+json\" class=\"yoast-schema-graph\">{\"@context\":\"https:\\\/\\\/schema.org\",\"@graph\":[{\"@type\":\"WebPage\",\"@id\":\"https:\\\/\\\/www.futonics.de\\\/lithotripsie\\\/\",\"url\":\"https:\\\/\\\/www.futonics.de\\\/lithotripsie\\\/\",\"name\":\"Lithotripsie - 2-\u00b5m-Einmoden-Faserlasersysteme\",\"isPartOf\":{\"@id\":\"https:\\\/\\\/www.futonics.de\\\/#website\"},\"primaryImageOfPage\":{\"@id\":\"https:\\\/\\\/www.futonics.de\\\/lithotripsie\\\/#primaryimage\"},\"image\":{\"@id\":\"https:\\\/\\\/www.futonics.de\\\/lithotripsie\\\/#primaryimage\"},\"thumbnailUrl\":\"https:\\\/\\\/www.futonics.de\\\/wp-content\\\/uploads\\\/2024\\\/08\\\/image-12.png\",\"datePublished\":\"2024-08-15T08:53:27+00:00\",\"dateModified\":\"2024-09-05T09:36:50+00:00\",\"breadcrumb\":{\"@id\":\"https:\\\/\\\/www.futonics.de\\\/lithotripsie\\\/#breadcrumb\"},\"inLanguage\":\"de\",\"potentialAction\":[{\"@type\":\"ReadAction\",\"target\":[\"https:\\\/\\\/www.futonics.de\\\/lithotripsie\\\/\"]}]},{\"@type\":\"ImageObject\",\"inLanguage\":\"de\",\"@id\":\"https:\\\/\\\/www.futonics.de\\\/lithotripsie\\\/#primaryimage\",\"url\":\"https:\\\/\\\/www.futonics.de\\\/wp-content\\\/uploads\\\/2024\\\/08\\\/image-12.png\",\"contentUrl\":\"https:\\\/\\\/www.futonics.de\\\/wp-content\\\/uploads\\\/2024\\\/08\\\/image-12.png\"},{\"@type\":\"BreadcrumbList\",\"@id\":\"https:\\\/\\\/www.futonics.de\\\/lithotripsie\\\/#breadcrumb\",\"itemListElement\":[{\"@type\":\"ListItem\",\"position\":1,\"name\":\"Startseite\",\"item\":\"https:\\\/\\\/www.futonics.de\\\/\"},{\"@type\":\"ListItem\",\"position\":2,\"name\":\"Lithotripsie\"}]},{\"@type\":\"WebSite\",\"@id\":\"https:\\\/\\\/www.futonics.de\\\/#website\",\"url\":\"https:\\\/\\\/www.futonics.de\\\/\",\"name\":\"2-\u00b5m-Einmoden-Faserlasersysteme\",\"description\":\"Derzeit bieten wir verschiedene Thulium-Faser- und Kristalllasermodelle mit unterschiedlichen Ausgangsleistungen bis zu 250 W an\",\"publisher\":{\"@id\":\"https:\\\/\\\/www.futonics.de\\\/#organization\"},\"potentialAction\":[{\"@type\":\"SearchAction\",\"target\":{\"@type\":\"EntryPoint\",\"urlTemplate\":\"https:\\\/\\\/www.futonics.de\\\/?s={search_term_string}\"},\"query-input\":{\"@type\":\"PropertyValueSpecification\",\"valueRequired\":true,\"valueName\":\"search_term_string\"}}],\"inLanguage\":\"de\"},{\"@type\":\"Organization\",\"@id\":\"https:\\\/\\\/www.futonics.de\\\/#organization\",\"name\":\"2-\u00b5m-Einmoden-Faserlasersysteme\",\"url\":\"https:\\\/\\\/www.futonics.de\\\/\",\"logo\":{\"@type\":\"ImageObject\",\"inLanguage\":\"de\",\"@id\":\"https:\\\/\\\/www.futonics.de\\\/#\\\/schema\\\/logo\\\/image\\\/\",\"url\":\"https:\\\/\\\/www.futonics.de\\\/wp-content\\\/uploads\\\/2018\\\/11\\\/cropped-Futonics-Laser-Logo-weiss.png\",\"contentUrl\":\"https:\\\/\\\/www.futonics.de\\\/wp-content\\\/uploads\\\/2018\\\/11\\\/cropped-Futonics-Laser-Logo-weiss.png\",\"width\":855,\"height\":220,\"caption\":\"2-\u00b5m-Einmoden-Faserlasersysteme \"},\"image\":{\"@id\":\"https:\\\/\\\/www.futonics.de\\\/#\\\/schema\\\/logo\\\/image\\\/\"}}]}<\/script>\n<!-- \/ Yoast SEO plugin. -->","yoast_head_json":{"title":"Lithotripsie - 2-\u00b5m-Einmoden-Faserlasersysteme","robots":{"index":"index","follow":"follow","max-snippet":"max-snippet:-1","max-image-preview":"max-image-preview:large","max-video-preview":"max-video-preview:-1"},"canonical":"https:\/\/www.futonics.de\/lithotripsie\/","og_locale":"de_DE","og_type":"article","og_title":"Lithotripsie - 2-\u00b5m-Einmoden-Faserlasersysteme","og_url":"https:\/\/www.futonics.de\/lithotripsie\/","og_site_name":"2-\u00b5m-Einmoden-Faserlasersysteme","article_modified_time":"2024-09-05T09:36:50+00:00","og_image":[{"url":"https:\/\/www.futonics.de\/wp-content\/uploads\/2024\/08\/image-12.png","type":"","width":"","height":""}],"twitter_card":"summary_large_image","twitter_misc":{"Gesch\u00e4tzte Lesezeit":"2\u00a0Minuten"},"schema":{"@context":"https:\/\/schema.org","@graph":[{"@type":"WebPage","@id":"https:\/\/www.futonics.de\/lithotripsie\/","url":"https:\/\/www.futonics.de\/lithotripsie\/","name":"Lithotripsie - 2-\u00b5m-Einmoden-Faserlasersysteme","isPartOf":{"@id":"https:\/\/www.futonics.de\/#website"},"primaryImageOfPage":{"@id":"https:\/\/www.futonics.de\/lithotripsie\/#primaryimage"},"image":{"@id":"https:\/\/www.futonics.de\/lithotripsie\/#primaryimage"},"thumbnailUrl":"https:\/\/www.futonics.de\/wp-content\/uploads\/2024\/08\/image-12.png","datePublished":"2024-08-15T08:53:27+00:00","dateModified":"2024-09-05T09:36:50+00:00","breadcrumb":{"@id":"https:\/\/www.futonics.de\/lithotripsie\/#breadcrumb"},"inLanguage":"de","potentialAction":[{"@type":"ReadAction","target":["https:\/\/www.futonics.de\/lithotripsie\/"]}]},{"@type":"ImageObject","inLanguage":"de","@id":"https:\/\/www.futonics.de\/lithotripsie\/#primaryimage","url":"https:\/\/www.futonics.de\/wp-content\/uploads\/2024\/08\/image-12.png","contentUrl":"https:\/\/www.futonics.de\/wp-content\/uploads\/2024\/08\/image-12.png"},{"@type":"BreadcrumbList","@id":"https:\/\/www.futonics.de\/lithotripsie\/#breadcrumb","itemListElement":[{"@type":"ListItem","position":1,"name":"Startseite","item":"https:\/\/www.futonics.de\/"},{"@type":"ListItem","position":2,"name":"Lithotripsie"}]},{"@type":"WebSite","@id":"https:\/\/www.futonics.de\/#website","url":"https:\/\/www.futonics.de\/","name":"2-\u00b5m-Einmoden-Faserlasersysteme","description":"Derzeit bieten wir verschiedene Thulium-Faser- und Kristalllasermodelle mit unterschiedlichen Ausgangsleistungen bis zu 250 W an","publisher":{"@id":"https:\/\/www.futonics.de\/#organization"},"potentialAction":[{"@type":"SearchAction","target":{"@type":"EntryPoint","urlTemplate":"https:\/\/www.futonics.de\/?s={search_term_string}"},"query-input":{"@type":"PropertyValueSpecification","valueRequired":true,"valueName":"search_term_string"}}],"inLanguage":"de"},{"@type":"Organization","@id":"https:\/\/www.futonics.de\/#organization","name":"2-\u00b5m-Einmoden-Faserlasersysteme","url":"https:\/\/www.futonics.de\/","logo":{"@type":"ImageObject","inLanguage":"de","@id":"https:\/\/www.futonics.de\/#\/schema\/logo\/image\/","url":"https:\/\/www.futonics.de\/wp-content\/uploads\/2018\/11\/cropped-Futonics-Laser-Logo-weiss.png","contentUrl":"https:\/\/www.futonics.de\/wp-content\/uploads\/2018\/11\/cropped-Futonics-Laser-Logo-weiss.png","width":855,"height":220,"caption":"2-\u00b5m-Einmoden-Faserlasersysteme "},"image":{"@id":"https:\/\/www.futonics.de\/#\/schema\/logo\/image\/"}}]}},"coauthors":[],"author_meta":{"author_link":"https:\/\/www.futonics.de\/de\/author\/ljin\/","display_name":"Lele Jin"},"relative_dates":{"created":"Ver\u00f6ffentlicht 2\u00a0Jahren vor","modified":"Aktualisiert 2\u00a0Jahren vor"},"absolute_dates":{"created":"Ver\u00f6ffentlicht am 15. August 2024","modified":"Aktualisiert am 5. September 2024"},"absolute_dates_time":{"created":"Ver\u00f6ffentlicht am 15. August 2024 10:53","modified":"Aktualisiert am 5. September 2024 11:36"},"featured_img_caption":"","featured_img":false,"series_order":"","_links":{"self":[{"href":"https:\/\/www.futonics.de\/de\/wp-json\/wp\/v2\/pages\/5077","targetHints":{"allow":["GET"]}}],"collection":[{"href":"https:\/\/www.futonics.de\/de\/wp-json\/wp\/v2\/pages"}],"about":[{"href":"https:\/\/www.futonics.de\/de\/wp-json\/wp\/v2\/types\/page"}],"author":[{"embeddable":true,"href":"https:\/\/www.futonics.de\/de\/wp-json\/wp\/v2\/users\/6"}],"replies":[{"embeddable":true,"href":"https:\/\/www.futonics.de\/de\/wp-json\/wp\/v2\/comments?post=5077"}],"version-history":[{"count":12,"href":"https:\/\/www.futonics.de\/de\/wp-json\/wp\/v2\/pages\/5077\/revisions"}],"predecessor-version":[{"id":5106,"href":"https:\/\/www.futonics.de\/de\/wp-json\/wp\/v2\/pages\/5077\/revisions\/5106"}],"wp:attachment":[{"href":"https:\/\/www.futonics.de\/de\/wp-json\/wp\/v2\/media?parent=5077"}],"curies":[{"name":"wp","href":"https:\/\/api.w.org\/{rel}","templated":true}]}}