{"id":5111,"date":"2024-08-15T11:15:43","date_gmt":"2024-08-15T09:15:43","guid":{"rendered":"https:\/\/www.futonics.de\/?page_id=5111"},"modified":"2024-08-15T11:40:44","modified_gmt":"2024-08-15T09:40:44","slug":"laser-weeding","status":"publish","type":"page","link":"https:\/\/www.futonics.de\/de\/laser-weeding\/","title":{"rendered":"Laserweeding"},"content":{"rendered":"\n<p>Sagen Sie Nein zu Herbiziden mit dem Laserweeding von Futonics! <\/p>\n\n\n\n<p>Unser 900W QCW oder 200W CW Faserlasern mit einer Wellenl\u00e4nge von 2\u00b5m und patentierter optischer Technologie liefert unvergleichliche Pr\u00e4zision und Leistung, um Unkraut punktgenau und ohne Chemikalien zu bek\u00e4mpfen. <\/p>\n\n\n\n<p>Kompakt, hochpr\u00e4zise und energiegeladen \u2013 unser Lasersystem ist nicht nur \u00e4u\u00dferst effizient, sondern auch extrem wartungsfreundlich. Mit einem Spot, der 5-mal kleiner und 25-mal leistungsdichter ist als bei CO2-Lasern, erfolgt die Unkrautbek\u00e4mpfung 25-mal schneller und effektiver. Ideal f\u00fcr batteriebetriebene Roboter und den Einsatz in Innenr\u00e4umen. Unsere Technologie sorgt daf\u00fcr, dass 85% des Unkrauts m\u00fchelos vernichtet werden. <\/p>\n\n\n\n<p>Futonics: Das richtige Werkzeug f\u00fcr Laserweeding, das modernste Innovation mit \u00fcberlegener Leistung f\u00fcr eine umweltfreundliche und schnelle Unkrautbek\u00e4mpfung vereint.<\/p>\n\n\n\n<p><\/p>\n\n\n\n<figure class=\"wp-block-video\"><video height=\"480\" style=\"aspect-ratio: 848 \/ 480;\" width=\"848\" controls src=\"https:\/\/www.futonics.de\/wp-content\/uploads\/2024\/08\/b26a2b6b-a3d8-4210-b936-795a95c0b3d2-1.mp4\"><\/video><\/figure>\n\n\n\n<figure class=\"wp-block-image size-full\"><img loading=\"lazy\" decoding=\"async\" width=\"732\" height=\"467\" src=\"https:\/\/www.futonics.de\/wp-content\/uploads\/2024\/08\/image-17.png\" alt=\"\" class=\"wp-image-5119\" srcset=\"https:\/\/www.futonics.de\/wp-content\/uploads\/2024\/08\/image-17.png 732w, https:\/\/www.futonics.de\/wp-content\/uploads\/2024\/08\/image-17-300x191.png 300w\" sizes=\"auto, (max-width: 732px) 100vw, 732px\" \/><\/figure>\n","protected":false},"excerpt":{"rendered":"<p>Sagen Sie Nein zu Herbiziden mit dem Laserweeding von Futonics! Unser 900W QCW oder 200W CW Faserlasern mit einer Wellenl\u00e4nge von 2\u00b5m und patentierter optischer Technologie liefert unvergleichliche Pr\u00e4zision und Leistung, um Unkraut punktgenau und ohne Chemikalien zu bek\u00e4mpfen. Kompakt, hochpr\u00e4zise und energiegeladen \u2013 unser Lasersystem ist nicht nur \u00e4u\u00dferst [&hellip;]<\/p>\n","protected":false},"author":6,"featured_media":0,"parent":0,"menu_order":0,"comment_status":"closed","ping_status":"closed","template":"","meta":{"_editorskit_title_hidden":false,"_editorskit_reading_time":0,"_editorskit_is_block_options_detached":false,"_editorskit_block_options_position":"{}","advgb_blocks_editor_width":"","advgb_blocks_columns_visual_guide":"","footnotes":""},"class_list":["post-5111","page","type-page","status-publish","hentry"],"translation":{"provider":"WPGlobus","version":"3.0.2","language":"de","enabled_languages":["en","de","zh"],"languages":{"en":{"title":true,"content":true,"excerpt":false},"de":{"title":true,"content":true,"excerpt":false},"zh":{"title":true,"content":true,"excerpt":false}}},"yoast_head":"<!-- This site is optimized with the Yoast SEO plugin v27.4 - https:\/\/yoast.com\/product\/yoast-seo-wordpress\/ -->\n<title>Laserweeding - 2-\u00b5m-Einmoden-Faserlasersysteme<\/title>\n<meta name=\"robots\" content=\"index, follow, max-snippet:-1, max-image-preview:large, max-video-preview:-1\" \/>\n<link rel=\"canonical\" href=\"https:\/\/www.futonics.de\/laser-weeding\/\" \/>\n<meta property=\"og:locale\" content=\"de_DE\" \/>\n<meta property=\"og:type\" content=\"article\" \/>\n<meta property=\"og:title\" content=\"Laserweeding - 2-\u00b5m-Einmoden-Faserlasersysteme\" \/>\n<meta property=\"og:url\" content=\"https:\/\/www.futonics.de\/laser-weeding\/\" \/>\n<meta property=\"og:site_name\" content=\"2-\u00b5m-Einmoden-Faserlasersysteme\" \/>\n<meta property=\"article:modified_time\" content=\"2024-08-15T09:40:44+00:00\" \/>\n<meta property=\"og:image\" content=\"https:\/\/www.futonics.de\/wp-content\/uploads\/2024\/08\/image-16.png\" \/>\n<meta name=\"twitter:card\" content=\"summary_large_image\" \/>\n<meta name=\"twitter:label1\" content=\"Gesch\u00e4tzte Lesezeit\" \/>\n\t<meta name=\"twitter:data1\" content=\"1\u00a0Minute\" \/>\n<script type=\"application\/ld+json\" class=\"yoast-schema-graph\">{\"@context\":\"https:\\\/\\\/schema.org\",\"@graph\":[{\"@type\":\"WebPage\",\"@id\":\"https:\\\/\\\/www.futonics.de\\\/laser-weeding\\\/\",\"url\":\"https:\\\/\\\/www.futonics.de\\\/laser-weeding\\\/\",\"name\":\"Laserweeding - 2-\u00b5m-Einmoden-Faserlasersysteme\",\"isPartOf\":{\"@id\":\"https:\\\/\\\/www.futonics.de\\\/#website\"},\"primaryImageOfPage\":{\"@id\":\"https:\\\/\\\/www.futonics.de\\\/laser-weeding\\\/#primaryimage\"},\"image\":{\"@id\":\"https:\\\/\\\/www.futonics.de\\\/laser-weeding\\\/#primaryimage\"},\"thumbnailUrl\":\"https:\\\/\\\/www.futonics.de\\\/wp-content\\\/uploads\\\/2024\\\/08\\\/image-16.png\",\"datePublished\":\"2024-08-15T09:15:43+00:00\",\"dateModified\":\"2024-08-15T09:40:44+00:00\",\"breadcrumb\":{\"@id\":\"https:\\\/\\\/www.futonics.de\\\/laser-weeding\\\/#breadcrumb\"},\"inLanguage\":\"de\",\"potentialAction\":[{\"@type\":\"ReadAction\",\"target\":[\"https:\\\/\\\/www.futonics.de\\\/laser-weeding\\\/\"]}]},{\"@type\":\"ImageObject\",\"inLanguage\":\"de\",\"@id\":\"https:\\\/\\\/www.futonics.de\\\/laser-weeding\\\/#primaryimage\",\"url\":\"https:\\\/\\\/www.futonics.de\\\/wp-content\\\/uploads\\\/2024\\\/08\\\/image-16.png\",\"contentUrl\":\"https:\\\/\\\/www.futonics.de\\\/wp-content\\\/uploads\\\/2024\\\/08\\\/image-16.png\"},{\"@type\":\"BreadcrumbList\",\"@id\":\"https:\\\/\\\/www.futonics.de\\\/laser-weeding\\\/#breadcrumb\",\"itemListElement\":[{\"@type\":\"ListItem\",\"position\":1,\"name\":\"Startseite\",\"item\":\"https:\\\/\\\/www.futonics.de\\\/\"},{\"@type\":\"ListItem\",\"position\":2,\"name\":\"Laserweeding\"}]},{\"@type\":\"WebSite\",\"@id\":\"https:\\\/\\\/www.futonics.de\\\/#website\",\"url\":\"https:\\\/\\\/www.futonics.de\\\/\",\"name\":\"2-\u00b5m-Einmoden-Faserlasersysteme\",\"description\":\"Derzeit bieten wir verschiedene Thulium-Faser- und Kristalllasermodelle mit unterschiedlichen Ausgangsleistungen bis zu 250 W an\",\"publisher\":{\"@id\":\"https:\\\/\\\/www.futonics.de\\\/#organization\"},\"potentialAction\":[{\"@type\":\"SearchAction\",\"target\":{\"@type\":\"EntryPoint\",\"urlTemplate\":\"https:\\\/\\\/www.futonics.de\\\/?s={search_term_string}\"},\"query-input\":{\"@type\":\"PropertyValueSpecification\",\"valueRequired\":true,\"valueName\":\"search_term_string\"}}],\"inLanguage\":\"de\"},{\"@type\":\"Organization\",\"@id\":\"https:\\\/\\\/www.futonics.de\\\/#organization\",\"name\":\"2-\u00b5m-Einmoden-Faserlasersysteme\",\"url\":\"https:\\\/\\\/www.futonics.de\\\/\",\"logo\":{\"@type\":\"ImageObject\",\"inLanguage\":\"de\",\"@id\":\"https:\\\/\\\/www.futonics.de\\\/#\\\/schema\\\/logo\\\/image\\\/\",\"url\":\"https:\\\/\\\/www.futonics.de\\\/wp-content\\\/uploads\\\/2018\\\/11\\\/cropped-Futonics-Laser-Logo-weiss.png\",\"contentUrl\":\"https:\\\/\\\/www.futonics.de\\\/wp-content\\\/uploads\\\/2018\\\/11\\\/cropped-Futonics-Laser-Logo-weiss.png\",\"width\":855,\"height\":220,\"caption\":\"2-\u00b5m-Einmoden-Faserlasersysteme \"},\"image\":{\"@id\":\"https:\\\/\\\/www.futonics.de\\\/#\\\/schema\\\/logo\\\/image\\\/\"}}]}<\/script>\n<!-- \/ Yoast SEO plugin. -->","yoast_head_json":{"title":"Laserweeding - 2-\u00b5m-Einmoden-Faserlasersysteme","robots":{"index":"index","follow":"follow","max-snippet":"max-snippet:-1","max-image-preview":"max-image-preview:large","max-video-preview":"max-video-preview:-1"},"canonical":"https:\/\/www.futonics.de\/laser-weeding\/","og_locale":"de_DE","og_type":"article","og_title":"Laserweeding - 2-\u00b5m-Einmoden-Faserlasersysteme","og_url":"https:\/\/www.futonics.de\/laser-weeding\/","og_site_name":"2-\u00b5m-Einmoden-Faserlasersysteme","article_modified_time":"2024-08-15T09:40:44+00:00","og_image":[{"url":"https:\/\/www.futonics.de\/wp-content\/uploads\/2024\/08\/image-16.png","type":"","width":"","height":""}],"twitter_card":"summary_large_image","twitter_misc":{"Gesch\u00e4tzte Lesezeit":"1\u00a0Minute"},"schema":{"@context":"https:\/\/schema.org","@graph":[{"@type":"WebPage","@id":"https:\/\/www.futonics.de\/laser-weeding\/","url":"https:\/\/www.futonics.de\/laser-weeding\/","name":"Laserweeding - 2-\u00b5m-Einmoden-Faserlasersysteme","isPartOf":{"@id":"https:\/\/www.futonics.de\/#website"},"primaryImageOfPage":{"@id":"https:\/\/www.futonics.de\/laser-weeding\/#primaryimage"},"image":{"@id":"https:\/\/www.futonics.de\/laser-weeding\/#primaryimage"},"thumbnailUrl":"https:\/\/www.futonics.de\/wp-content\/uploads\/2024\/08\/image-16.png","datePublished":"2024-08-15T09:15:43+00:00","dateModified":"2024-08-15T09:40:44+00:00","breadcrumb":{"@id":"https:\/\/www.futonics.de\/laser-weeding\/#breadcrumb"},"inLanguage":"de","potentialAction":[{"@type":"ReadAction","target":["https:\/\/www.futonics.de\/laser-weeding\/"]}]},{"@type":"ImageObject","inLanguage":"de","@id":"https:\/\/www.futonics.de\/laser-weeding\/#primaryimage","url":"https:\/\/www.futonics.de\/wp-content\/uploads\/2024\/08\/image-16.png","contentUrl":"https:\/\/www.futonics.de\/wp-content\/uploads\/2024\/08\/image-16.png"},{"@type":"BreadcrumbList","@id":"https:\/\/www.futonics.de\/laser-weeding\/#breadcrumb","itemListElement":[{"@type":"ListItem","position":1,"name":"Startseite","item":"https:\/\/www.futonics.de\/"},{"@type":"ListItem","position":2,"name":"Laserweeding"}]},{"@type":"WebSite","@id":"https:\/\/www.futonics.de\/#website","url":"https:\/\/www.futonics.de\/","name":"2-\u00b5m-Einmoden-Faserlasersysteme","description":"Derzeit bieten wir verschiedene Thulium-Faser- und Kristalllasermodelle mit unterschiedlichen Ausgangsleistungen bis zu 250 W an","publisher":{"@id":"https:\/\/www.futonics.de\/#organization"},"potentialAction":[{"@type":"SearchAction","target":{"@type":"EntryPoint","urlTemplate":"https:\/\/www.futonics.de\/?s={search_term_string}"},"query-input":{"@type":"PropertyValueSpecification","valueRequired":true,"valueName":"search_term_string"}}],"inLanguage":"de"},{"@type":"Organization","@id":"https:\/\/www.futonics.de\/#organization","name":"2-\u00b5m-Einmoden-Faserlasersysteme","url":"https:\/\/www.futonics.de\/","logo":{"@type":"ImageObject","inLanguage":"de","@id":"https:\/\/www.futonics.de\/#\/schema\/logo\/image\/","url":"https:\/\/www.futonics.de\/wp-content\/uploads\/2018\/11\/cropped-Futonics-Laser-Logo-weiss.png","contentUrl":"https:\/\/www.futonics.de\/wp-content\/uploads\/2018\/11\/cropped-Futonics-Laser-Logo-weiss.png","width":855,"height":220,"caption":"2-\u00b5m-Einmoden-Faserlasersysteme "},"image":{"@id":"https:\/\/www.futonics.de\/#\/schema\/logo\/image\/"}}]}},"coauthors":[],"author_meta":{"author_link":"https:\/\/www.futonics.de\/de\/author\/ljin\/","display_name":"Lele Jin"},"relative_dates":{"created":"Ver\u00f6ffentlicht 2\u00a0Jahren vor","modified":"Aktualisiert 2\u00a0Jahren vor"},"absolute_dates":{"created":"Ver\u00f6ffentlicht am 15. August 2024","modified":"Aktualisiert am 15. August 2024"},"absolute_dates_time":{"created":"Ver\u00f6ffentlicht am 15. August 2024 11:15","modified":"Aktualisiert am 15. August 2024 11:40"},"featured_img_caption":"","featured_img":false,"series_order":"","_links":{"self":[{"href":"https:\/\/www.futonics.de\/de\/wp-json\/wp\/v2\/pages\/5111","targetHints":{"allow":["GET"]}}],"collection":[{"href":"https:\/\/www.futonics.de\/de\/wp-json\/wp\/v2\/pages"}],"about":[{"href":"https:\/\/www.futonics.de\/de\/wp-json\/wp\/v2\/types\/page"}],"author":[{"embeddable":true,"href":"https:\/\/www.futonics.de\/de\/wp-json\/wp\/v2\/users\/6"}],"replies":[{"embeddable":true,"href":"https:\/\/www.futonics.de\/de\/wp-json\/wp\/v2\/comments?post=5111"}],"version-history":[{"count":4,"href":"https:\/\/www.futonics.de\/de\/wp-json\/wp\/v2\/pages\/5111\/revisions"}],"predecessor-version":[{"id":5124,"href":"https:\/\/www.futonics.de\/de\/wp-json\/wp\/v2\/pages\/5111\/revisions\/5124"}],"wp:attachment":[{"href":"https:\/\/www.futonics.de\/de\/wp-json\/wp\/v2\/media?parent=5111"}],"curies":[{"name":"wp","href":"https:\/\/api.w.org\/{rel}","templated":true}]}}