{"id":517,"date":"2018-10-29T10:50:27","date_gmt":"2018-10-29T09:50:27","guid":{"rendered":"http:\/\/beta.futonics.de\/?page_id=517"},"modified":"2019-08-19T11:34:09","modified_gmt":"2019-08-19T09:34:09","slug":"oem","status":"publish","type":"page","link":"https:\/\/www.futonics.de\/de\/oem\/","title":{"rendered":"PARTNER &#038; OEM"},"content":{"rendered":"\n<p>   <br>   <\/p>\n\n\n\n<h6 class=\"wp-block-heading\"> <strong>OEM L\u00d6SUNGEN<\/strong> <\/h6>\n\n\n\n<p>Futonics bietet OEM-Laserl\u00f6sungen an. Wir haben 30 Jahre Erfahrung auf  dem Gebiet der Laserherstellung sowie ein erfahrenes Expertenteam in  Entwicklung und Produktion. <br>   <\/p>\n\n\n\n<h6 class=\"wp-block-heading\"><strong>KOLLABORATIVE PRODUKTENTWICKLUNG <\/strong> <\/h6>\n\n\n\n<p>Wir arbeiten eng mit unseren Partnern zusammen, um ma\u00dfgeschneiderte  Laserl\u00f6sungen f\u00fcr eine Vielzahl von Anwendungen anzubieten. Unsere Laser  werden im eigenen Haus in Deutschland hergestellt und bieten die  Flexibilit\u00e4t, sie in Bezug auf Wellenl\u00e4nge, Leistung, R\u00fcckreflexion,  Kollimation, Leistungsstabilit\u00e4t, Optik und andere Aspekte anzupassen,  die f\u00fcr Ihr Unternehmen wichtig sind. <\/p>\n\n\n\n<p>Futonics ist in den Entwicklungsprozess von Lasersystemen f\u00fcr bestimmte  Anwendungen involviert. Wir arbeiten mit unseren Partnern zusammen, um  Materialpr\u00fcfungen durchzuf\u00fchren, zum Produktdesign beizutragen und die  Laserkomponenten des Endprodukts zu installieren und zu warten. <br> <br> <br>   <\/p>\n\n\n\n<h6 class=\"wp-block-heading\"><strong>PARTNER<\/strong><br>   <br><\/h6>\n\n\n\n<figure class=\"wp-block-image\"><a href=\"http:\/\/www.hegla.de\/index.php?id=2&amp;L=1\"><img loading=\"lazy\" decoding=\"async\" width=\"148\" height=\"124\" src=\"https:\/\/www.futonics.de\/wp-content\/uploads\/2019\/01\/hegla-logo-new-3.jpg\" alt=\"\" class=\"wp-image-2895\"\/><\/a><\/figure>\n\n\n\n<p><strong>HEGLA GmbH &amp; Co. KG<\/strong><br>In Zusammenarbeit mit HEGLA wurde die weltweit erste <a href=\"https:\/\/www.futonics.de\/de\/applications\/industrial\/plastics\/laminated\/\">Maschine zum Schneiden von Verbundglas<\/a> entwickelt. <br>  <br>  <\/p>\n\n\n\n<hr class=\"wp-block-separator is-style-wide\"\/>\n\n\n\n<figure class=\"wp-block-image is-resized\"><a href=\"https:\/\/lms-development-concept.de\/\"><img loading=\"lazy\" decoding=\"async\" src=\"https:\/\/www.futonics.de\/wp-content\/uploads\/2019\/01\/LMS-300x197.png\" alt=\"\" class=\"wp-image-2897\" width=\"225\" height=\"148\" srcset=\"https:\/\/www.futonics.de\/wp-content\/uploads\/2019\/01\/LMS-300x197.png 300w, https:\/\/www.futonics.de\/wp-content\/uploads\/2019\/01\/LMS.png 456w\" sizes=\"auto, (max-width: 225px) 100vw, 225px\" \/><\/a><\/figure>\n\n\n\n<p><strong>LMS Development Concept<\/strong><br>Wir haben gemeinsam mit unseren Partnern von LMS Development Concept und  einem lokalen Ingenieurb\u00fcro eine Maschine zum laserunterst\u00fctzten<a href=\"https:\/\/www.futonics.de\/de\/applications\/industrial\/plastics\/foil\/\"> automatischen Entfernen von Kunststofffolien<\/a> entwickelt.  <br>  <br>  <\/p>\n\n\n\n<hr class=\"wp-block-separator is-style-wide\"\/>\n\n\n\n<figure class=\"wp-block-image\"><a href=\"http:\/\/www.durmazlar.com.tr\/\"><img loading=\"lazy\" decoding=\"async\" width=\"119\" height=\"20\" src=\"https:\/\/www.futonics.de\/wp-content\/uploads\/2019\/01\/durma-logo.png\" alt=\"\" class=\"wp-image-2898\"\/><\/a><\/figure>\n\n\n\n<p><strong>Durmazlar Makina<\/strong><br>Unsere Freunde in Durmazlar haben Futonics-Faserlaser als Laserquelle f\u00fcr die <a href=\"https:\/\/www.futonics.de\/de\/applications\/industrial\/plastics\/fiber-reinforced\/\">Verarbeitung von Verbundwerkstoffen<\/a> in ihren Systemen verwendet. <br>    <br>   <br>   <br>   <br>   <\/p>\n","protected":false},"excerpt":{"rendered":"<p>OEM L\u00d6SUNGEN Futonics bietet OEM-Laserl\u00f6sungen an. Wir haben 30 Jahre Erfahrung auf dem Gebiet der Laserherstellung sowie ein erfahrenes Expertenteam in Entwicklung und Produktion. KOLLABORATIVE PRODUKTENTWICKLUNG Wir arbeiten eng mit unseren Partnern zusammen, um ma\u00dfgeschneiderte Laserl\u00f6sungen f\u00fcr eine Vielzahl von Anwendungen anzubieten. Unsere Laser werden im eigenen Haus in Deutschland [&hellip;]<\/p>\n","protected":false},"author":1,"featured_media":0,"parent":0,"menu_order":0,"comment_status":"closed","ping_status":"closed","template":"","meta":{"_editorskit_title_hidden":false,"_editorskit_reading_time":0,"_editorskit_is_block_options_detached":false,"_editorskit_block_options_position":"{}","advgb_blocks_editor_width":"","advgb_blocks_columns_visual_guide":"","footnotes":""},"class_list":["post-517","page","type-page","status-publish","hentry"],"translation":{"provider":"WPGlobus","version":"3.0.2","language":"de","enabled_languages":["en","de","zh"],"languages":{"en":{"title":true,"content":true,"excerpt":false},"de":{"title":true,"content":true,"excerpt":false},"zh":{"title":true,"content":true,"excerpt":false}}},"yoast_head":"<!-- This site is optimized with the Yoast SEO plugin v27.4 - https:\/\/yoast.com\/product\/yoast-seo-wordpress\/ -->\n<title>PARTNER &amp; OEM - 2-\u00b5m-Einmoden-Faserlasersysteme<\/title>\n<meta name=\"robots\" content=\"index, follow, max-snippet:-1, max-image-preview:large, max-video-preview:-1\" \/>\n<link rel=\"canonical\" href=\"https:\/\/www.futonics.de\/oem\/\" \/>\n<meta property=\"og:locale\" content=\"de_DE\" \/>\n<meta property=\"og:type\" content=\"article\" \/>\n<meta property=\"og:title\" content=\"PARTNER &amp; OEM - 2-\u00b5m-Einmoden-Faserlasersysteme\" \/>\n<meta property=\"og:url\" content=\"https:\/\/www.futonics.de\/oem\/\" \/>\n<meta property=\"og:site_name\" content=\"2-\u00b5m-Einmoden-Faserlasersysteme\" \/>\n<meta property=\"article:modified_time\" content=\"2019-08-19T09:34:09+00:00\" \/>\n<meta property=\"og:image\" content=\"https:\/\/www.futonics.de\/wp-content\/uploads\/2019\/01\/hegla-logo-new-3.jpg\" \/>\n<meta name=\"twitter:card\" content=\"summary_large_image\" \/>\n<meta name=\"twitter:label1\" content=\"Gesch\u00e4tzte Lesezeit\" \/>\n\t<meta name=\"twitter:data1\" content=\"2\u00a0Minuten\" \/>\n<script type=\"application\/ld+json\" class=\"yoast-schema-graph\">{\"@context\":\"https:\\\/\\\/schema.org\",\"@graph\":[{\"@type\":\"WebPage\",\"@id\":\"https:\\\/\\\/www.futonics.de\\\/oem\\\/\",\"url\":\"https:\\\/\\\/www.futonics.de\\\/oem\\\/\",\"name\":\"PARTNER & OEM - 2-\u00b5m-Einmoden-Faserlasersysteme\",\"isPartOf\":{\"@id\":\"https:\\\/\\\/www.futonics.de\\\/#website\"},\"primaryImageOfPage\":{\"@id\":\"https:\\\/\\\/www.futonics.de\\\/oem\\\/#primaryimage\"},\"image\":{\"@id\":\"https:\\\/\\\/www.futonics.de\\\/oem\\\/#primaryimage\"},\"thumbnailUrl\":\"https:\\\/\\\/www.futonics.de\\\/wp-content\\\/uploads\\\/2019\\\/01\\\/hegla-logo-new-3.jpg\",\"datePublished\":\"2018-10-29T09:50:27+00:00\",\"dateModified\":\"2019-08-19T09:34:09+00:00\",\"breadcrumb\":{\"@id\":\"https:\\\/\\\/www.futonics.de\\\/oem\\\/#breadcrumb\"},\"inLanguage\":\"de\",\"potentialAction\":[{\"@type\":\"ReadAction\",\"target\":[\"https:\\\/\\\/www.futonics.de\\\/oem\\\/\"]}]},{\"@type\":\"ImageObject\",\"inLanguage\":\"de\",\"@id\":\"https:\\\/\\\/www.futonics.de\\\/oem\\\/#primaryimage\",\"url\":\"https:\\\/\\\/www.futonics.de\\\/wp-content\\\/uploads\\\/2019\\\/01\\\/hegla-logo-new-3.jpg\",\"contentUrl\":\"https:\\\/\\\/www.futonics.de\\\/wp-content\\\/uploads\\\/2019\\\/01\\\/hegla-logo-new-3.jpg\"},{\"@type\":\"BreadcrumbList\",\"@id\":\"https:\\\/\\\/www.futonics.de\\\/oem\\\/#breadcrumb\",\"itemListElement\":[{\"@type\":\"ListItem\",\"position\":1,\"name\":\"Startseite\",\"item\":\"https:\\\/\\\/www.futonics.de\\\/\"},{\"@type\":\"ListItem\",\"position\":2,\"name\":\"PARTNER &#038; OEM\"}]},{\"@type\":\"WebSite\",\"@id\":\"https:\\\/\\\/www.futonics.de\\\/#website\",\"url\":\"https:\\\/\\\/www.futonics.de\\\/\",\"name\":\"2-\u00b5m-Einmoden-Faserlasersysteme\",\"description\":\"Derzeit bieten wir verschiedene Thulium-Faser- und Kristalllasermodelle mit unterschiedlichen Ausgangsleistungen bis zu 250 W an\",\"publisher\":{\"@id\":\"https:\\\/\\\/www.futonics.de\\\/#organization\"},\"potentialAction\":[{\"@type\":\"SearchAction\",\"target\":{\"@type\":\"EntryPoint\",\"urlTemplate\":\"https:\\\/\\\/www.futonics.de\\\/?s={search_term_string}\"},\"query-input\":{\"@type\":\"PropertyValueSpecification\",\"valueRequired\":true,\"valueName\":\"search_term_string\"}}],\"inLanguage\":\"de\"},{\"@type\":\"Organization\",\"@id\":\"https:\\\/\\\/www.futonics.de\\\/#organization\",\"name\":\"2-\u00b5m-Einmoden-Faserlasersysteme\",\"url\":\"https:\\\/\\\/www.futonics.de\\\/\",\"logo\":{\"@type\":\"ImageObject\",\"inLanguage\":\"de\",\"@id\":\"https:\\\/\\\/www.futonics.de\\\/#\\\/schema\\\/logo\\\/image\\\/\",\"url\":\"https:\\\/\\\/www.futonics.de\\\/wp-content\\\/uploads\\\/2018\\\/11\\\/cropped-Futonics-Laser-Logo-weiss.png\",\"contentUrl\":\"https:\\\/\\\/www.futonics.de\\\/wp-content\\\/uploads\\\/2018\\\/11\\\/cropped-Futonics-Laser-Logo-weiss.png\",\"width\":855,\"height\":220,\"caption\":\"2-\u00b5m-Einmoden-Faserlasersysteme \"},\"image\":{\"@id\":\"https:\\\/\\\/www.futonics.de\\\/#\\\/schema\\\/logo\\\/image\\\/\"}}]}<\/script>\n<!-- \/ Yoast SEO plugin. -->","yoast_head_json":{"title":"PARTNER & OEM - 2-\u00b5m-Einmoden-Faserlasersysteme","robots":{"index":"index","follow":"follow","max-snippet":"max-snippet:-1","max-image-preview":"max-image-preview:large","max-video-preview":"max-video-preview:-1"},"canonical":"https:\/\/www.futonics.de\/oem\/","og_locale":"de_DE","og_type":"article","og_title":"PARTNER & OEM - 2-\u00b5m-Einmoden-Faserlasersysteme","og_url":"https:\/\/www.futonics.de\/oem\/","og_site_name":"2-\u00b5m-Einmoden-Faserlasersysteme","article_modified_time":"2019-08-19T09:34:09+00:00","og_image":[{"url":"https:\/\/www.futonics.de\/wp-content\/uploads\/2019\/01\/hegla-logo-new-3.jpg","type":"","width":"","height":""}],"twitter_card":"summary_large_image","twitter_misc":{"Gesch\u00e4tzte Lesezeit":"2\u00a0Minuten"},"schema":{"@context":"https:\/\/schema.org","@graph":[{"@type":"WebPage","@id":"https:\/\/www.futonics.de\/oem\/","url":"https:\/\/www.futonics.de\/oem\/","name":"PARTNER & OEM - 2-\u00b5m-Einmoden-Faserlasersysteme","isPartOf":{"@id":"https:\/\/www.futonics.de\/#website"},"primaryImageOfPage":{"@id":"https:\/\/www.futonics.de\/oem\/#primaryimage"},"image":{"@id":"https:\/\/www.futonics.de\/oem\/#primaryimage"},"thumbnailUrl":"https:\/\/www.futonics.de\/wp-content\/uploads\/2019\/01\/hegla-logo-new-3.jpg","datePublished":"2018-10-29T09:50:27+00:00","dateModified":"2019-08-19T09:34:09+00:00","breadcrumb":{"@id":"https:\/\/www.futonics.de\/oem\/#breadcrumb"},"inLanguage":"de","potentialAction":[{"@type":"ReadAction","target":["https:\/\/www.futonics.de\/oem\/"]}]},{"@type":"ImageObject","inLanguage":"de","@id":"https:\/\/www.futonics.de\/oem\/#primaryimage","url":"https:\/\/www.futonics.de\/wp-content\/uploads\/2019\/01\/hegla-logo-new-3.jpg","contentUrl":"https:\/\/www.futonics.de\/wp-content\/uploads\/2019\/01\/hegla-logo-new-3.jpg"},{"@type":"BreadcrumbList","@id":"https:\/\/www.futonics.de\/oem\/#breadcrumb","itemListElement":[{"@type":"ListItem","position":1,"name":"Startseite","item":"https:\/\/www.futonics.de\/"},{"@type":"ListItem","position":2,"name":"PARTNER &#038; OEM"}]},{"@type":"WebSite","@id":"https:\/\/www.futonics.de\/#website","url":"https:\/\/www.futonics.de\/","name":"2-\u00b5m-Einmoden-Faserlasersysteme","description":"Derzeit bieten wir verschiedene Thulium-Faser- und Kristalllasermodelle mit unterschiedlichen Ausgangsleistungen bis zu 250 W an","publisher":{"@id":"https:\/\/www.futonics.de\/#organization"},"potentialAction":[{"@type":"SearchAction","target":{"@type":"EntryPoint","urlTemplate":"https:\/\/www.futonics.de\/?s={search_term_string}"},"query-input":{"@type":"PropertyValueSpecification","valueRequired":true,"valueName":"search_term_string"}}],"inLanguage":"de"},{"@type":"Organization","@id":"https:\/\/www.futonics.de\/#organization","name":"2-\u00b5m-Einmoden-Faserlasersysteme","url":"https:\/\/www.futonics.de\/","logo":{"@type":"ImageObject","inLanguage":"de","@id":"https:\/\/www.futonics.de\/#\/schema\/logo\/image\/","url":"https:\/\/www.futonics.de\/wp-content\/uploads\/2018\/11\/cropped-Futonics-Laser-Logo-weiss.png","contentUrl":"https:\/\/www.futonics.de\/wp-content\/uploads\/2018\/11\/cropped-Futonics-Laser-Logo-weiss.png","width":855,"height":220,"caption":"2-\u00b5m-Einmoden-Faserlasersysteme "},"image":{"@id":"https:\/\/www.futonics.de\/#\/schema\/logo\/image\/"}}]}},"coauthors":[],"author_meta":{"author_link":"https:\/\/www.futonics.de\/de\/author\/mkaule\/","display_name":"MKaule"},"relative_dates":{"created":"Ver\u00f6ffentlicht 7\u00a0Jahren vor","modified":"Aktualisiert 7\u00a0Jahren vor"},"absolute_dates":{"created":"Ver\u00f6ffentlicht am 29. Oktober 2018","modified":"Aktualisiert am 19. August 2019"},"absolute_dates_time":{"created":"Ver\u00f6ffentlicht am 29. Oktober 2018 10:50","modified":"Aktualisiert am 19. August 2019 11:34"},"featured_img_caption":"","featured_img":false,"series_order":"","_links":{"self":[{"href":"https:\/\/www.futonics.de\/de\/wp-json\/wp\/v2\/pages\/517","targetHints":{"allow":["GET"]}}],"collection":[{"href":"https:\/\/www.futonics.de\/de\/wp-json\/wp\/v2\/pages"}],"about":[{"href":"https:\/\/www.futonics.de\/de\/wp-json\/wp\/v2\/types\/page"}],"author":[{"embeddable":true,"href":"https:\/\/www.futonics.de\/de\/wp-json\/wp\/v2\/users\/1"}],"replies":[{"embeddable":true,"href":"https:\/\/www.futonics.de\/de\/wp-json\/wp\/v2\/comments?post=517"}],"version-history":[{"count":95,"href":"https:\/\/www.futonics.de\/de\/wp-json\/wp\/v2\/pages\/517\/revisions"}],"predecessor-version":[{"id":3516,"href":"https:\/\/www.futonics.de\/de\/wp-json\/wp\/v2\/pages\/517\/revisions\/3516"}],"wp:attachment":[{"href":"https:\/\/www.futonics.de\/de\/wp-json\/wp\/v2\/media?parent=517"}],"curies":[{"name":"wp","href":"https:\/\/api.w.org\/{rel}","templated":true}]}}