{"id":59,"date":"2018-09-19T17:00:17","date_gmt":"2018-09-19T15:00:17","guid":{"rendered":"http:\/\/beta.futonics.de\/?page_id=59"},"modified":"2025-11-04T13:36:28","modified_gmt":"2025-11-04T12:36:28","slug":"careers","status":"publish","type":"page","link":"https:\/\/www.futonics.de\/de\/careers\/","title":{"rendered":"KARRIERE"},"content":{"rendered":"\n<p>Freie Stellen an unserem Standort in Katlenburg-Lindau:<\/p>\n\n\n\n<p><strong>Stellenangebot: SolidWorks Konstrukteur (m\/w\/d)<\/strong><br><strong>Arbeitszeit:<\/strong> Vollzeit, 37,5 Stunden\/Woche<br><strong>Eintrittstermin:<\/strong> Ab sofort oder nach Vereinbarung<br><strong>Sprache:<\/strong> Deutsch flie\u00dfend (Voraussetzung)<\/p>\n\n\n\n<hr class=\"wp-block-separator has-alpha-channel-opacity\"\/>\n\n\n\n<h3 class=\"wp-block-heading\"><strong>Ihre Aufgaben:<\/strong><\/h3>\n\n\n\n<ul class=\"wp-block-list\">\n<li>Konstruktion von Bauteilen und Baugruppen mit SolidWorks<\/li>\n\n\n\n<li>Erstellung von technischen Zeichnungen, 3D-Modellen und Fertigungsunterlagen<\/li>\n\n\n\n<li>Entwicklung und Optimierung technischer L\u00f6sungen im Bereich Laser- und Pr\u00e4zisionstechnik<\/li>\n\n\n\n<li>Ber\u00fccksichtigung von Software-, Elektronik- und Hardwareaspekten bei der Konstruktion<\/li>\n\n\n\n<li>Pflege von St\u00fccklisten und technischen Dokumentationen<\/li>\n<\/ul>\n\n\n\n<hr class=\"wp-block-separator has-alpha-channel-opacity\"\/>\n\n\n\n<h3 class=\"wp-block-heading\">Ihr Profil:<\/h3>\n\n\n\n<ul class=\"wp-block-list\">\n<li>Abgeschlossene technische Ausbildung oder Studium im Bereich Maschinenbau, Mechatronik, Elektrotechnik oder Software Engineering \u2013 idealerweise mit interdisziplin\u00e4rem Verst\u00e4ndnis.<\/li>\n\n\n\n<li>Mehrj\u00e4hrige Erfahrung mit SolidWorks <\/li>\n\n\n\n<li>Sicherer Umgang mit technischen Normen (DIN \/ ISO)<\/li>\n\n\n\n<li>Gutes Verst\u00e4ndnis f\u00fcr Software-, Elektronik- und Hardwarekomponenten<\/li>\n\n\n\n<li>Erfahrung im Aufbau und in der Integration von Systemen von Vorteil<\/li>\n\n\n\n<li>Selbstst\u00e4ndige, strukturierte und l\u00f6sungsorientierte Arbeitsweise<\/li>\n<\/ul>\n\n\n\n<hr class=\"wp-block-separator has-alpha-channel-opacity\"\/>\n\n\n\n<h3 class=\"wp-block-heading\">Wir bieten:<\/h3>\n\n\n\n<ul class=\"wp-block-list\">\n<li>Eine unbefristete Vollzeitstelle in einem wachsenden Unternehmen<\/li>\n\n\n\n<li>Anspruchsvolle und abwechslungsreiche Projekte<\/li>\n\n\n\n<li>Kurze Entscheidungswege, flache Hierarchien<\/li>\n\n\n\n<li>Kollegiales Team und offene Unternehmenskultur<\/li>\n<\/ul>\n\n\n\n<hr class=\"wp-block-separator has-alpha-channel-opacity\"\/>\n\n\n\n<h3 class=\"wp-block-heading\"> Bewerbung:<\/h3>\n\n\n\n<p>Bitte senden Sie Ihre vollst\u00e4ndigen Bewerbungsunterlagen an:<br>info@futonics.de<br>+49 5515042070<br><\/p>\n\n\n\n<div class=\"wp-block-advgb-button alignleft is-style-outline\"><a class=\"wp-block-advgb-button_link advgbbtn-3d9b6585-5178-40d0-bf2a-51f1c823f3b4\" href=\"mailto:info@futonics.de?subject=Karriere%20bei%20Futonics\" target=\"_self\" rel=\"noopener noreferrer\"> Fragen zu einer Karierre bei Futonics<\/a><\/div>\n\n\n\n<p>&nbsp; <br><br><\/p>\n\n\n\n<p>&nbsp;<\/p>\n\n\n\n<p><p><strong>Futonics Laser GmbH<\/strong><br>Dr. Peter Fuhrberg<br>Albert-Einstein-Str. 3<br>37191 Katlenburg-Lindau<br><br>Tel: +49 551 504207-01<br>Mail: info@futonics.de<\/p><\/p>\n\n\n\n<p>&nbsp;<\/p>\n<style class=\"advgb-styles-renderer\">.advgbbtn-3d9b6585-5178-40d0-bf2a-51f1c823f3b4 {\n                        font-size: 15px;\n                        color: #000000;\n                        background-color: #E5E5E5;\n                        padding: 6px 12px 6px 12px;\n                        border-width: 0px;\n                        border-color: #d13636;\n                        border-radius: 6px;\n                        border-style: solid;\n                    }\n                    .advgbbtn-3d9b6585-5178-40d0-bf2a-51f1c823f3b4:hover {\n                        color: #fff;\n                        background-color: #d13636;\n                        box-shadow: 0px 0px 0px 0px #ffffff;\n                        transition: all 0s ease;\n                    }.otfm-sp__f5f5f5 .otfm-sp__title:hover { background-color: #d13636;opacity: .75;color: white;}<\/style>","protected":false},"excerpt":{"rendered":"<p>Freie Stellen an unserem Standort in Katlenburg-Lindau: Stellenangebot: SolidWorks Konstrukteur (m\/w\/d)Arbeitszeit: Vollzeit, 37,5 Stunden\/WocheEintrittstermin: Ab sofort oder nach VereinbarungSprache: Deutsch flie\u00dfend (Voraussetzung) Ihre Aufgaben: Ihr Profil: Wir bieten: Bewerbung: Bitte senden Sie Ihre vollst\u00e4ndigen Bewerbungsunterlagen an:info@futonics.de+49 5515042070 Fragen zu einer Karierre bei Futonics &nbsp; &nbsp; Futonics Laser GmbHDr. Peter FuhrbergAlbert-Einstein-Str. [&hellip;]<\/p>\n","protected":false},"author":5,"featured_media":0,"parent":0,"menu_order":0,"comment_status":"closed","ping_status":"closed","template":"","meta":{"_editorskit_title_hidden":false,"_editorskit_reading_time":0,"_editorskit_is_block_options_detached":false,"_editorskit_block_options_position":"{}","advgb_blocks_editor_width":"","advgb_blocks_columns_visual_guide":"","footnotes":""},"class_list":["post-59","page","type-page","status-publish","hentry"],"translation":{"provider":"WPGlobus","version":"3.0.2","language":"de","enabled_languages":["en","de","zh"],"languages":{"en":{"title":true,"content":true,"excerpt":false},"de":{"title":true,"content":true,"excerpt":false},"zh":{"title":false,"content":false,"excerpt":false}}},"yoast_head":"<!-- This site is optimized with the Yoast SEO plugin v27.4 - https:\/\/yoast.com\/product\/yoast-seo-wordpress\/ -->\n<title>KARRIERE - Chancen f\u00fcr engagierte Talente bei Futonics<\/title>\n<meta name=\"description\" content=\"Interessieren Sie sich f\u00fcr die Herausforderungen und Chancen, die Futonics bietet? Wir wachsen und suchen deshalb regelm\u00e4\u00dfig nach engagierten Talenten.\" \/>\n<meta name=\"robots\" content=\"index, follow, max-snippet:-1, max-image-preview:large, max-video-preview:-1\" \/>\n<link rel=\"canonical\" href=\"https:\/\/www.futonics.de\/careers\/\" \/>\n<meta property=\"og:locale\" content=\"de_DE\" \/>\n<meta property=\"og:type\" content=\"article\" \/>\n<meta property=\"og:title\" content=\"KARRIERE - Chancen f\u00fcr engagierte Talente bei Futonics\" \/>\n<meta property=\"og:description\" content=\"Interessieren Sie sich f\u00fcr die Herausforderungen und Chancen, die Futonics bietet? Wir wachsen und suchen deshalb regelm\u00e4\u00dfig nach engagierten Talenten.\" \/>\n<meta property=\"og:url\" content=\"https:\/\/www.futonics.de\/careers\/\" \/>\n<meta property=\"og:site_name\" content=\"2-\u00b5m-Einmoden-Faserlasersysteme\" \/>\n<meta property=\"article:modified_time\" content=\"2025-11-04T12:36:28+00:00\" \/>\n<meta name=\"twitter:card\" content=\"summary_large_image\" \/>\n<meta name=\"twitter:label1\" content=\"Gesch\u00e4tzte Lesezeit\" \/>\n\t<meta name=\"twitter:data1\" content=\"1\u00a0Minute\" \/>\n<script type=\"application\/ld+json\" class=\"yoast-schema-graph\">{\"@context\":\"https:\\\/\\\/schema.org\",\"@graph\":[{\"@type\":\"WebPage\",\"@id\":\"https:\\\/\\\/www.futonics.de\\\/careers\\\/\",\"url\":\"https:\\\/\\\/www.futonics.de\\\/careers\\\/\",\"name\":\"KARRIERE - Chancen f\u00fcr engagierte Talente bei Futonics\",\"isPartOf\":{\"@id\":\"https:\\\/\\\/www.futonics.de\\\/#website\"},\"datePublished\":\"2018-09-19T15:00:17+00:00\",\"dateModified\":\"2025-11-04T12:36:28+00:00\",\"description\":\"Interessieren Sie sich f\u00fcr die Herausforderungen und Chancen, die Futonics bietet? Wir wachsen und suchen deshalb regelm\u00e4\u00dfig nach engagierten Talenten.\",\"breadcrumb\":{\"@id\":\"https:\\\/\\\/www.futonics.de\\\/careers\\\/#breadcrumb\"},\"inLanguage\":\"de\",\"potentialAction\":[{\"@type\":\"ReadAction\",\"target\":[\"https:\\\/\\\/www.futonics.de\\\/careers\\\/\"]}]},{\"@type\":\"BreadcrumbList\",\"@id\":\"https:\\\/\\\/www.futonics.de\\\/careers\\\/#breadcrumb\",\"itemListElement\":[{\"@type\":\"ListItem\",\"position\":1,\"name\":\"Startseite\",\"item\":\"https:\\\/\\\/www.futonics.de\\\/\"},{\"@type\":\"ListItem\",\"position\":2,\"name\":\"KARRIERE\"}]},{\"@type\":\"WebSite\",\"@id\":\"https:\\\/\\\/www.futonics.de\\\/#website\",\"url\":\"https:\\\/\\\/www.futonics.de\\\/\",\"name\":\"2-\u00b5m-Einmoden-Faserlasersysteme\",\"description\":\"Derzeit bieten wir verschiedene Thulium-Faser- und Kristalllasermodelle mit unterschiedlichen Ausgangsleistungen bis zu 250 W an\",\"publisher\":{\"@id\":\"https:\\\/\\\/www.futonics.de\\\/#organization\"},\"potentialAction\":[{\"@type\":\"SearchAction\",\"target\":{\"@type\":\"EntryPoint\",\"urlTemplate\":\"https:\\\/\\\/www.futonics.de\\\/?s={search_term_string}\"},\"query-input\":{\"@type\":\"PropertyValueSpecification\",\"valueRequired\":true,\"valueName\":\"search_term_string\"}}],\"inLanguage\":\"de\"},{\"@type\":\"Organization\",\"@id\":\"https:\\\/\\\/www.futonics.de\\\/#organization\",\"name\":\"2-\u00b5m-Einmoden-Faserlasersysteme\",\"url\":\"https:\\\/\\\/www.futonics.de\\\/\",\"logo\":{\"@type\":\"ImageObject\",\"inLanguage\":\"de\",\"@id\":\"https:\\\/\\\/www.futonics.de\\\/#\\\/schema\\\/logo\\\/image\\\/\",\"url\":\"https:\\\/\\\/www.futonics.de\\\/wp-content\\\/uploads\\\/2018\\\/11\\\/cropped-Futonics-Laser-Logo-weiss.png\",\"contentUrl\":\"https:\\\/\\\/www.futonics.de\\\/wp-content\\\/uploads\\\/2018\\\/11\\\/cropped-Futonics-Laser-Logo-weiss.png\",\"width\":855,\"height\":220,\"caption\":\"2-\u00b5m-Einmoden-Faserlasersysteme \"},\"image\":{\"@id\":\"https:\\\/\\\/www.futonics.de\\\/#\\\/schema\\\/logo\\\/image\\\/\"}}]}<\/script>\n<!-- \/ Yoast SEO plugin. -->","yoast_head_json":{"title":"KARRIERE - Chancen f\u00fcr engagierte Talente bei Futonics","description":"Interessieren Sie sich f\u00fcr die Herausforderungen und Chancen, die Futonics bietet? Wir wachsen und suchen deshalb regelm\u00e4\u00dfig nach engagierten Talenten.","robots":{"index":"index","follow":"follow","max-snippet":"max-snippet:-1","max-image-preview":"max-image-preview:large","max-video-preview":"max-video-preview:-1"},"canonical":"https:\/\/www.futonics.de\/careers\/","og_locale":"de_DE","og_type":"article","og_title":"KARRIERE - Chancen f\u00fcr engagierte Talente bei Futonics","og_description":"Interessieren Sie sich f\u00fcr die Herausforderungen und Chancen, die Futonics bietet? Wir wachsen und suchen deshalb regelm\u00e4\u00dfig nach engagierten Talenten.","og_url":"https:\/\/www.futonics.de\/careers\/","og_site_name":"2-\u00b5m-Einmoden-Faserlasersysteme","article_modified_time":"2025-11-04T12:36:28+00:00","twitter_card":"summary_large_image","twitter_misc":{"Gesch\u00e4tzte Lesezeit":"1\u00a0Minute"},"schema":{"@context":"https:\/\/schema.org","@graph":[{"@type":"WebPage","@id":"https:\/\/www.futonics.de\/careers\/","url":"https:\/\/www.futonics.de\/careers\/","name":"KARRIERE - Chancen f\u00fcr engagierte Talente bei Futonics","isPartOf":{"@id":"https:\/\/www.futonics.de\/#website"},"datePublished":"2018-09-19T15:00:17+00:00","dateModified":"2025-11-04T12:36:28+00:00","description":"Interessieren Sie sich f\u00fcr die Herausforderungen und Chancen, die Futonics bietet? Wir wachsen und suchen deshalb regelm\u00e4\u00dfig nach engagierten Talenten.","breadcrumb":{"@id":"https:\/\/www.futonics.de\/careers\/#breadcrumb"},"inLanguage":"de","potentialAction":[{"@type":"ReadAction","target":["https:\/\/www.futonics.de\/careers\/"]}]},{"@type":"BreadcrumbList","@id":"https:\/\/www.futonics.de\/careers\/#breadcrumb","itemListElement":[{"@type":"ListItem","position":1,"name":"Startseite","item":"https:\/\/www.futonics.de\/"},{"@type":"ListItem","position":2,"name":"KARRIERE"}]},{"@type":"WebSite","@id":"https:\/\/www.futonics.de\/#website","url":"https:\/\/www.futonics.de\/","name":"2-\u00b5m-Einmoden-Faserlasersysteme","description":"Derzeit bieten wir verschiedene Thulium-Faser- und Kristalllasermodelle mit unterschiedlichen Ausgangsleistungen bis zu 250 W an","publisher":{"@id":"https:\/\/www.futonics.de\/#organization"},"potentialAction":[{"@type":"SearchAction","target":{"@type":"EntryPoint","urlTemplate":"https:\/\/www.futonics.de\/?s={search_term_string}"},"query-input":{"@type":"PropertyValueSpecification","valueRequired":true,"valueName":"search_term_string"}}],"inLanguage":"de"},{"@type":"Organization","@id":"https:\/\/www.futonics.de\/#organization","name":"2-\u00b5m-Einmoden-Faserlasersysteme","url":"https:\/\/www.futonics.de\/","logo":{"@type":"ImageObject","inLanguage":"de","@id":"https:\/\/www.futonics.de\/#\/schema\/logo\/image\/","url":"https:\/\/www.futonics.de\/wp-content\/uploads\/2018\/11\/cropped-Futonics-Laser-Logo-weiss.png","contentUrl":"https:\/\/www.futonics.de\/wp-content\/uploads\/2018\/11\/cropped-Futonics-Laser-Logo-weiss.png","width":855,"height":220,"caption":"2-\u00b5m-Einmoden-Faserlasersysteme "},"image":{"@id":"https:\/\/www.futonics.de\/#\/schema\/logo\/image\/"}}]}},"coauthors":[],"author_meta":{"author_link":"https:\/\/www.futonics.de\/de\/author\/agieselmann\/","display_name":"Andreas Gieselmann"},"relative_dates":{"created":"Ver\u00f6ffentlicht 8\u00a0Jahren vor","modified":"Aktualisiert 6\u00a0Monaten vor"},"absolute_dates":{"created":"Ver\u00f6ffentlicht am 19. September 2018","modified":"Aktualisiert am 4. November 2025"},"absolute_dates_time":{"created":"Ver\u00f6ffentlicht am 19. September 2018 17:00","modified":"Aktualisiert am 4. November 2025 13:36"},"featured_img_caption":"","featured_img":false,"series_order":"","_links":{"self":[{"href":"https:\/\/www.futonics.de\/de\/wp-json\/wp\/v2\/pages\/59","targetHints":{"allow":["GET"]}}],"collection":[{"href":"https:\/\/www.futonics.de\/de\/wp-json\/wp\/v2\/pages"}],"about":[{"href":"https:\/\/www.futonics.de\/de\/wp-json\/wp\/v2\/types\/page"}],"author":[{"embeddable":true,"href":"https:\/\/www.futonics.de\/de\/wp-json\/wp\/v2\/users\/5"}],"replies":[{"embeddable":true,"href":"https:\/\/www.futonics.de\/de\/wp-json\/wp\/v2\/comments?post=59"}],"version-history":[{"count":83,"href":"https:\/\/www.futonics.de\/de\/wp-json\/wp\/v2\/pages\/59\/revisions"}],"predecessor-version":[{"id":5241,"href":"https:\/\/www.futonics.de\/de\/wp-json\/wp\/v2\/pages\/59\/revisions\/5241"}],"wp:attachment":[{"href":"https:\/\/www.futonics.de\/de\/wp-json\/wp\/v2\/media?parent=59"}],"curies":[{"name":"wp","href":"https:\/\/api.w.org\/{rel}","templated":true}]}}