{"id":753,"date":"2018-11-02T14:18:51","date_gmt":"2018-11-02T13:18:51","guid":{"rendered":"http:\/\/beta.futonics.de\/?page_id=753"},"modified":"2020-06-15T08:38:38","modified_gmt":"2020-06-15T06:38:38","slug":"welding","status":"publish","type":"page","link":"https:\/\/www.futonics.de\/de\/applications\/industrial\/plastics\/welding\/","title":{"rendered":"SCHWEI\u00dfEN VON POLYMEREN"},"content":{"rendered":"\n<p>Das Schwei\u00dfen transparenter Polymere ist m\u00f6glich, indem das von Futonics Lasersystemen emittierte Laserlicht intrinsisch absorbiert wird. Diese patentierte Technologie bietet eine hohe Pr\u00e4zision und Kontrolle des Prozesses. Bei diesem Verfahren k\u00f6nnen verschiedene thermoplastische Materialien ohne Zusatz von Additiven verwendet werden, was zu einem effizienteren Gesamtprozess f\u00fchrt.<br><br><\/p>\n\n\n\n<div class=\"wp-block-advgb-button alignleft is-style-outline\"><a class=\"wp-block-advgb-button_link advgbbtn-3d9b6585-5178-40d0-bf2a-51f1c823f3b4\" href=\"mailto:info@futonics.de?subject=Schwei\u00dfen%20von%20Kunststoffen\" target=\"_self\" rel=\"noopener noreferrer\">Kontaktieren Sie uns \u00fcber Schwei\u00dfen von Kunststoffen<\/a><\/div>\n\n\n\n<p>&nbsp; <br><br><br><\/p>\n\n\n\n<div class=\"wp-block-image\"><figure class=\"aligncenter\"><img loading=\"lazy\" decoding=\"async\" width=\"479\" height=\"327\" src=\"https:\/\/www.futonics.de\/wp-content\/uploads\/2018\/09\/PlastikSchmelzen.png\" alt=\"\" class=\"wp-image-299\" srcset=\"https:\/\/www.futonics.de\/wp-content\/uploads\/2018\/09\/PlastikSchmelzen.png 479w, https:\/\/www.futonics.de\/wp-content\/uploads\/2018\/09\/PlastikSchmelzen-300x205.png 300w\" sizes=\"auto, (max-width: 479px) 100vw, 479px\" \/><\/figure><\/div>\n\n\n\n<p><br>Das Laserschwei\u00dfen von Kunststoffen ist ein Verfahren, das in den letzten Jahrzehnten in der Industrie immer h\u00e4ufiger eingesetzt wird. Es hat mehrere Vorteile gegen\u00fcber herk\u00f6mmlichen Verfahren, die das Anlegen externer W\u00e4rmequellen, die Erzeugung von W\u00e4rme durch mechanische Bewegung und einige andere elektromagnetische Techniken umfassen.<\/p>\n\n\n\n<p>CO2-Laser werden f\u00fcr die Herstellung von Fugen bei hohen Geschwindigkeiten verwendet, die Arbeitstiefe ist jedoch ziemlich seicht und beschr\u00e4nkt sich auf Kunststofffolien. F\u00fcr das Schwei\u00dfen dickerer nicht transparenter Polymere sind Nd: YAG- und Diodenlaser viel besser geeignet. Der Arbeitsbereich ist sehr pr\u00e4zise und konzentriert, wodurch eine nahtlose Verbindung entsteht. Laser, die bei 2 \u00b5m strahlen aus, kombinieren die genannten Vorteile und sind daher f\u00fcr transparente Polymere sehr attraktiv. Dar\u00fcber hinaus sind 2-\u00b5m-Laser nominell augensicher.<\/p>\n\n\n\n<p>Futonics-Faserlaser eignen sich ideal zum Schwei\u00dfen einer Vielzahl klarer und farbiger thermoplastischer Materialien.<br><br>Mehr zum Thema Schwei\u00dfen von Polymeren mittels unserer Laser k\u00f6nnen Sie auch im Artikel &#8222;<a href=\"https:\/\/onlinelibrary.wiley.com\/doi\/abs\/10.1002\/phvs.202000013\">Schwei\u00dfen von transparenten und opaken Polymeren mit Single-Mode-Tm-dotierten Faserlasern<\/a>&#8220; erfahren.<\/p>\n\n\n\n<h6 class=\"wp-block-heading\"><strong>VORTEILE<\/strong><\/h6>\n\n\n\n<ul class=\"wp-block-list\"><li>Hochpr\u00e4zises Schwei\u00dfen, das zu einer genauen Verbindungsbildung f\u00fchrt<\/li><li>Kein Kontakt zwischen Schwei\u00dfquelle und Kunststoff<\/li><li>Keine Markierung der Oberfl\u00e4chen<\/li><li>Zus\u00e4tzliche Kunststoffe, Implantate oder Pigmente an den Verbindungsstellen sind nicht erforderlich<\/li><li>Kein Bedarf an Zusatzstoffen<\/li><li>Sto\u00dffugen werden realisiert<\/li><li>Niedriger Energieverbrauch<\/li><li>Augensicher im Vergleich zu anderen lasergest\u00fctzten Schwei\u00dfvorg\u00e4ngen<br><\/li><\/ul>\n\n\n\n<p><\/p>\n\n\n\n<figure class=\"wp-block-gallery columns-3 is-cropped wp-block-gallery-1\"><ul class=\"blocks-gallery-grid\"><li class=\"blocks-gallery-item\"><figure><img loading=\"lazy\" decoding=\"async\" width=\"763\" height=\"509\" src=\"https:\/\/www.futonics.de\/wp-content\/uploads\/2018\/11\/48W_28mm-s_einfach-verfahren_T_4.jpg\" alt=\"\" data-id=\"866\" data-link=\"https:\/\/www.futonics.de\/48w_28mm-s_einfach-verfahren_t_4\/\" class=\"wp-image-866\" srcset=\"https:\/\/www.futonics.de\/wp-content\/uploads\/2018\/11\/48W_28mm-s_einfach-verfahren_T_4.jpg 763w, https:\/\/www.futonics.de\/wp-content\/uploads\/2018\/11\/48W_28mm-s_einfach-verfahren_T_4-300x200.jpg 300w, https:\/\/www.futonics.de\/wp-content\/uploads\/2018\/11\/48W_28mm-s_einfach-verfahren_T_4-360x240.jpg 360w\" sizes=\"auto, (max-width: 763px) 100vw, 763px\" \/><figcaption class=\"blocks-gallery-item__caption\"> T-St\u00fcck-Schwei\u00dfen von PMMA <\/figcaption><\/figure><\/li><li class=\"blocks-gallery-item\"><figure><img loading=\"lazy\" decoding=\"async\" width=\"821\" height=\"548\" src=\"https:\/\/www.futonics.de\/wp-content\/uploads\/2018\/11\/48W_28mm-s_einfach-verfahren_2.jpg\" alt=\"\" data-id=\"867\" data-link=\"https:\/\/www.futonics.de\/48w_28mm-s_einfach-verfahren_2\/\" class=\"wp-image-867\" srcset=\"https:\/\/www.futonics.de\/wp-content\/uploads\/2018\/11\/48W_28mm-s_einfach-verfahren_2.jpg 821w, https:\/\/www.futonics.de\/wp-content\/uploads\/2018\/11\/48W_28mm-s_einfach-verfahren_2-300x200.jpg 300w, https:\/\/www.futonics.de\/wp-content\/uploads\/2018\/11\/48W_28mm-s_einfach-verfahren_2-768x513.jpg 768w, https:\/\/www.futonics.de\/wp-content\/uploads\/2018\/11\/48W_28mm-s_einfach-verfahren_2-360x240.jpg 360w\" sizes=\"auto, (max-width: 821px) 100vw, 821px\" \/><\/figure><\/li><li class=\"blocks-gallery-item\"><figure><img loading=\"lazy\" decoding=\"async\" width=\"681\" height=\"454\" src=\"https:\/\/www.futonics.de\/wp-content\/uploads\/2018\/11\/48W_28mm-s_einfach-verfahren_T_3.jpg\" alt=\"\" data-id=\"869\" data-link=\"https:\/\/www.futonics.de\/48w_28mm-s_einfach-verfahren_t_3\/\" class=\"wp-image-869\" srcset=\"https:\/\/www.futonics.de\/wp-content\/uploads\/2018\/11\/48W_28mm-s_einfach-verfahren_T_3.jpg 681w, https:\/\/www.futonics.de\/wp-content\/uploads\/2018\/11\/48W_28mm-s_einfach-verfahren_T_3-300x200.jpg 300w, https:\/\/www.futonics.de\/wp-content\/uploads\/2018\/11\/48W_28mm-s_einfach-verfahren_T_3-360x240.jpg 360w\" sizes=\"auto, (max-width: 681px) 100vw, 681px\" \/><\/figure><\/li><li class=\"blocks-gallery-item\"><figure><img loading=\"lazy\" decoding=\"async\" width=\"962\" height=\"717\" src=\"https:\/\/www.futonics.de\/wp-content\/uploads\/2018\/11\/48W_28mm-s_einfach-verfahren_3.jpg\" alt=\"\" data-id=\"972\" data-link=\"https:\/\/www.futonics.de\/applications\/industrial\/plastics\/welding\/48w_28mm-s_einfach-verfahren_3\/\" class=\"wp-image-972\" srcset=\"https:\/\/www.futonics.de\/wp-content\/uploads\/2018\/11\/48W_28mm-s_einfach-verfahren_3.jpg 962w, https:\/\/www.futonics.de\/wp-content\/uploads\/2018\/11\/48W_28mm-s_einfach-verfahren_3-300x224.jpg 300w, https:\/\/www.futonics.de\/wp-content\/uploads\/2018\/11\/48W_28mm-s_einfach-verfahren_3-768x572.jpg 768w\" sizes=\"auto, (max-width: 962px) 100vw, 962px\" \/><\/figure><\/li><li class=\"blocks-gallery-item\"><figure><img loading=\"lazy\" decoding=\"async\" width=\"1024\" height=\"683\" src=\"https:\/\/www.futonics.de\/wp-content\/uploads\/2020\/05\/IMG_3124-1024x683.jpg\" alt=\"\" data-id=\"3949\" data-link=\"https:\/\/www.futonics.de\/applications\/industrial\/plastics\/welding\/img_3124\/\" class=\"wp-image-3949\" srcset=\"https:\/\/www.futonics.de\/wp-content\/uploads\/2020\/05\/IMG_3124-1024x683.jpg 1024w, https:\/\/www.futonics.de\/wp-content\/uploads\/2020\/05\/IMG_3124-300x200.jpg 300w, https:\/\/www.futonics.de\/wp-content\/uploads\/2020\/05\/IMG_3124-768x512.jpg 768w, https:\/\/www.futonics.de\/wp-content\/uploads\/2020\/05\/IMG_3124-1536x1024.jpg 1536w, https:\/\/www.futonics.de\/wp-content\/uploads\/2020\/05\/IMG_3124-2048x1365.jpg 2048w, https:\/\/www.futonics.de\/wp-content\/uploads\/2020\/05\/IMG_3124-360x240.jpg 360w\" sizes=\"auto, (max-width: 1024px) 100vw, 1024px\" \/><\/figure><\/li><li class=\"blocks-gallery-item\"><figure><img loading=\"lazy\" decoding=\"async\" width=\"1024\" height=\"589\" src=\"https:\/\/www.futonics.de\/wp-content\/uploads\/2020\/06\/application_plastic-welding-2-1-1024x589.jpg\" alt=\"\" data-id=\"4365\" data-full-url=\"https:\/\/www.futonics.de\/wp-content\/uploads\/2020\/06\/application_plastic-welding-2-1.jpg\" data-link=\"https:\/\/www.futonics.de\/applications\/industrial\/plastics\/welding\/application_plastic-welding-2-1\/\" class=\"wp-image-4365\" srcset=\"https:\/\/www.futonics.de\/wp-content\/uploads\/2020\/06\/application_plastic-welding-2-1-1024x589.jpg 1024w, https:\/\/www.futonics.de\/wp-content\/uploads\/2020\/06\/application_plastic-welding-2-1-300x173.jpg 300w, https:\/\/www.futonics.de\/wp-content\/uploads\/2020\/06\/application_plastic-welding-2-1-768x442.jpg 768w, https:\/\/www.futonics.de\/wp-content\/uploads\/2020\/06\/application_plastic-welding-2-1.jpg 1280w\" sizes=\"auto, (max-width: 1024px) 100vw, 1024px\" \/><\/figure><\/li><li class=\"blocks-gallery-item\"><figure><img loading=\"lazy\" decoding=\"async\" width=\"1024\" height=\"589\" src=\"https:\/\/www.futonics.de\/wp-content\/uploads\/2020\/06\/application_plastic-welding-3-1-1024x589.jpg\" alt=\"\" data-id=\"4366\" data-full-url=\"https:\/\/www.futonics.de\/wp-content\/uploads\/2020\/06\/application_plastic-welding-3-1.jpg\" data-link=\"https:\/\/www.futonics.de\/applications\/industrial\/plastics\/welding\/application_plastic-welding-3-1\/\" class=\"wp-image-4366 is-layout-flex wp-block-gallery-is-layout-flex\" srcset=\"https:\/\/www.futonics.de\/wp-content\/uploads\/2020\/06\/application_plastic-welding-3-1-1024x589.jpg 1024w, https:\/\/www.futonics.de\/wp-content\/uploads\/2020\/06\/application_plastic-welding-3-1-300x173.jpg 300w, https:\/\/www.futonics.de\/wp-content\/uploads\/2020\/06\/application_plastic-welding-3-1-768x442.jpg 768w, https:\/\/www.futonics.de\/wp-content\/uploads\/2020\/06\/application_plastic-welding-3-1.jpg 1280w\" sizes=\"auto, (max-width: 1024px) 100vw, 1024px\" \/><\/figure><\/li><\/ul><\/figure>\n\n\n\n<p>&nbsp;<\/p>\n<style class=\"advgb-styles-renderer\">.advgbbtn-3d9b6585-5178-40d0-bf2a-51f1c823f3b4{font-size:15px;color:#000000 !important;background-color:#E5E5E5 !important;margin:0px 0px 0px 0px !important;padding:10px 30px 10px 30px;border-width:0px !important;border-color:#000000 !important;border-style:none;border-radius:6px !important;}.advgbbtn-3d9b6585-5178-40d0-bf2a-51f1c823f3b4:hover{background-color:#d13636 !important;box-shadow:0px 0px 0px 0px #ffffff;opacity:1;transition:all 0s ease;}.advgbbtn-3d9b6585-5178-40d0-bf2a-51f1c823f3b4 > i {display: none !important;}<\/style>","protected":false},"excerpt":{"rendered":"<p>Das Schwei\u00dfen transparenter Polymere ist m\u00f6glich, indem das von Futonics Lasersystemen emittierte Laserlicht intrinsisch absorbiert wird. Diese patentierte Technologie bietet eine hohe Pr\u00e4zision und Kontrolle des Prozesses. Bei diesem Verfahren k\u00f6nnen verschiedene thermoplastische Materialien ohne Zusatz von Additiven verwendet werden, was zu einem effizienteren Gesamtprozess f\u00fchrt. &nbsp; Das Laserschwei\u00dfen von [&hellip;]<\/p>\n","protected":false},"author":1,"featured_media":0,"parent":1592,"menu_order":0,"comment_status":"closed","ping_status":"closed","template":"","meta":{"_editorskit_title_hidden":false,"_editorskit_reading_time":0,"_editorskit_is_block_options_detached":false,"_editorskit_block_options_position":"{}","advgb_blocks_editor_width":"","advgb_blocks_columns_visual_guide":"","footnotes":""},"class_list":["post-753","page","type-page","status-publish","hentry"],"translation":{"provider":"WPGlobus","version":"3.0.2","language":"de","enabled_languages":["en","de","zh"],"languages":{"en":{"title":true,"content":true,"excerpt":false},"de":{"title":true,"content":true,"excerpt":false},"zh":{"title":true,"content":true,"excerpt":false}}},"yoast_head":"<!-- This site is optimized with the Yoast SEO plugin v27.4 - https:\/\/yoast.com\/product\/yoast-seo-wordpress\/ -->\n<title>SCHWEI\u00dfEN VON POLYMEREN - 2-\u00b5m-Einmoden-Faserlasersysteme<\/title>\n<meta name=\"robots\" content=\"index, follow, max-snippet:-1, max-image-preview:large, max-video-preview:-1\" \/>\n<link rel=\"canonical\" href=\"https:\/\/www.futonics.de\/applications\/industrial\/plastics\/welding\/\" \/>\n<meta property=\"og:locale\" content=\"de_DE\" \/>\n<meta property=\"og:type\" content=\"article\" \/>\n<meta property=\"og:title\" content=\"SCHWEI\u00dfEN VON POLYMEREN - 2-\u00b5m-Einmoden-Faserlasersysteme\" \/>\n<meta property=\"og:url\" content=\"https:\/\/www.futonics.de\/applications\/industrial\/plastics\/welding\/\" \/>\n<meta property=\"og:site_name\" content=\"2-\u00b5m-Einmoden-Faserlasersysteme\" \/>\n<meta property=\"article:modified_time\" content=\"2020-06-15T06:38:38+00:00\" \/>\n<meta property=\"og:image\" content=\"https:\/\/www.futonics.de\/wp-content\/uploads\/2018\/09\/PlastikSchmelzen.png\" \/>\n<meta name=\"twitter:card\" content=\"summary_large_image\" \/>\n<meta name=\"twitter:label1\" content=\"Gesch\u00e4tzte Lesezeit\" \/>\n\t<meta name=\"twitter:data1\" content=\"3\u00a0Minuten\" \/>\n<script type=\"application\/ld+json\" class=\"yoast-schema-graph\">{\"@context\":\"https:\\\/\\\/schema.org\",\"@graph\":[{\"@type\":\"WebPage\",\"@id\":\"https:\\\/\\\/www.futonics.de\\\/applications\\\/industrial\\\/plastics\\\/welding\\\/\",\"url\":\"https:\\\/\\\/www.futonics.de\\\/applications\\\/industrial\\\/plastics\\\/welding\\\/\",\"name\":\"SCHWEI\u00dfEN VON POLYMEREN - 2-\u00b5m-Einmoden-Faserlasersysteme\",\"isPartOf\":{\"@id\":\"https:\\\/\\\/www.futonics.de\\\/#website\"},\"primaryImageOfPage\":{\"@id\":\"https:\\\/\\\/www.futonics.de\\\/applications\\\/industrial\\\/plastics\\\/welding\\\/#primaryimage\"},\"image\":{\"@id\":\"https:\\\/\\\/www.futonics.de\\\/applications\\\/industrial\\\/plastics\\\/welding\\\/#primaryimage\"},\"thumbnailUrl\":\"https:\\\/\\\/www.futonics.de\\\/wp-content\\\/uploads\\\/2018\\\/09\\\/PlastikSchmelzen.png\",\"datePublished\":\"2018-11-02T13:18:51+00:00\",\"dateModified\":\"2020-06-15T06:38:38+00:00\",\"breadcrumb\":{\"@id\":\"https:\\\/\\\/www.futonics.de\\\/applications\\\/industrial\\\/plastics\\\/welding\\\/#breadcrumb\"},\"inLanguage\":\"de\",\"potentialAction\":[{\"@type\":\"ReadAction\",\"target\":[\"https:\\\/\\\/www.futonics.de\\\/applications\\\/industrial\\\/plastics\\\/welding\\\/\"]}]},{\"@type\":\"ImageObject\",\"inLanguage\":\"de\",\"@id\":\"https:\\\/\\\/www.futonics.de\\\/applications\\\/industrial\\\/plastics\\\/welding\\\/#primaryimage\",\"url\":\"https:\\\/\\\/www.futonics.de\\\/wp-content\\\/uploads\\\/2018\\\/09\\\/PlastikSchmelzen.png\",\"contentUrl\":\"https:\\\/\\\/www.futonics.de\\\/wp-content\\\/uploads\\\/2018\\\/09\\\/PlastikSchmelzen.png\"},{\"@type\":\"BreadcrumbList\",\"@id\":\"https:\\\/\\\/www.futonics.de\\\/applications\\\/industrial\\\/plastics\\\/welding\\\/#breadcrumb\",\"itemListElement\":[{\"@type\":\"ListItem\",\"position\":1,\"name\":\"Startseite\",\"item\":\"https:\\\/\\\/www.futonics.de\\\/\"},{\"@type\":\"ListItem\",\"position\":2,\"name\":\"ANWENDUNGEN\",\"item\":\"https:\\\/\\\/www.futonics.de\\\/applications\\\/\"},{\"@type\":\"ListItem\",\"position\":3,\"name\":\"ANWENDUNGEN\",\"item\":\"https:\\\/\\\/www.futonics.de\\\/applications\\\/industrial\\\/\"},{\"@type\":\"ListItem\",\"position\":4,\"name\":\"KUNSTSTOFFE\",\"item\":\"https:\\\/\\\/www.futonics.de\\\/applications\\\/industrial\\\/plastics\\\/\"},{\"@type\":\"ListItem\",\"position\":5,\"name\":\"SCHWEI\u00dfEN VON POLYMEREN\"}]},{\"@type\":\"WebSite\",\"@id\":\"https:\\\/\\\/www.futonics.de\\\/#website\",\"url\":\"https:\\\/\\\/www.futonics.de\\\/\",\"name\":\"2-\u00b5m-Einmoden-Faserlasersysteme\",\"description\":\"Derzeit bieten wir verschiedene Thulium-Faser- und Kristalllasermodelle mit unterschiedlichen Ausgangsleistungen bis zu 250 W an\",\"publisher\":{\"@id\":\"https:\\\/\\\/www.futonics.de\\\/#organization\"},\"potentialAction\":[{\"@type\":\"SearchAction\",\"target\":{\"@type\":\"EntryPoint\",\"urlTemplate\":\"https:\\\/\\\/www.futonics.de\\\/?s={search_term_string}\"},\"query-input\":{\"@type\":\"PropertyValueSpecification\",\"valueRequired\":true,\"valueName\":\"search_term_string\"}}],\"inLanguage\":\"de\"},{\"@type\":\"Organization\",\"@id\":\"https:\\\/\\\/www.futonics.de\\\/#organization\",\"name\":\"2-\u00b5m-Einmoden-Faserlasersysteme\",\"url\":\"https:\\\/\\\/www.futonics.de\\\/\",\"logo\":{\"@type\":\"ImageObject\",\"inLanguage\":\"de\",\"@id\":\"https:\\\/\\\/www.futonics.de\\\/#\\\/schema\\\/logo\\\/image\\\/\",\"url\":\"https:\\\/\\\/www.futonics.de\\\/wp-content\\\/uploads\\\/2018\\\/11\\\/cropped-Futonics-Laser-Logo-weiss.png\",\"contentUrl\":\"https:\\\/\\\/www.futonics.de\\\/wp-content\\\/uploads\\\/2018\\\/11\\\/cropped-Futonics-Laser-Logo-weiss.png\",\"width\":855,\"height\":220,\"caption\":\"2-\u00b5m-Einmoden-Faserlasersysteme \"},\"image\":{\"@id\":\"https:\\\/\\\/www.futonics.de\\\/#\\\/schema\\\/logo\\\/image\\\/\"}}]}<\/script>\n<!-- \/ Yoast SEO plugin. -->","yoast_head_json":{"title":"SCHWEI\u00dfEN VON POLYMEREN - 2-\u00b5m-Einmoden-Faserlasersysteme","robots":{"index":"index","follow":"follow","max-snippet":"max-snippet:-1","max-image-preview":"max-image-preview:large","max-video-preview":"max-video-preview:-1"},"canonical":"https:\/\/www.futonics.de\/applications\/industrial\/plastics\/welding\/","og_locale":"de_DE","og_type":"article","og_title":"SCHWEI\u00dfEN VON POLYMEREN - 2-\u00b5m-Einmoden-Faserlasersysteme","og_url":"https:\/\/www.futonics.de\/applications\/industrial\/plastics\/welding\/","og_site_name":"2-\u00b5m-Einmoden-Faserlasersysteme","article_modified_time":"2020-06-15T06:38:38+00:00","og_image":[{"url":"https:\/\/www.futonics.de\/wp-content\/uploads\/2018\/09\/PlastikSchmelzen.png","type":"","width":"","height":""}],"twitter_card":"summary_large_image","twitter_misc":{"Gesch\u00e4tzte Lesezeit":"3\u00a0Minuten"},"schema":{"@context":"https:\/\/schema.org","@graph":[{"@type":"WebPage","@id":"https:\/\/www.futonics.de\/applications\/industrial\/plastics\/welding\/","url":"https:\/\/www.futonics.de\/applications\/industrial\/plastics\/welding\/","name":"SCHWEI\u00dfEN VON POLYMEREN - 2-\u00b5m-Einmoden-Faserlasersysteme","isPartOf":{"@id":"https:\/\/www.futonics.de\/#website"},"primaryImageOfPage":{"@id":"https:\/\/www.futonics.de\/applications\/industrial\/plastics\/welding\/#primaryimage"},"image":{"@id":"https:\/\/www.futonics.de\/applications\/industrial\/plastics\/welding\/#primaryimage"},"thumbnailUrl":"https:\/\/www.futonics.de\/wp-content\/uploads\/2018\/09\/PlastikSchmelzen.png","datePublished":"2018-11-02T13:18:51+00:00","dateModified":"2020-06-15T06:38:38+00:00","breadcrumb":{"@id":"https:\/\/www.futonics.de\/applications\/industrial\/plastics\/welding\/#breadcrumb"},"inLanguage":"de","potentialAction":[{"@type":"ReadAction","target":["https:\/\/www.futonics.de\/applications\/industrial\/plastics\/welding\/"]}]},{"@type":"ImageObject","inLanguage":"de","@id":"https:\/\/www.futonics.de\/applications\/industrial\/plastics\/welding\/#primaryimage","url":"https:\/\/www.futonics.de\/wp-content\/uploads\/2018\/09\/PlastikSchmelzen.png","contentUrl":"https:\/\/www.futonics.de\/wp-content\/uploads\/2018\/09\/PlastikSchmelzen.png"},{"@type":"BreadcrumbList","@id":"https:\/\/www.futonics.de\/applications\/industrial\/plastics\/welding\/#breadcrumb","itemListElement":[{"@type":"ListItem","position":1,"name":"Startseite","item":"https:\/\/www.futonics.de\/"},{"@type":"ListItem","position":2,"name":"ANWENDUNGEN","item":"https:\/\/www.futonics.de\/applications\/"},{"@type":"ListItem","position":3,"name":"ANWENDUNGEN","item":"https:\/\/www.futonics.de\/applications\/industrial\/"},{"@type":"ListItem","position":4,"name":"KUNSTSTOFFE","item":"https:\/\/www.futonics.de\/applications\/industrial\/plastics\/"},{"@type":"ListItem","position":5,"name":"SCHWEI\u00dfEN VON POLYMEREN"}]},{"@type":"WebSite","@id":"https:\/\/www.futonics.de\/#website","url":"https:\/\/www.futonics.de\/","name":"2-\u00b5m-Einmoden-Faserlasersysteme","description":"Derzeit bieten wir verschiedene Thulium-Faser- und Kristalllasermodelle mit unterschiedlichen Ausgangsleistungen bis zu 250 W an","publisher":{"@id":"https:\/\/www.futonics.de\/#organization"},"potentialAction":[{"@type":"SearchAction","target":{"@type":"EntryPoint","urlTemplate":"https:\/\/www.futonics.de\/?s={search_term_string}"},"query-input":{"@type":"PropertyValueSpecification","valueRequired":true,"valueName":"search_term_string"}}],"inLanguage":"de"},{"@type":"Organization","@id":"https:\/\/www.futonics.de\/#organization","name":"2-\u00b5m-Einmoden-Faserlasersysteme","url":"https:\/\/www.futonics.de\/","logo":{"@type":"ImageObject","inLanguage":"de","@id":"https:\/\/www.futonics.de\/#\/schema\/logo\/image\/","url":"https:\/\/www.futonics.de\/wp-content\/uploads\/2018\/11\/cropped-Futonics-Laser-Logo-weiss.png","contentUrl":"https:\/\/www.futonics.de\/wp-content\/uploads\/2018\/11\/cropped-Futonics-Laser-Logo-weiss.png","width":855,"height":220,"caption":"2-\u00b5m-Einmoden-Faserlasersysteme "},"image":{"@id":"https:\/\/www.futonics.de\/#\/schema\/logo\/image\/"}}]}},"coauthors":[],"author_meta":{"author_link":"https:\/\/www.futonics.de\/de\/author\/mkaule\/","display_name":"MKaule"},"relative_dates":{"created":"Ver\u00f6ffentlicht 7\u00a0Jahren vor","modified":"Aktualisiert 6\u00a0Jahren vor"},"absolute_dates":{"created":"Ver\u00f6ffentlicht am 2. November 2018","modified":"Aktualisiert am 15. Juni 2020"},"absolute_dates_time":{"created":"Ver\u00f6ffentlicht am 2. November 2018 14:18","modified":"Aktualisiert am 15. Juni 2020 8:38"},"featured_img_caption":"","featured_img":false,"series_order":"","_links":{"self":[{"href":"https:\/\/www.futonics.de\/de\/wp-json\/wp\/v2\/pages\/753","targetHints":{"allow":["GET"]}}],"collection":[{"href":"https:\/\/www.futonics.de\/de\/wp-json\/wp\/v2\/pages"}],"about":[{"href":"https:\/\/www.futonics.de\/de\/wp-json\/wp\/v2\/types\/page"}],"author":[{"embeddable":true,"href":"https:\/\/www.futonics.de\/de\/wp-json\/wp\/v2\/users\/1"}],"replies":[{"embeddable":true,"href":"https:\/\/www.futonics.de\/de\/wp-json\/wp\/v2\/comments?post=753"}],"version-history":[{"count":75,"href":"https:\/\/www.futonics.de\/de\/wp-json\/wp\/v2\/pages\/753\/revisions"}],"predecessor-version":[{"id":4372,"href":"https:\/\/www.futonics.de\/de\/wp-json\/wp\/v2\/pages\/753\/revisions\/4372"}],"up":[{"embeddable":true,"href":"https:\/\/www.futonics.de\/de\/wp-json\/wp\/v2\/pages\/1592"}],"wp:attachment":[{"href":"https:\/\/www.futonics.de\/de\/wp-json\/wp\/v2\/media?parent=753"}],"curies":[{"name":"wp","href":"https:\/\/api.w.org\/{rel}","templated":true}]}}