{"id":760,"date":"2018-11-02T14:22:51","date_gmt":"2018-11-02T13:22:51","guid":{"rendered":"http:\/\/beta.futonics.de\/?page_id=760"},"modified":"2020-09-08T07:35:43","modified_gmt":"2020-09-08T05:35:43","slug":"fiber-reinforced","status":"publish","type":"page","link":"https:\/\/www.futonics.de\/de\/applications\/industrial\/plastics\/fiber-reinforced\/","title":{"rendered":"SCHNEIDEN VON FASERVERST\u00c4RKTEN KUNSTSTOFFEN"},"content":{"rendered":"\n<p>Futonics-Faserlaser k\u00f6nnen einen stark fokussierten Hochleistungsstrahl erzeugen, der faserverst\u00e4rkte Kunststoffe in einer Vielzahl komplexer Formen pr\u00e4zise durchschneidet.<br><br><\/p>\n\n\n\n<div class=\"wp-block-advgb-button alignleft is-style-outline\"><a class=\"wp-block-advgb-button_link advgbbtn-3d9b6585-5178-40d0-bf2a-51f1c823f3b4\" href=\"mailto:info@futonics.de?subject=Schneiden%20von%20verst\u00e4rkten%20Kunststoffen\" target=\"_self\" rel=\"noopener noreferrer\">Kontaktieren Sie uns \u00fcber Schneiden von verst\u00e4rkten Kunststoffen<\/a><\/div>\n\n\n\n<p>&nbsp; <br><br><br><\/p>\n\n\n\n<figure class=\"wp-block-image\"><img loading=\"lazy\" decoding=\"async\" width=\"1095\" height=\"730\" src=\"https:\/\/www.futonics.de\/wp-content\/uploads\/2018\/11\/IMG_0194.jpg\" alt=\"\" class=\"wp-image-905\" srcset=\"https:\/\/www.futonics.de\/wp-content\/uploads\/2018\/11\/IMG_0194.jpg 1095w, https:\/\/www.futonics.de\/wp-content\/uploads\/2018\/11\/IMG_0194-300x200.jpg 300w, https:\/\/www.futonics.de\/wp-content\/uploads\/2018\/11\/IMG_0194-768x512.jpg 768w, https:\/\/www.futonics.de\/wp-content\/uploads\/2018\/11\/IMG_0194-1024x683.jpg 1024w, https:\/\/www.futonics.de\/wp-content\/uploads\/2018\/11\/IMG_0194-360x240.jpg 360w\" sizes=\"auto, (max-width: 1095px) 100vw, 1095px\" \/><\/figure>\n\n\n\n<p><br>Faserverst\u00e4rkte Kunststoffe sind Verbundwerkstoffe, wobei eine Polymermatrix mit Fasern verst\u00e4rkt wird, um die Festigkeit und Elastizit\u00e4t des Materials zu verbessern. Die Fasern bestehen typischerweise aus Glas oder Kohlenstoff, und die Polymere k\u00f6nnen entweder Duroplaste oder Thermoplaste sein, die die F\u00e4higkeit haben, oberhalb einer bestimmten Temperatur ohne wesentliche dauerhafte chemische \u00c4nderungen in einen biegbaren Zustand zur\u00fcckzukehren. Faserverst\u00e4rkte Kunststoffe werden in Industrien verwendet, die Leichtbau verwenden, z. B. in der Automobil-, Flugzeug-, Bau-, Milit\u00e4r-, Schiffs- und Luftfahrtindustrie.<\/p>\n\n\n\n<p>Herk\u00f6mmliche Bearbeitungsprozesse f\u00fcr Verbundwerkstoffe erfordern kurze Standzeiten der Schneidwerkzeuge, was zu hohen Kosten f\u00fchrt. Das Laserschneiden von faserverst\u00e4rkten Kunststoffen hat sich in j\u00fcngster Zeit als verschlei\u00dffreie und wirtschaftliche Alternative zu herk\u00f6mmlichen Ans\u00e4tzen durchgesetzt. Aufgrund der inhomogenen Natur von Verbundwerkstoffen weisen sie jedoch unterschiedliche Absorptionseigenschaften auf, was die Verarbeitung mit Lasern erschwert, die im Allgemeinen bei gezielten Absorptionswellenl\u00e4ngen und damit auf homogenen Oberfl\u00e4chen am besten funktionieren.<\/p>\n\n\n\n<p>Faserlaser von Futonics schneiden faserverst\u00e4rkte Kunststoffe mit hoher Geschwindigkeit und vollst\u00e4ndige Schnitten.<br><br><\/p>\n\n\n\n<h6 class=\"wp-block-heading\"><strong>VORTEILE<\/strong><\/h6>\n\n\n\n<ul class=\"wp-block-list\"><li>Komplexe Formen werden mit hoher Pr\u00e4zision geschnitten<\/li><li>Verschlei\u00dffreies Schneiden von faserverst\u00e4rkten Kunststoffen<\/li><li>Wirtschaftlicher Vorteil gegen\u00fcber herk\u00f6mmlichen Bearbeitungsverfahren<\/li><\/ul>\n\n\n\n<p>Futonics Faserlaser wurden als Laserquelle f\u00fcr die Verarbeitung von Verbundwerkstoffen verwendet. Unten sehen Sie eine Zusammenarbeit mit&nbsp;<a href=\"http:\/\/www.durmazlar.com.tr\">Durmazlar Makina<\/a>.<br><br> <\/p>\n\n\n\n<ul class=\"wp-block-gallery columns-3 is-cropped wp-block-gallery-1\"><li class=\"blocks-gallery-item\"><figure><img loading=\"lazy\" decoding=\"async\" width=\"1095\" height=\"730\" src=\"https:\/\/www.futonics.de\/wp-content\/uploads\/2018\/11\/IMG_0064.jpg\" alt=\"\" data-id=\"899\" data-link=\"https:\/\/www.futonics.de\/applications\/cutting_plastic\/fiber_plastics\/img_0064\/\" class=\"wp-image-899\" srcset=\"https:\/\/www.futonics.de\/wp-content\/uploads\/2018\/11\/IMG_0064.jpg 1095w, https:\/\/www.futonics.de\/wp-content\/uploads\/2018\/11\/IMG_0064-300x200.jpg 300w, https:\/\/www.futonics.de\/wp-content\/uploads\/2018\/11\/IMG_0064-768x512.jpg 768w, https:\/\/www.futonics.de\/wp-content\/uploads\/2018\/11\/IMG_0064-1024x683.jpg 1024w, https:\/\/www.futonics.de\/wp-content\/uploads\/2018\/11\/IMG_0064-360x240.jpg 360w\" sizes=\"auto, (max-width: 1095px) 100vw, 1095px\" \/><\/figure><\/li><li class=\"blocks-gallery-item\"><figure><img loading=\"lazy\" decoding=\"async\" width=\"2189\" height=\"1460\" src=\"https:\/\/www.futonics.de\/wp-content\/uploads\/2018\/11\/IMG_0063.jpg\" alt=\"\" data-id=\"1213\" data-link=\"https:\/\/www.futonics.de\/applications\/cutting_plastic\/fiber_plastics\/img_0063\/\" class=\"wp-image-1213\" srcset=\"https:\/\/www.futonics.de\/wp-content\/uploads\/2018\/11\/IMG_0063.jpg 2189w, https:\/\/www.futonics.de\/wp-content\/uploads\/2018\/11\/IMG_0063-300x200.jpg 300w, https:\/\/www.futonics.de\/wp-content\/uploads\/2018\/11\/IMG_0063-768x512.jpg 768w, https:\/\/www.futonics.de\/wp-content\/uploads\/2018\/11\/IMG_0063-1024x683.jpg 1024w, https:\/\/www.futonics.de\/wp-content\/uploads\/2018\/11\/IMG_0063-360x240.jpg 360w\" sizes=\"auto, (max-width: 2189px) 100vw, 2189px\" \/><\/figure><\/li><li class=\"blocks-gallery-item\"><figure><img loading=\"lazy\" decoding=\"async\" width=\"1095\" height=\"730\" src=\"https:\/\/www.futonics.de\/wp-content\/uploads\/2018\/11\/IMG_0206.jpg\" alt=\"\" data-id=\"906\" data-link=\"https:\/\/www.futonics.de\/applications\/cutting_plastic\/fiber_plastics\/img_0206\/\" class=\"wp-image-906\" srcset=\"https:\/\/www.futonics.de\/wp-content\/uploads\/2018\/11\/IMG_0206.jpg 1095w, https:\/\/www.futonics.de\/wp-content\/uploads\/2018\/11\/IMG_0206-300x200.jpg 300w, https:\/\/www.futonics.de\/wp-content\/uploads\/2018\/11\/IMG_0206-768x512.jpg 768w, https:\/\/www.futonics.de\/wp-content\/uploads\/2018\/11\/IMG_0206-1024x683.jpg 1024w, https:\/\/www.futonics.de\/wp-content\/uploads\/2018\/11\/IMG_0206-360x240.jpg 360w\" sizes=\"auto, (max-width: 1095px) 100vw, 1095px\" \/><\/figure><\/li><li class=\"blocks-gallery-item\"><figure><img loading=\"lazy\" decoding=\"async\" width=\"1095\" height=\"730\" src=\"https:\/\/www.futonics.de\/wp-content\/uploads\/2018\/11\/IMG_0103.jpg\" alt=\"\" data-id=\"901\" data-link=\"https:\/\/www.futonics.de\/applications\/cutting_plastic\/fiber_plastics\/img_0103\/\" class=\"wp-image-901\" srcset=\"https:\/\/www.futonics.de\/wp-content\/uploads\/2018\/11\/IMG_0103.jpg 1095w, https:\/\/www.futonics.de\/wp-content\/uploads\/2018\/11\/IMG_0103-300x200.jpg 300w, https:\/\/www.futonics.de\/wp-content\/uploads\/2018\/11\/IMG_0103-768x512.jpg 768w, https:\/\/www.futonics.de\/wp-content\/uploads\/2018\/11\/IMG_0103-1024x683.jpg 1024w, https:\/\/www.futonics.de\/wp-content\/uploads\/2018\/11\/IMG_0103-360x240.jpg 360w\" sizes=\"auto, (max-width: 1095px) 100vw, 1095px\" \/><\/figure><\/li><li class=\"blocks-gallery-item\"><figure><img loading=\"lazy\" decoding=\"async\" width=\"1095\" height=\"730\" src=\"https:\/\/www.futonics.de\/wp-content\/uploads\/2018\/11\/IMG_0173.jpg\" alt=\"\" data-id=\"903\" data-link=\"https:\/\/www.futonics.de\/applications\/cutting_plastic\/fiber_plastics\/img_0173\/\" class=\"wp-image-903\" srcset=\"https:\/\/www.futonics.de\/wp-content\/uploads\/2018\/11\/IMG_0173.jpg 1095w, https:\/\/www.futonics.de\/wp-content\/uploads\/2018\/11\/IMG_0173-300x200.jpg 300w, https:\/\/www.futonics.de\/wp-content\/uploads\/2018\/11\/IMG_0173-768x512.jpg 768w, https:\/\/www.futonics.de\/wp-content\/uploads\/2018\/11\/IMG_0173-1024x683.jpg 1024w, https:\/\/www.futonics.de\/wp-content\/uploads\/2018\/11\/IMG_0173-360x240.jpg 360w\" sizes=\"auto, (max-width: 1095px) 100vw, 1095px\" \/><\/figure><\/li><li class=\"blocks-gallery-item\"><figure><img loading=\"lazy\" decoding=\"async\" width=\"1095\" height=\"730\" src=\"https:\/\/www.futonics.de\/wp-content\/uploads\/2018\/11\/IMG_0190.jpg\" alt=\"\" data-id=\"904\" data-link=\"https:\/\/www.futonics.de\/applications\/cutting_plastic\/fiber_plastics\/img_0190\/\" class=\"wp-image-904 is-layout-flex wp-block-gallery-is-layout-flex\" srcset=\"https:\/\/www.futonics.de\/wp-content\/uploads\/2018\/11\/IMG_0190.jpg 1095w, https:\/\/www.futonics.de\/wp-content\/uploads\/2018\/11\/IMG_0190-300x200.jpg 300w, https:\/\/www.futonics.de\/wp-content\/uploads\/2018\/11\/IMG_0190-768x512.jpg 768w, https:\/\/www.futonics.de\/wp-content\/uploads\/2018\/11\/IMG_0190-1024x683.jpg 1024w, https:\/\/www.futonics.de\/wp-content\/uploads\/2018\/11\/IMG_0190-360x240.jpg 360w\" sizes=\"auto, (max-width: 1095px) 100vw, 1095px\" \/><\/figure><\/li><\/ul>\n\n\n\n<p>Die Bilder zeigen den Schneidprozess von E-Glas. Andere \u00e4hnliche Materialien wurden mit Futonics Faserlasersystemen erfolgreich geschnitten.<\/p>\n\n\n\n<p>&nbsp;<\/p>\n\n\n\n<h6 class=\"wp-block-heading\"><strong>VIDEODEMONSTRATIONEN<\/strong><\/h6>\n\n\n\n<figure class=\"wp-block-video\"><video height=\"1080\" style=\"aspect-ratio: 1920 \/ 1080;\" width=\"1920\" controls src=\"https:\/\/www.futonics.de\/wp-content\/uploads\/2018\/11\/MVI_0087-1.mp4\"><\/video><\/figure>\n\n\n\n<p>&nbsp;<\/p>\n\n\n\n<figure class=\"wp-block-video\"><video height=\"1080\" style=\"aspect-ratio: 1920 \/ 1080;\" width=\"1920\" controls src=\"https:\/\/www.futonics.de\/wp-content\/uploads\/2018\/11\/MVI_0184.mp4\"><\/video><\/figure>\n\n\n\n<p>&nbsp;<\/p>\n<style class=\"advgb-styles-renderer\">.advgbbtn-3d9b6585-5178-40d0-bf2a-51f1c823f3b4 {\n                        font-size: 15px;\n                        color: #000000;\n                        background-color: #E5E5E5;\n                        padding: 6px 12px 6px 12px;\n                        border-width: 0px;\n                        border-color: #000000;\n                        border-radius: 6px;\n                        border-style: solid;\n                    }\n                    .advgbbtn-3d9b6585-5178-40d0-bf2a-51f1c823f3b4:hover {\n                        color: #fff;\n                        background-color: #d13636;\n                        box-shadow: 0px 0px 0px 0px #ffffff;\n                        transition: all 0s ease;\n                    }.advgbbtn-3d9b6585-5178-40d0-bf2a-51f1c823f3b4{font-size:15px;color:#000000 !important;background-color:#E5E5E5 !important;margin:0px 0px 0px 0px !important;padding:10px 30px 10px 30px;border-width:0px !important;border-color:#000000 !important;border-style:none;border-radius:6px !important;}.advgbbtn-3d9b6585-5178-40d0-bf2a-51f1c823f3b4:hover{background-color:#d13636 !important;box-shadow:0px 0px 0px 0px #ffffff;opacity:1;transition:all 0s ease;}.advgbbtn-3d9b6585-5178-40d0-bf2a-51f1c823f3b4 > i {display: none !important;}<\/style>","protected":false},"excerpt":{"rendered":"<p>Futonics-Faserlaser k\u00f6nnen einen stark fokussierten Hochleistungsstrahl erzeugen, der faserverst\u00e4rkte Kunststoffe in einer Vielzahl komplexer Formen pr\u00e4zise durchschneidet. &nbsp; Faserverst\u00e4rkte Kunststoffe sind Verbundwerkstoffe, wobei eine Polymermatrix mit Fasern verst\u00e4rkt wird, um die Festigkeit und Elastizit\u00e4t des Materials zu verbessern. Die Fasern bestehen typischerweise aus Glas oder Kohlenstoff, und die Polymere k\u00f6nnen [&hellip;]<\/p>\n","protected":false},"author":1,"featured_media":0,"parent":1592,"menu_order":0,"comment_status":"closed","ping_status":"closed","template":"","meta":{"_editorskit_title_hidden":false,"_editorskit_reading_time":0,"_editorskit_is_block_options_detached":false,"_editorskit_block_options_position":"{}","advgb_blocks_editor_width":"","advgb_blocks_columns_visual_guide":"","footnotes":""},"class_list":["post-760","page","type-page","status-publish","hentry"],"translation":{"provider":"WPGlobus","version":"3.0.2","language":"de","enabled_languages":["en","de","zh"],"languages":{"en":{"title":true,"content":true,"excerpt":false},"de":{"title":true,"content":true,"excerpt":false},"zh":{"title":true,"content":true,"excerpt":false}}},"yoast_head":"<!-- This site is optimized with the Yoast SEO plugin v27.4 - https:\/\/yoast.com\/product\/yoast-seo-wordpress\/ -->\n<title>SCHNEIDEN VON FASERVERST\u00c4RKTEN KUNSTSTOFFEN - 2-\u00b5m-Einmoden-Faserlasersysteme<\/title>\n<meta name=\"robots\" content=\"index, follow, max-snippet:-1, max-image-preview:large, max-video-preview:-1\" \/>\n<link rel=\"canonical\" href=\"https:\/\/www.futonics.de\/applications\/industrial\/plastics\/fiber-reinforced\/\" \/>\n<meta property=\"og:locale\" content=\"de_DE\" \/>\n<meta property=\"og:type\" content=\"article\" \/>\n<meta property=\"og:title\" content=\"SCHNEIDEN VON FASERVERST\u00c4RKTEN KUNSTSTOFFEN - 2-\u00b5m-Einmoden-Faserlasersysteme\" \/>\n<meta property=\"og:url\" content=\"https:\/\/www.futonics.de\/applications\/industrial\/plastics\/fiber-reinforced\/\" \/>\n<meta property=\"og:site_name\" content=\"2-\u00b5m-Einmoden-Faserlasersysteme\" \/>\n<meta property=\"article:modified_time\" content=\"2020-09-08T05:35:43+00:00\" \/>\n<meta property=\"og:image\" content=\"https:\/\/www.futonics.de\/wp-content\/uploads\/2018\/11\/IMG_0194.jpg\" \/>\n<meta name=\"twitter:card\" content=\"summary_large_image\" \/>\n<meta name=\"twitter:label1\" content=\"Gesch\u00e4tzte Lesezeit\" \/>\n\t<meta name=\"twitter:data1\" content=\"3\u00a0Minuten\" \/>\n<script type=\"application\/ld+json\" class=\"yoast-schema-graph\">{\"@context\":\"https:\\\/\\\/schema.org\",\"@graph\":[{\"@type\":\"WebPage\",\"@id\":\"https:\\\/\\\/www.futonics.de\\\/applications\\\/industrial\\\/plastics\\\/fiber-reinforced\\\/\",\"url\":\"https:\\\/\\\/www.futonics.de\\\/applications\\\/industrial\\\/plastics\\\/fiber-reinforced\\\/\",\"name\":\"SCHNEIDEN VON FASERVERST\u00c4RKTEN KUNSTSTOFFEN - 2-\u00b5m-Einmoden-Faserlasersysteme\",\"isPartOf\":{\"@id\":\"https:\\\/\\\/www.futonics.de\\\/#website\"},\"primaryImageOfPage\":{\"@id\":\"https:\\\/\\\/www.futonics.de\\\/applications\\\/industrial\\\/plastics\\\/fiber-reinforced\\\/#primaryimage\"},\"image\":{\"@id\":\"https:\\\/\\\/www.futonics.de\\\/applications\\\/industrial\\\/plastics\\\/fiber-reinforced\\\/#primaryimage\"},\"thumbnailUrl\":\"https:\\\/\\\/www.futonics.de\\\/wp-content\\\/uploads\\\/2018\\\/11\\\/IMG_0194.jpg\",\"datePublished\":\"2018-11-02T13:22:51+00:00\",\"dateModified\":\"2020-09-08T05:35:43+00:00\",\"breadcrumb\":{\"@id\":\"https:\\\/\\\/www.futonics.de\\\/applications\\\/industrial\\\/plastics\\\/fiber-reinforced\\\/#breadcrumb\"},\"inLanguage\":\"de\",\"potentialAction\":[{\"@type\":\"ReadAction\",\"target\":[\"https:\\\/\\\/www.futonics.de\\\/applications\\\/industrial\\\/plastics\\\/fiber-reinforced\\\/\"]}]},{\"@type\":\"ImageObject\",\"inLanguage\":\"de\",\"@id\":\"https:\\\/\\\/www.futonics.de\\\/applications\\\/industrial\\\/plastics\\\/fiber-reinforced\\\/#primaryimage\",\"url\":\"https:\\\/\\\/www.futonics.de\\\/wp-content\\\/uploads\\\/2018\\\/11\\\/IMG_0194.jpg\",\"contentUrl\":\"https:\\\/\\\/www.futonics.de\\\/wp-content\\\/uploads\\\/2018\\\/11\\\/IMG_0194.jpg\"},{\"@type\":\"BreadcrumbList\",\"@id\":\"https:\\\/\\\/www.futonics.de\\\/applications\\\/industrial\\\/plastics\\\/fiber-reinforced\\\/#breadcrumb\",\"itemListElement\":[{\"@type\":\"ListItem\",\"position\":1,\"name\":\"Startseite\",\"item\":\"https:\\\/\\\/www.futonics.de\\\/\"},{\"@type\":\"ListItem\",\"position\":2,\"name\":\"ANWENDUNGEN\",\"item\":\"https:\\\/\\\/www.futonics.de\\\/applications\\\/\"},{\"@type\":\"ListItem\",\"position\":3,\"name\":\"ANWENDUNGEN\",\"item\":\"https:\\\/\\\/www.futonics.de\\\/applications\\\/industrial\\\/\"},{\"@type\":\"ListItem\",\"position\":4,\"name\":\"KUNSTSTOFFE\",\"item\":\"https:\\\/\\\/www.futonics.de\\\/applications\\\/industrial\\\/plastics\\\/\"},{\"@type\":\"ListItem\",\"position\":5,\"name\":\"SCHNEIDEN VON FASERVERST\u00c4RKTEN KUNSTSTOFFEN\"}]},{\"@type\":\"WebSite\",\"@id\":\"https:\\\/\\\/www.futonics.de\\\/#website\",\"url\":\"https:\\\/\\\/www.futonics.de\\\/\",\"name\":\"2-\u00b5m-Einmoden-Faserlasersysteme\",\"description\":\"Derzeit bieten wir verschiedene Thulium-Faser- und Kristalllasermodelle mit unterschiedlichen Ausgangsleistungen bis zu 250 W an\",\"publisher\":{\"@id\":\"https:\\\/\\\/www.futonics.de\\\/#organization\"},\"potentialAction\":[{\"@type\":\"SearchAction\",\"target\":{\"@type\":\"EntryPoint\",\"urlTemplate\":\"https:\\\/\\\/www.futonics.de\\\/?s={search_term_string}\"},\"query-input\":{\"@type\":\"PropertyValueSpecification\",\"valueRequired\":true,\"valueName\":\"search_term_string\"}}],\"inLanguage\":\"de\"},{\"@type\":\"Organization\",\"@id\":\"https:\\\/\\\/www.futonics.de\\\/#organization\",\"name\":\"2-\u00b5m-Einmoden-Faserlasersysteme\",\"url\":\"https:\\\/\\\/www.futonics.de\\\/\",\"logo\":{\"@type\":\"ImageObject\",\"inLanguage\":\"de\",\"@id\":\"https:\\\/\\\/www.futonics.de\\\/#\\\/schema\\\/logo\\\/image\\\/\",\"url\":\"https:\\\/\\\/www.futonics.de\\\/wp-content\\\/uploads\\\/2018\\\/11\\\/cropped-Futonics-Laser-Logo-weiss.png\",\"contentUrl\":\"https:\\\/\\\/www.futonics.de\\\/wp-content\\\/uploads\\\/2018\\\/11\\\/cropped-Futonics-Laser-Logo-weiss.png\",\"width\":855,\"height\":220,\"caption\":\"2-\u00b5m-Einmoden-Faserlasersysteme \"},\"image\":{\"@id\":\"https:\\\/\\\/www.futonics.de\\\/#\\\/schema\\\/logo\\\/image\\\/\"}}]}<\/script>\n<!-- \/ Yoast SEO plugin. -->","yoast_head_json":{"title":"SCHNEIDEN VON FASERVERST\u00c4RKTEN KUNSTSTOFFEN - 2-\u00b5m-Einmoden-Faserlasersysteme","robots":{"index":"index","follow":"follow","max-snippet":"max-snippet:-1","max-image-preview":"max-image-preview:large","max-video-preview":"max-video-preview:-1"},"canonical":"https:\/\/www.futonics.de\/applications\/industrial\/plastics\/fiber-reinforced\/","og_locale":"de_DE","og_type":"article","og_title":"SCHNEIDEN VON FASERVERST\u00c4RKTEN KUNSTSTOFFEN - 2-\u00b5m-Einmoden-Faserlasersysteme","og_url":"https:\/\/www.futonics.de\/applications\/industrial\/plastics\/fiber-reinforced\/","og_site_name":"2-\u00b5m-Einmoden-Faserlasersysteme","article_modified_time":"2020-09-08T05:35:43+00:00","og_image":[{"url":"https:\/\/www.futonics.de\/wp-content\/uploads\/2018\/11\/IMG_0194.jpg","type":"","width":"","height":""}],"twitter_card":"summary_large_image","twitter_misc":{"Gesch\u00e4tzte Lesezeit":"3\u00a0Minuten"},"schema":{"@context":"https:\/\/schema.org","@graph":[{"@type":"WebPage","@id":"https:\/\/www.futonics.de\/applications\/industrial\/plastics\/fiber-reinforced\/","url":"https:\/\/www.futonics.de\/applications\/industrial\/plastics\/fiber-reinforced\/","name":"SCHNEIDEN VON FASERVERST\u00c4RKTEN KUNSTSTOFFEN - 2-\u00b5m-Einmoden-Faserlasersysteme","isPartOf":{"@id":"https:\/\/www.futonics.de\/#website"},"primaryImageOfPage":{"@id":"https:\/\/www.futonics.de\/applications\/industrial\/plastics\/fiber-reinforced\/#primaryimage"},"image":{"@id":"https:\/\/www.futonics.de\/applications\/industrial\/plastics\/fiber-reinforced\/#primaryimage"},"thumbnailUrl":"https:\/\/www.futonics.de\/wp-content\/uploads\/2018\/11\/IMG_0194.jpg","datePublished":"2018-11-02T13:22:51+00:00","dateModified":"2020-09-08T05:35:43+00:00","breadcrumb":{"@id":"https:\/\/www.futonics.de\/applications\/industrial\/plastics\/fiber-reinforced\/#breadcrumb"},"inLanguage":"de","potentialAction":[{"@type":"ReadAction","target":["https:\/\/www.futonics.de\/applications\/industrial\/plastics\/fiber-reinforced\/"]}]},{"@type":"ImageObject","inLanguage":"de","@id":"https:\/\/www.futonics.de\/applications\/industrial\/plastics\/fiber-reinforced\/#primaryimage","url":"https:\/\/www.futonics.de\/wp-content\/uploads\/2018\/11\/IMG_0194.jpg","contentUrl":"https:\/\/www.futonics.de\/wp-content\/uploads\/2018\/11\/IMG_0194.jpg"},{"@type":"BreadcrumbList","@id":"https:\/\/www.futonics.de\/applications\/industrial\/plastics\/fiber-reinforced\/#breadcrumb","itemListElement":[{"@type":"ListItem","position":1,"name":"Startseite","item":"https:\/\/www.futonics.de\/"},{"@type":"ListItem","position":2,"name":"ANWENDUNGEN","item":"https:\/\/www.futonics.de\/applications\/"},{"@type":"ListItem","position":3,"name":"ANWENDUNGEN","item":"https:\/\/www.futonics.de\/applications\/industrial\/"},{"@type":"ListItem","position":4,"name":"KUNSTSTOFFE","item":"https:\/\/www.futonics.de\/applications\/industrial\/plastics\/"},{"@type":"ListItem","position":5,"name":"SCHNEIDEN VON FASERVERST\u00c4RKTEN KUNSTSTOFFEN"}]},{"@type":"WebSite","@id":"https:\/\/www.futonics.de\/#website","url":"https:\/\/www.futonics.de\/","name":"2-\u00b5m-Einmoden-Faserlasersysteme","description":"Derzeit bieten wir verschiedene Thulium-Faser- und Kristalllasermodelle mit unterschiedlichen Ausgangsleistungen bis zu 250 W an","publisher":{"@id":"https:\/\/www.futonics.de\/#organization"},"potentialAction":[{"@type":"SearchAction","target":{"@type":"EntryPoint","urlTemplate":"https:\/\/www.futonics.de\/?s={search_term_string}"},"query-input":{"@type":"PropertyValueSpecification","valueRequired":true,"valueName":"search_term_string"}}],"inLanguage":"de"},{"@type":"Organization","@id":"https:\/\/www.futonics.de\/#organization","name":"2-\u00b5m-Einmoden-Faserlasersysteme","url":"https:\/\/www.futonics.de\/","logo":{"@type":"ImageObject","inLanguage":"de","@id":"https:\/\/www.futonics.de\/#\/schema\/logo\/image\/","url":"https:\/\/www.futonics.de\/wp-content\/uploads\/2018\/11\/cropped-Futonics-Laser-Logo-weiss.png","contentUrl":"https:\/\/www.futonics.de\/wp-content\/uploads\/2018\/11\/cropped-Futonics-Laser-Logo-weiss.png","width":855,"height":220,"caption":"2-\u00b5m-Einmoden-Faserlasersysteme "},"image":{"@id":"https:\/\/www.futonics.de\/#\/schema\/logo\/image\/"}}]}},"coauthors":[],"author_meta":{"author_link":"https:\/\/www.futonics.de\/de\/author\/mkaule\/","display_name":"MKaule"},"relative_dates":{"created":"Ver\u00f6ffentlicht 7\u00a0Jahren vor","modified":"Aktualisiert 6\u00a0Jahren vor"},"absolute_dates":{"created":"Ver\u00f6ffentlicht am 2. November 2018","modified":"Aktualisiert am 8. September 2020"},"absolute_dates_time":{"created":"Ver\u00f6ffentlicht am 2. November 2018 14:22","modified":"Aktualisiert am 8. September 2020 7:35"},"featured_img_caption":"","featured_img":false,"series_order":"","_links":{"self":[{"href":"https:\/\/www.futonics.de\/de\/wp-json\/wp\/v2\/pages\/760","targetHints":{"allow":["GET"]}}],"collection":[{"href":"https:\/\/www.futonics.de\/de\/wp-json\/wp\/v2\/pages"}],"about":[{"href":"https:\/\/www.futonics.de\/de\/wp-json\/wp\/v2\/types\/page"}],"author":[{"embeddable":true,"href":"https:\/\/www.futonics.de\/de\/wp-json\/wp\/v2\/users\/1"}],"replies":[{"embeddable":true,"href":"https:\/\/www.futonics.de\/de\/wp-json\/wp\/v2\/comments?post=760"}],"version-history":[{"count":50,"href":"https:\/\/www.futonics.de\/de\/wp-json\/wp\/v2\/pages\/760\/revisions"}],"predecessor-version":[{"id":4555,"href":"https:\/\/www.futonics.de\/de\/wp-json\/wp\/v2\/pages\/760\/revisions\/4555"}],"up":[{"embeddable":true,"href":"https:\/\/www.futonics.de\/de\/wp-json\/wp\/v2\/pages\/1592"}],"wp:attachment":[{"href":"https:\/\/www.futonics.de\/de\/wp-json\/wp\/v2\/media?parent=760"}],"curies":[{"name":"wp","href":"https:\/\/api.w.org\/{rel}","templated":true}]}}