{"id":887,"date":"2018-11-05T15:46:15","date_gmt":"2018-11-05T14:46:15","guid":{"rendered":"http:\/\/beta.futonics.de\/?page_id=887"},"modified":"2019-08-09T12:01:36","modified_gmt":"2019-08-09T10:01:36","slug":"foods","status":"publish","type":"page","link":"https:\/\/www.futonics.de\/de\/applications\/industrial\/foods\/","title":{"rendered":"NAT\u00dcRLICHES BRANDING"},"content":{"rendered":"\n<p>Lebensmittel wie Obst und Gem\u00fcse k\u00f6nnen ohne Beeintr\u00e4chtigung der Produktqualit\u00e4t schonend markiert werden.<br><br><\/p>\n\n\n\n<div class=\"wp-block-advgb-button alignleft is-style-outline\"><a class=\"wp-block-advgb-button_link advgbbtn-3d9b6585-5178-40d0-bf2a-51f1c823f3b4\" href=\"mailto:info@futonics.de?subject=Nat\u00fcrliches%20Branding\" target=\"_self\" rel=\"noopener noreferrer\">Kontaktieren Sie uns \u00fcber Nat\u00fcrliches Branding<\/a><\/div>\n\n\n\n<p>&nbsp; <br><br><br><\/p>\n\n\n\n<ul class=\"wp-block-gallery columns-3 is-cropped wp-block-gallery-1\"><li class=\"blocks-gallery-item\"><figure><img loading=\"lazy\" decoding=\"async\" width=\"821\" height=\"548\" src=\"https:\/\/www.futonics.de\/wp-content\/uploads\/2018\/11\/IMG_1234.png\" alt=\"\" data-id=\"2274\" data-link=\"https:\/\/www.futonics.de\/applications\/industrial\/foods\/img_1234-2\/\" class=\"wp-image-2274\" srcset=\"https:\/\/www.futonics.de\/wp-content\/uploads\/2018\/11\/IMG_1234.png 821w, https:\/\/www.futonics.de\/wp-content\/uploads\/2018\/11\/IMG_1234-300x200.png 300w, https:\/\/www.futonics.de\/wp-content\/uploads\/2018\/11\/IMG_1234-768x513.png 768w, https:\/\/www.futonics.de\/wp-content\/uploads\/2018\/11\/IMG_1234-360x240.png 360w\" sizes=\"auto, (max-width: 821px) 100vw, 821px\" \/><\/figure><\/li><li class=\"blocks-gallery-item\"><figure><img loading=\"lazy\" decoding=\"async\" width=\"821\" height=\"548\" src=\"https:\/\/www.futonics.de\/wp-content\/uploads\/2018\/11\/IMG_1236.png\" alt=\"\" data-id=\"2275\" data-link=\"https:\/\/www.futonics.de\/applications\/industrial\/foods\/img_1236-2\/\" class=\"wp-image-2275\" srcset=\"https:\/\/www.futonics.de\/wp-content\/uploads\/2018\/11\/IMG_1236.png 821w, https:\/\/www.futonics.de\/wp-content\/uploads\/2018\/11\/IMG_1236-300x200.png 300w, https:\/\/www.futonics.de\/wp-content\/uploads\/2018\/11\/IMG_1236-768x513.png 768w, https:\/\/www.futonics.de\/wp-content\/uploads\/2018\/11\/IMG_1236-360x240.png 360w\" sizes=\"auto, (max-width: 821px) 100vw, 821px\" \/><\/figure><\/li><li class=\"blocks-gallery-item\"><figure><img loading=\"lazy\" decoding=\"async\" width=\"821\" height=\"548\" src=\"https:\/\/www.futonics.de\/wp-content\/uploads\/2018\/11\/IMG_1238.png\" alt=\"\" data-id=\"2276\" data-link=\"https:\/\/www.futonics.de\/applications\/industrial\/foods\/img_1238-2\/\" class=\"wp-image-2276\" srcset=\"https:\/\/www.futonics.de\/wp-content\/uploads\/2018\/11\/IMG_1238.png 821w, https:\/\/www.futonics.de\/wp-content\/uploads\/2018\/11\/IMG_1238-300x200.png 300w, https:\/\/www.futonics.de\/wp-content\/uploads\/2018\/11\/IMG_1238-768x513.png 768w, https:\/\/www.futonics.de\/wp-content\/uploads\/2018\/11\/IMG_1238-360x240.png 360w\" sizes=\"auto, (max-width: 821px) 100vw, 821px\" \/><\/figure><\/li><li class=\"blocks-gallery-item\"><figure><img loading=\"lazy\" decoding=\"async\" width=\"821\" height=\"548\" src=\"https:\/\/www.futonics.de\/wp-content\/uploads\/2018\/11\/IMG_1261.png\" alt=\"\" data-id=\"2279\" data-link=\"https:\/\/www.futonics.de\/applications\/industrial\/foods\/img_1261-2\/\" class=\"wp-image-2279\" srcset=\"https:\/\/www.futonics.de\/wp-content\/uploads\/2018\/11\/IMG_1261.png 821w, https:\/\/www.futonics.de\/wp-content\/uploads\/2018\/11\/IMG_1261-300x200.png 300w, https:\/\/www.futonics.de\/wp-content\/uploads\/2018\/11\/IMG_1261-768x513.png 768w, https:\/\/www.futonics.de\/wp-content\/uploads\/2018\/11\/IMG_1261-360x240.png 360w\" sizes=\"auto, (max-width: 821px) 100vw, 821px\" \/><\/figure><\/li><li class=\"blocks-gallery-item\"><figure><img loading=\"lazy\" decoding=\"async\" width=\"821\" height=\"548\" src=\"https:\/\/www.futonics.de\/wp-content\/uploads\/2018\/11\/IMG_1256.png\" alt=\"\" data-id=\"2278\" data-link=\"https:\/\/www.futonics.de\/applications\/industrial\/foods\/img_1256-2\/\" class=\"wp-image-2278\" srcset=\"https:\/\/www.futonics.de\/wp-content\/uploads\/2018\/11\/IMG_1256.png 821w, https:\/\/www.futonics.de\/wp-content\/uploads\/2018\/11\/IMG_1256-300x200.png 300w, https:\/\/www.futonics.de\/wp-content\/uploads\/2018\/11\/IMG_1256-768x513.png 768w, https:\/\/www.futonics.de\/wp-content\/uploads\/2018\/11\/IMG_1256-360x240.png 360w\" sizes=\"auto, (max-width: 821px) 100vw, 821px\" \/><\/figure><\/li><li class=\"blocks-gallery-item\"><figure><img loading=\"lazy\" decoding=\"async\" width=\"821\" height=\"548\" src=\"https:\/\/www.futonics.de\/wp-content\/uploads\/2018\/11\/IMG_1248.png\" alt=\"\" data-id=\"2277\" data-link=\"https:\/\/www.futonics.de\/applications\/industrial\/foods\/img_1248-2\/\" class=\"wp-image-2277 is-layout-flex wp-block-gallery-is-layout-flex\" srcset=\"https:\/\/www.futonics.de\/wp-content\/uploads\/2018\/11\/IMG_1248.png 821w, https:\/\/www.futonics.de\/wp-content\/uploads\/2018\/11\/IMG_1248-300x200.png 300w, https:\/\/www.futonics.de\/wp-content\/uploads\/2018\/11\/IMG_1248-768x513.png 768w, https:\/\/www.futonics.de\/wp-content\/uploads\/2018\/11\/IMG_1248-360x240.png 360w\" sizes=\"auto, (max-width: 821px) 100vw, 821px\" \/><\/figure><\/li><\/ul>\n\n\n\n<p>Aktuelle Methoden zur Kennzeichnung von Lebensmitteln wie beispielsweise Obst oder Gem\u00fcse konzentrieren sich vor allem auf das Aufbringen von Aufklebern oder das Einwickeln in umweltsch\u00e4dliche Plastikverpackungen. Das \u201cNatural Branding\u201d verbessert diese bestehenden Verfahren dadurch, dass die Lebensmittel durch <a href=\"https:\/\/www.futonics.de\/products\/thulium\/\">Laser <\/a>direkt auf dem Produkt markiert werden.<br><\/p>\n\n\n\n<p>Diese neue Methode reduziert den Verbrauch von Papier, Kunst- und Klebstoffen, wodurch die Umwelt weniger belastet wird. Das ber\u00fchrungslose Verfahren hat keinen Einfluss auf die Qualit\u00e4t oder Haltbarkeit der Lebensmittel. Mit Futonics 2 \u00b5m Lasern werden Obst, Gem\u00fcse und andere Lebensmittel sicher beschriftet, ohne den Zellstoff oder die Inhalte zu beeinflussen.<\/p>\n\n\n\n<p>Die Laserbeschriftung von Lebensmitteln kann eine \n\nVielzahl von Informationen enthalten, die traditionell auf \n\nAufklebern gedruckt werden, einschlie\u00dflich Codes, Logos, \n\nMarken und Verfallsdaten.<br><br><\/p>\n\n\n\n<h6 class=\"wp-block-heading\"><strong>VORTEILE<\/strong><\/h6>\n\n\n\n<ul class=\"wp-block-list\"><li>Die Zellstoff- und Lebensmittelqualit\u00e4t wird nicht beeintr\u00e4chtigt: Nur die Haut wird markiert<br><\/li><li>Eliminiert den Verbrauch von Papier, Plastikverpackungen und Klebstoffen<\/li><li>Der kontaktlose Prozess ist sauber und hygienisch: Lebensmittel kommen nicht mit Klebstoffen in Kontakt, die nicht essbare chemische Substanzen enthalten<\/li><li>gut lesbare Kennzeichnung<\/li><li>Schneller als herk\u00f6mmliche Etikettenverarbeitung<\/li><li>Geringer Energieverbrauch im Vergleich zu herk\u00f6mmlichen Verfahren<\/li><\/ul>\n\n\n\n<h6 class=\"wp-block-heading\"><strong>NAHRUNGSMITTEL<\/strong><br><\/h6>\n\n\n\n<ul class=\"wp-block-list\"><li>Obst mit einer Schale wie \u00c4pfel, Orangen und Bananen<\/li><li>Gem\u00fcse wie Auberginen, Kartoffeln und K\u00fcrbisse<\/li><li>K\u00e4se mit einer Rinde<\/li><li>Fleisch- und Wurstwaren<\/li><\/ul>\n\n\n\n<p><strong>THINK GREEN<\/strong><\/p>\n\n\n\n<p>Der gr\u00fcne Gedanke beim Natural Branding ist der Verzicht von Folien zur Verpackung oder Etikettierung der Lebensmittel.  Eine Einsparung von j\u00e4hrlich <a href=\"https:\/\/www.nabu.de\/imperia\/md\/content\/nabude\/konsumressourcenmuell\/180419-nabu-obst-gemuese-verpackungen-studie.pdf\">93.000 Tonnen M\u00fcll<\/a> w\u00e4re so m\u00f6glich.<\/p>\n<style class=\"advgb-styles-renderer\">.advgbbtn-3d9b6585-5178-40d0-bf2a-51f1c823f3b4{font-size:15px;color:#000000 !important;background-color:#E5E5E5 !important;margin:0px 0px 0px 0px !important;padding:10px 30px 10px 30px;border-width:0px !important;border-color:#000000 !important;border-style:none;border-radius:6px !important;}.advgbbtn-3d9b6585-5178-40d0-bf2a-51f1c823f3b4:hover{background-color:#d13636 !important;box-shadow:0px 0px 0px 0px #ffffff;opacity:1;transition:all 0s ease;}.advgbbtn-3d9b6585-5178-40d0-bf2a-51f1c823f3b4 > i {display: none !important;}<\/style>","protected":false},"excerpt":{"rendered":"<p>Lebensmittel wie Obst und Gem\u00fcse k\u00f6nnen ohne Beeintr\u00e4chtigung der Produktqualit\u00e4t schonend markiert werden. &nbsp; Aktuelle Methoden zur Kennzeichnung von Lebensmitteln wie beispielsweise Obst oder Gem\u00fcse konzentrieren sich vor allem auf das Aufbringen von Aufklebern oder das Einwickeln in umweltsch\u00e4dliche Plastikverpackungen. Das \u201cNatural Branding\u201d verbessert diese bestehenden Verfahren dadurch, dass die [&hellip;]<\/p>\n","protected":false},"author":1,"featured_media":0,"parent":1551,"menu_order":0,"comment_status":"closed","ping_status":"closed","template":"","meta":{"_editorskit_title_hidden":false,"_editorskit_reading_time":0,"_editorskit_is_block_options_detached":false,"_editorskit_block_options_position":"{}","advgb_blocks_editor_width":"","advgb_blocks_columns_visual_guide":"","footnotes":""},"class_list":["post-887","page","type-page","status-publish","hentry"],"translation":{"provider":"WPGlobus","version":"3.0.2","language":"de","enabled_languages":["en","de","zh"],"languages":{"en":{"title":true,"content":true,"excerpt":false},"de":{"title":true,"content":true,"excerpt":false},"zh":{"title":true,"content":true,"excerpt":false}}},"yoast_head":"<!-- This site is optimized with the Yoast SEO plugin v27.4 - https:\/\/yoast.com\/product\/yoast-seo-wordpress\/ -->\n<title>NAT\u00dcRLICHES BRANDING - schonendes Markieren von Lebensmitteln<\/title>\n<meta name=\"description\" content=\"Lebensmittel wie Obst und Gem\u00fcse k\u00f6nnen ohne Beeintr\u00e4chtigung der Produktqualit\u00e4t schonend markiert werden. Eine gute Variante zur Plastikverpackung.\" \/>\n<meta name=\"robots\" content=\"index, follow, max-snippet:-1, max-image-preview:large, max-video-preview:-1\" \/>\n<link rel=\"canonical\" href=\"https:\/\/www.futonics.de\/applications\/industrial\/foods\/\" \/>\n<meta property=\"og:locale\" content=\"de_DE\" \/>\n<meta property=\"og:type\" content=\"article\" \/>\n<meta property=\"og:title\" content=\"NAT\u00dcRLICHES BRANDING - schonendes Markieren von Lebensmitteln\" \/>\n<meta property=\"og:description\" content=\"Lebensmittel wie Obst und Gem\u00fcse k\u00f6nnen ohne Beeintr\u00e4chtigung der Produktqualit\u00e4t schonend markiert werden. Eine gute Variante zur Plastikverpackung.\" \/>\n<meta property=\"og:url\" content=\"https:\/\/www.futonics.de\/applications\/industrial\/foods\/\" \/>\n<meta property=\"og:site_name\" content=\"2-\u00b5m-Einmoden-Faserlasersysteme\" \/>\n<meta property=\"article:modified_time\" content=\"2019-08-09T10:01:36+00:00\" \/>\n<meta property=\"og:image\" content=\"https:\/\/www.futonics.de\/wp-content\/uploads\/2018\/11\/IMG_1234.png\" \/>\n<meta name=\"twitter:card\" content=\"summary_large_image\" \/>\n<meta name=\"twitter:label1\" content=\"Gesch\u00e4tzte Lesezeit\" \/>\n\t<meta name=\"twitter:data1\" content=\"2\u00a0Minuten\" \/>\n<script type=\"application\/ld+json\" class=\"yoast-schema-graph\">{\"@context\":\"https:\\\/\\\/schema.org\",\"@graph\":[{\"@type\":\"WebPage\",\"@id\":\"https:\\\/\\\/www.futonics.de\\\/applications\\\/industrial\\\/foods\\\/\",\"url\":\"https:\\\/\\\/www.futonics.de\\\/applications\\\/industrial\\\/foods\\\/\",\"name\":\"NAT\u00dcRLICHES BRANDING - 2-\u00b5m-Einmoden-Faserlasersysteme\",\"isPartOf\":{\"@id\":\"https:\\\/\\\/www.futonics.de\\\/#website\"},\"primaryImageOfPage\":{\"@id\":\"https:\\\/\\\/www.futonics.de\\\/applications\\\/industrial\\\/foods\\\/#primaryimage\"},\"image\":{\"@id\":\"https:\\\/\\\/www.futonics.de\\\/applications\\\/industrial\\\/foods\\\/#primaryimage\"},\"thumbnailUrl\":\"https:\\\/\\\/www.futonics.de\\\/wp-content\\\/uploads\\\/2018\\\/11\\\/IMG_1234.png\",\"datePublished\":\"2018-11-05T14:46:15+00:00\",\"dateModified\":\"2019-08-09T10:01:36+00:00\",\"breadcrumb\":{\"@id\":\"https:\\\/\\\/www.futonics.de\\\/applications\\\/industrial\\\/foods\\\/#breadcrumb\"},\"inLanguage\":\"de\",\"potentialAction\":[{\"@type\":\"ReadAction\",\"target\":[\"https:\\\/\\\/www.futonics.de\\\/applications\\\/industrial\\\/foods\\\/\"]}]},{\"@type\":\"ImageObject\",\"inLanguage\":\"de\",\"@id\":\"https:\\\/\\\/www.futonics.de\\\/applications\\\/industrial\\\/foods\\\/#primaryimage\",\"url\":\"https:\\\/\\\/www.futonics.de\\\/wp-content\\\/uploads\\\/2018\\\/11\\\/IMG_1234.png\",\"contentUrl\":\"https:\\\/\\\/www.futonics.de\\\/wp-content\\\/uploads\\\/2018\\\/11\\\/IMG_1234.png\"},{\"@type\":\"BreadcrumbList\",\"@id\":\"https:\\\/\\\/www.futonics.de\\\/applications\\\/industrial\\\/foods\\\/#breadcrumb\",\"itemListElement\":[{\"@type\":\"ListItem\",\"position\":1,\"name\":\"Startseite\",\"item\":\"https:\\\/\\\/www.futonics.de\\\/\"},{\"@type\":\"ListItem\",\"position\":2,\"name\":\"ANWENDUNGEN\",\"item\":\"https:\\\/\\\/www.futonics.de\\\/applications\\\/\"},{\"@type\":\"ListItem\",\"position\":3,\"name\":\"ANWENDUNGEN\",\"item\":\"https:\\\/\\\/www.futonics.de\\\/applications\\\/industrial\\\/\"},{\"@type\":\"ListItem\",\"position\":4,\"name\":\"NAT\u00dcRLICHES BRANDING\"}]},{\"@type\":\"WebSite\",\"@id\":\"https:\\\/\\\/www.futonics.de\\\/#website\",\"url\":\"https:\\\/\\\/www.futonics.de\\\/\",\"name\":\"2-\u00b5m-Einmoden-Faserlasersysteme\",\"description\":\"Derzeit bieten wir verschiedene Thulium-Faser- und Kristalllasermodelle mit unterschiedlichen Ausgangsleistungen bis zu 250 W an\",\"publisher\":{\"@id\":\"https:\\\/\\\/www.futonics.de\\\/#organization\"},\"potentialAction\":[{\"@type\":\"SearchAction\",\"target\":{\"@type\":\"EntryPoint\",\"urlTemplate\":\"https:\\\/\\\/www.futonics.de\\\/?s={search_term_string}\"},\"query-input\":{\"@type\":\"PropertyValueSpecification\",\"valueRequired\":true,\"valueName\":\"search_term_string\"}}],\"inLanguage\":\"de\"},{\"@type\":\"Organization\",\"@id\":\"https:\\\/\\\/www.futonics.de\\\/#organization\",\"name\":\"2-\u00b5m-Einmoden-Faserlasersysteme\",\"url\":\"https:\\\/\\\/www.futonics.de\\\/\",\"logo\":{\"@type\":\"ImageObject\",\"inLanguage\":\"de\",\"@id\":\"https:\\\/\\\/www.futonics.de\\\/#\\\/schema\\\/logo\\\/image\\\/\",\"url\":\"https:\\\/\\\/www.futonics.de\\\/wp-content\\\/uploads\\\/2018\\\/11\\\/cropped-Futonics-Laser-Logo-weiss.png\",\"contentUrl\":\"https:\\\/\\\/www.futonics.de\\\/wp-content\\\/uploads\\\/2018\\\/11\\\/cropped-Futonics-Laser-Logo-weiss.png\",\"width\":855,\"height\":220,\"caption\":\"2-\u00b5m-Einmoden-Faserlasersysteme \"},\"image\":{\"@id\":\"https:\\\/\\\/www.futonics.de\\\/#\\\/schema\\\/logo\\\/image\\\/\"}}]}<\/script>\n<!-- \/ Yoast SEO plugin. -->","yoast_head_json":{"title":"NAT\u00dcRLICHES BRANDING - schonendes Markieren von Lebensmitteln","description":"Lebensmittel wie Obst und Gem\u00fcse k\u00f6nnen ohne Beeintr\u00e4chtigung der Produktqualit\u00e4t schonend markiert werden. Eine gute Variante zur Plastikverpackung.","robots":{"index":"index","follow":"follow","max-snippet":"max-snippet:-1","max-image-preview":"max-image-preview:large","max-video-preview":"max-video-preview:-1"},"canonical":"https:\/\/www.futonics.de\/applications\/industrial\/foods\/","og_locale":"de_DE","og_type":"article","og_title":"NAT\u00dcRLICHES BRANDING - schonendes Markieren von Lebensmitteln","og_description":"Lebensmittel wie Obst und Gem\u00fcse k\u00f6nnen ohne Beeintr\u00e4chtigung der Produktqualit\u00e4t schonend markiert werden. Eine gute Variante zur Plastikverpackung.","og_url":"https:\/\/www.futonics.de\/applications\/industrial\/foods\/","og_site_name":"2-\u00b5m-Einmoden-Faserlasersysteme","article_modified_time":"2019-08-09T10:01:36+00:00","og_image":[{"url":"https:\/\/www.futonics.de\/wp-content\/uploads\/2018\/11\/IMG_1234.png","type":"","width":"","height":""}],"twitter_card":"summary_large_image","twitter_misc":{"Gesch\u00e4tzte Lesezeit":"2\u00a0Minuten"},"schema":{"@context":"https:\/\/schema.org","@graph":[{"@type":"WebPage","@id":"https:\/\/www.futonics.de\/applications\/industrial\/foods\/","url":"https:\/\/www.futonics.de\/applications\/industrial\/foods\/","name":"NAT\u00dcRLICHES BRANDING - 2-\u00b5m-Einmoden-Faserlasersysteme","isPartOf":{"@id":"https:\/\/www.futonics.de\/#website"},"primaryImageOfPage":{"@id":"https:\/\/www.futonics.de\/applications\/industrial\/foods\/#primaryimage"},"image":{"@id":"https:\/\/www.futonics.de\/applications\/industrial\/foods\/#primaryimage"},"thumbnailUrl":"https:\/\/www.futonics.de\/wp-content\/uploads\/2018\/11\/IMG_1234.png","datePublished":"2018-11-05T14:46:15+00:00","dateModified":"2019-08-09T10:01:36+00:00","breadcrumb":{"@id":"https:\/\/www.futonics.de\/applications\/industrial\/foods\/#breadcrumb"},"inLanguage":"de","potentialAction":[{"@type":"ReadAction","target":["https:\/\/www.futonics.de\/applications\/industrial\/foods\/"]}]},{"@type":"ImageObject","inLanguage":"de","@id":"https:\/\/www.futonics.de\/applications\/industrial\/foods\/#primaryimage","url":"https:\/\/www.futonics.de\/wp-content\/uploads\/2018\/11\/IMG_1234.png","contentUrl":"https:\/\/www.futonics.de\/wp-content\/uploads\/2018\/11\/IMG_1234.png"},{"@type":"BreadcrumbList","@id":"https:\/\/www.futonics.de\/applications\/industrial\/foods\/#breadcrumb","itemListElement":[{"@type":"ListItem","position":1,"name":"Startseite","item":"https:\/\/www.futonics.de\/"},{"@type":"ListItem","position":2,"name":"ANWENDUNGEN","item":"https:\/\/www.futonics.de\/applications\/"},{"@type":"ListItem","position":3,"name":"ANWENDUNGEN","item":"https:\/\/www.futonics.de\/applications\/industrial\/"},{"@type":"ListItem","position":4,"name":"NAT\u00dcRLICHES BRANDING"}]},{"@type":"WebSite","@id":"https:\/\/www.futonics.de\/#website","url":"https:\/\/www.futonics.de\/","name":"2-\u00b5m-Einmoden-Faserlasersysteme","description":"Derzeit bieten wir verschiedene Thulium-Faser- und Kristalllasermodelle mit unterschiedlichen Ausgangsleistungen bis zu 250 W an","publisher":{"@id":"https:\/\/www.futonics.de\/#organization"},"potentialAction":[{"@type":"SearchAction","target":{"@type":"EntryPoint","urlTemplate":"https:\/\/www.futonics.de\/?s={search_term_string}"},"query-input":{"@type":"PropertyValueSpecification","valueRequired":true,"valueName":"search_term_string"}}],"inLanguage":"de"},{"@type":"Organization","@id":"https:\/\/www.futonics.de\/#organization","name":"2-\u00b5m-Einmoden-Faserlasersysteme","url":"https:\/\/www.futonics.de\/","logo":{"@type":"ImageObject","inLanguage":"de","@id":"https:\/\/www.futonics.de\/#\/schema\/logo\/image\/","url":"https:\/\/www.futonics.de\/wp-content\/uploads\/2018\/11\/cropped-Futonics-Laser-Logo-weiss.png","contentUrl":"https:\/\/www.futonics.de\/wp-content\/uploads\/2018\/11\/cropped-Futonics-Laser-Logo-weiss.png","width":855,"height":220,"caption":"2-\u00b5m-Einmoden-Faserlasersysteme "},"image":{"@id":"https:\/\/www.futonics.de\/#\/schema\/logo\/image\/"}}]}},"coauthors":[],"author_meta":{"author_link":"https:\/\/www.futonics.de\/de\/author\/mkaule\/","display_name":"MKaule"},"relative_dates":{"created":"Ver\u00f6ffentlicht 7\u00a0Jahren vor","modified":"Aktualisiert 7\u00a0Jahren vor"},"absolute_dates":{"created":"Ver\u00f6ffentlicht am 5. November 2018","modified":"Aktualisiert am 9. August 2019"},"absolute_dates_time":{"created":"Ver\u00f6ffentlicht am 5. November 2018 15:46","modified":"Aktualisiert am 9. August 2019 12:01"},"featured_img_caption":"","featured_img":false,"series_order":"","_links":{"self":[{"href":"https:\/\/www.futonics.de\/de\/wp-json\/wp\/v2\/pages\/887","targetHints":{"allow":["GET"]}}],"collection":[{"href":"https:\/\/www.futonics.de\/de\/wp-json\/wp\/v2\/pages"}],"about":[{"href":"https:\/\/www.futonics.de\/de\/wp-json\/wp\/v2\/types\/page"}],"author":[{"embeddable":true,"href":"https:\/\/www.futonics.de\/de\/wp-json\/wp\/v2\/users\/1"}],"replies":[{"embeddable":true,"href":"https:\/\/www.futonics.de\/de\/wp-json\/wp\/v2\/comments?post=887"}],"version-history":[{"count":62,"href":"https:\/\/www.futonics.de\/de\/wp-json\/wp\/v2\/pages\/887\/revisions"}],"predecessor-version":[{"id":3602,"href":"https:\/\/www.futonics.de\/de\/wp-json\/wp\/v2\/pages\/887\/revisions\/3602"}],"up":[{"embeddable":true,"href":"https:\/\/www.futonics.de\/de\/wp-json\/wp\/v2\/pages\/1551"}],"wp:attachment":[{"href":"https:\/\/www.futonics.de\/de\/wp-json\/wp\/v2\/media?parent=887"}],"curies":[{"name":"wp","href":"https:\/\/api.w.org\/{rel}","templated":true}]}}