{"id":100,"date":"2018-09-21T09:54:24","date_gmt":"2018-09-21T07:54:24","guid":{"rendered":"http:\/\/beta.futonics.de\/?page_id=100"},"modified":"2024-08-20T13:55:44","modified_gmt":"2024-08-20T11:55:44","slug":"laser10w-50w","status":"publish","type":"page","link":"https:\/\/www.futonics.de\/zh\/products\/thulium\/laser10w-50w\/","title":{"rendered":"10-50\u74e6 \u63ba\u94e5\u5149\u7ea4\u8fde\u7eed\u6fc0\u5149\u5668"},"content":{"rendered":"\n<figure class=\"wp-block-image\"><img loading=\"lazy\" decoding=\"async\" width=\"1231\" height=\"543\" src=\"https:\/\/www.futonics.de\/wp-content\/uploads\/2018\/11\/IFL-50-Lasermodul-4.385.png\" alt=\"\" class=\"wp-image-1838\" srcset=\"https:\/\/www.futonics.de\/wp-content\/uploads\/2018\/11\/IFL-50-Lasermodul-4.385.png 1231w, https:\/\/www.futonics.de\/wp-content\/uploads\/2018\/11\/IFL-50-Lasermodul-4.385-300x132.png 300w, https:\/\/www.futonics.de\/wp-content\/uploads\/2018\/11\/IFL-50-Lasermodul-4.385-768x339.png 768w, https:\/\/www.futonics.de\/wp-content\/uploads\/2018\/11\/IFL-50-Lasermodul-4.385-1024x452.png 1024w\" sizes=\"auto, (max-width: 1231px) 100vw, 1231px\" \/><\/figure>\n\n\n\n<h5 class=\"wp-block-heading\"> \u5168\u80fd2\u5fae\u7c73\u63ba\u94e5\u5149\u7ea4\u6fc0\u5149\u5668<\/h5>\n\n\n\n<ul class=\"wp-block-list\">\n<li>\u9ad8\u8fbe50\u74e6\u8f93\u51fa\uff0c2\u00a0RU \u5916\u58f3<\/li>\n\n\n\n<li>\u5ba2\u6237\u8ba2\u5236\u6ce2\u6bb5\uff08\u5e03\u62c9\u683c\u5149\u6805\uff09<\/li>\n\n\n\n<li>\u9ad8\u5149\u675f\u8d28\u91cf<\/li>\n\n\n\n<li>\u4f4e\u566a\u97f3<\/li>\n\n\n\n<li>\u6297\u56de\u5149<\/li>\n<\/ul>\n\n\n\n<p>\u5bcc\u901a\u6fc0\u5149\u7684\u65b0\u578b\u5de5\u4e1a\u5149\u7ea4\u6fc0\u5149\u5668\u4ea7\u54c1\u7cfb\u5217\u57fa\u4e8e\u63ba\u94e5\u5355\u6a212\u5fae\u7c73\u5149\u7ea4\u6fc0\u5149\u632f\u8361\u5668\uff0c\u5e76\u901a\u8fc7\u5149\u7ea4\u5e03\u62c9\u683c\u5149\u6805\u5b9e\u73b0\u7a33\u5b9a\u7684\u6ce2\u957f\u3002\u9ad8\u5149\u675f\u8d28\u91cf\u548c\u7d27\u51d1\u7684\u8bbe\u8ba1\uff0c\u4f7f\u8fd9\u4e9b\u4ea7\u54c1\u975e\u5e38\u9002\u5408\u5e7f\u6cdb\u7684\u5e94\u7528\u3002<br> <br> <\/p>\n\n\n\n<div class=\"wp-block-advgb-adv-tabs advgb-tabs-wrapper advgb-tab-horz-desktop advgb-tab-vert-tablet advgb-tab-stack-mobile advgb-tabs-54f08fdd-7e97-44b1-b4dc-d8a20aeceb94\" data-tab-active=\"0\"><ul class=\"advgb-tabs-panel\"><li class=\"advgb-tab\" style=\"background-color:#000000;border-style:solid;border-width:1px;border-radius:0px\"><a id=\"\" href=\"#advgb-tabs-tab0\" style=\"color:#fff\"><span>\u4ea7\u54c1\u7279\u6027<\/span><\/a><\/li><li class=\"advgb-tab\" style=\"background-color:#000000;border-style:solid;border-width:1px;border-radius:0px\"><a id=\"\" href=\"#advgb-tabs-tab1\" style=\"color:#fff\"><span>\u5149\u5b66\u7279\u6027<\/span><\/a><\/li><li class=\"advgb-tab\" style=\"background-color:#000000;border-style:solid;border-width:1px;border-radius:0px\"><a id=\"\" href=\"#advgb-tabs-tab2\" style=\"color:#fff\"><span>\u901a\u7528\u89c4\u683c<\/span><\/a><\/li><li class=\"advgb-tab\" style=\"background-color:#000000;border-style:solid;border-width:1px;border-radius:0px\"><a id=\"\" href=\"#advgb-tabs-tab3\" style=\"color:#fff\"><span>\u53ef\u9009<\/span><\/a><\/li><\/ul><div class=\"advgb-tab-body-wrapper\" style=\"border-style:solid;border-width:1px;border-radius:0px\">\n<div class=\"wp-block-advgb-tab advgb-tab-body-container\"><div class=\"advgb-tab-body-header advgb-tab-class-\">\u4ea7\u54c1\u7279\u6027<\/div><div class=\"advgb-tab-_9adf00-c3 advgb-tab-body\" aria-labelledby=\"advgb-tabs-tab0\">\n<p>\u4e0d\u540c\u7684\u8f93\u51fa\u529f\u7387\u548c\u53d1\u5c04\u6ce2\u957f \uff081930 nm-2050 nm\uff09<br>\u5168\u529f\u7387\u8303\u56f4\u5185\u7684\u9ad8\u5149\u675f\u8d28\u91cf<br>\u72ec\u7acb\u575a\u56fa\u7684\u5916\u58f3<br>\u9002\u7528\u4e8e19\u82f1\u5bf8\u7684\u673a\u67b6\u5b89\u88c5<br>\u975e\u5e38\u9002\u5408\u5b9e\u9a8c\u5ba4\u548c\u5de5\u4e1a\u5e94\u7528<\/p>\n<\/div><\/div>\n\n\n\n<div class=\"wp-block-advgb-tab advgb-tab-body-container\"><div class=\"advgb-tab-body-header advgb-tab-class-\">\u5149\u5b66\u7279\u6027<\/div><div class=\"advgb-tab-_35a698-9e advgb-tab-body\" aria-labelledby=\"advgb-tabs-tab1\">\n<p><strong>\u8f93\u51fa\u529f\u7387<\/strong>\uff1a 10\u74e6 (IFL10), 20\u74e6 (IFL20), 30\u74e6 (IF30), 40\u74e6 (IFL40), 50\u74e6 (IFL50)<br><strong>\u6807\u51c6\u6ce2\u957f<\/strong>\uff1a2000\u7eb3\u7c73 \u6216\u80052050\u7eb3\u7c73<br><strong>\u534a\u9ad8\u5bbd FWHM<\/strong>: &lt; 1\u7eb3\u7c73<br><strong>\u5149\u675f\u8d28\u91cf<\/strong>: M<sup>2&nbsp;<\/sup>&lt; 1.1, \u5355\u6a21<br><strong>\u5de5\u4f5c\u6a21\u5f0f<\/strong>: CW\u8fde\u7eed\u6ce2\u957f\uff0c\u8c03\u5236\u9ad8\u8fbe1 kHz<br><strong>\u6fc0\u5149\u7b49\u7ea7<\/strong>: 4<br><strong>\u63a5\u5934\uff0c\u5149\u7ea4NA\uff0c\u957f\u5ea6<\/strong>: FC \/ PC\u6216SMA\u63a5\u5934\uff0cNA 0.15, 5\u7c73<br><strong>\u51c6\u76f4\u5668<\/strong>: \u53ef\u9009<\/p>\n<\/div><\/div>\n\n\n\n<div class=\"wp-block-advgb-tab advgb-tab-body-container\"><div class=\"advgb-tab-body-header advgb-tab-class-\">\u901a\u7528\u89c4\u683c<\/div><div class=\"advgb-tab-_4b2175-ce advgb-tab-body\" aria-labelledby=\"advgb-tabs-tab2\">\n<p><strong>\u5c3a\u5bf8<\/strong>: 483 \u6beb\u7c73 x 88 \u6beb\u7c73 x 505 \u6beb\u7c73 (19&#8243;, 2 RU \u4e0d\u5305\u62ec\u7535\u6e90)<br><strong>\u7535\u6e90\u7535\u538b<\/strong>: 100 \u2013 240 VAC, 50 \u2013 60 Hz<br><strong>\u529f\u8017<\/strong>: \u2264 350 W<br><strong>\u6807\u51c6\u63a5\u53e3<\/strong>: D-SUB 25, D-SUB 9<br><strong>\u663e\u793a\u5c4f<\/strong>: \u7535\u5bb9\u5f0f3.5\u5bf8\u89e6\u6478\u5c4f\u548c\u63a7\u5236\u8f6e<br><strong>\u51b7\u5374\u65b9\u5f0f<\/strong>: \u6c34\u51b7<\/p>\n<\/div><\/div>\n\n\n\n<div class=\"wp-block-advgb-tab advgb-tab-body-container\"><div class=\"advgb-tab-body-header advgb-tab-class-\">\u53ef\u9009<\/div><div class=\"advgb-tab-_74a057-6b advgb-tab-body\" aria-labelledby=\"advgb-tabs-tab3\">\n<p><strong>\u9644\u52a0\u5149\u7ea4\u957f\u5ea6<\/strong>: 1\u7c73\u8d77\uff0c\u603b\u957f\u8fbe20\u7c73<br><strong>\u5149\u7ea4\u63a5\u5934<\/strong>: FC \/ PC\uff0cSMA<br><strong>\u5149\u7ea4\u5e94\u7528\u59341<\/strong>\uff1a\u57fa\u672c\u51c6\u76f4\u5668<br><strong>\u5149\u7ea4\u5e94\u7528\u59342<\/strong>\uff1a\u589e\u5f3a\u578b\u51c6\u76f4\u5668\uff0c\u5e26\u6709\u529f\u7387\u68c0\u6d4b\uff0c\u7528\u4e8e\u95ed\u73af\u63a7\u5236<br><strong>\u529f\u7387\u7a33\u5b9a<\/strong>\uff1a\u95ed\u73af\u63a7\u5236\u9ad8\u8fbe10 kHz<br><strong>\u56fa\u5b9a\u81ea\u5b9a\u4e49\u6ce2\u957f<\/strong>\uff1a\u57281930 nm\u548c2050 nm\u4e4b\u95f4\u9009\u62e9<br><strong>\u5916\u90e8\u7535\u6e90<\/strong>\uff1a\u53ef\u9009<br><strong>\u589e\u5f3a\u63a5\u53e3<\/strong>\uff1a\u53ef\u6839\u636e\u8981\u6c42\u63d0\u4f9b\u5de5\u4e1a\u4ee5\u592a\u7f51\u63a5\u53e3<\/p>\n<\/div><\/div>\n<\/div><\/div>\n\n\n\n<p> <br> <\/p>\n\n\n\n<div class=\"wp-block-advgb-button alignnone\"><a class=\"wp-block-advgb-button_link advgbbtn-f9eccc1b-b065-4096-96d0-49ba325c40ed\" href=\"mailto:info@futonics.de?subject=\u4ea7\u54c1\u54a8\u8be2\" target=\"_blank\" rel=\"noopener noreferrer\"><span>\u5173\u4e8e\u8fd9\u4e2a\u4ea7\u54c1\u8054\u7cfb\u6211\u4eec<\/span><\/a><\/div>\n\n\n\n<p> <br><\/p>\n\n\n\n<p>&nbsp;<\/p>\n\n\n<style type=\"text\/css\" scoped>.rbs_gallery_69e763a974d02Spinner{\r\n\t\t\t\tmargin: 50px auto;\r\n\t\t\t\twidth: 50px;\r\n\t\t\t\theight: 40px;\r\n\t\t\t\ttext-align: center;\r\n\t\t\t\tfont-size: 10px;\r\n\t\t\t}\r\n\t\t\t.rbs_gallery_69e763a974d02Spinner > div{\r\n\t\t\t  background-color: #333;\r\n\t\t\t  height: 100%;\r\n\t\t\t  width: 6px;\r\n\t\t\t  display: inline-block;\r\n\t\t\t  -webkit-animation: rbs_gallery_69e763a974d02-stretchdelay 1.2s infinite ease-in-out;\r\n\t\t\t  animation: rbs_gallery_69e763a974d02-stretchdelay 1.2s infinite ease-in-out;\r\n\t\t\t}\r\n\t\t\t.rbs_gallery_69e763a974d02Spinner .rbs_gallery_69e763a974d02Rect2 {\r\n\t\t\t  -webkit-animation-delay: -1.1s;\r\n\t\t\t  animation-delay: -1.1s;\r\n\t\t\t}\r\n\t\t\t.rbs_gallery_69e763a974d02Spinner .rbs_gallery_69e763a974d02Rect3 {\r\n\t\t\t  -webkit-animation-delay: -1.0s;\r\n\t\t\t  animation-delay: -1.0s;\r\n\t\t\t}\r\n\t\t\t.rbs_gallery_69e763a974d02Spinner .rbs_gallery_69e763a974d02Rect4 {\r\n\t\t\t  -webkit-animation-delay: -0.9s;\r\n\t\t\t  animation-delay: -0.9s;\r\n\t\t\t}\r\n\t\t\t.rbs_gallery_69e763a974d02Spinner .rbs_gallery_69e763a974d02Rect5 {\r\n\t\t\t  -webkit-animation-delay: -0.8s;\r\n\t\t\t  animation-delay: -0.8s;\r\n\t\t\t}\r\n\t\t\t@-webkit-keyframes rbs_gallery_69e763a974d02-stretchdelay {\r\n\t\t\t  0%, 40%, 100% { -webkit-transform: scaleY(0.4) }  \r\n\t\t\t  20% { -webkit-transform: scaleY(1.0) }\r\n\t\t\t}\r\n\t\t\t@keyframes rbs_gallery_69e763a974d02-stretchdelay {\r\n\t\t\t  0%, 40%, 100% { \r\n\t\t\t    transform: scaleY(0.4);\r\n\t\t\t    -webkit-transform: scaleY(0.4);\r\n\t\t\t  }  20% { \r\n\t\t\t    transform: scaleY(1.0);\r\n\t\t\t    -webkit-transform: scaleY(1.0);\r\n\t\t\t  }\r\n\t\t\t}\r\n\t\t<\/style><div class=\"robo-gallery-wrap robo-gallery-wrap-id2183 robo-gallery-\" ><div id=\"rbs_gallery_69e763a974d02-block-loader\" class=\"rbs_gallery_69e763a974d02Spinner\"><div class=\"rbs_gallery_69e763a974d02Rect1\"><\/div> <div class=\"rbs_gallery_69e763a974d02Rect2\"><\/div> <div class=\"rbs_gallery_69e763a974d02Rect3\"><\/div> <div class=\"rbs_gallery_69e763a974d02Rect4\"><\/div> <div class=\"rbs_gallery_69e763a974d02Rect5\"><\/div><\/div><div class=\"rbs_gallery_button  rbs_gallery_align_left\" id=\"rbs_gallery_69e763a974d02filter\" style=\" display: none;\" ><\/div><div id=\"robo_gallery_main_block_rbs_gallery_69e763a974d02\" class=\"robogallery-gallery-2183\" style=\"width:100%;  display: none;\"><div id=\"rbs_gallery_69e763a974d02\" data-options=\"rbs_gallery_69e763a974d02\" style=\"width:100%;\" class=\"robo_gallery  \"><div class=\"rbs-img  category2183 \" ><div class=\"rbs-img-image   rbs-lightbox \" ><div class=\"rbs-img-thumbs\"  data-thumbnail=\"https:\/\/www.futonics.de\/wp-content\/uploads\/2018\/11\/IFL-50-Front_Bildgr\u00f6\u00dfe-\u00e4ndern.png\"  title=\"IFL-50-Front_Bildgr\u00f6\u00dfe \u00e4ndern\"  data-width=\"1920\"  data-height=\"845\" ><\/div><div class=\"rbs-img-data-popup\"  data-popup=\"https:\/\/www.futonics.de\/wp-content\/uploads\/2018\/11\/IFL-50-Front_Bildgr\u00f6\u00dfe-\u00e4ndern.png\"  title=\"IFL-50-Front_Bildgr\u00f6\u00dfe \u00e4ndern\" ><\/div><div class=\"thumbnail-overlay\"><\/div><\/div><\/div><div class=\"rbs-img  category2183 \" ><div class=\"rbs-img-image   rbs-lightbox \" ><div class=\"rbs-img-thumbs\"  data-thumbnail=\"https:\/\/www.futonics.de\/wp-content\/uploads\/2018\/11\/IFL50-Back_Bildgr\u00f6\u00dfe-\u00e4ndern.png\"  title=\"IFL50-Back_Bildgr\u00f6\u00dfe \u00e4ndern\"  data-width=\"1920\"  data-height=\"845\" ><\/div><div class=\"rbs-img-data-popup\"  data-popup=\"https:\/\/www.futonics.de\/wp-content\/uploads\/2018\/11\/IFL50-Back_Bildgr\u00f6\u00dfe-\u00e4ndern.png\"  title=\"IFL50-Back_Bildgr\u00f6\u00dfe \u00e4ndern\" ><\/div><div class=\"thumbnail-overlay\"><\/div><\/div><\/div><div class=\"rbs-img  category2183 \" ><div class=\"rbs-img-image   rbs-lightbox \" ><div class=\"rbs-img-thumbs\"  data-thumbnail=\"https:\/\/www.futonics.de\/wp-content\/uploads\/2018\/11\/IFL50-Back-P_Bildgr\u00f6\u00dfe-\u00e4ndern.png\"  title=\"IFL50-Back-P_Bildgr\u00f6\u00dfe \u00e4ndern\"  data-width=\"1920\"  data-height=\"845\" ><\/div><div class=\"rbs-img-data-popup\"  data-popup=\"https:\/\/www.futonics.de\/wp-content\/uploads\/2018\/11\/IFL50-Back-P_Bildgr\u00f6\u00dfe-\u00e4ndern.png\"  title=\"IFL50-Back-P_Bildgr\u00f6\u00dfe \u00e4ndern\" ><\/div><div class=\"thumbnail-overlay\"><\/div><\/div><\/div><div class=\"rbs-img  category2183 \" ><div class=\"rbs-img-image   rbs-lightbox \" ><div class=\"rbs-img-thumbs\"  data-thumbnail=\"https:\/\/www.futonics.de\/wp-content\/uploads\/2018\/11\/IFL50-Front-P_Bildgr\u00f6\u00dfe-\u00e4ndern.png\"  title=\"IFL50-Front-P_Bildgr\u00f6\u00dfe-\u00e4ndern\"  data-width=\"1920\"  data-height=\"845\" ><\/div><div class=\"rbs-img-data-popup\"  data-popup=\"https:\/\/www.futonics.de\/wp-content\/uploads\/2018\/11\/IFL50-Front-P_Bildgr\u00f6\u00dfe-\u00e4ndern.png\"  title=\"IFL50-Front-P_Bildgr\u00f6\u00dfe-\u00e4ndern\" ><\/div><div class=\"thumbnail-overlay\"><\/div><\/div><\/div><\/div><\/div><\/div><script>var rbs_gallery_69e763a974d02 = {\"version\":\"5.1.4\",\"id\":2183,\"class\":\"id2183\",\"roboGalleryDelay\":1000,\"mainContainer\":\"#robo_gallery_main_block_rbs_gallery_69e763a974d02\",\"loadingContainer\":\"#rbs_gallery_69e763a974d02-block-loader\",\"loadingContainerObj\":\"rbs_gallery_69e763a974d02-block-loader\",\"columnWidth\":\"auto\",\"columns\":3,\"resolutions\":[{\"columnWidth\":\"auto\",\"columns\":3,\"maxWidth\":960},{\"columnWidth\":\"auto\",\"columns\":2,\"maxWidth\":650},{\"columnWidth\":\"auto\",\"columns\":1,\"maxWidth\":450}],\"hideTitle\":true,\"lightboxOptions\":{\"gallery\":{\"enabled\":true,\"tCounter\":\"%curr% of %total%\"}},\"overlayEffect\":\"fade\",\"boxesToLoadStart\":12,\"boxesToLoad\":8,\"waitUntilThumbLoads\":1,\"LoadingWord\":\"Loading...\",\"loadMoreWord\":\"Load More\",\"noMoreEntriesWord\":\"No More Entries\",\"horizontalSpaceBetweenBoxes\":15,\"verticalSpaceBetweenBoxes\":15,\"lazyLoad\":1,\"wrapContainer\":\"#robo-gallery-wrap-rbs_gallery_69e763a974d02\",\"filterContainer\":\"#rbs_gallery_69e763a974d02filter\",\"loadMoreClass\":\"button-flat-primary button-large \"};<\/script>\n\n\n\n<div class=\"wp-block-file\"><a id=\"wp-block-file--media-1e7f96d5-43e7-4d1a-8fd1-06004cb1cfd9\" href=\"https:\/\/www.futonics.de\/wp-content\/uploads\/2019\/02\/Futonics50W.pdf\" target=\"_blank\" rel=\"noreferrer noopener\">IFL10-IFL50 \u4ea7\u54c1\u624b\u518c\u4e0b\u8f7d<\/a><\/div>\n\n\n\n<p>&nbsp;<\/p>\n\n\n\n<p>&nbsp;<\/p>\n\n\n\n<p><\/p>\n<style class=\"advgb-styles-renderer\">.advgb-tabs-54f08fdd-7e97-44b1-b4dc-d8a20aeceb94 ul.advgb-tabs-panel li.advgb-tab.advgb-tab-active {background-color:#b21717 !important;color:#ffffff !important;}#advgb-tabs-54f08fdd-7e97-44b1-b4dc-d8a20aeceb94 .advgb-tab-body-header.header-active, .advgb-tabs-54f08fdd-7e97-44b1-b4dc-d8a20aeceb94 .advgb-tab-body-header.header-active{background-color:#b21717 !important;color:#ffffff !important;}.advgbbtn-f9eccc1b-b065-4096-96d0-49ba325c40ed{font-size:15px;color:#ffffff !important;background-color:#b21717 !important;margin:0px 0px 0px 0px !important;padding:10px 30px 10px 30px;border-width:1px !important;border-style:none;border-radius:6px !important;}.advgbbtn-f9eccc1b-b065-4096-96d0-49ba325c40ed:hover{color:#ffffff !important;background-color:#b21717 !important;box-shadow:1px 1px 12px 0px #E5E5E5;opacity:0.6;transition:all 0.2s ease;}.advgbbtn-f9eccc1b-b065-4096-96d0-49ba325c40ed > i {display: none !important;}<\/style>","protected":false},"excerpt":{"rendered":"<p>\u5168\u80fd2\u5fae\u7c73\u63ba\u94e5\u5149\u7ea4\u6fc0\u5149\u5668 \u5bcc\u901a\u6fc0\u5149\u7684\u65b0\u578b\u5de5\u4e1a\u5149\u7ea4\u6fc0\u5149\u5668\u4ea7\u54c1\u7cfb\u5217\u57fa\u4e8e\u63ba\u94e5\u5355\u6a212\u5fae\u7c73\u5149\u7ea4\u6fc0\u5149\u632f\u8361\u5668\uff0c\u5e76\u901a\u8fc7\u5149\u7ea4\u5e03\u62c9\u683c\u5149\u6805\u5b9e\u73b0\u7a33\u5b9a\u7684\u6ce2\u957f\u3002\u9ad8\u5149\u675f\u8d28\u91cf\u548c\u7d27\u51d1\u7684\u8bbe\u8ba1\uff0c\u4f7f\u8fd9\u4e9b\u4ea7\u54c1\u975e\u5e38\u9002\u5408\u5e7f\u6cdb\u7684\u5e94\u7528\u3002 &nbsp; &nbsp; &nbsp;<\/p>\n","protected":false},"author":1,"featured_media":0,"parent":2137,"menu_order":0,"comment_status":"closed","ping_status":"closed","template":"","meta":{"_editorskit_title_hidden":false,"_editorskit_reading_time":1,"_editorskit_is_block_options_detached":false,"_editorskit_block_options_position":"{}","advgb_blocks_editor_width":"","advgb_blocks_columns_visual_guide":"","footnotes":""},"class_list":["post-100","page","type-page","status-publish","hentry"],"translation":{"provider":"WPGlobus","version":"3.0.2","language":"zh","enabled_languages":["en","de","zh"],"languages":{"en":{"title":true,"content":true,"excerpt":false},"de":{"title":true,"content":true,"excerpt":false},"zh":{"title":true,"content":true,"excerpt":false}}},"yoast_head":"<!-- This site is optimized with the Yoast SEO plugin v27.4 - https:\/\/yoast.com\/product\/yoast-seo-wordpress\/ -->\n<title>10-50\u74e6 \u63ba\u94e5\u5149\u7ea4\u8fde\u7eed\u6fc0\u5149\u5668 - 2-micron single mode fiber laser systems<\/title>\n<meta name=\"robots\" content=\"index, follow, max-snippet:-1, max-image-preview:large, max-video-preview:-1\" \/>\n<link rel=\"canonical\" href=\"https:\/\/www.futonics.de\/products\/thulium\/laser10w-50w\/\" \/>\n<meta property=\"og:locale\" content=\"zh_CN\" \/>\n<meta property=\"og:type\" content=\"article\" \/>\n<meta property=\"og:title\" content=\"10-50\u74e6 \u63ba\u94e5\u5149\u7ea4\u8fde\u7eed\u6fc0\u5149\u5668 - 2-micron single mode fiber laser systems\" \/>\n<meta property=\"og:url\" content=\"https:\/\/www.futonics.de\/products\/thulium\/laser10w-50w\/\" \/>\n<meta property=\"og:site_name\" content=\"2-micron single mode fiber laser systems\" \/>\n<meta property=\"article:modified_time\" content=\"2024-08-20T11:55:44+00:00\" \/>\n<meta property=\"og:image\" content=\"https:\/\/www.futonics.de\/wp-content\/uploads\/2018\/11\/IFL-50-Lasermodul-4.385.png\" \/>\n<meta name=\"twitter:card\" content=\"summary_large_image\" \/>\n<meta name=\"twitter:label1\" content=\"Est. reading time\" \/>\n\t<meta name=\"twitter:data1\" content=\"2 minutes\" \/>\n<script type=\"application\/ld+json\" class=\"yoast-schema-graph\">{\"@context\":\"https:\\\/\\\/schema.org\",\"@graph\":[{\"@type\":\"WebPage\",\"@id\":\"https:\\\/\\\/www.futonics.de\\\/products\\\/thulium\\\/laser10w-50w\\\/\",\"url\":\"https:\\\/\\\/www.futonics.de\\\/products\\\/thulium\\\/laser10w-50w\\\/\",\"name\":\"10-50\u74e6 \u63ba\u94e5\u5149\u7ea4\u8fde\u7eed\u6fc0\u5149\u5668 - 2-micron single mode fiber laser systems\",\"isPartOf\":{\"@id\":\"https:\\\/\\\/www.futonics.de\\\/#website\"},\"primaryImageOfPage\":{\"@id\":\"https:\\\/\\\/www.futonics.de\\\/products\\\/thulium\\\/laser10w-50w\\\/#primaryimage\"},\"image\":{\"@id\":\"https:\\\/\\\/www.futonics.de\\\/products\\\/thulium\\\/laser10w-50w\\\/#primaryimage\"},\"thumbnailUrl\":\"https:\\\/\\\/www.futonics.de\\\/wp-content\\\/uploads\\\/2018\\\/11\\\/IFL-50-Lasermodul-4.385.png\",\"datePublished\":\"2018-09-21T07:54:24+00:00\",\"dateModified\":\"2024-08-20T11:55:44+00:00\",\"breadcrumb\":{\"@id\":\"https:\\\/\\\/www.futonics.de\\\/products\\\/thulium\\\/laser10w-50w\\\/#breadcrumb\"},\"inLanguage\":\"zh-CN\",\"potentialAction\":[{\"@type\":\"ReadAction\",\"target\":[\"https:\\\/\\\/www.futonics.de\\\/products\\\/thulium\\\/laser10w-50w\\\/\"]}]},{\"@type\":\"ImageObject\",\"inLanguage\":\"zh-CN\",\"@id\":\"https:\\\/\\\/www.futonics.de\\\/products\\\/thulium\\\/laser10w-50w\\\/#primaryimage\",\"url\":\"https:\\\/\\\/www.futonics.de\\\/wp-content\\\/uploads\\\/2018\\\/11\\\/IFL-50-Lasermodul-4.385.png\",\"contentUrl\":\"https:\\\/\\\/www.futonics.de\\\/wp-content\\\/uploads\\\/2018\\\/11\\\/IFL-50-Lasermodul-4.385.png\"},{\"@type\":\"BreadcrumbList\",\"@id\":\"https:\\\/\\\/www.futonics.de\\\/products\\\/thulium\\\/laser10w-50w\\\/#breadcrumb\",\"itemListElement\":[{\"@type\":\"ListItem\",\"position\":1,\"name\":\"Startseite\",\"item\":\"https:\\\/\\\/www.futonics.de\\\/\"},{\"@type\":\"ListItem\",\"position\":2,\"name\":\"PRODUCTS\",\"item\":\"https:\\\/\\\/www.futonics.de\\\/products\\\/\"},{\"@type\":\"ListItem\",\"position\":3,\"name\":\"THULIUM FASERLASER\",\"item\":\"https:\\\/\\\/www.futonics.de\\\/products\\\/thulium\\\/\"},{\"@type\":\"ListItem\",\"position\":4,\"name\":\"Thulium Faserlaser 10 W bis 50 W\"}]},{\"@type\":\"WebSite\",\"@id\":\"https:\\\/\\\/www.futonics.de\\\/#website\",\"url\":\"https:\\\/\\\/www.futonics.de\\\/\",\"name\":\"2-micron single mode fiber laser systems\",\"description\":\"Currently, we offer various thulium fiber and crystal laser models with different output powers of up to 250W\",\"publisher\":{\"@id\":\"https:\\\/\\\/www.futonics.de\\\/#organization\"},\"potentialAction\":[{\"@type\":\"SearchAction\",\"target\":{\"@type\":\"EntryPoint\",\"urlTemplate\":\"https:\\\/\\\/www.futonics.de\\\/?s={search_term_string}\"},\"query-input\":{\"@type\":\"PropertyValueSpecification\",\"valueRequired\":true,\"valueName\":\"search_term_string\"}}],\"inLanguage\":\"zh-CN\"},{\"@type\":\"Organization\",\"@id\":\"https:\\\/\\\/www.futonics.de\\\/#organization\",\"name\":\"2-micron single mode fiber laser systems\",\"url\":\"https:\\\/\\\/www.futonics.de\\\/\",\"logo\":{\"@type\":\"ImageObject\",\"inLanguage\":\"zh-CN\",\"@id\":\"https:\\\/\\\/www.futonics.de\\\/#\\\/schema\\\/logo\\\/image\\\/\",\"url\":\"https:\\\/\\\/www.futonics.de\\\/wp-content\\\/uploads\\\/2018\\\/11\\\/cropped-Futonics-Laser-Logo-weiss.png\",\"contentUrl\":\"https:\\\/\\\/www.futonics.de\\\/wp-content\\\/uploads\\\/2018\\\/11\\\/cropped-Futonics-Laser-Logo-weiss.png\",\"width\":855,\"height\":220,\"caption\":\"2-micron single mode fiber laser systems\"},\"image\":{\"@id\":\"https:\\\/\\\/www.futonics.de\\\/#\\\/schema\\\/logo\\\/image\\\/\"}}]}<\/script>\n<!-- \/ Yoast SEO plugin. -->","yoast_head_json":{"title":"10-50\u74e6 \u63ba\u94e5\u5149\u7ea4\u8fde\u7eed\u6fc0\u5149\u5668 - 2-micron single mode fiber laser systems","robots":{"index":"index","follow":"follow","max-snippet":"max-snippet:-1","max-image-preview":"max-image-preview:large","max-video-preview":"max-video-preview:-1"},"canonical":"https:\/\/www.futonics.de\/products\/thulium\/laser10w-50w\/","og_locale":"zh_CN","og_type":"article","og_title":"10-50\u74e6 \u63ba\u94e5\u5149\u7ea4\u8fde\u7eed\u6fc0\u5149\u5668 - 2-micron single mode fiber laser systems","og_url":"https:\/\/www.futonics.de\/products\/thulium\/laser10w-50w\/","og_site_name":"2-micron single mode fiber laser systems","article_modified_time":"2024-08-20T11:55:44+00:00","og_image":[{"url":"https:\/\/www.futonics.de\/wp-content\/uploads\/2018\/11\/IFL-50-Lasermodul-4.385.png","type":"","width":"","height":""}],"twitter_card":"summary_large_image","twitter_misc":{"Est. reading time":"2 minutes"},"schema":{"@context":"https:\/\/schema.org","@graph":[{"@type":"WebPage","@id":"https:\/\/www.futonics.de\/products\/thulium\/laser10w-50w\/","url":"https:\/\/www.futonics.de\/products\/thulium\/laser10w-50w\/","name":"10-50\u74e6 \u63ba\u94e5\u5149\u7ea4\u8fde\u7eed\u6fc0\u5149\u5668 - 2-micron single mode fiber laser systems","isPartOf":{"@id":"https:\/\/www.futonics.de\/#website"},"primaryImageOfPage":{"@id":"https:\/\/www.futonics.de\/products\/thulium\/laser10w-50w\/#primaryimage"},"image":{"@id":"https:\/\/www.futonics.de\/products\/thulium\/laser10w-50w\/#primaryimage"},"thumbnailUrl":"https:\/\/www.futonics.de\/wp-content\/uploads\/2018\/11\/IFL-50-Lasermodul-4.385.png","datePublished":"2018-09-21T07:54:24+00:00","dateModified":"2024-08-20T11:55:44+00:00","breadcrumb":{"@id":"https:\/\/www.futonics.de\/products\/thulium\/laser10w-50w\/#breadcrumb"},"inLanguage":"zh-CN","potentialAction":[{"@type":"ReadAction","target":["https:\/\/www.futonics.de\/products\/thulium\/laser10w-50w\/"]}]},{"@type":"ImageObject","inLanguage":"zh-CN","@id":"https:\/\/www.futonics.de\/products\/thulium\/laser10w-50w\/#primaryimage","url":"https:\/\/www.futonics.de\/wp-content\/uploads\/2018\/11\/IFL-50-Lasermodul-4.385.png","contentUrl":"https:\/\/www.futonics.de\/wp-content\/uploads\/2018\/11\/IFL-50-Lasermodul-4.385.png"},{"@type":"BreadcrumbList","@id":"https:\/\/www.futonics.de\/products\/thulium\/laser10w-50w\/#breadcrumb","itemListElement":[{"@type":"ListItem","position":1,"name":"Startseite","item":"https:\/\/www.futonics.de\/"},{"@type":"ListItem","position":2,"name":"PRODUCTS","item":"https:\/\/www.futonics.de\/products\/"},{"@type":"ListItem","position":3,"name":"THULIUM FASERLASER","item":"https:\/\/www.futonics.de\/products\/thulium\/"},{"@type":"ListItem","position":4,"name":"Thulium Faserlaser 10 W bis 50 W"}]},{"@type":"WebSite","@id":"https:\/\/www.futonics.de\/#website","url":"https:\/\/www.futonics.de\/","name":"2-micron single mode fiber laser systems","description":"Currently, we offer various thulium fiber and crystal laser models with different output powers of up to 250W","publisher":{"@id":"https:\/\/www.futonics.de\/#organization"},"potentialAction":[{"@type":"SearchAction","target":{"@type":"EntryPoint","urlTemplate":"https:\/\/www.futonics.de\/?s={search_term_string}"},"query-input":{"@type":"PropertyValueSpecification","valueRequired":true,"valueName":"search_term_string"}}],"inLanguage":"zh-CN"},{"@type":"Organization","@id":"https:\/\/www.futonics.de\/#organization","name":"2-micron single mode fiber laser systems","url":"https:\/\/www.futonics.de\/","logo":{"@type":"ImageObject","inLanguage":"zh-CN","@id":"https:\/\/www.futonics.de\/#\/schema\/logo\/image\/","url":"https:\/\/www.futonics.de\/wp-content\/uploads\/2018\/11\/cropped-Futonics-Laser-Logo-weiss.png","contentUrl":"https:\/\/www.futonics.de\/wp-content\/uploads\/2018\/11\/cropped-Futonics-Laser-Logo-weiss.png","width":855,"height":220,"caption":"2-micron single mode fiber laser systems"},"image":{"@id":"https:\/\/www.futonics.de\/#\/schema\/logo\/image\/"}}]}},"coauthors":[],"author_meta":{"author_link":"https:\/\/www.futonics.de\/zh\/author\/mkaule\/","display_name":"MKaule"},"relative_dates":{"created":"Posted 8 years ago","modified":"Updated 2 years ago"},"absolute_dates":{"created":"Posted on 21. September 2018","modified":"Updated on 20. August 2024"},"absolute_dates_time":{"created":"Posted on 21. September 2018 9:54","modified":"Updated on 20. August 2024 13:55"},"featured_img_caption":"","featured_img":false,"series_order":"","_links":{"self":[{"href":"https:\/\/www.futonics.de\/zh\/wp-json\/wp\/v2\/pages\/100","targetHints":{"allow":["GET"]}}],"collection":[{"href":"https:\/\/www.futonics.de\/zh\/wp-json\/wp\/v2\/pages"}],"about":[{"href":"https:\/\/www.futonics.de\/zh\/wp-json\/wp\/v2\/types\/page"}],"author":[{"embeddable":true,"href":"https:\/\/www.futonics.de\/zh\/wp-json\/wp\/v2\/users\/1"}],"replies":[{"embeddable":true,"href":"https:\/\/www.futonics.de\/zh\/wp-json\/wp\/v2\/comments?post=100"}],"version-history":[{"count":177,"href":"https:\/\/www.futonics.de\/zh\/wp-json\/wp\/v2\/pages\/100\/revisions"}],"predecessor-version":[{"id":5187,"href":"https:\/\/www.futonics.de\/zh\/wp-json\/wp\/v2\/pages\/100\/revisions\/5187"}],"up":[{"embeddable":true,"href":"https:\/\/www.futonics.de\/zh\/wp-json\/wp\/v2\/pages\/2137"}],"wp:attachment":[{"href":"https:\/\/www.futonics.de\/zh\/wp-json\/wp\/v2\/media?parent=100"}],"curies":[{"name":"wp","href":"https:\/\/api.w.org\/{rel}","templated":true}]}}