{"id":2140,"date":"2018-11-26T10:27:21","date_gmt":"2018-11-26T09:27:21","guid":{"rendered":"http:\/\/beta.futonics.de\/?page_id=2140"},"modified":"2024-08-14T10:29:07","modified_gmt":"2024-08-14T08:29:07","slug":"other","status":"publish","type":"page","link":"https:\/\/www.futonics.de\/zh\/products\/other\/","title":{"rendered":"\u5176\u4ed6\u4ea7\u54c1"},"content":{"rendered":"\n<p>&nbsp;<\/p>\n\n\n\n<p>&nbsp;<\/p>\n\n\n\n<div class=\"wp-block-columns has-2-columns is-layout-flex wp-container-core-columns-is-layout-28f84493 wp-block-columns-is-layout-flex\">\n<div class=\"wp-block-column is-layout-flow wp-block-column-is-layout-flow\">\n<h6 class=\"wp-block-heading has-text-align-center\"><strong>Futonics 2\u5fae\u7c73\u6fc0\u5149\u4e13\u7528\u573a\u955c<\/strong><\/h6>\n\n\n<div class=\"wp-block-image\">\n<figure class=\"aligncenter size-large is-resized\"><a href=\"https:\/\/www.futonics.de\/zh\/products\/other\/f-theta-lenses\/\"><img loading=\"lazy\" decoding=\"async\" width=\"701\" height=\"511\" src=\"https:\/\/www.futonics.de\/wp-content\/uploads\/2020\/03\/Ausschnitt_PDF_Bilder-3.png\" alt=\"\" class=\"wp-image-3796\" style=\"aspect-ratio:4.6875;width:206px;height:auto\" srcset=\"https:\/\/www.futonics.de\/wp-content\/uploads\/2020\/03\/Ausschnitt_PDF_Bilder-3.png 701w, https:\/\/www.futonics.de\/wp-content\/uploads\/2020\/03\/Ausschnitt_PDF_Bilder-3-300x219.png 300w\" sizes=\"auto, (max-width: 701px) 100vw, 701px\" \/><\/a><\/figure>\n<\/div><\/div>\n\n\n\n<div class=\"wp-block-column is-layout-flow wp-block-column-is-layout-flow\">\n<h6 class=\"wp-block-heading has-text-align-center\"><strong>\u51c6\u76f4\u5668<\/strong><\/h6>\n\n\n<div class=\"wp-block-image\">\n<figure class=\"aligncenter size-large is-resized\"><a href=\"https:\/\/www.futonics.de\/zh\/products\/other\/collimators\/\"><img loading=\"lazy\" decoding=\"async\" width=\"1024\" height=\"640\" src=\"https:\/\/www.futonics.de\/wp-content\/uploads\/2020\/05\/Kollimator_kurz_lang_zusammen-1024x640.png\" alt=\"\" class=\"wp-image-4045\" style=\"aspect-ratio:4.6875;width:212px;height:auto\" srcset=\"https:\/\/www.futonics.de\/wp-content\/uploads\/2020\/05\/Kollimator_kurz_lang_zusammen-1024x640.png 1024w, https:\/\/www.futonics.de\/wp-content\/uploads\/2020\/05\/Kollimator_kurz_lang_zusammen-300x188.png 300w, https:\/\/www.futonics.de\/wp-content\/uploads\/2020\/05\/Kollimator_kurz_lang_zusammen-768x480.png 768w, https:\/\/www.futonics.de\/wp-content\/uploads\/2020\/05\/Kollimator_kurz_lang_zusammen-1536x960.png 1536w, https:\/\/www.futonics.de\/wp-content\/uploads\/2020\/05\/Kollimator_kurz_lang_zusammen-2048x1280.png 2048w\" sizes=\"auto, (max-width: 1024px) 100vw, 1024px\" \/><\/a><\/figure>\n<\/div><\/div>\n\n\n\n<div class=\"wp-block-column is-layout-flow wp-block-column-is-layout-flow\">\n<h6 class=\"wp-block-heading has-text-align-center\"> <strong>\u52a0\u5de5\u5934<\/strong><\/h6>\n\n\n<div class=\"wp-block-image\">\n<figure class=\"aligncenter size-large is-resized\"><a href=\"https:\/\/www.futonics.de\/zh\/products\/other\/processing-heads\/\"><img loading=\"lazy\" decoding=\"async\" width=\"1024\" height=\"1024\" src=\"https:\/\/www.futonics.de\/wp-content\/uploads\/2020\/08\/Bearbeitungskoepfe__alle_update1-1024x1024.png\" alt=\"\" class=\"wp-image-4448\" style=\"aspect-ratio:4.6875;width:263px;height:auto\" srcset=\"https:\/\/www.futonics.de\/wp-content\/uploads\/2020\/08\/Bearbeitungskoepfe__alle_update1-1024x1024.png 1024w, https:\/\/www.futonics.de\/wp-content\/uploads\/2020\/08\/Bearbeitungskoepfe__alle_update1-300x300.png 300w, https:\/\/www.futonics.de\/wp-content\/uploads\/2020\/08\/Bearbeitungskoepfe__alle_update1-150x150.png 150w, https:\/\/www.futonics.de\/wp-content\/uploads\/2020\/08\/Bearbeitungskoepfe__alle_update1-768x768.png 768w, https:\/\/www.futonics.de\/wp-content\/uploads\/2020\/08\/Bearbeitungskoepfe__alle_update1-1536x1536.png 1536w, https:\/\/www.futonics.de\/wp-content\/uploads\/2020\/08\/Bearbeitungskoepfe__alle_update1-2048x2048.png 2048w\" sizes=\"auto, (max-width: 1024px) 100vw, 1024px\" \/><\/a><\/figure>\n<\/div><\/div>\n<\/div>\n\n\n\n<div class=\"wp-block-columns has-2-columns is-layout-flex wp-container-core-columns-is-layout-28f84493 wp-block-columns-is-layout-flex\">\n<div class=\"wp-block-column is-layout-flow wp-block-column-is-layout-flow\">\n<h6 class=\"wp-block-heading has-text-align-center\"><strong>\u914d\u4ef6<\/strong><\/h6>\n\n\n<div class=\"wp-block-image\">\n<figure class=\"aligncenter size-large is-resized\"><a href=\"https:\/\/www.futonics.de\/zh\/products\/other\/accessories\/\"><img loading=\"lazy\" decoding=\"async\" width=\"1024\" height=\"451\" src=\"https:\/\/www.futonics.de\/wp-content\/uploads\/2018\/11\/IFL50-Back-P_Bildgr\u00f6\u00dfe-\u00e4ndern-1024x451.png\" alt=\"\" class=\"wp-image-1952\" style=\"aspect-ratio:4.6875;width:384px;height:auto\" srcset=\"https:\/\/www.futonics.de\/wp-content\/uploads\/2018\/11\/IFL50-Back-P_Bildgr\u00f6\u00dfe-\u00e4ndern-1024x451.png 1024w, https:\/\/www.futonics.de\/wp-content\/uploads\/2018\/11\/IFL50-Back-P_Bildgr\u00f6\u00dfe-\u00e4ndern-300x132.png 300w, https:\/\/www.futonics.de\/wp-content\/uploads\/2018\/11\/IFL50-Back-P_Bildgr\u00f6\u00dfe-\u00e4ndern-768x338.png 768w, https:\/\/www.futonics.de\/wp-content\/uploads\/2018\/11\/IFL50-Back-P_Bildgr\u00f6\u00dfe-\u00e4ndern.png 1920w\" sizes=\"auto, (max-width: 1024px) 100vw, 1024px\" \/><\/a><\/figure>\n<\/div>\n\n\n<h6 class=\"wp-block-heading has-text-align-center\"><\/h6>\n<\/div>\n\n\n\n<div class=\"wp-block-column is-layout-flow wp-block-column-is-layout-flow\"><\/div>\n<\/div>\n\n\n\n<p> <br>  <\/p>\n\n\n\n<div class=\"wp-block-columns is-layout-flex wp-container-core-columns-is-layout-28f84493 wp-block-columns-is-layout-flex\">\n<div class=\"wp-block-column is-layout-flow wp-block-column-is-layout-flow\">\n<h6 class=\"wp-block-heading has-text-align-center\"><strong>\u5408\u4f5c\u4f19\u4f34\u548cOEM<\/strong><\/h6>\n\n\n<div class=\"wp-block-image\">\n<figure class=\"aligncenter size-large is-resized\"><a href=\"https:\/\/www.futonics.de\/zh\/oem\/\"><img loading=\"lazy\" decoding=\"async\" width=\"1024\" height=\"683\" src=\"https:\/\/www.futonics.de\/wp-content\/uploads\/2018\/11\/pic_2_rapidlam_laser-1024x683.jpg\" alt=\"\" class=\"wp-image-1187\" style=\"aspect-ratio:4.6875;width:263px;height:auto\" srcset=\"https:\/\/www.futonics.de\/wp-content\/uploads\/2018\/11\/pic_2_rapidlam_laser-1024x683.jpg 1024w, https:\/\/www.futonics.de\/wp-content\/uploads\/2018\/11\/pic_2_rapidlam_laser-300x200.jpg 300w, https:\/\/www.futonics.de\/wp-content\/uploads\/2018\/11\/pic_2_rapidlam_laser-768x512.jpg 768w, https:\/\/www.futonics.de\/wp-content\/uploads\/2018\/11\/pic_2_rapidlam_laser-360x240.jpg 360w\" sizes=\"auto, (max-width: 1024px) 100vw, 1024px\" \/><\/a><\/figure>\n<\/div><\/div>\n\n\n\n<div class=\"wp-block-column is-layout-flow wp-block-column-is-layout-flow\">\n<h6 class=\"wp-block-heading has-text-align-center\"><strong>\u5b9a\u5236\u670d\u52a1<\/strong><\/h6>\n\n\n<div class=\"wp-block-image\">\n<figure class=\"aligncenter size-large is-resized\"><a href=\"https:\/\/www.futonics.de\/zh\/products\/other\/services\/\"><img loading=\"lazy\" decoding=\"async\" width=\"533\" height=\"1024\" src=\"https:\/\/www.futonics.de\/wp-content\/uploads\/2019\/05\/IMG_0203_zuschnitt-533x1024.jpg\" alt=\"\" class=\"wp-image-3340\" style=\"aspect-ratio:1.875;width:169px;height:auto\" srcset=\"https:\/\/www.futonics.de\/wp-content\/uploads\/2019\/05\/IMG_0203_zuschnitt-533x1024.jpg 533w, https:\/\/www.futonics.de\/wp-content\/uploads\/2019\/05\/IMG_0203_zuschnitt-156x300.jpg 156w, https:\/\/www.futonics.de\/wp-content\/uploads\/2019\/05\/IMG_0203_zuschnitt.jpg 705w\" sizes=\"auto, (max-width: 533px) 100vw, 533px\" \/><\/a><\/figure>\n<\/div><\/div>\n\n\n\n<div class=\"wp-block-column is-layout-flow wp-block-column-is-layout-flow\">\n<h6 class=\"wp-block-heading has-text-align-center\"><strong>\u7535\u6e90 <\/strong><\/h6>\n\n\n<div class=\"wp-block-image\">\n<figure class=\"aligncenter size-large is-resized\"><a href=\"https:\/\/www.futonics.de\/zh\/products\/other\/external-power-supplies\/\"><img loading=\"lazy\" decoding=\"async\" width=\"1024\" height=\"417\" src=\"https:\/\/www.futonics.de\/wp-content\/uploads\/2020\/06\/Netzteil_bearbeitet1-1024x417.jpg\" alt=\"\" class=\"wp-image-4344\" style=\"aspect-ratio:4.6875;width:300px;height:auto\" srcset=\"https:\/\/www.futonics.de\/wp-content\/uploads\/2020\/06\/Netzteil_bearbeitet1-1024x417.jpg 1024w, https:\/\/www.futonics.de\/wp-content\/uploads\/2020\/06\/Netzteil_bearbeitet1-300x122.jpg 300w, https:\/\/www.futonics.de\/wp-content\/uploads\/2020\/06\/Netzteil_bearbeitet1-768x313.jpg 768w, https:\/\/www.futonics.de\/wp-content\/uploads\/2020\/06\/Netzteil_bearbeitet1-1536x626.jpg 1536w, https:\/\/www.futonics.de\/wp-content\/uploads\/2020\/06\/Netzteil_bearbeitet1-2048x835.jpg 2048w\" sizes=\"auto, (max-width: 1024px) 100vw, 1024px\" \/><\/a><\/figure>\n<\/div><\/div>\n<\/div>\n\n\n\n<p>&nbsp;<\/p>\n\n\n\n<div class=\"wp-block-advgb-button alignleft is-style-outline\"><a class=\"wp-block-advgb-button_link advgbbtn-dfe7a26a-a037-4641-8c2a-dd466c894586\" href=\"mailto:info@futonics.de?subject=Product%20Inquiry\" target=\"_self\" rel=\"noopener noreferrer\"><span>\u8054\u7cfb\u6211\u4eec\u5173\u4e8e\u6211\u4eec\u7684\u4ea7\u54c1<\/span><\/a><\/div>\n\n\n\n<p> <br> <br> <br> <\/p>\n\n\n\n<p><br><br><br><br><br><\/p>\n<style class=\"advgb-styles-renderer\">.advgbbtn-dfe7a26a-a037-4641-8c2a-dd466c894586{font-size:15px;color:#000000 !important;background-color:#E5E5E5 !important;margin:0px 0px 0px 0px !important;padding:10px 30px 10px 30px;border-width:0px !important;border-color:#000000 !important;border-style:none;border-radius:6px !important;}.advgbbtn-dfe7a26a-a037-4641-8c2a-dd466c894586:hover{background-color:#d13636 !important;box-shadow:0px 0px 0px 0px #ffffff;opacity:1;transition:all 0s ease;}.advgbbtn-dfe7a26a-a037-4641-8c2a-dd466c894586 > i {display: none !important;}<\/style>","protected":false},"excerpt":{"rendered":"<p>&nbsp; &nbsp; Futonics 2\u5fae\u7c73\u6fc0\u5149\u4e13\u7528\u573a\u955c \u51c6\u76f4\u5668 \u52a0\u5de5\u5934 \u914d\u4ef6 \u5408\u4f5c\u4f19\u4f34\u548cOEM \u5b9a\u5236\u670d\u52a1 \u7535\u6e90 &nbsp;<\/p>\n","protected":false},"author":1,"featured_media":0,"parent":33,"menu_order":0,"comment_status":"closed","ping_status":"closed","template":"","meta":{"_editorskit_title_hidden":false,"_editorskit_reading_time":0,"_editorskit_is_block_options_detached":false,"_editorskit_block_options_position":"{}","advgb_blocks_editor_width":"","advgb_blocks_columns_visual_guide":"","footnotes":""},"class_list":["post-2140","page","type-page","status-publish","hentry"],"translation":{"provider":"WPGlobus","version":"3.0.2","language":"zh","enabled_languages":["en","de","zh"],"languages":{"en":{"title":true,"content":true,"excerpt":false},"de":{"title":true,"content":true,"excerpt":false},"zh":{"title":true,"content":true,"excerpt":false}}},"yoast_head":"<!-- This site is optimized with the Yoast SEO plugin v27.4 - https:\/\/yoast.com\/product\/yoast-seo-wordpress\/ -->\n<title>\u5176\u4ed6\u4ea7\u54c1 - 2-micron single mode fiber laser systems<\/title>\n<meta name=\"robots\" content=\"index, follow, max-snippet:-1, max-image-preview:large, max-video-preview:-1\" \/>\n<link rel=\"canonical\" href=\"https:\/\/www.futonics.de\/products\/other\/\" \/>\n<meta property=\"og:locale\" content=\"zh_CN\" \/>\n<meta property=\"og:type\" content=\"article\" \/>\n<meta property=\"og:title\" content=\"\u5176\u4ed6\u4ea7\u54c1 - 2-micron single mode fiber laser systems\" \/>\n<meta property=\"og:url\" content=\"https:\/\/www.futonics.de\/products\/other\/\" \/>\n<meta property=\"og:site_name\" content=\"2-micron single mode fiber laser systems\" \/>\n<meta property=\"article:modified_time\" content=\"2024-08-14T08:29:07+00:00\" \/>\n<meta property=\"og:image\" content=\"https:\/\/www.futonics.de\/wp-content\/uploads\/2020\/03\/Ausschnitt_PDF_Bilder-3.png\" \/>\n<meta name=\"twitter:card\" content=\"summary_large_image\" \/>\n<meta name=\"twitter:label1\" content=\"Est. reading time\" \/>\n\t<meta name=\"twitter:data1\" content=\"2 minutes\" \/>\n<script type=\"application\/ld+json\" class=\"yoast-schema-graph\">{\"@context\":\"https:\\\/\\\/schema.org\",\"@graph\":[{\"@type\":\"WebPage\",\"@id\":\"https:\\\/\\\/www.futonics.de\\\/products\\\/other\\\/\",\"url\":\"https:\\\/\\\/www.futonics.de\\\/products\\\/other\\\/\",\"name\":\"\u5176\u4ed6\u4ea7\u54c1 - 2-micron single mode fiber laser systems\",\"isPartOf\":{\"@id\":\"https:\\\/\\\/www.futonics.de\\\/#website\"},\"primaryImageOfPage\":{\"@id\":\"https:\\\/\\\/www.futonics.de\\\/products\\\/other\\\/#primaryimage\"},\"image\":{\"@id\":\"https:\\\/\\\/www.futonics.de\\\/products\\\/other\\\/#primaryimage\"},\"thumbnailUrl\":\"https:\\\/\\\/www.futonics.de\\\/wp-content\\\/uploads\\\/2020\\\/03\\\/Ausschnitt_PDF_Bilder-3.png\",\"datePublished\":\"2018-11-26T09:27:21+00:00\",\"dateModified\":\"2024-08-14T08:29:07+00:00\",\"breadcrumb\":{\"@id\":\"https:\\\/\\\/www.futonics.de\\\/products\\\/other\\\/#breadcrumb\"},\"inLanguage\":\"zh-CN\",\"potentialAction\":[{\"@type\":\"ReadAction\",\"target\":[\"https:\\\/\\\/www.futonics.de\\\/products\\\/other\\\/\"]}]},{\"@type\":\"ImageObject\",\"inLanguage\":\"zh-CN\",\"@id\":\"https:\\\/\\\/www.futonics.de\\\/products\\\/other\\\/#primaryimage\",\"url\":\"https:\\\/\\\/www.futonics.de\\\/wp-content\\\/uploads\\\/2020\\\/03\\\/Ausschnitt_PDF_Bilder-3.png\",\"contentUrl\":\"https:\\\/\\\/www.futonics.de\\\/wp-content\\\/uploads\\\/2020\\\/03\\\/Ausschnitt_PDF_Bilder-3.png\"},{\"@type\":\"BreadcrumbList\",\"@id\":\"https:\\\/\\\/www.futonics.de\\\/products\\\/other\\\/#breadcrumb\",\"itemListElement\":[{\"@type\":\"ListItem\",\"position\":1,\"name\":\"Startseite\",\"item\":\"https:\\\/\\\/www.futonics.de\\\/\"},{\"@type\":\"ListItem\",\"position\":2,\"name\":\"PRODUCTS\",\"item\":\"https:\\\/\\\/www.futonics.de\\\/products\\\/\"},{\"@type\":\"ListItem\",\"position\":3,\"name\":\"ANDERE PRODUKTE\"}]},{\"@type\":\"WebSite\",\"@id\":\"https:\\\/\\\/www.futonics.de\\\/#website\",\"url\":\"https:\\\/\\\/www.futonics.de\\\/\",\"name\":\"2-micron single mode fiber laser systems\",\"description\":\"Currently, we offer various thulium fiber and crystal laser models with different output powers of up to 250W\",\"publisher\":{\"@id\":\"https:\\\/\\\/www.futonics.de\\\/#organization\"},\"potentialAction\":[{\"@type\":\"SearchAction\",\"target\":{\"@type\":\"EntryPoint\",\"urlTemplate\":\"https:\\\/\\\/www.futonics.de\\\/?s={search_term_string}\"},\"query-input\":{\"@type\":\"PropertyValueSpecification\",\"valueRequired\":true,\"valueName\":\"search_term_string\"}}],\"inLanguage\":\"zh-CN\"},{\"@type\":\"Organization\",\"@id\":\"https:\\\/\\\/www.futonics.de\\\/#organization\",\"name\":\"2-micron single mode fiber laser systems\",\"url\":\"https:\\\/\\\/www.futonics.de\\\/\",\"logo\":{\"@type\":\"ImageObject\",\"inLanguage\":\"zh-CN\",\"@id\":\"https:\\\/\\\/www.futonics.de\\\/#\\\/schema\\\/logo\\\/image\\\/\",\"url\":\"https:\\\/\\\/www.futonics.de\\\/wp-content\\\/uploads\\\/2018\\\/11\\\/cropped-Futonics-Laser-Logo-weiss.png\",\"contentUrl\":\"https:\\\/\\\/www.futonics.de\\\/wp-content\\\/uploads\\\/2018\\\/11\\\/cropped-Futonics-Laser-Logo-weiss.png\",\"width\":855,\"height\":220,\"caption\":\"2-micron single mode fiber laser systems\"},\"image\":{\"@id\":\"https:\\\/\\\/www.futonics.de\\\/#\\\/schema\\\/logo\\\/image\\\/\"}}]}<\/script>\n<!-- \/ Yoast SEO plugin. -->","yoast_head_json":{"title":"\u5176\u4ed6\u4ea7\u54c1 - 2-micron single mode fiber laser systems","robots":{"index":"index","follow":"follow","max-snippet":"max-snippet:-1","max-image-preview":"max-image-preview:large","max-video-preview":"max-video-preview:-1"},"canonical":"https:\/\/www.futonics.de\/products\/other\/","og_locale":"zh_CN","og_type":"article","og_title":"\u5176\u4ed6\u4ea7\u54c1 - 2-micron single mode fiber laser systems","og_url":"https:\/\/www.futonics.de\/products\/other\/","og_site_name":"2-micron single mode fiber laser systems","article_modified_time":"2024-08-14T08:29:07+00:00","og_image":[{"url":"https:\/\/www.futonics.de\/wp-content\/uploads\/2020\/03\/Ausschnitt_PDF_Bilder-3.png","type":"","width":"","height":""}],"twitter_card":"summary_large_image","twitter_misc":{"Est. reading time":"2 minutes"},"schema":{"@context":"https:\/\/schema.org","@graph":[{"@type":"WebPage","@id":"https:\/\/www.futonics.de\/products\/other\/","url":"https:\/\/www.futonics.de\/products\/other\/","name":"\u5176\u4ed6\u4ea7\u54c1 - 2-micron single mode fiber laser systems","isPartOf":{"@id":"https:\/\/www.futonics.de\/#website"},"primaryImageOfPage":{"@id":"https:\/\/www.futonics.de\/products\/other\/#primaryimage"},"image":{"@id":"https:\/\/www.futonics.de\/products\/other\/#primaryimage"},"thumbnailUrl":"https:\/\/www.futonics.de\/wp-content\/uploads\/2020\/03\/Ausschnitt_PDF_Bilder-3.png","datePublished":"2018-11-26T09:27:21+00:00","dateModified":"2024-08-14T08:29:07+00:00","breadcrumb":{"@id":"https:\/\/www.futonics.de\/products\/other\/#breadcrumb"},"inLanguage":"zh-CN","potentialAction":[{"@type":"ReadAction","target":["https:\/\/www.futonics.de\/products\/other\/"]}]},{"@type":"ImageObject","inLanguage":"zh-CN","@id":"https:\/\/www.futonics.de\/products\/other\/#primaryimage","url":"https:\/\/www.futonics.de\/wp-content\/uploads\/2020\/03\/Ausschnitt_PDF_Bilder-3.png","contentUrl":"https:\/\/www.futonics.de\/wp-content\/uploads\/2020\/03\/Ausschnitt_PDF_Bilder-3.png"},{"@type":"BreadcrumbList","@id":"https:\/\/www.futonics.de\/products\/other\/#breadcrumb","itemListElement":[{"@type":"ListItem","position":1,"name":"Startseite","item":"https:\/\/www.futonics.de\/"},{"@type":"ListItem","position":2,"name":"PRODUCTS","item":"https:\/\/www.futonics.de\/products\/"},{"@type":"ListItem","position":3,"name":"ANDERE PRODUKTE"}]},{"@type":"WebSite","@id":"https:\/\/www.futonics.de\/#website","url":"https:\/\/www.futonics.de\/","name":"2-micron single mode fiber laser systems","description":"Currently, we offer various thulium fiber and crystal laser models with different output powers of up to 250W","publisher":{"@id":"https:\/\/www.futonics.de\/#organization"},"potentialAction":[{"@type":"SearchAction","target":{"@type":"EntryPoint","urlTemplate":"https:\/\/www.futonics.de\/?s={search_term_string}"},"query-input":{"@type":"PropertyValueSpecification","valueRequired":true,"valueName":"search_term_string"}}],"inLanguage":"zh-CN"},{"@type":"Organization","@id":"https:\/\/www.futonics.de\/#organization","name":"2-micron single mode fiber laser systems","url":"https:\/\/www.futonics.de\/","logo":{"@type":"ImageObject","inLanguage":"zh-CN","@id":"https:\/\/www.futonics.de\/#\/schema\/logo\/image\/","url":"https:\/\/www.futonics.de\/wp-content\/uploads\/2018\/11\/cropped-Futonics-Laser-Logo-weiss.png","contentUrl":"https:\/\/www.futonics.de\/wp-content\/uploads\/2018\/11\/cropped-Futonics-Laser-Logo-weiss.png","width":855,"height":220,"caption":"2-micron single mode fiber laser systems"},"image":{"@id":"https:\/\/www.futonics.de\/#\/schema\/logo\/image\/"}}]}},"coauthors":[],"author_meta":{"author_link":"https:\/\/www.futonics.de\/zh\/author\/mkaule\/","display_name":"MKaule"},"relative_dates":{"created":"Posted 7 years ago","modified":"Updated 2 years ago"},"absolute_dates":{"created":"Posted on 26. November 2018","modified":"Updated on 14. August 2024"},"absolute_dates_time":{"created":"Posted on 26. November 2018 10:27","modified":"Updated on 14. August 2024 10:29"},"featured_img_caption":"","featured_img":false,"series_order":"","_links":{"self":[{"href":"https:\/\/www.futonics.de\/zh\/wp-json\/wp\/v2\/pages\/2140","targetHints":{"allow":["GET"]}}],"collection":[{"href":"https:\/\/www.futonics.de\/zh\/wp-json\/wp\/v2\/pages"}],"about":[{"href":"https:\/\/www.futonics.de\/zh\/wp-json\/wp\/v2\/types\/page"}],"author":[{"embeddable":true,"href":"https:\/\/www.futonics.de\/zh\/wp-json\/wp\/v2\/users\/1"}],"replies":[{"embeddable":true,"href":"https:\/\/www.futonics.de\/zh\/wp-json\/wp\/v2\/comments?post=2140"}],"version-history":[{"count":93,"href":"https:\/\/www.futonics.de\/zh\/wp-json\/wp\/v2\/pages\/2140\/revisions"}],"predecessor-version":[{"id":5050,"href":"https:\/\/www.futonics.de\/zh\/wp-json\/wp\/v2\/pages\/2140\/revisions\/5050"}],"up":[{"embeddable":true,"href":"https:\/\/www.futonics.de\/zh\/wp-json\/wp\/v2\/pages\/33"}],"wp:attachment":[{"href":"https:\/\/www.futonics.de\/zh\/wp-json\/wp\/v2\/media?parent=2140"}],"curies":[{"name":"wp","href":"https:\/\/api.w.org\/{rel}","templated":true}]}}