{"id":59,"date":"2018-09-19T17:00:17","date_gmt":"2018-09-19T15:00:17","guid":{"rendered":"http:\/\/beta.futonics.de\/?page_id=59"},"modified":"2025-11-04T13:36:28","modified_gmt":"2025-11-04T12:36:28","slug":"careers","status":"publish","type":"page","link":"https:\/\/www.futonics.de\/zh\/careers\/","title":{"rendered":"CAREERS"},"content":{"rendered":"\n<p>Available positions at our location in Lindau:<br><br><\/p>\n\n\n\n<div class=\"wp-block-otfm-little-spoiler otfm-sp__wrapper otfm-sp__little js-otfm-sp__closed otfm-sp__f5f5f5\" role=\"button\" tabindex=\"0\" aria-expanded=\"false\" data-otfm-spc=\"#f5f5f5\" style=\"text-align:left\"><div class=\"otfm-sp__title\"> We do not have any vacancies at the moment. <\/div><div class=\"otfm-sp__content\" style=\"height:0;opacity:0;visibility:hidden\"> Try it later. <\/div><\/div>\n\n\n\n<p><br><\/p>\n\n\n\n<div class=\"wp-block-advgb-button alignleft is-style-outline\"><a class=\"wp-block-advgb-button_link advgbbtn-178707e9-a71d-4e05-9aa1-3734158540ea\" href=\"mailto:info@futonics.de?subject=Careers%20at%20Futonics\" target=\"_self\" rel=\"noopener noreferrer\"><span>Contact Us About Careers<\/span><\/a><\/div>\n\n\n\n<p>&nbsp; <br><br><\/p>\n\n\n\n<p>&nbsp;<\/p>\n\n\n\n<p><strong>Futonics Laser GmbH<\/strong><br>Dr. Peter Fuhrberg<br>Albert-Einstein-Str. 3<br>37191 Katlenburg-Lindau<br><br>Tel: +49 551 504207-01<br>Mail: info@futonics.de<\/p>\n<\/p>\n\n\n\n<p>&nbsp;<\/p>\n<style class=\"advgb-styles-renderer\">.advgbbtn-178707e9-a71d-4e05-9aa1-3734158540ea{font-size:15px;color:#000000 !important;background-color:#E5E5E5 !important;margin:0px 0px 0px 0px !important;padding:10px 30px 10px 30px;border-width:0px !important;border-color:#d13636 !important;border-style:none;border-radius:6px !important;}.advgbbtn-178707e9-a71d-4e05-9aa1-3734158540ea:hover{background-color:#d13636 !important;box-shadow:0px 0px 0px 0px #ffffff;opacity:1;transition:all 0s ease;}.advgbbtn-178707e9-a71d-4e05-9aa1-3734158540ea > i {display: none !important;}.otfm-sp__f5f5f5 .otfm-sp__title:hover { background-color: #d13636;opacity: .75;color: white;}<\/style>","protected":false},"excerpt":{"rendered":"<p>Available positions at our location in Lindau: &nbsp; &nbsp; Futonics Laser GmbHDr. Peter FuhrbergAlbert-Einstein-Str. 337191 Katlenburg-Lindau Tel: +49 551 504207-01Mail: info@futonics.de &nbsp;<\/p>\n","protected":false},"author":5,"featured_media":0,"parent":0,"menu_order":0,"comment_status":"closed","ping_status":"closed","template":"","meta":{"_editorskit_title_hidden":false,"_editorskit_reading_time":0,"_editorskit_is_block_options_detached":false,"_editorskit_block_options_position":"{}","advgb_blocks_editor_width":"","advgb_blocks_columns_visual_guide":"","footnotes":""},"class_list":["post-59","page","type-page","status-publish","hentry"],"translation":{"provider":"WPGlobus","version":"3.0.2","language":"zh","enabled_languages":["en","de","zh"],"languages":{"en":{"title":true,"content":true,"excerpt":false},"de":{"title":true,"content":true,"excerpt":false},"zh":{"title":false,"content":false,"excerpt":false}}},"yoast_head":"<!-- This site is optimized with the Yoast SEO plugin v27.4 - https:\/\/yoast.com\/product\/yoast-seo-wordpress\/ -->\n<title>- Chancen f\u00fcr engagierte Talente bei Futonics<\/title>\n<meta name=\"robots\" content=\"index, follow, max-snippet:-1, max-image-preview:large, max-video-preview:-1\" \/>\n<link rel=\"canonical\" href=\"https:\/\/www.futonics.de\/careers\/\" \/>\n<meta property=\"og:locale\" content=\"zh_CN\" \/>\n<meta property=\"og:type\" content=\"article\" \/>\n<meta property=\"og:title\" content=\"- 2-micron single mode fiber laser systems\" \/>\n<meta property=\"og:url\" content=\"https:\/\/www.futonics.de\/careers\/\" \/>\n<meta property=\"og:site_name\" content=\"2-micron single mode fiber laser systems\" \/>\n<meta property=\"article:modified_time\" content=\"2025-11-04T12:36:28+00:00\" \/>\n<meta name=\"twitter:card\" content=\"summary_large_image\" \/>\n<meta name=\"twitter:label1\" content=\"Est. reading time\" \/>\n\t<meta name=\"twitter:data1\" content=\"1 minute\" \/>\n<script type=\"application\/ld+json\" class=\"yoast-schema-graph\">{\"@context\":\"https:\\\/\\\/schema.org\",\"@graph\":[{\"@type\":\"WebPage\",\"@id\":\"https:\\\/\\\/www.futonics.de\\\/careers\\\/\",\"url\":\"https:\\\/\\\/www.futonics.de\\\/careers\\\/\",\"name\":\"- Chancen f\u00fcr engagierte Talente bei Futonics\",\"isPartOf\":{\"@id\":\"https:\\\/\\\/www.futonics.de\\\/#website\"},\"datePublished\":\"2018-09-19T15:00:17+00:00\",\"dateModified\":\"2025-11-04T12:36:28+00:00\",\"description\":\"Interessieren Sie sich f\u00fcr die Herausforderungen und Chancen, die Futonics bietet? Wir wachsen und suchen deshalb regelm\u00e4\u00dfig nach engagierten Talenten.\",\"breadcrumb\":{\"@id\":\"https:\\\/\\\/www.futonics.de\\\/careers\\\/#breadcrumb\"},\"inLanguage\":\"zh-CN\",\"potentialAction\":[{\"@type\":\"ReadAction\",\"target\":[\"https:\\\/\\\/www.futonics.de\\\/careers\\\/\"]}]},{\"@type\":\"BreadcrumbList\",\"@id\":\"https:\\\/\\\/www.futonics.de\\\/careers\\\/#breadcrumb\",\"itemListElement\":[{\"@type\":\"ListItem\",\"position\":1,\"name\":\"Startseite\",\"item\":\"https:\\\/\\\/www.futonics.de\\\/\"},{\"@type\":\"ListItem\",\"position\":2,\"name\":\"KARRIERE\"}]},{\"@type\":\"WebSite\",\"@id\":\"https:\\\/\\\/www.futonics.de\\\/#website\",\"url\":\"https:\\\/\\\/www.futonics.de\\\/\",\"name\":\"2-micron single mode fiber laser systems\",\"description\":\"Currently, we offer various thulium fiber and crystal laser models with different output powers of up to 250W\",\"publisher\":{\"@id\":\"https:\\\/\\\/www.futonics.de\\\/#organization\"},\"potentialAction\":[{\"@type\":\"SearchAction\",\"target\":{\"@type\":\"EntryPoint\",\"urlTemplate\":\"https:\\\/\\\/www.futonics.de\\\/?s={search_term_string}\"},\"query-input\":{\"@type\":\"PropertyValueSpecification\",\"valueRequired\":true,\"valueName\":\"search_term_string\"}}],\"inLanguage\":\"zh-CN\"},{\"@type\":\"Organization\",\"@id\":\"https:\\\/\\\/www.futonics.de\\\/#organization\",\"name\":\"2-micron single mode fiber laser systems\",\"url\":\"https:\\\/\\\/www.futonics.de\\\/\",\"logo\":{\"@type\":\"ImageObject\",\"inLanguage\":\"zh-CN\",\"@id\":\"https:\\\/\\\/www.futonics.de\\\/#\\\/schema\\\/logo\\\/image\\\/\",\"url\":\"https:\\\/\\\/www.futonics.de\\\/wp-content\\\/uploads\\\/2018\\\/11\\\/cropped-Futonics-Laser-Logo-weiss.png\",\"contentUrl\":\"https:\\\/\\\/www.futonics.de\\\/wp-content\\\/uploads\\\/2018\\\/11\\\/cropped-Futonics-Laser-Logo-weiss.png\",\"width\":855,\"height\":220,\"caption\":\"2-micron single mode fiber laser systems\"},\"image\":{\"@id\":\"https:\\\/\\\/www.futonics.de\\\/#\\\/schema\\\/logo\\\/image\\\/\"}}]}<\/script>\n<!-- \/ Yoast SEO plugin. -->","yoast_head_json":{"title":"- Chancen f\u00fcr engagierte Talente bei Futonics","robots":{"index":"index","follow":"follow","max-snippet":"max-snippet:-1","max-image-preview":"max-image-preview:large","max-video-preview":"max-video-preview:-1"},"canonical":"https:\/\/www.futonics.de\/careers\/","og_locale":"zh_CN","og_type":"article","og_title":"- 2-micron single mode fiber laser systems","og_url":"https:\/\/www.futonics.de\/careers\/","og_site_name":"2-micron single mode fiber laser systems","article_modified_time":"2025-11-04T12:36:28+00:00","twitter_card":"summary_large_image","twitter_misc":{"Est. reading time":"1 minute"},"schema":{"@context":"https:\/\/schema.org","@graph":[{"@type":"WebPage","@id":"https:\/\/www.futonics.de\/careers\/","url":"https:\/\/www.futonics.de\/careers\/","name":"- Chancen f\u00fcr engagierte Talente bei Futonics","isPartOf":{"@id":"https:\/\/www.futonics.de\/#website"},"datePublished":"2018-09-19T15:00:17+00:00","dateModified":"2025-11-04T12:36:28+00:00","description":"Interessieren Sie sich f\u00fcr die Herausforderungen und Chancen, die Futonics bietet? Wir wachsen und suchen deshalb regelm\u00e4\u00dfig nach engagierten Talenten.","breadcrumb":{"@id":"https:\/\/www.futonics.de\/careers\/#breadcrumb"},"inLanguage":"zh-CN","potentialAction":[{"@type":"ReadAction","target":["https:\/\/www.futonics.de\/careers\/"]}]},{"@type":"BreadcrumbList","@id":"https:\/\/www.futonics.de\/careers\/#breadcrumb","itemListElement":[{"@type":"ListItem","position":1,"name":"Startseite","item":"https:\/\/www.futonics.de\/"},{"@type":"ListItem","position":2,"name":"KARRIERE"}]},{"@type":"WebSite","@id":"https:\/\/www.futonics.de\/#website","url":"https:\/\/www.futonics.de\/","name":"2-micron single mode fiber laser systems","description":"Currently, we offer various thulium fiber and crystal laser models with different output powers of up to 250W","publisher":{"@id":"https:\/\/www.futonics.de\/#organization"},"potentialAction":[{"@type":"SearchAction","target":{"@type":"EntryPoint","urlTemplate":"https:\/\/www.futonics.de\/?s={search_term_string}"},"query-input":{"@type":"PropertyValueSpecification","valueRequired":true,"valueName":"search_term_string"}}],"inLanguage":"zh-CN"},{"@type":"Organization","@id":"https:\/\/www.futonics.de\/#organization","name":"2-micron single mode fiber laser systems","url":"https:\/\/www.futonics.de\/","logo":{"@type":"ImageObject","inLanguage":"zh-CN","@id":"https:\/\/www.futonics.de\/#\/schema\/logo\/image\/","url":"https:\/\/www.futonics.de\/wp-content\/uploads\/2018\/11\/cropped-Futonics-Laser-Logo-weiss.png","contentUrl":"https:\/\/www.futonics.de\/wp-content\/uploads\/2018\/11\/cropped-Futonics-Laser-Logo-weiss.png","width":855,"height":220,"caption":"2-micron single mode fiber laser systems"},"image":{"@id":"https:\/\/www.futonics.de\/#\/schema\/logo\/image\/"}}]}},"coauthors":[],"author_meta":{"author_link":"https:\/\/www.futonics.de\/zh\/author\/agieselmann\/","display_name":"Andreas Gieselmann"},"relative_dates":{"created":"Posted 8 years ago","modified":"Updated 6 months ago"},"absolute_dates":{"created":"Posted on 19. September 2018","modified":"Updated on 4. November 2025"},"absolute_dates_time":{"created":"Posted on 19. September 2018 17:00","modified":"Updated on 4. November 2025 13:36"},"featured_img_caption":"","featured_img":false,"series_order":"","_links":{"self":[{"href":"https:\/\/www.futonics.de\/zh\/wp-json\/wp\/v2\/pages\/59","targetHints":{"allow":["GET"]}}],"collection":[{"href":"https:\/\/www.futonics.de\/zh\/wp-json\/wp\/v2\/pages"}],"about":[{"href":"https:\/\/www.futonics.de\/zh\/wp-json\/wp\/v2\/types\/page"}],"author":[{"embeddable":true,"href":"https:\/\/www.futonics.de\/zh\/wp-json\/wp\/v2\/users\/5"}],"replies":[{"embeddable":true,"href":"https:\/\/www.futonics.de\/zh\/wp-json\/wp\/v2\/comments?post=59"}],"version-history":[{"count":83,"href":"https:\/\/www.futonics.de\/zh\/wp-json\/wp\/v2\/pages\/59\/revisions"}],"predecessor-version":[{"id":5241,"href":"https:\/\/www.futonics.de\/zh\/wp-json\/wp\/v2\/pages\/59\/revisions\/5241"}],"wp:attachment":[{"href":"https:\/\/www.futonics.de\/zh\/wp-json\/wp\/v2\/media?parent=59"}],"curies":[{"name":"wp","href":"https:\/\/api.w.org\/{rel}","templated":true}]}}